{"id":107074,"date":"2025-02-15T16:55:40","date_gmt":"2025-02-15T16:55:40","guid":{"rendered":"https:\/\/kinamihealth.com\/product\/intraline-spiral-30g-254-30-7-0\/"},"modified":"2026-01-22T12:16:13","modified_gmt":"2026-01-22T12:16:13","slug":"intraline-spiral-30g-254-30-7-0","status":"publish","type":"product","link":"https:\/\/kinamihealth.com\/es\/producto\/intraline-spiral-30g-254-30-7-0\/","title":{"rendered":"INTRALINE\u00ae SPIRAL 30G 25,4 30 7-0"},"content":{"rendered":"<p>Los hilos Intraline Spiral cuentan con uno o dos filamentos entrelazados alrededor de la aguja, permitiendo una eficaz restauraci\u00f3n del volumen en \u00e1reas de la piel con depresi\u00f3n. La estimulaci\u00f3n de col\u00e1geno alrededor de los hilos y sus p\u00faas no solo ayuda a recuperar el volumen, sino que tambi\u00e9n mejora la textura y elasticidad cut\u00e1nea, logrando un resultado est\u00e9tico muy natural. Son ideales para levantar y realinear el tejido d\u00e9rmico fl\u00e1cido o descolgado.<\/p>\n","protected":false},"excerpt":{"rendered":"<p>Los hilos Intraline Spiral cuentan con uno o dos filamentos entrelazados alrededor de la aguja, permitiendo una eficaz restauraci\u00f3n del volumen en \u00e1reas de la piel con depresi\u00f3n. La estimulaci\u00f3n de col\u00e1geno alrededor de los hilos y sus p\u00faas no solo ayuda a recuperar el volumen, sino que tambi\u00e9n mejora la textura y elasticidad cut\u00e1nea, [&hellip;]<\/p>\n","protected":false},"featured_media":107075,"comment_status":"closed","ping_status":"closed","template":"","meta":{"_acf_changed":false,"inline_featured_image":false},"product_brand":[1248],"product_cat":[2968,1455],"product_tag":[1209],"class_list":{"0":"post-107074","1":"product","2":"type-product","3":"status-publish","4":"has-post-thumbnail","6":"product_brand-intraline","7":"product_cat-hilos-pdo","8":"product_cat-hilos-y-suturas","9":"product_tag-dispositivos-medicos","11":"first","12":"instock","13":"taxable","14":"shipping-taxable","15":"purchasable","16":"product-type-simple","17":"add-to-wishlist-before_image"},"acf":[],"yoast_head":"<!-- This site is optimized with the Yoast SEO plugin v27.3 - https:\/\/yoast.com\/product\/yoast-seo-wordpress\/ -->\n<title>Comprar INTRALINE SPIRAL 30G online | Tienda online | Kinami Health<\/title>\n<meta name=\"description\" content=\"Compre INTRALINE SPIRAL 30G para potenciar la producci\u00f3n de col\u00e1geno y mejorar la textura de la piel con hilos PDO espirales dise\u00f1ados para zonas faciales delicadas.\" \/>\n<meta name=\"robots\" content=\"index, follow, max-snippet:-1, max-image-preview:large, max-video-preview:-1\" \/>\n<link rel=\"canonical\" href=\"https:\/\/kinamihealth.com\/es\/wp-json\/wp\/v2\/product\/107074\" \/>\n<meta property=\"og:locale\" content=\"es_ES\" \/>\n<meta property=\"og:type\" content=\"article\" \/>\n<meta property=\"og:title\" content=\"Comprar INTRALINE SPIRAL 30G online | Tienda online | Kinami Health\" \/>\n<meta property=\"og:description\" content=\"Compre INTRALINE SPIRAL 30G para potenciar la producci\u00f3n de col\u00e1geno y mejorar la textura de la piel con hilos PDO espirales dise\u00f1ados para zonas faciales delicadas.\" \/>\n<meta property=\"og:url\" content=\"https:\/\/kinamihealth.com\/es\/producto\/intraline-spiral-30g-254-30-7-0\/\" \/>\n<meta property=\"og:site_name\" content=\"Kinami Health\" \/>\n<meta property=\"article:modified_time\" content=\"2026-01-22T12:16:13+00:00\" \/>\n<meta property=\"og:image\" content=\"https:\/\/kinamihealth.com\/wp-content\/uploads\/2025\/02\/INTRALINE-SPIRAL-30G25-01.jpg\" \/>\n\t<meta property=\"og:image:width\" content=\"800\" \/>\n\t<meta property=\"og:image:height\" content=\"800\" \/>\n\t<meta property=\"og:image:type\" content=\"image\/jpeg\" \/>\n<meta name=\"twitter:card\" content=\"summary_large_image\" \/>\n<meta name=\"twitter:label1\" content=\"Tiempo de lectura\" \/>\n\t<meta name=\"twitter:data1\" content=\"1 minuto\" \/>\n<!-- \/ Yoast SEO plugin. -->","yoast_head_json":{"title":"Comprar INTRALINE SPIRAL 30G online | Tienda online | Kinami Health","description":"Compre INTRALINE SPIRAL 30G para potenciar la producci\u00f3n de col\u00e1geno y mejorar la textura de la piel con hilos PDO espirales dise\u00f1ados para zonas faciales delicadas.","robots":{"index":"index","follow":"follow","max-snippet":"max-snippet:-1","max-image-preview":"max-image-preview:large","max-video-preview":"max-video-preview:-1"},"canonical":"https:\/\/kinamihealth.com\/es\/wp-json\/wp\/v2\/product\/107074","og_locale":"es_ES","og_type":"article","og_title":"Comprar INTRALINE SPIRAL 30G online | Tienda online | Kinami Health","og_description":"Compre INTRALINE SPIRAL 30G para potenciar la producci\u00f3n de col\u00e1geno y mejorar la textura de la piel con hilos PDO espirales dise\u00f1ados para zonas faciales delicadas.","og_url":"https:\/\/kinamihealth.com\/es\/producto\/intraline-spiral-30g-254-30-7-0\/","og_site_name":"Kinami Health","article_modified_time":"2026-01-22T12:16:13+00:00","og_image":[{"width":800,"height":800,"url":"https:\/\/kinamihealth.com\/wp-content\/uploads\/2025\/02\/INTRALINE-SPIRAL-30G25-01.jpg","type":"image\/jpeg"}],"twitter_card":"summary_large_image","twitter_misc":{"Tiempo de lectura":"1 minuto"},"schema":{"@context":"https:\/\/schema.org","@graph":[{"@type":"WebPage","@id":"https:\/\/kinamihealth.com\/es\/producto\/intraline-spiral-30g-254-30-7-0\/","url":"https:\/\/kinamihealth.com\/es\/producto\/intraline-spiral-30g-254-30-7-0\/","name":"Comprar INTRALINE SPIRAL 30G online | Tienda online | Kinami Health","isPartOf":{"@id":"https:\/\/kinamihealth.com\/#website"},"primaryImageOfPage":{"@id":"https:\/\/kinamihealth.com\/es\/producto\/intraline-spiral-30g-254-30-7-0\/#primaryimage"},"image":{"@id":"https:\/\/kinamihealth.com\/es\/producto\/intraline-spiral-30g-254-30-7-0\/#primaryimage"},"thumbnailUrl":"https:\/\/kinamihealth.com\/wp-content\/uploads\/2025\/02\/INTRALINE-SPIRAL-30G25-01.jpg","datePublished":"2025-02-15T16:55:40+00:00","dateModified":"2026-01-22T12:16:13+00:00","description":"Compre INTRALINE SPIRAL 30G para potenciar la producci\u00f3n de col\u00e1geno y mejorar la textura de la piel con hilos PDO espirales dise\u00f1ados para zonas faciales delicadas.","breadcrumb":{"@id":"https:\/\/kinamihealth.com\/es\/producto\/intraline-spiral-30g-254-30-7-0\/#breadcrumb"},"inLanguage":"es","potentialAction":[{"@type":"ReadAction","target":["https:\/\/kinamihealth.com\/es\/producto\/intraline-spiral-30g-254-30-7-0\/"]}]},{"@type":"ImageObject","inLanguage":"es","@id":"https:\/\/kinamihealth.com\/es\/producto\/intraline-spiral-30g-254-30-7-0\/#primaryimage","url":"https:\/\/kinamihealth.com\/wp-content\/uploads\/2025\/02\/INTRALINE-SPIRAL-30G25-01.jpg","contentUrl":"https:\/\/kinamihealth.com\/wp-content\/uploads\/2025\/02\/INTRALINE-SPIRAL-30G25-01.jpg","width":800,"height":800},{"@type":"BreadcrumbList","@id":"https:\/\/kinamihealth.com\/es\/producto\/intraline-spiral-30g-254-30-7-0\/#breadcrumb","itemListElement":[{"@type":"ListItem","position":1,"name":"P\u00e1gina de inicio","item":"https:\/\/kinamihealth.com\/"},{"@type":"ListItem","position":2,"name":"Tienda","item":"https:\/\/kinamihealth.com\/shop\/"},{"@type":"ListItem","position":3,"name":"INTRALINE\u00ae SPIRAL 30G 25,4 30 7-0"}]},{"@type":"WebSite","@id":"https:\/\/kinamihealth.com\/#website","url":"https:\/\/kinamihealth.com\/","name":"Kinami Health","description":"","publisher":{"@id":"https:\/\/kinamihealth.com\/#organization"},"potentialAction":[{"@type":"SearchAction","target":{"@type":"EntryPoint","urlTemplate":"https:\/\/kinamihealth.com\/?s={search_term_string}"},"query-input":{"@type":"PropertyValueSpecification","valueRequired":true,"valueName":"search_term_string"}}],"inLanguage":"es"},{"@type":"Organization","@id":"https:\/\/kinamihealth.com\/#organization","name":"Kinami Health","url":"https:\/\/kinamihealth.com\/","logo":{"@type":"ImageObject","inLanguage":"es","@id":"https:\/\/kinamihealth.com\/#\/schema\/logo\/image\/","url":"https:\/\/kinamihealth.com\/wp-content\/uploads\/2025\/01\/KH_logo_black_2-1.png","contentUrl":"https:\/\/kinamihealth.com\/wp-content\/uploads\/2025\/01\/KH_logo_black_2-1.png","width":339,"height":34,"caption":"Kinami Health"},"image":{"@id":"https:\/\/kinamihealth.com\/#\/schema\/logo\/image\/"}}]}},"_links":{"self":[{"href":"https:\/\/kinamihealth.com\/es\/wp-json\/wp\/v2\/product\/107074","targetHints":{"allow":["GET"]}}],"collection":[{"href":"https:\/\/kinamihealth.com\/es\/wp-json\/wp\/v2\/product"}],"about":[{"href":"https:\/\/kinamihealth.com\/es\/wp-json\/wp\/v2\/types\/product"}],"replies":[{"embeddable":true,"href":"https:\/\/kinamihealth.com\/es\/wp-json\/wp\/v2\/comments?post=107074"}],"version-history":[{"count":0,"href":"https:\/\/kinamihealth.com\/es\/wp-json\/wp\/v2\/product\/107074\/revisions"}],"wp:featuredmedia":[{"embeddable":true,"href":"https:\/\/kinamihealth.com\/es\/wp-json\/wp\/v2\/media\/107075"}],"wp:attachment":[{"href":"https:\/\/kinamihealth.com\/es\/wp-json\/wp\/v2\/media?parent=107074"}],"wp:term":[{"taxonomy":"product_brand","embeddable":true,"href":"https:\/\/kinamihealth.com\/es\/wp-json\/wp\/v2\/product_brand?post=107074"},{"taxonomy":"product_cat","embeddable":true,"href":"https:\/\/kinamihealth.com\/es\/wp-json\/wp\/v2\/product_cat?post=107074"},{"taxonomy":"product_tag","embeddable":true,"href":"https:\/\/kinamihealth.com\/es\/wp-json\/wp\/v2\/product_tag?post=107074"}],"curies":[{"name":"wp","href":"https:\/\/api.w.org\/{rel}","templated":true}]}}