{"id":107065,"date":"2025-02-15T16:55:34","date_gmt":"2025-02-15T16:55:34","guid":{"rendered":"https:\/\/kinamihealth.com\/product\/intraline-pdo-threads-cog-dimension-360-b2190-c-21g-90mm-150mm\/"},"modified":"2026-04-03T11:51:55","modified_gmt":"2026-04-03T11:51:55","slug":"intraline-pdo-threads-cog-dimension-360-b2190-c-21g-90mm-150mm","status":"publish","type":"product","link":"https:\/\/kinamihealth.com\/es\/producto\/intraline-pdo-threads-cog-dimension-360-b2190-c-21g-90mm-150mm\/","title":{"rendered":"INTRALINE\u00ae PDO THREADS B2190-C &#8211; COG DIMENSION 360 21G 90\/150MM (10 pack)"},"content":{"rendered":"<p>Los Hilos Intraline PDO Cog Dimension 360 son un tipo de hilo quir\u00fargico utilizado para levantar y realinear el tejido d\u00e9rmico que se ha descolgado o est\u00e1 fl\u00e1cido. Los hilos Intraline Cog con polidioxanona (PDO) tienen p\u00faas que se enganchan en la piel para proporcionar soporte y levantar el tejido descolgado, produciendo fibrosis en el \u00e1rea circundante para generar col\u00e1geno. Est\u00e1n destinados al lifting facial y a la reafirmaci\u00f3n de la piel.<\/p>\n","protected":false},"excerpt":{"rendered":"<p>Los Hilos Intraline PDO Cog Dimension 360 son un tipo de hilo quir\u00fargico utilizado para levantar y realinear el tejido d\u00e9rmico que se ha descolgado o est\u00e1 fl\u00e1cido. Los hilos Intraline Cog con polidioxanona (PDO) tienen p\u00faas que se enganchan en la piel para proporcionar soporte y levantar el tejido descolgado, produciendo fibrosis en el [&hellip;]<\/p>\n","protected":false},"featured_media":107066,"comment_status":"closed","ping_status":"closed","template":"","meta":{"_acf_changed":false,"inline_featured_image":false},"product_brand":[1248],"product_cat":[2968,1455],"product_tag":[1209],"class_list":{"0":"post-107065","1":"product","2":"type-product","3":"status-publish","4":"has-post-thumbnail","6":"product_brand-intraline","7":"product_cat-hilos-pdo","8":"product_cat-hilos-y-suturas","9":"product_tag-dispositivos-medicos","11":"first","12":"instock","13":"taxable","14":"shipping-taxable","15":"purchasable","16":"product-type-simple","17":"add-to-wishlist-before_image"},"acf":[],"yoast_head":"<!-- This site is optimized with the Yoast SEO plugin v27.3 - https:\/\/yoast.com\/product\/yoast-seo-wordpress\/ -->\n<title>Comprar INTRALINE PDO THREADS Cog Dimension 360 B2190-C-21G online | Tienda Online | Kinami Health<\/title>\n<meta name=\"description\" content=\"Compre INTRALINE PDO THREADS Cog Dimension 360 B2190-C-21G para levantar y contornear el tejido facial, utilizando cogs de 360 grados con un fuerte poder de fijaci\u00f3n.\" \/>\n<meta name=\"robots\" content=\"index, follow, max-snippet:-1, max-image-preview:large, max-video-preview:-1\" \/>\n<link rel=\"canonical\" href=\"https:\/\/kinamihealth.com\/es\/wp-json\/wp\/v2\/product\/107065\" \/>\n<meta property=\"og:locale\" content=\"es_ES\" \/>\n<meta property=\"og:type\" content=\"article\" \/>\n<meta property=\"og:title\" content=\"Comprar INTRALINE PDO THREADS Cog Dimension 360 B2190-C-21G online | Tienda Online | Kinami Health\" \/>\n<meta property=\"og:description\" content=\"Compre INTRALINE PDO THREADS Cog Dimension 360 B2190-C-21G para levantar y contornear el tejido facial, utilizando cogs de 360 grados con un fuerte poder de fijaci\u00f3n.\" \/>\n<meta property=\"og:url\" content=\"https:\/\/kinamihealth.com\/es\/producto\/intraline-pdo-threads-cog-dimension-360-b2190-c-21g-90mm-150mm\/\" \/>\n<meta property=\"og:site_name\" content=\"Kinami Health\" \/>\n<meta property=\"article:modified_time\" content=\"2026-04-03T11:51:55+00:00\" \/>\n<meta property=\"og:image\" content=\"https:\/\/kinamihealth.com\/wp-content\/uploads\/2025\/02\/INTRALINE-PDODIMENSION360-B2190C-21G90MM150MM-01.jpg\" \/>\n\t<meta property=\"og:image:width\" content=\"800\" \/>\n\t<meta property=\"og:image:height\" content=\"800\" \/>\n\t<meta property=\"og:image:type\" content=\"image\/jpeg\" \/>\n<meta name=\"twitter:card\" content=\"summary_large_image\" \/>\n<meta name=\"twitter:label1\" content=\"Tiempo de lectura\" \/>\n\t<meta name=\"twitter:data1\" content=\"1 minuto\" \/>\n<!-- \/ Yoast SEO plugin. -->","yoast_head_json":{"title":"Comprar INTRALINE PDO THREADS Cog Dimension 360 B2190-C-21G online | Tienda Online | Kinami Health","description":"Compre INTRALINE PDO THREADS Cog Dimension 360 B2190-C-21G para levantar y contornear el tejido facial, utilizando cogs de 360 grados con un fuerte poder de fijaci\u00f3n.","robots":{"index":"index","follow":"follow","max-snippet":"max-snippet:-1","max-image-preview":"max-image-preview:large","max-video-preview":"max-video-preview:-1"},"canonical":"https:\/\/kinamihealth.com\/es\/wp-json\/wp\/v2\/product\/107065","og_locale":"es_ES","og_type":"article","og_title":"Comprar INTRALINE PDO THREADS Cog Dimension 360 B2190-C-21G online | Tienda Online | Kinami Health","og_description":"Compre INTRALINE PDO THREADS Cog Dimension 360 B2190-C-21G para levantar y contornear el tejido facial, utilizando cogs de 360 grados con un fuerte poder de fijaci\u00f3n.","og_url":"https:\/\/kinamihealth.com\/es\/producto\/intraline-pdo-threads-cog-dimension-360-b2190-c-21g-90mm-150mm\/","og_site_name":"Kinami Health","article_modified_time":"2026-04-03T11:51:55+00:00","og_image":[{"width":800,"height":800,"url":"https:\/\/kinamihealth.com\/wp-content\/uploads\/2025\/02\/INTRALINE-PDODIMENSION360-B2190C-21G90MM150MM-01.jpg","type":"image\/jpeg"}],"twitter_card":"summary_large_image","twitter_misc":{"Tiempo de lectura":"1 minuto"},"schema":{"@context":"https:\/\/schema.org","@graph":[{"@type":"WebPage","@id":"https:\/\/kinamihealth.com\/es\/producto\/intraline-pdo-threads-cog-dimension-360-b2190-c-21g-90mm-150mm\/","url":"https:\/\/kinamihealth.com\/es\/producto\/intraline-pdo-threads-cog-dimension-360-b2190-c-21g-90mm-150mm\/","name":"Comprar INTRALINE PDO THREADS Cog Dimension 360 B2190-C-21G online | Tienda Online | Kinami Health","isPartOf":{"@id":"https:\/\/kinamihealth.com\/#website"},"primaryImageOfPage":{"@id":"https:\/\/kinamihealth.com\/es\/producto\/intraline-pdo-threads-cog-dimension-360-b2190-c-21g-90mm-150mm\/#primaryimage"},"image":{"@id":"https:\/\/kinamihealth.com\/es\/producto\/intraline-pdo-threads-cog-dimension-360-b2190-c-21g-90mm-150mm\/#primaryimage"},"thumbnailUrl":"https:\/\/kinamihealth.com\/wp-content\/uploads\/2025\/02\/INTRALINE-PDODIMENSION360-B2190C-21G90MM150MM-01.jpg","datePublished":"2025-02-15T16:55:34+00:00","dateModified":"2026-04-03T11:51:55+00:00","description":"Compre INTRALINE PDO THREADS Cog Dimension 360 B2190-C-21G para levantar y contornear el tejido facial, utilizando cogs de 360 grados con un fuerte poder de fijaci\u00f3n.","breadcrumb":{"@id":"https:\/\/kinamihealth.com\/es\/producto\/intraline-pdo-threads-cog-dimension-360-b2190-c-21g-90mm-150mm\/#breadcrumb"},"inLanguage":"es","potentialAction":[{"@type":"ReadAction","target":["https:\/\/kinamihealth.com\/es\/producto\/intraline-pdo-threads-cog-dimension-360-b2190-c-21g-90mm-150mm\/"]}]},{"@type":"ImageObject","inLanguage":"es","@id":"https:\/\/kinamihealth.com\/es\/producto\/intraline-pdo-threads-cog-dimension-360-b2190-c-21g-90mm-150mm\/#primaryimage","url":"https:\/\/kinamihealth.com\/wp-content\/uploads\/2025\/02\/INTRALINE-PDODIMENSION360-B2190C-21G90MM150MM-01.jpg","contentUrl":"https:\/\/kinamihealth.com\/wp-content\/uploads\/2025\/02\/INTRALINE-PDODIMENSION360-B2190C-21G90MM150MM-01.jpg","width":800,"height":800},{"@type":"BreadcrumbList","@id":"https:\/\/kinamihealth.com\/es\/producto\/intraline-pdo-threads-cog-dimension-360-b2190-c-21g-90mm-150mm\/#breadcrumb","itemListElement":[{"@type":"ListItem","position":1,"name":"P\u00e1gina de inicio","item":"https:\/\/kinamihealth.com\/"},{"@type":"ListItem","position":2,"name":"Tienda","item":"https:\/\/kinamihealth.com\/shop\/"},{"@type":"ListItem","position":3,"name":"INTRALINE\u00ae PDO THREADS B2190-C &#8211; COG DIMENSION 360 21G 90\/150MM (10 pack)"}]},{"@type":"WebSite","@id":"https:\/\/kinamihealth.com\/#website","url":"https:\/\/kinamihealth.com\/","name":"Kinami Health","description":"","publisher":{"@id":"https:\/\/kinamihealth.com\/#organization"},"potentialAction":[{"@type":"SearchAction","target":{"@type":"EntryPoint","urlTemplate":"https:\/\/kinamihealth.com\/?s={search_term_string}"},"query-input":{"@type":"PropertyValueSpecification","valueRequired":true,"valueName":"search_term_string"}}],"inLanguage":"es"},{"@type":"Organization","@id":"https:\/\/kinamihealth.com\/#organization","name":"Kinami Health","url":"https:\/\/kinamihealth.com\/","logo":{"@type":"ImageObject","inLanguage":"es","@id":"https:\/\/kinamihealth.com\/#\/schema\/logo\/image\/","url":"https:\/\/kinamihealth.com\/wp-content\/uploads\/2025\/01\/KH_logo_black_2-1.png","contentUrl":"https:\/\/kinamihealth.com\/wp-content\/uploads\/2025\/01\/KH_logo_black_2-1.png","width":339,"height":34,"caption":"Kinami Health"},"image":{"@id":"https:\/\/kinamihealth.com\/#\/schema\/logo\/image\/"}}]}},"_links":{"self":[{"href":"https:\/\/kinamihealth.com\/es\/wp-json\/wp\/v2\/product\/107065","targetHints":{"allow":["GET"]}}],"collection":[{"href":"https:\/\/kinamihealth.com\/es\/wp-json\/wp\/v2\/product"}],"about":[{"href":"https:\/\/kinamihealth.com\/es\/wp-json\/wp\/v2\/types\/product"}],"replies":[{"embeddable":true,"href":"https:\/\/kinamihealth.com\/es\/wp-json\/wp\/v2\/comments?post=107065"}],"version-history":[{"count":1,"href":"https:\/\/kinamihealth.com\/es\/wp-json\/wp\/v2\/product\/107065\/revisions"}],"predecessor-version":[{"id":134614,"href":"https:\/\/kinamihealth.com\/es\/wp-json\/wp\/v2\/product\/107065\/revisions\/134614"}],"wp:featuredmedia":[{"embeddable":true,"href":"https:\/\/kinamihealth.com\/es\/wp-json\/wp\/v2\/media\/107066"}],"wp:attachment":[{"href":"https:\/\/kinamihealth.com\/es\/wp-json\/wp\/v2\/media?parent=107065"}],"wp:term":[{"taxonomy":"product_brand","embeddable":true,"href":"https:\/\/kinamihealth.com\/es\/wp-json\/wp\/v2\/product_brand?post=107065"},{"taxonomy":"product_cat","embeddable":true,"href":"https:\/\/kinamihealth.com\/es\/wp-json\/wp\/v2\/product_cat?post=107065"},{"taxonomy":"product_tag","embeddable":true,"href":"https:\/\/kinamihealth.com\/es\/wp-json\/wp\/v2\/product_tag?post=107065"}],"curies":[{"name":"wp","href":"https:\/\/api.w.org\/{rel}","templated":true}]}}