{"id":107036,"date":"2025-02-15T16:55:15","date_gmt":"2025-02-15T16:55:15","guid":{"rendered":"https:\/\/kinamihealth.com\/product\/hyacorp-lips\/"},"modified":"2026-01-22T11:46:40","modified_gmt":"2026-01-22T11:46:40","slug":"hyacorp-lips","status":"publish","type":"product","link":"https:\/\/kinamihealth.com\/es\/producto\/hyacorp-lips\/","title":{"rendered":"HYACORP LIPS\u00ae"},"content":{"rendered":"<p>HYAcorp Lips se utiliza para la restauraci\u00f3n del volumen y contorno de los labios. La duraci\u00f3n del efecto de relleno puede variar y depende de la profundidad y la zona de inyecci\u00f3n. Los resultados que se pueden lograr dependen del tipo de piel y de los cambios deseados.<\/p>\n","protected":false},"excerpt":{"rendered":"<p>HYAcorp Lips se utiliza para la restauraci\u00f3n del volumen y contorno de los labios. La duraci\u00f3n del efecto de relleno puede variar y depende de la profundidad y la zona de inyecci\u00f3n. Los resultados que se pueden lograr dependen del tipo de piel y de los cambios deseados.<\/p>\n","protected":false},"featured_media":107041,"comment_status":"closed","ping_status":"closed","template":"","meta":{"_acf_changed":false,"inline_featured_image":false},"product_brand":[],"product_cat":[],"product_tag":[],"class_list":{"0":"post-107036","1":"product","2":"type-product","3":"status-publish","4":"has-post-thumbnail","7":"first","8":"instock","9":"taxable","10":"shipping-taxable","11":"purchasable","12":"product-type-simple","13":"add-to-wishlist-before_image"},"acf":[],"yoast_head":"<!-- This site is optimized with the Yoast SEO plugin v27.3 - https:\/\/yoast.com\/product\/yoast-seo-wordpress\/ -->\n<title>Comprar HYACORP LIPS\u00ae online | Tienda Online | Kinami Health<\/title>\n<meta name=\"description\" content=\"Compre HYACORP LIPS\u00ae para lograr un contorno de labios natural e hidrataci\u00f3n con un relleno de \u00e1cido hialur\u00f3nico de alta pureza dise\u00f1ado para un realce de volumen suave.\" \/>\n<meta name=\"robots\" content=\"index, follow, max-snippet:-1, max-image-preview:large, max-video-preview:-1\" \/>\n<link rel=\"canonical\" href=\"https:\/\/kinamihealth.com\/es\/wp-json\/wp\/v2\/product\/107036\" \/>\n<meta property=\"og:locale\" content=\"es_ES\" \/>\n<meta property=\"og:type\" content=\"article\" \/>\n<meta property=\"og:title\" content=\"Comprar HYACORP LIPS\u00ae online | Tienda Online | Kinami Health\" \/>\n<meta property=\"og:description\" content=\"Compre HYACORP LIPS\u00ae para lograr un contorno de labios natural e hidrataci\u00f3n con un relleno de \u00e1cido hialur\u00f3nico de alta pureza dise\u00f1ado para un realce de volumen suave.\" \/>\n<meta property=\"og:url\" content=\"https:\/\/kinamihealth.com\/es\/producto\/hyacorp-lips\/\" \/>\n<meta property=\"og:site_name\" content=\"Kinami Health\" \/>\n<meta property=\"article:modified_time\" content=\"2026-01-22T11:46:40+00:00\" \/>\n<meta property=\"og:image\" content=\"https:\/\/kinamihealth.com\/wp-content\/uploads\/2025\/02\/hyacorp-lips-front-right.webp\" \/>\n\t<meta property=\"og:image:width\" content=\"1500\" \/>\n\t<meta property=\"og:image:height\" content=\"1500\" \/>\n\t<meta property=\"og:image:type\" content=\"image\/webp\" \/>\n<meta name=\"twitter:card\" content=\"summary_large_image\" \/>\n<meta name=\"twitter:label1\" content=\"Tiempo de lectura\" \/>\n\t<meta name=\"twitter:data1\" content=\"1 minuto\" \/>\n<!-- \/ Yoast SEO plugin. -->","yoast_head_json":{"title":"Comprar HYACORP LIPS\u00ae online | Tienda Online | Kinami Health","description":"Compre HYACORP LIPS\u00ae para lograr un contorno de labios natural e hidrataci\u00f3n con un relleno de \u00e1cido hialur\u00f3nico de alta pureza dise\u00f1ado para un realce de volumen suave.","robots":{"index":"index","follow":"follow","max-snippet":"max-snippet:-1","max-image-preview":"max-image-preview:large","max-video-preview":"max-video-preview:-1"},"canonical":"https:\/\/kinamihealth.com\/es\/wp-json\/wp\/v2\/product\/107036","og_locale":"es_ES","og_type":"article","og_title":"Comprar HYACORP LIPS\u00ae online | Tienda Online | Kinami Health","og_description":"Compre HYACORP LIPS\u00ae para lograr un contorno de labios natural e hidrataci\u00f3n con un relleno de \u00e1cido hialur\u00f3nico de alta pureza dise\u00f1ado para un realce de volumen suave.","og_url":"https:\/\/kinamihealth.com\/es\/producto\/hyacorp-lips\/","og_site_name":"Kinami Health","article_modified_time":"2026-01-22T11:46:40+00:00","og_image":[{"width":1500,"height":1500,"url":"https:\/\/kinamihealth.com\/wp-content\/uploads\/2025\/02\/hyacorp-lips-front-right.webp","type":"image\/webp"}],"twitter_card":"summary_large_image","twitter_misc":{"Tiempo de lectura":"1 minuto"},"schema":{"@context":"https:\/\/schema.org","@graph":[{"@type":"WebPage","@id":"https:\/\/kinamihealth.com\/es\/producto\/hyacorp-lips\/","url":"https:\/\/kinamihealth.com\/es\/producto\/hyacorp-lips\/","name":"Comprar HYACORP LIPS\u00ae online | Tienda Online | Kinami Health","isPartOf":{"@id":"https:\/\/kinamihealth.com\/#website"},"primaryImageOfPage":{"@id":"https:\/\/kinamihealth.com\/es\/producto\/hyacorp-lips\/#primaryimage"},"image":{"@id":"https:\/\/kinamihealth.com\/es\/producto\/hyacorp-lips\/#primaryimage"},"thumbnailUrl":"https:\/\/kinamihealth.com\/wp-content\/uploads\/2025\/02\/hyacorp-lips-front-right.webp","datePublished":"2025-02-15T16:55:15+00:00","dateModified":"2026-01-22T11:46:40+00:00","description":"Compre HYACORP LIPS\u00ae para lograr un contorno de labios natural e hidrataci\u00f3n con un relleno de \u00e1cido hialur\u00f3nico de alta pureza dise\u00f1ado para un realce de volumen suave.","breadcrumb":{"@id":"https:\/\/kinamihealth.com\/es\/producto\/hyacorp-lips\/#breadcrumb"},"inLanguage":"es","potentialAction":[{"@type":"ReadAction","target":["https:\/\/kinamihealth.com\/es\/producto\/hyacorp-lips\/"]}]},{"@type":"ImageObject","inLanguage":"es","@id":"https:\/\/kinamihealth.com\/es\/producto\/hyacorp-lips\/#primaryimage","url":"https:\/\/kinamihealth.com\/wp-content\/uploads\/2025\/02\/hyacorp-lips-front-right.webp","contentUrl":"https:\/\/kinamihealth.com\/wp-content\/uploads\/2025\/02\/hyacorp-lips-front-right.webp","width":1500,"height":1500},{"@type":"BreadcrumbList","@id":"https:\/\/kinamihealth.com\/es\/producto\/hyacorp-lips\/#breadcrumb","itemListElement":[{"@type":"ListItem","position":1,"name":"P\u00e1gina de inicio","item":"https:\/\/kinamihealth.com\/"},{"@type":"ListItem","position":2,"name":"Tienda","item":"https:\/\/kinamihealth.com\/shop\/"},{"@type":"ListItem","position":3,"name":"HYACORP LIPS\u00ae"}]},{"@type":"WebSite","@id":"https:\/\/kinamihealth.com\/#website","url":"https:\/\/kinamihealth.com\/","name":"Kinami Health","description":"","publisher":{"@id":"https:\/\/kinamihealth.com\/#organization"},"potentialAction":[{"@type":"SearchAction","target":{"@type":"EntryPoint","urlTemplate":"https:\/\/kinamihealth.com\/?s={search_term_string}"},"query-input":{"@type":"PropertyValueSpecification","valueRequired":true,"valueName":"search_term_string"}}],"inLanguage":"es"},{"@type":"Organization","@id":"https:\/\/kinamihealth.com\/#organization","name":"Kinami Health","url":"https:\/\/kinamihealth.com\/","logo":{"@type":"ImageObject","inLanguage":"es","@id":"https:\/\/kinamihealth.com\/#\/schema\/logo\/image\/","url":"https:\/\/kinamihealth.com\/wp-content\/uploads\/2025\/01\/KH_logo_black_2-1.png","contentUrl":"https:\/\/kinamihealth.com\/wp-content\/uploads\/2025\/01\/KH_logo_black_2-1.png","width":339,"height":34,"caption":"Kinami Health"},"image":{"@id":"https:\/\/kinamihealth.com\/#\/schema\/logo\/image\/"}}]}},"_links":{"self":[{"href":"https:\/\/kinamihealth.com\/es\/wp-json\/wp\/v2\/product\/107036","targetHints":{"allow":["GET"]}}],"collection":[{"href":"https:\/\/kinamihealth.com\/es\/wp-json\/wp\/v2\/product"}],"about":[{"href":"https:\/\/kinamihealth.com\/es\/wp-json\/wp\/v2\/types\/product"}],"replies":[{"embeddable":true,"href":"https:\/\/kinamihealth.com\/es\/wp-json\/wp\/v2\/comments?post=107036"}],"version-history":[{"count":0,"href":"https:\/\/kinamihealth.com\/es\/wp-json\/wp\/v2\/product\/107036\/revisions"}],"wp:featuredmedia":[{"embeddable":true,"href":"https:\/\/kinamihealth.com\/es\/wp-json\/wp\/v2\/media\/107041"}],"wp:attachment":[{"href":"https:\/\/kinamihealth.com\/es\/wp-json\/wp\/v2\/media?parent=107036"}],"wp:term":[{"taxonomy":"product_brand","embeddable":true,"href":"https:\/\/kinamihealth.com\/es\/wp-json\/wp\/v2\/product_brand?post=107036"},{"taxonomy":"product_cat","embeddable":true,"href":"https:\/\/kinamihealth.com\/es\/wp-json\/wp\/v2\/product_cat?post=107036"},{"taxonomy":"product_tag","embeddable":true,"href":"https:\/\/kinamihealth.com\/es\/wp-json\/wp\/v2\/product_tag?post=107036"}],"curies":[{"name":"wp","href":"https:\/\/api.w.org\/{rel}","templated":true}]}}