{"id":107028,"date":"2025-02-15T16:55:12","date_gmt":"2025-02-15T16:55:12","guid":{"rendered":"https:\/\/kinamihealth.com\/product\/harmonyca\/"},"modified":"2026-01-22T11:45:47","modified_gmt":"2026-01-22T11:45:47","slug":"harmonyca","status":"publish","type":"product","link":"https:\/\/kinamihealth.com\/es\/producto\/harmonyca\/","title":{"rendered":"HArmonyCA\u2122"},"content":{"rendered":"<p>HArmonyCa\u2122 es el primer bioestimulador de tejido h\u00edbrido dise\u00f1ado para restaurar la luminosidad natural de la piel y reducir los signos del envejecimiento. Su combinaci\u00f3n \u00fanica de dos ingredientes activos \u2014\u00e1cido hialur\u00f3nico reticulado y hidroxiapatita de calcio encapsulada en microesferas\u2014 permite resultados duraderos visibles despu\u00e9s de una sola sesi\u00f3n de tratamiento. El \u00e1cido hialur\u00f3nico reticulado aumenta inmediatamente el volumen del tejido y proporciona un efecto lifting, mientras que la hidroxiapatita de calcio es conocida por su acci\u00f3n prolongada. Sus microesferas estimulan a los fibroblastos para que crezcan y produzcan componentes de la matriz extracelular, como col\u00e1geno y elastina.<br \/>\nHArmonyCa se aplica en las capas profundas de la dermis para a\u00f1adir volumen y levantar la piel al instante. Al mismo tiempo, las microesferas de hidroxiapatita de calcio comienzan a estimular los fibroblastos, lo que resulta en una mayor producci\u00f3n de col\u00e1geno tipo I y III y elastina. A medida que el \u00e1cido hialur\u00f3nico se biodegrada, se forma en su lugar una estructura de col\u00e1geno estable, similar al proceso natural de renovaci\u00f3n de la piel.<\/p>\n","protected":false},"excerpt":{"rendered":"<p>HArmonyCa\u2122 es el primer bioestimulador de tejido h\u00edbrido dise\u00f1ado para restaurar la luminosidad natural de la piel y reducir los signos del envejecimiento. Su combinaci\u00f3n \u00fanica de dos ingredientes activos \u2014\u00e1cido hialur\u00f3nico reticulado y hidroxiapatita de calcio encapsulada en microesferas\u2014 permite resultados duraderos visibles despu\u00e9s de una sola sesi\u00f3n de tratamiento. El \u00e1cido hialur\u00f3nico reticulado [&hellip;]<\/p>\n","protected":false},"featured_media":107029,"comment_status":"closed","ping_status":"closed","template":"","meta":{"_acf_changed":false,"inline_featured_image":false},"product_brand":[1246],"product_cat":[2964,1447],"product_tag":[1209],"class_list":{"0":"post-107028","1":"product","2":"type-product","3":"status-publish","4":"has-post-thumbnail","6":"product_brand-harmonyca","7":"product_cat-bioestimuladores","8":"product_cat-rellenos-dermicos","9":"product_tag-dispositivos-medicos","11":"first","12":"instock","13":"taxable","14":"shipping-taxable","15":"purchasable","16":"product-type-simple","17":"add-to-wishlist-before_image"},"acf":[],"yoast_head":"<!-- This site is optimized with the Yoast SEO plugin v27.1.1 - https:\/\/yoast.com\/product\/yoast-seo-wordpress\/ -->\n<title>Comprar HArmonyCA\u2122 online | Tienda Online | Kinami Health<\/title>\n<meta name=\"description\" content=\"Compre HArmonyCA\u2122 online para una rejuvenecimiento facial de doble acci\u00f3n que combina HA \u00e1cido hialur\u00f3nico (HA) y hidroxiapatita de calcio (CaHA), restaurando el volumen y estimulando la producci\u00f3n de col\u00e1geno a largo plazo.\" \/>\n<meta name=\"robots\" content=\"index, follow, max-snippet:-1, max-image-preview:large, max-video-preview:-1\" \/>\n<link rel=\"canonical\" href=\"https:\/\/kinamihealth.com\/es\/wp-json\/wp\/v2\/product\/107028\" \/>\n<meta property=\"og:locale\" content=\"es_ES\" \/>\n<meta property=\"og:type\" content=\"article\" \/>\n<meta property=\"og:title\" content=\"Comprar HArmonyCA\u2122 online | Tienda Online | Kinami Health\" \/>\n<meta property=\"og:description\" content=\"Compre HArmonyCA\u2122 online para una rejuvenecimiento facial de doble acci\u00f3n que combina HA \u00e1cido hialur\u00f3nico (HA) y hidroxiapatita de calcio (CaHA), restaurando el volumen y estimulando la producci\u00f3n de col\u00e1geno a largo plazo.\" \/>\n<meta property=\"og:url\" content=\"https:\/\/kinamihealth.com\/es\/producto\/harmonyca\/\" \/>\n<meta property=\"og:site_name\" content=\"Kinami Health\" \/>\n<meta property=\"article:modified_time\" content=\"2026-01-22T11:45:47+00:00\" \/>\n<meta property=\"og:image\" content=\"https:\/\/kinamihealth.com\/wp-content\/uploads\/2025\/02\/HArmonyCA-LIDOCAINE-04.jpg\" \/>\n\t<meta property=\"og:image:width\" content=\"1000\" \/>\n\t<meta property=\"og:image:height\" content=\"1000\" \/>\n\t<meta property=\"og:image:type\" content=\"image\/jpeg\" \/>\n<meta name=\"twitter:card\" content=\"summary_large_image\" \/>\n<meta name=\"twitter:label1\" content=\"Tiempo de lectura\" \/>\n\t<meta name=\"twitter:data1\" content=\"1 minuto\" \/>\n<!-- \/ Yoast SEO plugin. -->","yoast_head_json":{"title":"Comprar HArmonyCA\u2122 online | Tienda Online | Kinami Health","description":"Compre HArmonyCA\u2122 online para una rejuvenecimiento facial de doble acci\u00f3n que combina HA \u00e1cido hialur\u00f3nico (HA) y hidroxiapatita de calcio (CaHA), restaurando el volumen y estimulando la producci\u00f3n de col\u00e1geno a largo plazo.","robots":{"index":"index","follow":"follow","max-snippet":"max-snippet:-1","max-image-preview":"max-image-preview:large","max-video-preview":"max-video-preview:-1"},"canonical":"https:\/\/kinamihealth.com\/es\/wp-json\/wp\/v2\/product\/107028","og_locale":"es_ES","og_type":"article","og_title":"Comprar HArmonyCA\u2122 online | Tienda Online | Kinami Health","og_description":"Compre HArmonyCA\u2122 online para una rejuvenecimiento facial de doble acci\u00f3n que combina HA \u00e1cido hialur\u00f3nico (HA) y hidroxiapatita de calcio (CaHA), restaurando el volumen y estimulando la producci\u00f3n de col\u00e1geno a largo plazo.","og_url":"https:\/\/kinamihealth.com\/es\/producto\/harmonyca\/","og_site_name":"Kinami Health","article_modified_time":"2026-01-22T11:45:47+00:00","og_image":[{"width":1000,"height":1000,"url":"https:\/\/kinamihealth.com\/wp-content\/uploads\/2025\/02\/HArmonyCA-LIDOCAINE-04.jpg","type":"image\/jpeg"}],"twitter_card":"summary_large_image","twitter_misc":{"Tiempo de lectura":"1 minuto"},"schema":{"@context":"https:\/\/schema.org","@graph":[{"@type":"WebPage","@id":"https:\/\/kinamihealth.com\/es\/producto\/harmonyca\/","url":"https:\/\/kinamihealth.com\/es\/producto\/harmonyca\/","name":"Comprar HArmonyCA\u2122 online | Tienda Online | Kinami Health","isPartOf":{"@id":"https:\/\/kinamihealth.com\/#website"},"primaryImageOfPage":{"@id":"https:\/\/kinamihealth.com\/es\/producto\/harmonyca\/#primaryimage"},"image":{"@id":"https:\/\/kinamihealth.com\/es\/producto\/harmonyca\/#primaryimage"},"thumbnailUrl":"https:\/\/kinamihealth.com\/wp-content\/uploads\/2025\/02\/HArmonyCA-LIDOCAINE-04.jpg","datePublished":"2025-02-15T16:55:12+00:00","dateModified":"2026-01-22T11:45:47+00:00","description":"Compre HArmonyCA\u2122 online para una rejuvenecimiento facial de doble acci\u00f3n que combina HA \u00e1cido hialur\u00f3nico (HA) y hidroxiapatita de calcio (CaHA), restaurando el volumen y estimulando la producci\u00f3n de col\u00e1geno a largo plazo.","breadcrumb":{"@id":"https:\/\/kinamihealth.com\/es\/producto\/harmonyca\/#breadcrumb"},"inLanguage":"es","potentialAction":[{"@type":"ReadAction","target":["https:\/\/kinamihealth.com\/es\/producto\/harmonyca\/"]}]},{"@type":"ImageObject","inLanguage":"es","@id":"https:\/\/kinamihealth.com\/es\/producto\/harmonyca\/#primaryimage","url":"https:\/\/kinamihealth.com\/wp-content\/uploads\/2025\/02\/HArmonyCA-LIDOCAINE-04.jpg","contentUrl":"https:\/\/kinamihealth.com\/wp-content\/uploads\/2025\/02\/HArmonyCA-LIDOCAINE-04.jpg","width":1000,"height":1000},{"@type":"BreadcrumbList","@id":"https:\/\/kinamihealth.com\/es\/producto\/harmonyca\/#breadcrumb","itemListElement":[{"@type":"ListItem","position":1,"name":"P\u00e1gina de inicio","item":"https:\/\/kinamihealth.com\/"},{"@type":"ListItem","position":2,"name":"Tienda","item":"https:\/\/kinamihealth.com\/shop\/"},{"@type":"ListItem","position":3,"name":"HArmonyCA\u2122"}]},{"@type":"WebSite","@id":"https:\/\/kinamihealth.com\/#website","url":"https:\/\/kinamihealth.com\/","name":"Kinami Health","description":"","publisher":{"@id":"https:\/\/kinamihealth.com\/#organization"},"potentialAction":[{"@type":"SearchAction","target":{"@type":"EntryPoint","urlTemplate":"https:\/\/kinamihealth.com\/?s={search_term_string}"},"query-input":{"@type":"PropertyValueSpecification","valueRequired":true,"valueName":"search_term_string"}}],"inLanguage":"es"},{"@type":"Organization","@id":"https:\/\/kinamihealth.com\/#organization","name":"Kinami Health","url":"https:\/\/kinamihealth.com\/","logo":{"@type":"ImageObject","inLanguage":"es","@id":"https:\/\/kinamihealth.com\/#\/schema\/logo\/image\/","url":"https:\/\/kinamihealth.com\/wp-content\/uploads\/2025\/01\/KH_logo_black_2-1.png","contentUrl":"https:\/\/kinamihealth.com\/wp-content\/uploads\/2025\/01\/KH_logo_black_2-1.png","width":339,"height":34,"caption":"Kinami Health"},"image":{"@id":"https:\/\/kinamihealth.com\/#\/schema\/logo\/image\/"}}]}},"_links":{"self":[{"href":"https:\/\/kinamihealth.com\/es\/wp-json\/wp\/v2\/product\/107028","targetHints":{"allow":["GET"]}}],"collection":[{"href":"https:\/\/kinamihealth.com\/es\/wp-json\/wp\/v2\/product"}],"about":[{"href":"https:\/\/kinamihealth.com\/es\/wp-json\/wp\/v2\/types\/product"}],"replies":[{"embeddable":true,"href":"https:\/\/kinamihealth.com\/es\/wp-json\/wp\/v2\/comments?post=107028"}],"version-history":[{"count":0,"href":"https:\/\/kinamihealth.com\/es\/wp-json\/wp\/v2\/product\/107028\/revisions"}],"wp:featuredmedia":[{"embeddable":true,"href":"https:\/\/kinamihealth.com\/es\/wp-json\/wp\/v2\/media\/107029"}],"wp:attachment":[{"href":"https:\/\/kinamihealth.com\/es\/wp-json\/wp\/v2\/media?parent=107028"}],"wp:term":[{"taxonomy":"product_brand","embeddable":true,"href":"https:\/\/kinamihealth.com\/es\/wp-json\/wp\/v2\/product_brand?post=107028"},{"taxonomy":"product_cat","embeddable":true,"href":"https:\/\/kinamihealth.com\/es\/wp-json\/wp\/v2\/product_cat?post=107028"},{"taxonomy":"product_tag","embeddable":true,"href":"https:\/\/kinamihealth.com\/es\/wp-json\/wp\/v2\/product_tag?post=107028"}],"curies":[{"name":"wp","href":"https:\/\/api.w.org\/{rel}","templated":true}]}}