{"id":106944,"date":"2025-02-15T16:54:51","date_gmt":"2025-02-15T16:54:51","guid":{"rendered":"https:\/\/kinamihealth.com\/product\/fillmed-art-filler-fine-lines-con-lidocaina\/"},"modified":"2026-01-22T11:42:42","modified_gmt":"2026-01-22T11:42:42","slug":"fillmed-art-filler-fine-lines-con-lidocaina","status":"publish","type":"product","link":"https:\/\/kinamihealth.com\/es\/producto\/fillmed-art-filler-fine-lines-con-lidocaina\/","title":{"rendered":"FILLMED\u00ae ART FILLER FINE LINES con Lidoca\u00edna"},"content":{"rendered":"<p>FILLMED\u00ae ART FILLER FINE LINES con Lidoca\u00edna es un gel viscoel\u00e1stico de \u00e1cido hialur\u00f3nico reticulado de origen no animal, que se absorbe gradualmente con el tiempo. Es incoloro, transparente, est\u00e9ril, no pir\u00f3geno y salino, y contiene un 0.3% de clorhidrato de lidoca\u00edna por sus propiedades anest\u00e9sicas.<\/p>\n","protected":false},"excerpt":{"rendered":"<p>FILLMED\u00ae ART FILLER FINE LINES con Lidoca\u00edna es un gel viscoel\u00e1stico de \u00e1cido hialur\u00f3nico reticulado de origen no animal, que se absorbe gradualmente con el tiempo. Es incoloro, transparente, est\u00e9ril, no pir\u00f3geno y salino, y contiene un 0.3% de clorhidrato de lidoca\u00edna por sus propiedades anest\u00e9sicas.<\/p>\n","protected":false},"featured_media":106948,"comment_status":"closed","ping_status":"closed","template":"","meta":{"_acf_changed":false,"inline_featured_image":false},"product_brand":[1244],"product_cat":[2966,1447],"product_tag":[1209],"class_list":{"0":"post-106944","1":"product","2":"type-product","3":"status-publish","4":"has-post-thumbnail","6":"product_brand-fillmed","7":"product_cat-rellenos-de-ha","8":"product_cat-rellenos-dermicos","9":"product_tag-dispositivos-medicos","11":"first","12":"instock","13":"taxable","14":"shipping-taxable","15":"purchasable","16":"product-type-simple","17":"add-to-wishlist-before_image"},"acf":[],"yoast_head":"<!-- This site is optimized with the Yoast SEO plugin v27.3 - https:\/\/yoast.com\/product\/yoast-seo-wordpress\/ -->\n<title>Pedir FILLMED\u00ae ART FILLER FINE LINES online | Tienda online | Kinami Health<\/title>\n<meta name=\"description\" content=\"Pide FILLMED\u00ae ART FILLER FINE LINES para suavizar las arrugas superficiales con un gel de \u00e1cido hialur\u00f3nico suave y lidoca\u00edna, garantizando un tratamiento preciso y la comodidad del paciente.\" \/>\n<meta name=\"robots\" content=\"index, follow, max-snippet:-1, max-image-preview:large, max-video-preview:-1\" \/>\n<link rel=\"canonical\" href=\"https:\/\/kinamihealth.com\/es\/wp-json\/wp\/v2\/product\/106944\" \/>\n<meta property=\"og:locale\" content=\"es_ES\" \/>\n<meta property=\"og:type\" content=\"article\" \/>\n<meta property=\"og:title\" content=\"Pedir FILLMED\u00ae ART FILLER FINE LINES online | Tienda online | Kinami Health\" \/>\n<meta property=\"og:description\" content=\"Pide FILLMED\u00ae ART FILLER FINE LINES para suavizar las arrugas superficiales con un gel de \u00e1cido hialur\u00f3nico suave y lidoca\u00edna, garantizando un tratamiento preciso y la comodidad del paciente.\" \/>\n<meta property=\"og:url\" content=\"https:\/\/kinamihealth.com\/es\/producto\/fillmed-art-filler-fine-lines-con-lidocaina\/\" \/>\n<meta property=\"og:site_name\" content=\"Kinami Health\" \/>\n<meta property=\"article:modified_time\" content=\"2026-01-22T11:42:42+00:00\" \/>\n<meta property=\"og:image\" content=\"https:\/\/kinamihealth.com\/wp-content\/uploads\/2025\/02\/FILLMED-ARTFILLER-FINELINES-01.jpg\" \/>\n\t<meta property=\"og:image:width\" content=\"800\" \/>\n\t<meta property=\"og:image:height\" content=\"800\" \/>\n\t<meta property=\"og:image:type\" content=\"image\/jpeg\" \/>\n<meta name=\"twitter:card\" content=\"summary_large_image\" \/>\n<meta name=\"twitter:label1\" content=\"Tiempo de lectura\" \/>\n\t<meta name=\"twitter:data1\" content=\"1 minuto\" \/>\n<!-- \/ Yoast SEO plugin. -->","yoast_head_json":{"title":"Pedir FILLMED\u00ae ART FILLER FINE LINES online | Tienda online | Kinami Health","description":"Pide FILLMED\u00ae ART FILLER FINE LINES para suavizar las arrugas superficiales con un gel de \u00e1cido hialur\u00f3nico suave y lidoca\u00edna, garantizando un tratamiento preciso y la comodidad del paciente.","robots":{"index":"index","follow":"follow","max-snippet":"max-snippet:-1","max-image-preview":"max-image-preview:large","max-video-preview":"max-video-preview:-1"},"canonical":"https:\/\/kinamihealth.com\/es\/wp-json\/wp\/v2\/product\/106944","og_locale":"es_ES","og_type":"article","og_title":"Pedir FILLMED\u00ae ART FILLER FINE LINES online | Tienda online | Kinami Health","og_description":"Pide FILLMED\u00ae ART FILLER FINE LINES para suavizar las arrugas superficiales con un gel de \u00e1cido hialur\u00f3nico suave y lidoca\u00edna, garantizando un tratamiento preciso y la comodidad del paciente.","og_url":"https:\/\/kinamihealth.com\/es\/producto\/fillmed-art-filler-fine-lines-con-lidocaina\/","og_site_name":"Kinami Health","article_modified_time":"2026-01-22T11:42:42+00:00","og_image":[{"width":800,"height":800,"url":"https:\/\/kinamihealth.com\/wp-content\/uploads\/2025\/02\/FILLMED-ARTFILLER-FINELINES-01.jpg","type":"image\/jpeg"}],"twitter_card":"summary_large_image","twitter_misc":{"Tiempo de lectura":"1 minuto"},"schema":{"@context":"https:\/\/schema.org","@graph":[{"@type":"WebPage","@id":"https:\/\/kinamihealth.com\/es\/producto\/fillmed-art-filler-fine-lines-con-lidocaina\/","url":"https:\/\/kinamihealth.com\/es\/producto\/fillmed-art-filler-fine-lines-con-lidocaina\/","name":"Pedir FILLMED\u00ae ART FILLER FINE LINES online | Tienda online | Kinami Health","isPartOf":{"@id":"https:\/\/kinamihealth.com\/#website"},"primaryImageOfPage":{"@id":"https:\/\/kinamihealth.com\/es\/producto\/fillmed-art-filler-fine-lines-con-lidocaina\/#primaryimage"},"image":{"@id":"https:\/\/kinamihealth.com\/es\/producto\/fillmed-art-filler-fine-lines-con-lidocaina\/#primaryimage"},"thumbnailUrl":"https:\/\/kinamihealth.com\/wp-content\/uploads\/2025\/02\/FILLMED-ARTFILLER-FINELINES-01.jpg","datePublished":"2025-02-15T16:54:51+00:00","dateModified":"2026-01-22T11:42:42+00:00","description":"Pide FILLMED\u00ae ART FILLER FINE LINES para suavizar las arrugas superficiales con un gel de \u00e1cido hialur\u00f3nico suave y lidoca\u00edna, garantizando un tratamiento preciso y la comodidad del paciente.","breadcrumb":{"@id":"https:\/\/kinamihealth.com\/es\/producto\/fillmed-art-filler-fine-lines-con-lidocaina\/#breadcrumb"},"inLanguage":"es","potentialAction":[{"@type":"ReadAction","target":["https:\/\/kinamihealth.com\/es\/producto\/fillmed-art-filler-fine-lines-con-lidocaina\/"]}]},{"@type":"ImageObject","inLanguage":"es","@id":"https:\/\/kinamihealth.com\/es\/producto\/fillmed-art-filler-fine-lines-con-lidocaina\/#primaryimage","url":"https:\/\/kinamihealth.com\/wp-content\/uploads\/2025\/02\/FILLMED-ARTFILLER-FINELINES-01.jpg","contentUrl":"https:\/\/kinamihealth.com\/wp-content\/uploads\/2025\/02\/FILLMED-ARTFILLER-FINELINES-01.jpg","width":800,"height":800},{"@type":"BreadcrumbList","@id":"https:\/\/kinamihealth.com\/es\/producto\/fillmed-art-filler-fine-lines-con-lidocaina\/#breadcrumb","itemListElement":[{"@type":"ListItem","position":1,"name":"P\u00e1gina de inicio","item":"https:\/\/kinamihealth.com\/"},{"@type":"ListItem","position":2,"name":"Tienda","item":"https:\/\/kinamihealth.com\/shop\/"},{"@type":"ListItem","position":3,"name":"FILLMED\u00ae ART FILLER FINE LINES con Lidoca\u00edna"}]},{"@type":"WebSite","@id":"https:\/\/kinamihealth.com\/#website","url":"https:\/\/kinamihealth.com\/","name":"Kinami Health","description":"","publisher":{"@id":"https:\/\/kinamihealth.com\/#organization"},"potentialAction":[{"@type":"SearchAction","target":{"@type":"EntryPoint","urlTemplate":"https:\/\/kinamihealth.com\/?s={search_term_string}"},"query-input":{"@type":"PropertyValueSpecification","valueRequired":true,"valueName":"search_term_string"}}],"inLanguage":"es"},{"@type":"Organization","@id":"https:\/\/kinamihealth.com\/#organization","name":"Kinami Health","url":"https:\/\/kinamihealth.com\/","logo":{"@type":"ImageObject","inLanguage":"es","@id":"https:\/\/kinamihealth.com\/#\/schema\/logo\/image\/","url":"https:\/\/kinamihealth.com\/wp-content\/uploads\/2025\/01\/KH_logo_black_2-1.png","contentUrl":"https:\/\/kinamihealth.com\/wp-content\/uploads\/2025\/01\/KH_logo_black_2-1.png","width":339,"height":34,"caption":"Kinami Health"},"image":{"@id":"https:\/\/kinamihealth.com\/#\/schema\/logo\/image\/"}}]}},"_links":{"self":[{"href":"https:\/\/kinamihealth.com\/es\/wp-json\/wp\/v2\/product\/106944","targetHints":{"allow":["GET"]}}],"collection":[{"href":"https:\/\/kinamihealth.com\/es\/wp-json\/wp\/v2\/product"}],"about":[{"href":"https:\/\/kinamihealth.com\/es\/wp-json\/wp\/v2\/types\/product"}],"replies":[{"embeddable":true,"href":"https:\/\/kinamihealth.com\/es\/wp-json\/wp\/v2\/comments?post=106944"}],"version-history":[{"count":0,"href":"https:\/\/kinamihealth.com\/es\/wp-json\/wp\/v2\/product\/106944\/revisions"}],"wp:featuredmedia":[{"embeddable":true,"href":"https:\/\/kinamihealth.com\/es\/wp-json\/wp\/v2\/media\/106948"}],"wp:attachment":[{"href":"https:\/\/kinamihealth.com\/es\/wp-json\/wp\/v2\/media?parent=106944"}],"wp:term":[{"taxonomy":"product_brand","embeddable":true,"href":"https:\/\/kinamihealth.com\/es\/wp-json\/wp\/v2\/product_brand?post=106944"},{"taxonomy":"product_cat","embeddable":true,"href":"https:\/\/kinamihealth.com\/es\/wp-json\/wp\/v2\/product_cat?post=106944"},{"taxonomy":"product_tag","embeddable":true,"href":"https:\/\/kinamihealth.com\/es\/wp-json\/wp\/v2\/product_tag?post=106944"}],"curies":[{"name":"wp","href":"https:\/\/api.w.org\/{rel}","templated":true}]}}