{"id":106924,"date":"2025-02-15T16:54:53","date_gmt":"2025-02-15T16:54:53","guid":{"rendered":"https:\/\/kinamihealth.com\/product\/fillmed-art-filler-volume\/"},"modified":"2026-01-22T11:43:57","modified_gmt":"2026-01-22T11:43:57","slug":"fillmed-art-filler-volume","status":"publish","type":"product","link":"https:\/\/kinamihealth.com\/es\/producto\/fillmed-art-filler-volume\/","title":{"rendered":"FILLMED\u00ae ART FILLER VOLUME"},"content":{"rendered":"<p>FILLMED\u00ae ART FILLER VOLUME con Lidoca\u00edna es un gel viscoel\u00e1stico de \u00e1cido hialur\u00f3nico reticulado de origen no animal, que se absorbe gradualmente con el tiempo. Es incoloro, transparente, est\u00e9ril, no pir\u00f3geno y salino, y contiene un 0.3% de clorhidrato de lidoca\u00edna por sus propiedades anest\u00e9sicas.<\/p>\n","protected":false},"excerpt":{"rendered":"<p>FILLMED\u00ae ART FILLER VOLUME con Lidoca\u00edna es un gel viscoel\u00e1stico de \u00e1cido hialur\u00f3nico reticulado de origen no animal, que se absorbe gradualmente con el tiempo. Es incoloro, transparente, est\u00e9ril, no pir\u00f3geno y salino, y contiene un 0.3% de clorhidrato de lidoca\u00edna por sus propiedades anest\u00e9sicas.<\/p>\n","protected":false},"featured_media":106928,"comment_status":"closed","ping_status":"closed","template":"","meta":{"_acf_changed":false,"inline_featured_image":false},"product_brand":[1244],"product_cat":[2966,1447],"product_tag":[1209],"class_list":{"0":"post-106924","1":"product","2":"type-product","3":"status-publish","4":"has-post-thumbnail","6":"product_brand-fillmed","7":"product_cat-rellenos-de-ha","8":"product_cat-rellenos-dermicos","9":"product_tag-dispositivos-medicos","11":"first","12":"instock","13":"taxable","14":"shipping-taxable","15":"purchasable","16":"product-type-simple","17":"add-to-wishlist-before_image"},"acf":[],"yoast_head":"<!-- This site is optimized with the Yoast SEO plugin v27.3 - https:\/\/yoast.com\/product\/yoast-seo-wordpress\/ -->\n<title>Pedir FILLMED\u00ae ART FILLER VOLUME online | Tienda online | Kinami Health<\/title>\n<meta name=\"description\" content=\"Pida FILLMED\u00ae ART FILLER VOLUME en l\u00ednea para proporcionar una restauraci\u00f3n del volumen facial de alta calidad con la precisi\u00f3n del \u00e1cido hialur\u00f3nico y la comodidad de la lidoca\u00edna.\" \/>\n<meta name=\"robots\" content=\"index, follow, max-snippet:-1, max-image-preview:large, max-video-preview:-1\" \/>\n<link rel=\"canonical\" href=\"https:\/\/kinamihealth.com\/es\/wp-json\/wp\/v2\/product\/106924\" \/>\n<meta property=\"og:locale\" content=\"es_ES\" \/>\n<meta property=\"og:type\" content=\"article\" \/>\n<meta property=\"og:title\" content=\"Pedir FILLMED\u00ae ART FILLER VOLUME online | Tienda online | Kinami Health\" \/>\n<meta property=\"og:description\" content=\"Pida FILLMED\u00ae ART FILLER VOLUME en l\u00ednea para proporcionar una restauraci\u00f3n del volumen facial de alta calidad con la precisi\u00f3n del \u00e1cido hialur\u00f3nico y la comodidad de la lidoca\u00edna.\" \/>\n<meta property=\"og:url\" content=\"https:\/\/kinamihealth.com\/es\/producto\/fillmed-art-filler-volume\/\" \/>\n<meta property=\"og:site_name\" content=\"Kinami Health\" \/>\n<meta property=\"article:modified_time\" content=\"2026-01-22T11:43:57+00:00\" \/>\n<meta property=\"og:image\" content=\"https:\/\/kinamihealth.com\/wp-content\/uploads\/2025\/02\/FILLMED-ARTFILLER-VOLUME-01.jpg\" \/>\n\t<meta property=\"og:image:width\" content=\"800\" \/>\n\t<meta property=\"og:image:height\" content=\"800\" \/>\n\t<meta property=\"og:image:type\" content=\"image\/jpeg\" \/>\n<meta name=\"twitter:card\" content=\"summary_large_image\" \/>\n<meta name=\"twitter:label1\" content=\"Tiempo de lectura\" \/>\n\t<meta name=\"twitter:data1\" content=\"1 minuto\" \/>\n<!-- \/ Yoast SEO plugin. -->","yoast_head_json":{"title":"Pedir FILLMED\u00ae ART FILLER VOLUME online | Tienda online | Kinami Health","description":"Pida FILLMED\u00ae ART FILLER VOLUME en l\u00ednea para proporcionar una restauraci\u00f3n del volumen facial de alta calidad con la precisi\u00f3n del \u00e1cido hialur\u00f3nico y la comodidad de la lidoca\u00edna.","robots":{"index":"index","follow":"follow","max-snippet":"max-snippet:-1","max-image-preview":"max-image-preview:large","max-video-preview":"max-video-preview:-1"},"canonical":"https:\/\/kinamihealth.com\/es\/wp-json\/wp\/v2\/product\/106924","og_locale":"es_ES","og_type":"article","og_title":"Pedir FILLMED\u00ae ART FILLER VOLUME online | Tienda online | Kinami Health","og_description":"Pida FILLMED\u00ae ART FILLER VOLUME en l\u00ednea para proporcionar una restauraci\u00f3n del volumen facial de alta calidad con la precisi\u00f3n del \u00e1cido hialur\u00f3nico y la comodidad de la lidoca\u00edna.","og_url":"https:\/\/kinamihealth.com\/es\/producto\/fillmed-art-filler-volume\/","og_site_name":"Kinami Health","article_modified_time":"2026-01-22T11:43:57+00:00","og_image":[{"width":800,"height":800,"url":"https:\/\/kinamihealth.com\/wp-content\/uploads\/2025\/02\/FILLMED-ARTFILLER-VOLUME-01.jpg","type":"image\/jpeg"}],"twitter_card":"summary_large_image","twitter_misc":{"Tiempo de lectura":"1 minuto"},"schema":{"@context":"https:\/\/schema.org","@graph":[{"@type":"WebPage","@id":"https:\/\/kinamihealth.com\/es\/producto\/fillmed-art-filler-volume\/","url":"https:\/\/kinamihealth.com\/es\/producto\/fillmed-art-filler-volume\/","name":"Pedir FILLMED\u00ae ART FILLER VOLUME online | Tienda online | Kinami Health","isPartOf":{"@id":"https:\/\/kinamihealth.com\/#website"},"primaryImageOfPage":{"@id":"https:\/\/kinamihealth.com\/es\/producto\/fillmed-art-filler-volume\/#primaryimage"},"image":{"@id":"https:\/\/kinamihealth.com\/es\/producto\/fillmed-art-filler-volume\/#primaryimage"},"thumbnailUrl":"https:\/\/kinamihealth.com\/wp-content\/uploads\/2025\/02\/FILLMED-ARTFILLER-VOLUME-01.jpg","datePublished":"2025-02-15T16:54:53+00:00","dateModified":"2026-01-22T11:43:57+00:00","description":"Pida FILLMED\u00ae ART FILLER VOLUME en l\u00ednea para proporcionar una restauraci\u00f3n del volumen facial de alta calidad con la precisi\u00f3n del \u00e1cido hialur\u00f3nico y la comodidad de la lidoca\u00edna.","breadcrumb":{"@id":"https:\/\/kinamihealth.com\/es\/producto\/fillmed-art-filler-volume\/#breadcrumb"},"inLanguage":"es","potentialAction":[{"@type":"ReadAction","target":["https:\/\/kinamihealth.com\/es\/producto\/fillmed-art-filler-volume\/"]}]},{"@type":"ImageObject","inLanguage":"es","@id":"https:\/\/kinamihealth.com\/es\/producto\/fillmed-art-filler-volume\/#primaryimage","url":"https:\/\/kinamihealth.com\/wp-content\/uploads\/2025\/02\/FILLMED-ARTFILLER-VOLUME-01.jpg","contentUrl":"https:\/\/kinamihealth.com\/wp-content\/uploads\/2025\/02\/FILLMED-ARTFILLER-VOLUME-01.jpg","width":800,"height":800},{"@type":"BreadcrumbList","@id":"https:\/\/kinamihealth.com\/es\/producto\/fillmed-art-filler-volume\/#breadcrumb","itemListElement":[{"@type":"ListItem","position":1,"name":"P\u00e1gina de inicio","item":"https:\/\/kinamihealth.com\/"},{"@type":"ListItem","position":2,"name":"Tienda","item":"https:\/\/kinamihealth.com\/shop\/"},{"@type":"ListItem","position":3,"name":"FILLMED\u00ae ART FILLER VOLUME"}]},{"@type":"WebSite","@id":"https:\/\/kinamihealth.com\/#website","url":"https:\/\/kinamihealth.com\/","name":"Kinami Health","description":"","publisher":{"@id":"https:\/\/kinamihealth.com\/#organization"},"potentialAction":[{"@type":"SearchAction","target":{"@type":"EntryPoint","urlTemplate":"https:\/\/kinamihealth.com\/?s={search_term_string}"},"query-input":{"@type":"PropertyValueSpecification","valueRequired":true,"valueName":"search_term_string"}}],"inLanguage":"es"},{"@type":"Organization","@id":"https:\/\/kinamihealth.com\/#organization","name":"Kinami Health","url":"https:\/\/kinamihealth.com\/","logo":{"@type":"ImageObject","inLanguage":"es","@id":"https:\/\/kinamihealth.com\/#\/schema\/logo\/image\/","url":"https:\/\/kinamihealth.com\/wp-content\/uploads\/2025\/01\/KH_logo_black_2-1.png","contentUrl":"https:\/\/kinamihealth.com\/wp-content\/uploads\/2025\/01\/KH_logo_black_2-1.png","width":339,"height":34,"caption":"Kinami Health"},"image":{"@id":"https:\/\/kinamihealth.com\/#\/schema\/logo\/image\/"}}]}},"_links":{"self":[{"href":"https:\/\/kinamihealth.com\/es\/wp-json\/wp\/v2\/product\/106924","targetHints":{"allow":["GET"]}}],"collection":[{"href":"https:\/\/kinamihealth.com\/es\/wp-json\/wp\/v2\/product"}],"about":[{"href":"https:\/\/kinamihealth.com\/es\/wp-json\/wp\/v2\/types\/product"}],"replies":[{"embeddable":true,"href":"https:\/\/kinamihealth.com\/es\/wp-json\/wp\/v2\/comments?post=106924"}],"version-history":[{"count":0,"href":"https:\/\/kinamihealth.com\/es\/wp-json\/wp\/v2\/product\/106924\/revisions"}],"wp:featuredmedia":[{"embeddable":true,"href":"https:\/\/kinamihealth.com\/es\/wp-json\/wp\/v2\/media\/106928"}],"wp:attachment":[{"href":"https:\/\/kinamihealth.com\/es\/wp-json\/wp\/v2\/media?parent=106924"}],"wp:term":[{"taxonomy":"product_brand","embeddable":true,"href":"https:\/\/kinamihealth.com\/es\/wp-json\/wp\/v2\/product_brand?post=106924"},{"taxonomy":"product_cat","embeddable":true,"href":"https:\/\/kinamihealth.com\/es\/wp-json\/wp\/v2\/product_cat?post=106924"},{"taxonomy":"product_tag","embeddable":true,"href":"https:\/\/kinamihealth.com\/es\/wp-json\/wp\/v2\/product_tag?post=106924"}],"curies":[{"name":"wp","href":"https:\/\/api.w.org\/{rel}","templated":true}]}}