{"id":106628,"date":"2025-02-15T16:54:30","date_gmt":"2025-02-15T16:54:30","guid":{"rendered":"https:\/\/kinamihealth.com\/product\/cytocare-502\/"},"modified":"2026-01-22T11:37:31","modified_gmt":"2026-01-22T11:37:31","slug":"cytocare-502","status":"publish","type":"product","link":"https:\/\/kinamihealth.com\/es\/producto\/cytocare-502\/","title":{"rendered":"CYTOCARE 502"},"content":{"rendered":"<p>CYTOCARE 502 es una f\u00f3rmula reabsorbible con \u00e1cido hialur\u00f3nico y un complejo rejuvenecedor, administrada mediante microinyecciones en la dermis superficial y media del contorno de ojos y l\u00edneas de expresi\u00f3n alrededor de la boca (c\u00f3digo de barras labial). Su objetivo es preservar la juventud cut\u00e1nea, demorando la aparici\u00f3n de las primeras arrugas. CYTOCARE 502 optimiza la calidad de pieles j\u00f3venes o con signos leves.<\/p>\n","protected":false},"excerpt":{"rendered":"<p>CYTOCARE 502 es una f\u00f3rmula reabsorbible con \u00e1cido hialur\u00f3nico y un complejo rejuvenecedor, administrada mediante microinyecciones en la dermis superficial y media del contorno de ojos y l\u00edneas de expresi\u00f3n alrededor de la boca (c\u00f3digo de barras labial). Su objetivo es preservar la juventud cut\u00e1nea, demorando la aparici\u00f3n de las primeras arrugas. CYTOCARE 502 optimiza [&hellip;]<\/p>\n","protected":false},"featured_media":106632,"comment_status":"closed","ping_status":"closed","template":"","meta":{"_acf_changed":false,"inline_featured_image":false},"product_brand":[1238],"product_cat":[1447],"product_tag":[1209],"class_list":{"0":"post-106628","1":"product","2":"type-product","3":"status-publish","4":"has-post-thumbnail","6":"product_brand-cytocare","7":"product_cat-rellenos-dermicos","8":"product_tag-dispositivos-medicos","10":"first","11":"instock","12":"taxable","13":"shipping-taxable","14":"purchasable","15":"product-type-simple","16":"add-to-wishlist-before_image"},"acf":[],"yoast_head":"<!-- This site is optimized with the Yoast SEO plugin v27.3 - https:\/\/yoast.com\/product\/yoast-seo-wordpress\/ -->\n<title>Comprar CYTOCARE 502 online | Tienda Online | Kinami Health<\/title>\n<meta name=\"description\" content=\"Compre CYTOCARE 502 en l\u00ednea para favorecer la hidrataci\u00f3n de la piel y la prevenci\u00f3n temprana de las l\u00edneas de expresi\u00f3n en pacientes j\u00f3venes gracias al \u00e1cido hialur\u00f3nico en baja concentraci\u00f3n.\" \/>\n<meta name=\"robots\" content=\"index, follow, max-snippet:-1, max-image-preview:large, max-video-preview:-1\" \/>\n<link rel=\"canonical\" href=\"https:\/\/kinamihealth.com\/es\/wp-json\/wp\/v2\/product\/106628\" \/>\n<meta property=\"og:locale\" content=\"es_ES\" \/>\n<meta property=\"og:type\" content=\"article\" \/>\n<meta property=\"og:title\" content=\"Comprar CYTOCARE 502 online | Tienda Online | Kinami Health\" \/>\n<meta property=\"og:description\" content=\"Compre CYTOCARE 502 en l\u00ednea para favorecer la hidrataci\u00f3n de la piel y la prevenci\u00f3n temprana de las l\u00edneas de expresi\u00f3n en pacientes j\u00f3venes gracias al \u00e1cido hialur\u00f3nico en baja concentraci\u00f3n.\" \/>\n<meta property=\"og:url\" content=\"https:\/\/kinamihealth.com\/es\/producto\/cytocare-502\/\" \/>\n<meta property=\"og:site_name\" content=\"Kinami Health\" \/>\n<meta property=\"article:modified_time\" content=\"2026-01-22T11:37:31+00:00\" \/>\n<meta property=\"og:image\" content=\"https:\/\/kinamihealth.com\/wp-content\/uploads\/2025\/02\/REVITACARE-CYTOCARE-502-01.jpg\" \/>\n\t<meta property=\"og:image:width\" content=\"800\" \/>\n\t<meta property=\"og:image:height\" content=\"800\" \/>\n\t<meta property=\"og:image:type\" content=\"image\/jpeg\" \/>\n<meta name=\"twitter:card\" content=\"summary_large_image\" \/>\n<meta name=\"twitter:label1\" content=\"Tiempo de lectura\" \/>\n\t<meta name=\"twitter:data1\" content=\"1 minuto\" \/>\n<!-- \/ Yoast SEO plugin. -->","yoast_head_json":{"title":"Comprar CYTOCARE 502 online | Tienda Online | Kinami Health","description":"Compre CYTOCARE 502 en l\u00ednea para favorecer la hidrataci\u00f3n de la piel y la prevenci\u00f3n temprana de las l\u00edneas de expresi\u00f3n en pacientes j\u00f3venes gracias al \u00e1cido hialur\u00f3nico en baja concentraci\u00f3n.","robots":{"index":"index","follow":"follow","max-snippet":"max-snippet:-1","max-image-preview":"max-image-preview:large","max-video-preview":"max-video-preview:-1"},"canonical":"https:\/\/kinamihealth.com\/es\/wp-json\/wp\/v2\/product\/106628","og_locale":"es_ES","og_type":"article","og_title":"Comprar CYTOCARE 502 online | Tienda Online | Kinami Health","og_description":"Compre CYTOCARE 502 en l\u00ednea para favorecer la hidrataci\u00f3n de la piel y la prevenci\u00f3n temprana de las l\u00edneas de expresi\u00f3n en pacientes j\u00f3venes gracias al \u00e1cido hialur\u00f3nico en baja concentraci\u00f3n.","og_url":"https:\/\/kinamihealth.com\/es\/producto\/cytocare-502\/","og_site_name":"Kinami Health","article_modified_time":"2026-01-22T11:37:31+00:00","og_image":[{"width":800,"height":800,"url":"https:\/\/kinamihealth.com\/wp-content\/uploads\/2025\/02\/REVITACARE-CYTOCARE-502-01.jpg","type":"image\/jpeg"}],"twitter_card":"summary_large_image","twitter_misc":{"Tiempo de lectura":"1 minuto"},"schema":{"@context":"https:\/\/schema.org","@graph":[{"@type":"WebPage","@id":"https:\/\/kinamihealth.com\/es\/producto\/cytocare-502\/","url":"https:\/\/kinamihealth.com\/es\/producto\/cytocare-502\/","name":"Comprar CYTOCARE 502 online | Tienda Online | Kinami Health","isPartOf":{"@id":"https:\/\/kinamihealth.com\/#website"},"primaryImageOfPage":{"@id":"https:\/\/kinamihealth.com\/es\/producto\/cytocare-502\/#primaryimage"},"image":{"@id":"https:\/\/kinamihealth.com\/es\/producto\/cytocare-502\/#primaryimage"},"thumbnailUrl":"https:\/\/kinamihealth.com\/wp-content\/uploads\/2025\/02\/REVITACARE-CYTOCARE-502-01.jpg","datePublished":"2025-02-15T16:54:30+00:00","dateModified":"2026-01-22T11:37:31+00:00","description":"Compre CYTOCARE 502 en l\u00ednea para favorecer la hidrataci\u00f3n de la piel y la prevenci\u00f3n temprana de las l\u00edneas de expresi\u00f3n en pacientes j\u00f3venes gracias al \u00e1cido hialur\u00f3nico en baja concentraci\u00f3n.","breadcrumb":{"@id":"https:\/\/kinamihealth.com\/es\/producto\/cytocare-502\/#breadcrumb"},"inLanguage":"es","potentialAction":[{"@type":"ReadAction","target":["https:\/\/kinamihealth.com\/es\/producto\/cytocare-502\/"]}]},{"@type":"ImageObject","inLanguage":"es","@id":"https:\/\/kinamihealth.com\/es\/producto\/cytocare-502\/#primaryimage","url":"https:\/\/kinamihealth.com\/wp-content\/uploads\/2025\/02\/REVITACARE-CYTOCARE-502-01.jpg","contentUrl":"https:\/\/kinamihealth.com\/wp-content\/uploads\/2025\/02\/REVITACARE-CYTOCARE-502-01.jpg","width":800,"height":800},{"@type":"BreadcrumbList","@id":"https:\/\/kinamihealth.com\/es\/producto\/cytocare-502\/#breadcrumb","itemListElement":[{"@type":"ListItem","position":1,"name":"P\u00e1gina de inicio","item":"https:\/\/kinamihealth.com\/"},{"@type":"ListItem","position":2,"name":"Tienda","item":"https:\/\/kinamihealth.com\/shop\/"},{"@type":"ListItem","position":3,"name":"CYTOCARE 502"}]},{"@type":"WebSite","@id":"https:\/\/kinamihealth.com\/#website","url":"https:\/\/kinamihealth.com\/","name":"Kinami Health","description":"","publisher":{"@id":"https:\/\/kinamihealth.com\/#organization"},"potentialAction":[{"@type":"SearchAction","target":{"@type":"EntryPoint","urlTemplate":"https:\/\/kinamihealth.com\/?s={search_term_string}"},"query-input":{"@type":"PropertyValueSpecification","valueRequired":true,"valueName":"search_term_string"}}],"inLanguage":"es"},{"@type":"Organization","@id":"https:\/\/kinamihealth.com\/#organization","name":"Kinami Health","url":"https:\/\/kinamihealth.com\/","logo":{"@type":"ImageObject","inLanguage":"es","@id":"https:\/\/kinamihealth.com\/#\/schema\/logo\/image\/","url":"https:\/\/kinamihealth.com\/wp-content\/uploads\/2025\/01\/KH_logo_black_2-1.png","contentUrl":"https:\/\/kinamihealth.com\/wp-content\/uploads\/2025\/01\/KH_logo_black_2-1.png","width":339,"height":34,"caption":"Kinami Health"},"image":{"@id":"https:\/\/kinamihealth.com\/#\/schema\/logo\/image\/"}}]}},"_links":{"self":[{"href":"https:\/\/kinamihealth.com\/es\/wp-json\/wp\/v2\/product\/106628","targetHints":{"allow":["GET"]}}],"collection":[{"href":"https:\/\/kinamihealth.com\/es\/wp-json\/wp\/v2\/product"}],"about":[{"href":"https:\/\/kinamihealth.com\/es\/wp-json\/wp\/v2\/types\/product"}],"replies":[{"embeddable":true,"href":"https:\/\/kinamihealth.com\/es\/wp-json\/wp\/v2\/comments?post=106628"}],"version-history":[{"count":0,"href":"https:\/\/kinamihealth.com\/es\/wp-json\/wp\/v2\/product\/106628\/revisions"}],"wp:featuredmedia":[{"embeddable":true,"href":"https:\/\/kinamihealth.com\/es\/wp-json\/wp\/v2\/media\/106632"}],"wp:attachment":[{"href":"https:\/\/kinamihealth.com\/es\/wp-json\/wp\/v2\/media?parent=106628"}],"wp:term":[{"taxonomy":"product_brand","embeddable":true,"href":"https:\/\/kinamihealth.com\/es\/wp-json\/wp\/v2\/product_brand?post=106628"},{"taxonomy":"product_cat","embeddable":true,"href":"https:\/\/kinamihealth.com\/es\/wp-json\/wp\/v2\/product_cat?post=106628"},{"taxonomy":"product_tag","embeddable":true,"href":"https:\/\/kinamihealth.com\/es\/wp-json\/wp\/v2\/product_tag?post=106628"}],"curies":[{"name":"wp","href":"https:\/\/api.w.org\/{rel}","templated":true}]}}