{"id":106518,"date":"2025-02-15T16:53:59","date_gmt":"2025-02-15T16:53:59","guid":{"rendered":"https:\/\/kinamihealth.com\/product\/peptidos-bcn-capillum\/"},"modified":"2026-01-22T11:31:17","modified_gmt":"2026-01-22T11:31:17","slug":"peptidos-bcn-capillum","status":"publish","type":"product","link":"https:\/\/kinamihealth.com\/es\/producto\/peptidos-bcn-capillum\/","title":{"rendered":"BCN CAPILLUM PEPTIDES"},"content":{"rendered":"<p>BCN Capillum Peptides es una f\u00f3rmula est\u00e9ril que combina tres potentes activos para el abordaje de la alopecia hormonal (androgen\u00e9tica) o aquella causada por otros factores internos o externos como carencias nutricionales y estr\u00e9s. Se trata de un tratamiento capilar con efecto rejuvenecedor, ideal como complemento a otras terapias m\u00e9dico-est\u00e9ticas para esta condici\u00f3n.<\/p>\n","protected":false},"excerpt":{"rendered":"<p>BCN Capillum Peptides es una f\u00f3rmula est\u00e9ril que combina tres potentes activos para el abordaje de la alopecia hormonal (androgen\u00e9tica) o aquella causada por otros factores internos o externos como carencias nutricionales y estr\u00e9s. Se trata de un tratamiento capilar con efecto rejuvenecedor, ideal como complemento a otras terapias m\u00e9dico-est\u00e9ticas para esta condici\u00f3n.<\/p>\n","protected":false},"featured_media":106519,"comment_status":"closed","ping_status":"closed","template":"","meta":{"_acf_changed":false,"inline_featured_image":false},"product_brand":[1202],"product_cat":[1450,2971],"product_tag":[1209],"class_list":{"0":"post-106518","1":"product","2":"type-product","3":"status-publish","4":"has-post-thumbnail","6":"product_brand-bcn","7":"product_cat-inyecciones-de-mesoterapia","8":"product_cat-peptidos-senal-para-la-piel","9":"product_tag-dispositivos-medicos","11":"first","12":"instock","13":"taxable","14":"shipping-taxable","15":"purchasable","16":"product-type-simple","17":"add-to-wishlist-before_image"},"acf":[],"yoast_head":"<!-- This site is optimized with the Yoast SEO plugin v27.1.1 - https:\/\/yoast.com\/product\/yoast-seo-wordpress\/ -->\n<title>Comprar BCN CAPILLUM PEPTIDES online | Tienda online | Kinami Health<\/title>\n<meta name=\"description\" content=\"BCN CAPILLUM PEPTIDES contribuye a los tratamientos profesionales de revitalizaci\u00f3n capilar con un complejo pept\u00eddico espec\u00edfico destinado a mejorar la funci\u00f3n del cuero cabelludo y los fol\u00edculos.\" \/>\n<meta name=\"robots\" content=\"index, follow, max-snippet:-1, max-image-preview:large, max-video-preview:-1\" \/>\n<link rel=\"canonical\" href=\"https:\/\/kinamihealth.com\/es\/wp-json\/wp\/v2\/product\/106518\" \/>\n<meta property=\"og:locale\" content=\"es_ES\" \/>\n<meta property=\"og:type\" content=\"article\" \/>\n<meta property=\"og:title\" content=\"Comprar BCN CAPILLUM PEPTIDES online | Tienda online | Kinami Health\" \/>\n<meta property=\"og:description\" content=\"BCN CAPILLUM PEPTIDES contribuye a los tratamientos profesionales de revitalizaci\u00f3n capilar con un complejo pept\u00eddico espec\u00edfico destinado a mejorar la funci\u00f3n del cuero cabelludo y los fol\u00edculos.\" \/>\n<meta property=\"og:url\" content=\"https:\/\/kinamihealth.com\/es\/producto\/peptidos-bcn-capillum\/\" \/>\n<meta property=\"og:site_name\" content=\"Kinami Health\" \/>\n<meta property=\"article:modified_time\" content=\"2026-01-22T11:31:17+00:00\" \/>\n<meta property=\"og:image\" content=\"https:\/\/kinamihealth.com\/wp-content\/uploads\/2025\/02\/BCN-CAPILLUM-PEPTIDES-01.webp\" \/>\n\t<meta property=\"og:image:width\" content=\"800\" \/>\n\t<meta property=\"og:image:height\" content=\"800\" \/>\n\t<meta property=\"og:image:type\" content=\"image\/webp\" \/>\n<meta name=\"twitter:card\" content=\"summary_large_image\" \/>\n<meta name=\"twitter:label1\" content=\"Tiempo de lectura\" \/>\n\t<meta name=\"twitter:data1\" content=\"1 minuto\" \/>\n<!-- \/ Yoast SEO plugin. -->","yoast_head_json":{"title":"Comprar BCN CAPILLUM PEPTIDES online | Tienda online | Kinami Health","description":"BCN CAPILLUM PEPTIDES contribuye a los tratamientos profesionales de revitalizaci\u00f3n capilar con un complejo pept\u00eddico espec\u00edfico destinado a mejorar la funci\u00f3n del cuero cabelludo y los fol\u00edculos.","robots":{"index":"index","follow":"follow","max-snippet":"max-snippet:-1","max-image-preview":"max-image-preview:large","max-video-preview":"max-video-preview:-1"},"canonical":"https:\/\/kinamihealth.com\/es\/wp-json\/wp\/v2\/product\/106518","og_locale":"es_ES","og_type":"article","og_title":"Comprar BCN CAPILLUM PEPTIDES online | Tienda online | Kinami Health","og_description":"BCN CAPILLUM PEPTIDES contribuye a los tratamientos profesionales de revitalizaci\u00f3n capilar con un complejo pept\u00eddico espec\u00edfico destinado a mejorar la funci\u00f3n del cuero cabelludo y los fol\u00edculos.","og_url":"https:\/\/kinamihealth.com\/es\/producto\/peptidos-bcn-capillum\/","og_site_name":"Kinami Health","article_modified_time":"2026-01-22T11:31:17+00:00","og_image":[{"width":800,"height":800,"url":"https:\/\/kinamihealth.com\/wp-content\/uploads\/2025\/02\/BCN-CAPILLUM-PEPTIDES-01.webp","type":"image\/webp"}],"twitter_card":"summary_large_image","twitter_misc":{"Tiempo de lectura":"1 minuto"},"schema":{"@context":"https:\/\/schema.org","@graph":[{"@type":"WebPage","@id":"https:\/\/kinamihealth.com\/es\/producto\/peptidos-bcn-capillum\/","url":"https:\/\/kinamihealth.com\/es\/producto\/peptidos-bcn-capillum\/","name":"Comprar BCN CAPILLUM PEPTIDES online | Tienda online | Kinami Health","isPartOf":{"@id":"https:\/\/kinamihealth.com\/#website"},"primaryImageOfPage":{"@id":"https:\/\/kinamihealth.com\/es\/producto\/peptidos-bcn-capillum\/#primaryimage"},"image":{"@id":"https:\/\/kinamihealth.com\/es\/producto\/peptidos-bcn-capillum\/#primaryimage"},"thumbnailUrl":"https:\/\/kinamihealth.com\/wp-content\/uploads\/2025\/02\/BCN-CAPILLUM-PEPTIDES-01.webp","datePublished":"2025-02-15T16:53:59+00:00","dateModified":"2026-01-22T11:31:17+00:00","description":"BCN CAPILLUM PEPTIDES contribuye a los tratamientos profesionales de revitalizaci\u00f3n capilar con un complejo pept\u00eddico espec\u00edfico destinado a mejorar la funci\u00f3n del cuero cabelludo y los fol\u00edculos.","breadcrumb":{"@id":"https:\/\/kinamihealth.com\/es\/producto\/peptidos-bcn-capillum\/#breadcrumb"},"inLanguage":"es","potentialAction":[{"@type":"ReadAction","target":["https:\/\/kinamihealth.com\/es\/producto\/peptidos-bcn-capillum\/"]}]},{"@type":"ImageObject","inLanguage":"es","@id":"https:\/\/kinamihealth.com\/es\/producto\/peptidos-bcn-capillum\/#primaryimage","url":"https:\/\/kinamihealth.com\/wp-content\/uploads\/2025\/02\/BCN-CAPILLUM-PEPTIDES-01.webp","contentUrl":"https:\/\/kinamihealth.com\/wp-content\/uploads\/2025\/02\/BCN-CAPILLUM-PEPTIDES-01.webp","width":800,"height":800},{"@type":"BreadcrumbList","@id":"https:\/\/kinamihealth.com\/es\/producto\/peptidos-bcn-capillum\/#breadcrumb","itemListElement":[{"@type":"ListItem","position":1,"name":"P\u00e1gina de inicio","item":"https:\/\/kinamihealth.com\/"},{"@type":"ListItem","position":2,"name":"Tienda","item":"https:\/\/kinamihealth.com\/shop\/"},{"@type":"ListItem","position":3,"name":"BCN CAPILLUM PEPTIDES"}]},{"@type":"WebSite","@id":"https:\/\/kinamihealth.com\/#website","url":"https:\/\/kinamihealth.com\/","name":"Kinami Health","description":"","publisher":{"@id":"https:\/\/kinamihealth.com\/#organization"},"potentialAction":[{"@type":"SearchAction","target":{"@type":"EntryPoint","urlTemplate":"https:\/\/kinamihealth.com\/?s={search_term_string}"},"query-input":{"@type":"PropertyValueSpecification","valueRequired":true,"valueName":"search_term_string"}}],"inLanguage":"es"},{"@type":"Organization","@id":"https:\/\/kinamihealth.com\/#organization","name":"Kinami Health","url":"https:\/\/kinamihealth.com\/","logo":{"@type":"ImageObject","inLanguage":"es","@id":"https:\/\/kinamihealth.com\/#\/schema\/logo\/image\/","url":"https:\/\/kinamihealth.com\/wp-content\/uploads\/2025\/01\/KH_logo_black_2-1.png","contentUrl":"https:\/\/kinamihealth.com\/wp-content\/uploads\/2025\/01\/KH_logo_black_2-1.png","width":339,"height":34,"caption":"Kinami Health"},"image":{"@id":"https:\/\/kinamihealth.com\/#\/schema\/logo\/image\/"}}]}},"_links":{"self":[{"href":"https:\/\/kinamihealth.com\/es\/wp-json\/wp\/v2\/product\/106518","targetHints":{"allow":["GET"]}}],"collection":[{"href":"https:\/\/kinamihealth.com\/es\/wp-json\/wp\/v2\/product"}],"about":[{"href":"https:\/\/kinamihealth.com\/es\/wp-json\/wp\/v2\/types\/product"}],"replies":[{"embeddable":true,"href":"https:\/\/kinamihealth.com\/es\/wp-json\/wp\/v2\/comments?post=106518"}],"version-history":[{"count":0,"href":"https:\/\/kinamihealth.com\/es\/wp-json\/wp\/v2\/product\/106518\/revisions"}],"wp:featuredmedia":[{"embeddable":true,"href":"https:\/\/kinamihealth.com\/es\/wp-json\/wp\/v2\/media\/106519"}],"wp:attachment":[{"href":"https:\/\/kinamihealth.com\/es\/wp-json\/wp\/v2\/media?parent=106518"}],"wp:term":[{"taxonomy":"product_brand","embeddable":true,"href":"https:\/\/kinamihealth.com\/es\/wp-json\/wp\/v2\/product_brand?post=106518"},{"taxonomy":"product_cat","embeddable":true,"href":"https:\/\/kinamihealth.com\/es\/wp-json\/wp\/v2\/product_cat?post=106518"},{"taxonomy":"product_tag","embeddable":true,"href":"https:\/\/kinamihealth.com\/es\/wp-json\/wp\/v2\/product_tag?post=106518"}],"curies":[{"name":"wp","href":"https:\/\/api.w.org\/{rel}","templated":true}]}}