{"id":106417,"date":"2025-02-15T16:53:54","date_gmt":"2025-02-15T16:53:54","guid":{"rendered":"https:\/\/kinamihealth.com\/product\/bcn-adipo\/"},"modified":"2026-01-22T11:31:07","modified_gmt":"2026-01-22T11:31:07","slug":"bcn-adipo","status":"publish","type":"product","link":"https:\/\/kinamihealth.com\/es\/producto\/bcn-adipo\/","title":{"rendered":"BCN ADIPO"},"content":{"rendered":"<p style=\"font-weight: 400;\">BCN ADIPO, formulado para combatir eficazmente la celulitis y devolver la firmeza cut\u00e1nea, tambi\u00e9n es apto para tratar condiciones faciales como la papada. La L-carnitina y la cafe\u00edna act\u00faan movilizando la grasa acumulada, facilitando su liberaci\u00f3n para ser metabolizada y quemada.<\/p>\n","protected":false},"excerpt":{"rendered":"<p>BCN ADIPO, formulado para combatir eficazmente la celulitis y devolver la firmeza cut\u00e1nea, tambi\u00e9n es apto para tratar condiciones faciales como la papada. La L-carnitina y la cafe\u00edna act\u00faan movilizando la grasa acumulada, facilitando su liberaci\u00f3n para ser metabolizada y quemada.<\/p>\n","protected":false},"featured_media":106418,"comment_status":"closed","ping_status":"closed","template":"","meta":{"_acf_changed":false,"inline_featured_image":false},"product_brand":[1202],"product_cat":[1450],"product_tag":[1209],"class_list":{"0":"post-106417","1":"product","2":"type-product","3":"status-publish","4":"has-post-thumbnail","6":"product_brand-bcn","7":"product_cat-inyecciones-de-mesoterapia","8":"product_tag-dispositivos-medicos","10":"first","11":"instock","12":"taxable","13":"shipping-taxable","14":"purchasable","15":"product-type-simple","16":"add-to-wishlist-before_image"},"acf":[],"yoast_head":"<!-- This site is optimized with the Yoast SEO plugin v27.1.1 - https:\/\/yoast.com\/product\/yoast-seo-wordpress\/ -->\n<title>Comprar BCN ADIPO online | Tienda online | Kinami Health<\/title>\n<meta name=\"description\" content=\"Compre BCN ADIPO online para acceder a una soluci\u00f3n de mesoterapia profesional formulada para combatir los dep\u00f3sitos de grasa localizados y mejorar los tratamientos de contorno corporal.\" \/>\n<meta name=\"robots\" content=\"index, follow, max-snippet:-1, max-image-preview:large, max-video-preview:-1\" \/>\n<link rel=\"canonical\" href=\"https:\/\/kinamihealth.com\/es\/wp-json\/wp\/v2\/product\/106417\" \/>\n<meta property=\"og:locale\" content=\"es_ES\" \/>\n<meta property=\"og:type\" content=\"article\" \/>\n<meta property=\"og:title\" content=\"Comprar BCN ADIPO online | Tienda online | Kinami Health\" \/>\n<meta property=\"og:description\" content=\"Compre BCN ADIPO online para acceder a una soluci\u00f3n de mesoterapia profesional formulada para combatir los dep\u00f3sitos de grasa localizados y mejorar los tratamientos de contorno corporal.\" \/>\n<meta property=\"og:url\" content=\"https:\/\/kinamihealth.com\/es\/producto\/bcn-adipo\/\" \/>\n<meta property=\"og:site_name\" content=\"Kinami Health\" \/>\n<meta property=\"article:modified_time\" content=\"2026-01-22T11:31:07+00:00\" \/>\n<meta property=\"og:image\" content=\"https:\/\/kinamihealth.com\/wp-content\/uploads\/2025\/02\/BCN-ADIPO-01.webp\" \/>\n\t<meta property=\"og:image:width\" content=\"800\" \/>\n\t<meta property=\"og:image:height\" content=\"800\" \/>\n\t<meta property=\"og:image:type\" content=\"image\/webp\" \/>\n<meta name=\"twitter:card\" content=\"summary_large_image\" \/>\n<meta name=\"twitter:label1\" content=\"Tiempo de lectura\" \/>\n\t<meta name=\"twitter:data1\" content=\"1 minuto\" \/>\n<!-- \/ Yoast SEO plugin. -->","yoast_head_json":{"title":"Comprar BCN ADIPO online | Tienda online | Kinami Health","description":"Compre BCN ADIPO online para acceder a una soluci\u00f3n de mesoterapia profesional formulada para combatir los dep\u00f3sitos de grasa localizados y mejorar los tratamientos de contorno corporal.","robots":{"index":"index","follow":"follow","max-snippet":"max-snippet:-1","max-image-preview":"max-image-preview:large","max-video-preview":"max-video-preview:-1"},"canonical":"https:\/\/kinamihealth.com\/es\/wp-json\/wp\/v2\/product\/106417","og_locale":"es_ES","og_type":"article","og_title":"Comprar BCN ADIPO online | Tienda online | Kinami Health","og_description":"Compre BCN ADIPO online para acceder a una soluci\u00f3n de mesoterapia profesional formulada para combatir los dep\u00f3sitos de grasa localizados y mejorar los tratamientos de contorno corporal.","og_url":"https:\/\/kinamihealth.com\/es\/producto\/bcn-adipo\/","og_site_name":"Kinami Health","article_modified_time":"2026-01-22T11:31:07+00:00","og_image":[{"width":800,"height":800,"url":"https:\/\/kinamihealth.com\/wp-content\/uploads\/2025\/02\/BCN-ADIPO-01.webp","type":"image\/webp"}],"twitter_card":"summary_large_image","twitter_misc":{"Tiempo de lectura":"1 minuto"},"schema":{"@context":"https:\/\/schema.org","@graph":[{"@type":"WebPage","@id":"https:\/\/kinamihealth.com\/es\/producto\/bcn-adipo\/","url":"https:\/\/kinamihealth.com\/es\/producto\/bcn-adipo\/","name":"Comprar BCN ADIPO online | Tienda online | Kinami Health","isPartOf":{"@id":"https:\/\/kinamihealth.com\/#website"},"primaryImageOfPage":{"@id":"https:\/\/kinamihealth.com\/es\/producto\/bcn-adipo\/#primaryimage"},"image":{"@id":"https:\/\/kinamihealth.com\/es\/producto\/bcn-adipo\/#primaryimage"},"thumbnailUrl":"https:\/\/kinamihealth.com\/wp-content\/uploads\/2025\/02\/BCN-ADIPO-01.webp","datePublished":"2025-02-15T16:53:54+00:00","dateModified":"2026-01-22T11:31:07+00:00","description":"Compre BCN ADIPO online para acceder a una soluci\u00f3n de mesoterapia profesional formulada para combatir los dep\u00f3sitos de grasa localizados y mejorar los tratamientos de contorno corporal.","breadcrumb":{"@id":"https:\/\/kinamihealth.com\/es\/producto\/bcn-adipo\/#breadcrumb"},"inLanguage":"es","potentialAction":[{"@type":"ReadAction","target":["https:\/\/kinamihealth.com\/es\/producto\/bcn-adipo\/"]}]},{"@type":"ImageObject","inLanguage":"es","@id":"https:\/\/kinamihealth.com\/es\/producto\/bcn-adipo\/#primaryimage","url":"https:\/\/kinamihealth.com\/wp-content\/uploads\/2025\/02\/BCN-ADIPO-01.webp","contentUrl":"https:\/\/kinamihealth.com\/wp-content\/uploads\/2025\/02\/BCN-ADIPO-01.webp","width":800,"height":800},{"@type":"BreadcrumbList","@id":"https:\/\/kinamihealth.com\/es\/producto\/bcn-adipo\/#breadcrumb","itemListElement":[{"@type":"ListItem","position":1,"name":"P\u00e1gina de inicio","item":"https:\/\/kinamihealth.com\/"},{"@type":"ListItem","position":2,"name":"Tienda","item":"https:\/\/kinamihealth.com\/shop\/"},{"@type":"ListItem","position":3,"name":"BCN ADIPO"}]},{"@type":"WebSite","@id":"https:\/\/kinamihealth.com\/#website","url":"https:\/\/kinamihealth.com\/","name":"Kinami Health","description":"","publisher":{"@id":"https:\/\/kinamihealth.com\/#organization"},"potentialAction":[{"@type":"SearchAction","target":{"@type":"EntryPoint","urlTemplate":"https:\/\/kinamihealth.com\/?s={search_term_string}"},"query-input":{"@type":"PropertyValueSpecification","valueRequired":true,"valueName":"search_term_string"}}],"inLanguage":"es"},{"@type":"Organization","@id":"https:\/\/kinamihealth.com\/#organization","name":"Kinami Health","url":"https:\/\/kinamihealth.com\/","logo":{"@type":"ImageObject","inLanguage":"es","@id":"https:\/\/kinamihealth.com\/#\/schema\/logo\/image\/","url":"https:\/\/kinamihealth.com\/wp-content\/uploads\/2025\/01\/KH_logo_black_2-1.png","contentUrl":"https:\/\/kinamihealth.com\/wp-content\/uploads\/2025\/01\/KH_logo_black_2-1.png","width":339,"height":34,"caption":"Kinami Health"},"image":{"@id":"https:\/\/kinamihealth.com\/#\/schema\/logo\/image\/"}}]}},"_links":{"self":[{"href":"https:\/\/kinamihealth.com\/es\/wp-json\/wp\/v2\/product\/106417","targetHints":{"allow":["GET"]}}],"collection":[{"href":"https:\/\/kinamihealth.com\/es\/wp-json\/wp\/v2\/product"}],"about":[{"href":"https:\/\/kinamihealth.com\/es\/wp-json\/wp\/v2\/types\/product"}],"replies":[{"embeddable":true,"href":"https:\/\/kinamihealth.com\/es\/wp-json\/wp\/v2\/comments?post=106417"}],"version-history":[{"count":0,"href":"https:\/\/kinamihealth.com\/es\/wp-json\/wp\/v2\/product\/106417\/revisions"}],"wp:featuredmedia":[{"embeddable":true,"href":"https:\/\/kinamihealth.com\/es\/wp-json\/wp\/v2\/media\/106418"}],"wp:attachment":[{"href":"https:\/\/kinamihealth.com\/es\/wp-json\/wp\/v2\/media?parent=106417"}],"wp:term":[{"taxonomy":"product_brand","embeddable":true,"href":"https:\/\/kinamihealth.com\/es\/wp-json\/wp\/v2\/product_brand?post=106417"},{"taxonomy":"product_cat","embeddable":true,"href":"https:\/\/kinamihealth.com\/es\/wp-json\/wp\/v2\/product_cat?post=106417"},{"taxonomy":"product_tag","embeddable":true,"href":"https:\/\/kinamihealth.com\/es\/wp-json\/wp\/v2\/product_tag?post=106417"}],"curies":[{"name":"wp","href":"https:\/\/api.w.org\/{rel}","templated":true}]}}