{"id":106296,"date":"2025-01-24T11:35:07","date_gmt":"2025-01-24T11:35:07","guid":{"rendered":"https:\/\/kinamihealth.com\/politica-de-envio\/"},"modified":"2026-01-22T13:10:27","modified_gmt":"2026-01-22T13:10:27","slug":"politica-de-envio","status":"publish","type":"page","link":"https:\/\/kinamihealth.com\/es\/politica-de-envio\/","title":{"rendered":"Pol\u00edtica de Env\u00edo"},"content":{"rendered":"\t\t<div data-elementor-type=\"wp-page\" data-elementor-id=\"106296\" class=\"elementor elementor-106296 elementor-177\" data-elementor-post-type=\"page\">\n\t\t\t\t<div class=\"elementor-element elementor-element-ca6624d e-con-full e-flex e-con e-parent\" data-id=\"ca6624d\" data-element_type=\"container\">\n\t\t\t\t<div class=\"elementor-element elementor-element-d6d5e04 elementor-widget elementor-widget-heading\" data-id=\"d6d5e04\" data-element_type=\"widget\" data-widget_type=\"heading.default\">\n\t\t\t\t<div class=\"elementor-widget-container\">\n\t\t\t\t\t<h1 class=\"elementor-heading-title elementor-size-default\">POL\u00cdTICA DE ENV\u00cdO<\/h1>\t\t\t\t<\/div>\n\t\t\t\t<\/div>\n\t\t\t\t<div class=\"elementor-element elementor-element-5e87a57 elementor-widget elementor-widget-heading\" data-id=\"5e87a57\" data-element_type=\"widget\" data-widget_type=\"heading.default\">\n\t\t\t\t<div class=\"elementor-widget-container\">\n\t\t\t\t\t<h3 class=\"elementor-heading-title elementor-size-default\">\u00bfA d\u00f3nde env\u00eda Kinami Health?<\/h3>\t\t\t\t<\/div>\n\t\t\t\t<\/div>\n\t\t\t\t<div class=\"elementor-element elementor-element-f797653 elementor-widget elementor-widget-text-editor\" data-id=\"f797653\" data-element_type=\"widget\" data-widget_type=\"text-editor.default\">\n\t\t\t\t<div class=\"elementor-widget-container\">\n\t\t\t\t\t\t\t\t\tKinami Health env\u00eda a Estados Unidos.\t\t\t\t\t\t\t\t<\/div>\n\t\t\t\t<\/div>\n\t\t\t\t<div class=\"elementor-element elementor-element-c0c404d elementor-widget elementor-widget-heading\" data-id=\"c0c404d\" data-element_type=\"widget\" data-widget_type=\"heading.default\">\n\t\t\t\t<div class=\"elementor-widget-container\">\n\t\t\t\t\t<h3 class=\"elementor-heading-title elementor-size-default\">\u00bfCu\u00e1nto cuesta el env\u00edo?<\/h3>\t\t\t\t<\/div>\n\t\t\t\t<\/div>\n\t\t\t\t<div class=\"elementor-element elementor-element-f371d18 elementor-widget elementor-widget-text-editor\" data-id=\"f371d18\" data-element_type=\"widget\" data-widget_type=\"text-editor.default\">\n\t\t\t\t<div class=\"elementor-widget-container\">\n\t\t\t\t\t\t\t\t\tEl env\u00edo es gratuito para pedidos superiores a $1000. Para pedidos inferiores a $1000, se aplicar\u00e1 una tarifa de env\u00edo de $20.\t\t\t\t\t\t\t\t<\/div>\n\t\t\t\t<\/div>\n\t\t\t\t<div class=\"elementor-element elementor-element-22e1622 elementor-widget elementor-widget-heading\" data-id=\"22e1622\" data-element_type=\"widget\" data-widget_type=\"heading.default\">\n\t\t\t\t<div class=\"elementor-widget-container\">\n\t\t\t\t\t<h3 class=\"elementor-heading-title elementor-size-default\">\u00bfQu\u00e9 empresa de transporte utiliza Kinami Health?<\/h3>\t\t\t\t<\/div>\n\t\t\t\t<\/div>\n\t\t\t\t<div class=\"elementor-element elementor-element-b19428c elementor-widget elementor-widget-text-editor\" data-id=\"b19428c\" data-element_type=\"widget\" data-widget_type=\"text-editor.default\">\n\t\t\t\t<div class=\"elementor-widget-container\">\n\t\t\t\t\t\t\t\t\t<p>Puede variar dependiendo de los servicios de env\u00edo locales disponibles. Le informaremos del n\u00famero de seguimiento y del m\u00e9todo de env\u00edo una vez que hayamos procesado su pedido. <\/p>\t\t\t\t\t\t\t\t<\/div>\n\t\t\t\t<\/div>\n\t\t\t\t<div class=\"elementor-element elementor-element-fe15c5f elementor-widget elementor-widget-heading\" data-id=\"fe15c5f\" data-element_type=\"widget\" data-widget_type=\"heading.default\">\n\t\t\t\t<div class=\"elementor-widget-container\">\n\t\t\t\t\t<h3 class=\"elementor-heading-title elementor-size-default\">\u00bfCu\u00e1ndo llegar\u00e1 mi pedido?<\/h3>\t\t\t\t<\/div>\n\t\t\t\t<\/div>\n\t\t\t\t<div class=\"elementor-element elementor-element-ac31632 elementor-widget elementor-widget-text-editor\" data-id=\"ac31632\" data-element_type=\"widget\" data-widget_type=\"text-editor.default\">\n\t\t\t\t<div class=\"elementor-widget-container\">\n\t\t\t\t\t\t\t\t\tUna vez procesado un pedido, el producto se enviar\u00e1 dentro de las 24 horas (de lunes a viernes, excepto d\u00edas festivos). La entrega en EE.UU. generalmente toma 48 horas, mientras que la entrega internacional promedia de 7 a 10 d\u00edas h\u00e1biles. El tiempo de entrega garantizado es de 14 d\u00edas. En el raro caso de que el stock no est\u00e9 disponible de inmediato, recibir\u00e1 una notificaci\u00f3n cuando se espera que se env\u00ede el pedido. Sin embargo, el tiempo de tr\u00e1nsito puede variar seg\u00fan la regi\u00f3n. Se recomienda que llame a nuestro amable servicio al cliente para tener una mejor idea de cu\u00e1nto tiempo tardar\u00e1 su pedido en llegar.\t\t\t\t\t\t\t\t<\/div>\n\t\t\t\t<\/div>\n\t\t\t\t<\/div>\n\t\t\t\t<\/div>\n\t\t","protected":false},"excerpt":{"rendered":"<p>POL\u00cdTICA DE ENV\u00cdO \u00bfA d\u00f3nde env\u00eda Kinami Health? \u00bfCu\u00e1nto cuesta el env\u00edo? \u00bfQu\u00e9 empresa de transporte utiliza Kinami Health? Puede variar dependiendo de los servicios de env\u00edo locales disponibles. Le informaremos del n\u00famero de seguimiento y del m\u00e9todo de env\u00edo una vez que hayamos procesado su pedido. \u00bfCu\u00e1ndo llegar\u00e1 mi pedido?<\/p>\n","protected":false},"author":1,"featured_media":0,"parent":0,"menu_order":0,"comment_status":"closed","ping_status":"closed","template":"elementor_header_footer","meta":{"_acf_changed":false,"inline_featured_image":false,"footnotes":""},"class_list":["post-106296","page","type-page","status-publish","hentry"],"acf":[],"yoast_head":"<!-- This site is optimized with the Yoast SEO plugin v27.3 - https:\/\/yoast.com\/product\/yoast-seo-wordpress\/ -->\n<title>Pol\u00edtica de Env\u00edo - Kinami Health<\/title>\n<meta name=\"description\" content=\"La pol\u00edtica de Env\u00edo de Kinami Health detalla las opciones de entrega, los tiempos de procesamiento, los servicios de env\u00edo internacional y las condiciones.\" \/>\n<meta name=\"robots\" content=\"index, follow, max-snippet:-1, max-image-preview:large, max-video-preview:-1\" \/>\n<link rel=\"canonical\" href=\"https:\/\/kinamihealth.com\/es\/wp-json\/wp\/v2\/pages\/106296\" \/>\n<meta property=\"og:locale\" content=\"es_ES\" \/>\n<meta property=\"og:type\" content=\"article\" \/>\n<meta property=\"og:title\" content=\"Pol\u00edtica de Env\u00edo - Kinami Health\" \/>\n<meta property=\"og:description\" content=\"La pol\u00edtica de Env\u00edo de Kinami Health detalla las opciones de entrega, los tiempos de procesamiento, los servicios de env\u00edo internacional y las condiciones.\" \/>\n<meta property=\"og:url\" content=\"https:\/\/kinamihealth.com\/shipping-policy\/\" \/>\n<meta property=\"og:site_name\" content=\"Kinami Health\" \/>\n<meta property=\"article:modified_time\" content=\"2026-01-22T13:10:27+00:00\" \/>\n<meta name=\"twitter:card\" content=\"summary_large_image\" \/>\n<meta name=\"twitter:label1\" content=\"Tiempo de lectura\" \/>\n\t<meta name=\"twitter:data1\" content=\"1 minuto\" \/>\n<!-- \/ Yoast SEO plugin. -->","yoast_head_json":{"title":"Pol\u00edtica de Env\u00edo - Kinami Health","description":"La pol\u00edtica de Env\u00edo de Kinami Health detalla las opciones de entrega, los tiempos de procesamiento, los servicios de env\u00edo internacional y las condiciones.","robots":{"index":"index","follow":"follow","max-snippet":"max-snippet:-1","max-image-preview":"max-image-preview:large","max-video-preview":"max-video-preview:-1"},"canonical":"https:\/\/kinamihealth.com\/es\/wp-json\/wp\/v2\/pages\/106296","og_locale":"es_ES","og_type":"article","og_title":"Pol\u00edtica de Env\u00edo - Kinami Health","og_description":"La pol\u00edtica de Env\u00edo de Kinami Health detalla las opciones de entrega, los tiempos de procesamiento, los servicios de env\u00edo internacional y las condiciones.","og_url":"https:\/\/kinamihealth.com\/shipping-policy\/","og_site_name":"Kinami Health","article_modified_time":"2026-01-22T13:10:27+00:00","twitter_card":"summary_large_image","twitter_misc":{"Tiempo de lectura":"1 minuto"},"schema":{"@context":"https:\/\/schema.org","@graph":[{"@type":"WebPage","@id":"https:\/\/kinamihealth.com\/shipping-policy\/","url":"https:\/\/kinamihealth.com\/shipping-policy\/","name":"Pol\u00edtica de Env\u00edo - Kinami Health","isPartOf":{"@id":"https:\/\/kinamihealth.com\/#website"},"datePublished":"2025-01-24T11:35:07+00:00","dateModified":"2026-01-22T13:10:27+00:00","description":"La pol\u00edtica de Env\u00edo de Kinami Health detalla las opciones de entrega, los tiempos de procesamiento, los servicios de env\u00edo internacional y las condiciones.","breadcrumb":{"@id":"https:\/\/kinamihealth.com\/shipping-policy\/#breadcrumb"},"inLanguage":"es","potentialAction":[{"@type":"ReadAction","target":["https:\/\/kinamihealth.com\/shipping-policy\/"]}]},{"@type":"BreadcrumbList","@id":"https:\/\/kinamihealth.com\/shipping-policy\/#breadcrumb","itemListElement":[{"@type":"ListItem","position":1,"name":"P\u00e1gina de inicio","item":"https:\/\/kinamihealth.com\/"},{"@type":"ListItem","position":2,"name":"Pol\u00edtica de Env\u00edo"}]},{"@type":"WebSite","@id":"https:\/\/kinamihealth.com\/#website","url":"https:\/\/kinamihealth.com\/","name":"Kinami Health","description":"","publisher":{"@id":"https:\/\/kinamihealth.com\/#organization"},"potentialAction":[{"@type":"SearchAction","target":{"@type":"EntryPoint","urlTemplate":"https:\/\/kinamihealth.com\/?s={search_term_string}"},"query-input":{"@type":"PropertyValueSpecification","valueRequired":true,"valueName":"search_term_string"}}],"inLanguage":"es"},{"@type":"Organization","@id":"https:\/\/kinamihealth.com\/#organization","name":"Kinami Health","url":"https:\/\/kinamihealth.com\/","logo":{"@type":"ImageObject","inLanguage":"es","@id":"https:\/\/kinamihealth.com\/#\/schema\/logo\/image\/","url":"https:\/\/kinamihealth.com\/wp-content\/uploads\/2025\/01\/KH_logo_black_2-1.png","contentUrl":"https:\/\/kinamihealth.com\/wp-content\/uploads\/2025\/01\/KH_logo_black_2-1.png","width":339,"height":34,"caption":"Kinami Health"},"image":{"@id":"https:\/\/kinamihealth.com\/#\/schema\/logo\/image\/"}}]}},"_links":{"self":[{"href":"https:\/\/kinamihealth.com\/es\/wp-json\/wp\/v2\/pages\/106296","targetHints":{"allow":["GET"]}}],"collection":[{"href":"https:\/\/kinamihealth.com\/es\/wp-json\/wp\/v2\/pages"}],"about":[{"href":"https:\/\/kinamihealth.com\/es\/wp-json\/wp\/v2\/types\/page"}],"author":[{"embeddable":true,"href":"https:\/\/kinamihealth.com\/es\/wp-json\/wp\/v2\/users\/1"}],"replies":[{"embeddable":true,"href":"https:\/\/kinamihealth.com\/es\/wp-json\/wp\/v2\/comments?post=106296"}],"version-history":[{"count":0,"href":"https:\/\/kinamihealth.com\/es\/wp-json\/wp\/v2\/pages\/106296\/revisions"}],"wp:attachment":[{"href":"https:\/\/kinamihealth.com\/es\/wp-json\/wp\/v2\/media?parent=106296"}],"curies":[{"name":"wp","href":"https:\/\/api.w.org\/{rel}","templated":true}]}}