{"id":106285,"date":"2025-03-08T19:52:41","date_gmt":"2025-03-08T19:52:41","guid":{"rendered":"https:\/\/kinamihealth.com\/politica-de-devoluciones\/"},"modified":"2025-07-08T15:10:49","modified_gmt":"2025-07-08T15:10:49","slug":"politica-de-devoluciones","status":"publish","type":"page","link":"https:\/\/kinamihealth.com\/es\/politica-de-devoluciones\/","title":{"rendered":"Pol\u00edtica de Devoluciones"},"content":{"rendered":"\t\t<div data-elementor-type=\"wp-page\" data-elementor-id=\"106285\" class=\"elementor elementor-106285 elementor-102763\" data-elementor-post-type=\"page\">\n\t\t\t\t<div class=\"elementor-element elementor-element-aedcf2e e-con-full e-flex e-con e-parent\" data-id=\"aedcf2e\" data-element_type=\"container\">\n\t\t<div class=\"elementor-element elementor-element-0d116e2 e-con-full e-flex e-con e-child\" data-id=\"0d116e2\" data-element_type=\"container\">\n\t\t\t\t<div class=\"elementor-element elementor-element-a9b986f elementor-widget elementor-widget-heading\" data-id=\"a9b986f\" data-element_type=\"widget\" data-widget_type=\"heading.default\">\n\t\t\t\t<div class=\"elementor-widget-container\">\n\t\t\t\t\t<h1 class=\"elementor-heading-title elementor-size-default\">POL\u00cdTICA DE DEVOLUCIONES<\/h1>\t\t\t\t<\/div>\n\t\t\t\t<\/div>\n\t\t\t\t<div class=\"elementor-element elementor-element-33cd301 elementor-widget elementor-widget-text-editor\" data-id=\"33cd301\" data-element_type=\"widget\" data-widget_type=\"text-editor.default\">\n\t\t\t\t<div class=\"elementor-widget-container\">\n\t\t\t\t\t\t\t\t\t<p>Si se presenta alguna complicaci\u00f3n con su pedido, por favor, contacte a Kinami Health de inmediato. Nuestros representantes de servicio al cliente examinar\u00e1n si su pedido califica para un reembolso. Los reembolsos quedan a discreci\u00f3n de Kinami Health y no garantizamos ofrecer un reembolso en todas las circunstancias.  <\/p>\t\t\t\t\t\t\t\t<\/div>\n\t\t\t\t<\/div>\n\t\t\t\t<div class=\"elementor-element elementor-element-6ea1ece elementor-widget elementor-widget-heading\" data-id=\"6ea1ece\" data-element_type=\"widget\" data-widget_type=\"heading.default\">\n\t\t\t\t<div class=\"elementor-widget-container\">\n\t\t\t\t\t<h3 class=\"elementor-heading-title elementor-size-default\">\u00bfQu\u00e9 pedidos pueden calificar para un reembolso?<\/h3>\t\t\t\t<\/div>\n\t\t\t\t<\/div>\n\t\t\t\t<div class=\"elementor-element elementor-element-5059d05 elementor-widget elementor-widget-text-editor\" data-id=\"5059d05\" data-element_type=\"widget\" data-widget_type=\"text-editor.default\">\n\t\t\t\t<div class=\"elementor-widget-container\">\n\t\t\t\t\t\t\t\t\t<p>En el improbable caso de que no est\u00e9 satisfecho con el pedido recibido, por favor, contacte a Kinami Health. Solo emitiremos reembolsos en las siguientes circunstancias: si la representaci\u00f3n del embalaje del producto fue inexacta al momento de su pedido; si recibi\u00f3 un paquete da\u00f1ado; si se demuestra que el producto est\u00e1 inactivo al usuario inicialmente. En cualquiera de estos casos, deber\u00e1 conservar los productos hasta que reciba m\u00e1s instrucciones de Kinami Health. Si determinamos que debe recibir un reembolso, podr\u00e1 solicitar que le enviemos un reemplazo o bien recibir un reembolso completo o un cr\u00e9dito en su cuenta por ese art\u00edculo.   <\/p>\t\t\t\t\t\t\t\t<\/div>\n\t\t\t\t<\/div>\n\t\t\t\t<div class=\"elementor-element elementor-element-0ba7f55 elementor-widget elementor-widget-heading\" data-id=\"0ba7f55\" data-element_type=\"widget\" data-widget_type=\"heading.default\">\n\t\t\t\t<div class=\"elementor-widget-container\">\n\t\t\t\t\t<h3 class=\"elementor-heading-title elementor-size-default\">\u00bfQu\u00e9 informaci\u00f3n necesito para devolver un producto?<\/h3>\t\t\t\t<\/div>\n\t\t\t\t<\/div>\n\t\t\t\t<div class=\"elementor-element elementor-element-a599cca elementor-widget elementor-widget-text-editor\" data-id=\"a599cca\" data-element_type=\"widget\" data-widget_type=\"text-editor.default\">\n\t\t\t\t<div class=\"elementor-widget-container\">\n\t\t\t\t\t\t\t\t\t<p>Kinami Health no acepta devoluciones de productos. No dude en contactar a nuestro servicio de atenci\u00f3n al cliente para obtener orientaci\u00f3n. Si ha utilizado el dispositivo m\u00e9dico y lo ha encontrado defectuoso durante el proceso, conserve la informaci\u00f3n del n\u00famero de lote y la fecha de caducidad en el expediente del cliente.  <\/p>\t\t\t\t\t\t\t\t<\/div>\n\t\t\t\t<\/div>\n\t\t\t\t<div class=\"elementor-element elementor-element-4a00179 elementor-widget elementor-widget-heading\" data-id=\"4a00179\" data-element_type=\"widget\" data-widget_type=\"heading.default\">\n\t\t\t\t<div class=\"elementor-widget-container\">\n\t\t\t\t\t<h3 class=\"elementor-heading-title elementor-size-default\">\u00bfC\u00f3mo obtengo un reembolso?<\/h3>\t\t\t\t<\/div>\n\t\t\t\t<\/div>\n\t\t\t\t<div class=\"elementor-element elementor-element-ebc5921 elementor-widget elementor-widget-text-editor\" data-id=\"ebc5921\" data-element_type=\"widget\" data-widget_type=\"text-editor.default\">\n\t\t\t\t<div class=\"elementor-widget-container\">\n\t\t\t\t\t\t\t\t\t<p>Dependiendo de las circunstancias, usted podr\u00e1 recibir un reembolso siguiendo nuestras instrucciones. Puede solicitar que le enviemos un reemplazo a la misma direcci\u00f3n de env\u00edo del pedido original, o bien recibir un reembolso completo o un cr\u00e9dito en su cuenta por ese art\u00edculo. Este cr\u00e9dito en cuenta es aplicable a cualquier compra futura del mismo producto o de uno diferente.  <\/p><p>Por favor, tenga en cuenta que cualquier defecto o problema con el producto debe ser reportado dentro de los 6 meses siguientes a la fecha de compra para poder optar a un reemplazo o reembolso. No reemplazaremos ni reembolsaremos ning\u00fan art\u00edculo con problemas que nos sean comunicados despu\u00e9s de este per\u00edodo. <\/p>\t\t\t\t\t\t\t\t<\/div>\n\t\t\t\t<\/div>\n\t\t\t\t<div class=\"elementor-element elementor-element-997b036 elementor-widget elementor-widget-heading\" data-id=\"997b036\" data-element_type=\"widget\" data-widget_type=\"heading.default\">\n\t\t\t\t<div class=\"elementor-widget-container\">\n\t\t\t\t\t<h3 class=\"elementor-heading-title elementor-size-default\">\u00bfSiempre calificar\u00e9 para un reembolso?<\/h3>\t\t\t\t<\/div>\n\t\t\t\t<\/div>\n\t\t\t\t<div class=\"elementor-element elementor-element-c7f4c64 elementor-widget elementor-widget-text-editor\" data-id=\"c7f4c64\" data-element_type=\"widget\" data-widget_type=\"text-editor.default\">\n\t\t\t\t<div class=\"elementor-widget-container\">\n\t\t\t\t\t\t\t\t\t<p>Kinami Health ofrece reembolsos a nuestra propia discreci\u00f3n. No podemos garantizar que ofreceremos un reembolso en todas las circunstancias. Sin embargo, hacemos todo lo posible para asegurarnos de que est\u00e9 satisfecho con su pedido de suministros m\u00e9dicos. Si tiene alguna pregunta o inquietud sobre esta pol\u00edtica, cont\u00e1ctenos para obtener m\u00e1s informaci\u00f3n.   <\/p>\t\t\t\t\t\t\t\t<\/div>\n\t\t\t\t<\/div>\n\t\t\t\t<\/div>\n\t\t\t\t<\/div>\n\t\t\t\t<\/div>\n\t\t","protected":false},"excerpt":{"rendered":"<p>POL\u00cdTICA DE DEVOLUCIONES Si se presenta alguna complicaci\u00f3n con su pedido, por favor, contacte a Kinami Health de inmediato. Nuestros representantes de servicio al cliente examinar\u00e1n si su pedido califica para un reembolso. Los reembolsos quedan a discreci\u00f3n de Kinami Health y no garantizamos ofrecer un reembolso en todas las circunstancias. \u00bfQu\u00e9 pedidos pueden calificar [&hellip;]<\/p>\n","protected":false},"author":1,"featured_media":0,"parent":0,"menu_order":0,"comment_status":"closed","ping_status":"closed","template":"elementor_header_footer","meta":{"_acf_changed":false,"inline_featured_image":false,"footnotes":""},"class_list":["post-106285","page","type-page","status-publish","hentry"],"acf":[],"yoast_head":"<!-- This site is optimized with the Yoast SEO plugin v27.3 - https:\/\/yoast.com\/product\/yoast-seo-wordpress\/ -->\n<title>Pol\u00edtica de Devoluciones - Kinami Health<\/title>\n<meta name=\"description\" content=\"La Pol\u00edtica de Devoluciones de Kinami Health detalla claramente las condiciones y procedimientos para la devolucion o el cambio de productos adquiridos en l\u00ednea.\" \/>\n<meta name=\"robots\" content=\"index, follow, max-snippet:-1, max-image-preview:large, max-video-preview:-1\" \/>\n<link rel=\"canonical\" href=\"https:\/\/kinamihealth.com\/es\/wp-json\/wp\/v2\/pages\/106285\" \/>\n<meta property=\"og:locale\" content=\"es_ES\" \/>\n<meta property=\"og:type\" content=\"article\" \/>\n<meta property=\"og:title\" content=\"Pol\u00edtica de Devoluciones - Kinami Health\" \/>\n<meta property=\"og:description\" content=\"La Pol\u00edtica de Devoluciones de Kinami Health detalla claramente las condiciones y procedimientos para la devolucion o el cambio de productos adquiridos en l\u00ednea.\" \/>\n<meta property=\"og:url\" content=\"https:\/\/kinamihealth.com\/return-policy\/\" \/>\n<meta property=\"og:site_name\" content=\"Kinami Health\" \/>\n<meta property=\"article:modified_time\" content=\"2025-07-08T15:10:49+00:00\" \/>\n<meta name=\"twitter:card\" content=\"summary_large_image\" \/>\n<meta name=\"twitter:label1\" content=\"Tiempo de lectura\" \/>\n\t<meta name=\"twitter:data1\" content=\"2 minutos\" \/>\n<!-- \/ Yoast SEO plugin. -->","yoast_head_json":{"title":"Pol\u00edtica de Devoluciones - Kinami Health","description":"La Pol\u00edtica de Devoluciones de Kinami Health detalla claramente las condiciones y procedimientos para la devolucion o el cambio de productos adquiridos en l\u00ednea.","robots":{"index":"index","follow":"follow","max-snippet":"max-snippet:-1","max-image-preview":"max-image-preview:large","max-video-preview":"max-video-preview:-1"},"canonical":"https:\/\/kinamihealth.com\/es\/wp-json\/wp\/v2\/pages\/106285","og_locale":"es_ES","og_type":"article","og_title":"Pol\u00edtica de Devoluciones - Kinami Health","og_description":"La Pol\u00edtica de Devoluciones de Kinami Health detalla claramente las condiciones y procedimientos para la devolucion o el cambio de productos adquiridos en l\u00ednea.","og_url":"https:\/\/kinamihealth.com\/return-policy\/","og_site_name":"Kinami Health","article_modified_time":"2025-07-08T15:10:49+00:00","twitter_card":"summary_large_image","twitter_misc":{"Tiempo de lectura":"2 minutos"},"schema":{"@context":"https:\/\/schema.org","@graph":[{"@type":"WebPage","@id":"https:\/\/kinamihealth.com\/return-policy\/","url":"https:\/\/kinamihealth.com\/return-policy\/","name":"Pol\u00edtica de Devoluciones - Kinami Health","isPartOf":{"@id":"https:\/\/kinamihealth.com\/#website"},"datePublished":"2025-03-08T19:52:41+00:00","dateModified":"2025-07-08T15:10:49+00:00","description":"La Pol\u00edtica de Devoluciones de Kinami Health detalla claramente las condiciones y procedimientos para la devolucion o el cambio de productos adquiridos en l\u00ednea.","breadcrumb":{"@id":"https:\/\/kinamihealth.com\/return-policy\/#breadcrumb"},"inLanguage":"es","potentialAction":[{"@type":"ReadAction","target":["https:\/\/kinamihealth.com\/return-policy\/"]}]},{"@type":"BreadcrumbList","@id":"https:\/\/kinamihealth.com\/return-policy\/#breadcrumb","itemListElement":[{"@type":"ListItem","position":1,"name":"P\u00e1gina de inicio","item":"https:\/\/kinamihealth.com\/"},{"@type":"ListItem","position":2,"name":"Pol\u00edtica de Devoluciones"}]},{"@type":"WebSite","@id":"https:\/\/kinamihealth.com\/#website","url":"https:\/\/kinamihealth.com\/","name":"Kinami Health","description":"","publisher":{"@id":"https:\/\/kinamihealth.com\/#organization"},"potentialAction":[{"@type":"SearchAction","target":{"@type":"EntryPoint","urlTemplate":"https:\/\/kinamihealth.com\/?s={search_term_string}"},"query-input":{"@type":"PropertyValueSpecification","valueRequired":true,"valueName":"search_term_string"}}],"inLanguage":"es"},{"@type":"Organization","@id":"https:\/\/kinamihealth.com\/#organization","name":"Kinami Health","url":"https:\/\/kinamihealth.com\/","logo":{"@type":"ImageObject","inLanguage":"es","@id":"https:\/\/kinamihealth.com\/#\/schema\/logo\/image\/","url":"https:\/\/kinamihealth.com\/wp-content\/uploads\/2025\/01\/KH_logo_black_2-1.png","contentUrl":"https:\/\/kinamihealth.com\/wp-content\/uploads\/2025\/01\/KH_logo_black_2-1.png","width":339,"height":34,"caption":"Kinami Health"},"image":{"@id":"https:\/\/kinamihealth.com\/#\/schema\/logo\/image\/"}}]}},"_links":{"self":[{"href":"https:\/\/kinamihealth.com\/es\/wp-json\/wp\/v2\/pages\/106285","targetHints":{"allow":["GET"]}}],"collection":[{"href":"https:\/\/kinamihealth.com\/es\/wp-json\/wp\/v2\/pages"}],"about":[{"href":"https:\/\/kinamihealth.com\/es\/wp-json\/wp\/v2\/types\/page"}],"author":[{"embeddable":true,"href":"https:\/\/kinamihealth.com\/es\/wp-json\/wp\/v2\/users\/1"}],"replies":[{"embeddable":true,"href":"https:\/\/kinamihealth.com\/es\/wp-json\/wp\/v2\/comments?post=106285"}],"version-history":[{"count":0,"href":"https:\/\/kinamihealth.com\/es\/wp-json\/wp\/v2\/pages\/106285\/revisions"}],"wp:attachment":[{"href":"https:\/\/kinamihealth.com\/es\/wp-json\/wp\/v2\/media?parent=106285"}],"curies":[{"name":"wp","href":"https:\/\/api.w.org\/{rel}","templated":true}]}}