{"id":106240,"date":"2025-01-24T11:33:03","date_gmt":"2025-01-24T11:33:03","guid":{"rendered":"https:\/\/kinamihealth.com\/politica-de-privacidad\/"},"modified":"2026-04-03T08:11:46","modified_gmt":"2026-04-03T08:11:46","slug":"politica-de-privacidad","status":"publish","type":"page","link":"https:\/\/kinamihealth.com\/es\/politica-de-privacidad\/","title":{"rendered":"Pol\u00edtica de privacidad"},"content":{"rendered":"\t\t<div data-elementor-type=\"wp-page\" data-elementor-id=\"106240\" class=\"elementor elementor-106240 elementor-170\" data-elementor-post-type=\"page\">\n\t\t\t\t<div class=\"elementor-element elementor-element-ba0f681 e-con-full e-flex e-con e-parent\" data-id=\"ba0f681\" data-element_type=\"container\">\n\t\t\t\t<div class=\"elementor-element elementor-element-59b233e elementor-widget elementor-widget-heading\" data-id=\"59b233e\" data-element_type=\"widget\" data-widget_type=\"heading.default\">\n\t\t\t\t<div class=\"elementor-widget-container\">\n\t\t\t\t\t<h1 class=\"elementor-heading-title elementor-size-default\">Pol\u00edtica de privacidad<\/h1>\t\t\t\t<\/div>\n\t\t\t\t<\/div>\n\t\t\t\t<div class=\"elementor-element elementor-element-5619c36 elementor-widget elementor-widget-text-editor\" data-id=\"5619c36\" data-element_type=\"widget\" data-widget_type=\"text-editor.default\">\n\t\t\t\t<div class=\"elementor-widget-container\">\n\t\t\t\t\t\t\t\t\t<p><strong><b>Fecha de entrada en vigor:<\/b><\/strong> 11 de marzo de 2025<\/p><p>En <a href=\"https:\/\/kinamihealth.com\/es\/\">Kinami Health<\/a> nos comprometemos a proteger y respetar la privacidad de nuestros clientes. Esta Pol\u00edtica de privacidad describe c\u00f3mo recopilamos, usamos y protegemos su informaci\u00f3n personal cuando visita nuestro sitio web y utiliza nuestros servicios. <\/p>\t\t\t\t\t\t\t\t<\/div>\n\t\t\t\t<\/div>\n\t\t\t\t<div class=\"elementor-element elementor-element-3446acd elementor-widget elementor-widget-heading\" data-id=\"3446acd\" data-element_type=\"widget\" data-widget_type=\"heading.default\">\n\t\t\t\t<div class=\"elementor-widget-container\">\n\t\t\t\t\t<h3 class=\"elementor-heading-title elementor-size-default\">1. Informaci\u00f3n que recopilamos<\/h3>\t\t\t\t<\/div>\n\t\t\t\t<\/div>\n\t\t\t\t<div class=\"elementor-element elementor-element-7df8990 elementor-widget elementor-widget-text-editor\" data-id=\"7df8990\" data-element_type=\"widget\" data-widget_type=\"text-editor.default\">\n\t\t\t\t<div class=\"elementor-widget-container\">\n\t\t\t\t\t\t\t\t\t<p>Recopilamos la informaci\u00f3n personal que nos facilitas directamente cuando creas una cuenta, realizas un pedido o utilizas nuestros servicios. Esta informaci\u00f3n puede incluir tu nombre, direcci\u00f3n, direcci\u00f3n de correo electr\u00f3nico, n\u00famero de tel\u00e9fono e informaci\u00f3n de pago. Tu n\u00famero de tel\u00e9fono m\u00f3vil, si lo facilitas, se utilizar\u00e1 exclusivamente para facilitar las comunicaciones relacionadas con tus pedidos y la actividad de tu cuenta en <a href=\"\/\">http:\/\/kinamihealth.com<\/a>, como confirmaciones de pedidos y actualizaciones sobre el env\u00edo. La informaci\u00f3n del m\u00f3vil no se compartir\u00e1 con terceros ni con empresas afiliadas con fines de marketing o promocionales. Puede darse de baja de las comunicaciones por SMS en cualquier momento respondiendo \u00abSTOP\u00bb a cualquier mensaje o poni\u00e9ndose en contacto con nosotros en <a href=\"mailto:info@kinamihealth.com\">info@kinamihealth.com<\/a> o en el +<a href=\"tel:+447488890499.\">44 7488 890499.<\/a><\/p>\t\t\t\t\t\t\t\t<\/div>\n\t\t\t\t<\/div>\n\t\t\t\t<div class=\"elementor-element elementor-element-36ac52f elementor-widget elementor-widget-heading\" data-id=\"36ac52f\" data-element_type=\"widget\" data-widget_type=\"heading.default\">\n\t\t\t\t<div class=\"elementor-widget-container\">\n\t\t\t\t\t<h3 class=\"elementor-heading-title elementor-size-default\">2. Uso de la informaci\u00f3n personal<\/h3>\t\t\t\t<\/div>\n\t\t\t\t<\/div>\n\t\t\t\t<div class=\"elementor-element elementor-element-1e6b3aa elementor-widget elementor-widget-text-editor\" data-id=\"1e6b3aa\" data-element_type=\"widget\" data-widget_type=\"text-editor.default\">\n\t\t\t\t<div class=\"elementor-widget-container\">\n\t\t\t\t\t\t\t\t\t<p>La informaci\u00f3n que recopilamos se utiliza para procesar sus pedidos, proporcionar servicio al cliente y mejorar nuestro sitio web. Tambi\u00e9n podemos enviarle correos electr\u00f3nicos promocionales o boletines informativos si opta por recibir dichas comunicaciones. Puede optar por no recibir estas comunicaciones en cualquier momento siguiendo las instrucciones para cancelar la suscripci\u00f3n en nuestros correos electr\u00f3nicos.  <\/p>\t\t\t\t\t\t\t\t<\/div>\n\t\t\t\t<\/div>\n\t\t\t\t<div class=\"elementor-element elementor-element-ef48ffb elementor-widget elementor-widget-heading\" data-id=\"ef48ffb\" data-element_type=\"widget\" data-widget_type=\"heading.default\">\n\t\t\t\t<div class=\"elementor-widget-container\">\n\t\t\t\t\t<h3 class=\"elementor-heading-title elementor-size-default\">3. Intercambio de informaci\u00f3n<\/h3>\t\t\t\t<\/div>\n\t\t\t\t<\/div>\n\t\t\t\t<div class=\"elementor-element elementor-element-74a517e elementor-widget elementor-widget-text-editor\" data-id=\"74a517e\" data-element_type=\"widget\" data-widget_type=\"text-editor.default\">\n\t\t\t\t<div class=\"elementor-widget-container\">\n\t\t\t\t\t\t\t\t\t<p>Podemos compartir su informaci\u00f3n personal con proveedores de servicios externos que nos ayudan a cumplir con los pedidos, procesar pagos y entregarle productos o servicios. Estos terceros est\u00e1n obligados a proteger su informaci\u00f3n personal y solo se les permite usarla para los fines para los que fue proporcionada. <\/p><p>En determinadas circunstancias, es posible que se nos solicite que divulguemos informaci\u00f3n personal para cumplir con obligaciones legales, resolver disputas o hacer cumplir acuerdos.<\/p>\t\t\t\t\t\t\t\t<\/div>\n\t\t\t\t<\/div>\n\t\t\t\t<div class=\"elementor-element elementor-element-3fe0f7c elementor-widget elementor-widget-heading\" data-id=\"3fe0f7c\" data-element_type=\"widget\" data-widget_type=\"heading.default\">\n\t\t\t\t<div class=\"elementor-widget-container\">\n\t\t\t\t\t<h3 class=\"elementor-heading-title elementor-size-default\">4. Cookies y tecnolog\u00edas de seguimiento<\/h3>\t\t\t\t<\/div>\n\t\t\t\t<\/div>\n\t\t\t\t<div class=\"elementor-element elementor-element-9adc1d9 elementor-widget elementor-widget-text-editor\" data-id=\"9adc1d9\" data-element_type=\"widget\" data-widget_type=\"text-editor.default\">\n\t\t\t\t<div class=\"elementor-widget-container\">\n\t\t\t\t\t\t\t\t\t<p>Utilizamos cookies y tecnolog\u00edas de seguimiento similares para mejorar su experiencia en nuestro sitio web. Las cookies son peque\u00f1os archivos almacenados en su dispositivo que nos permiten recordar sus preferencias y mejorar sus interacciones con nuestro sitio web. Puede administrar o deshabilitar las cookies a trav\u00e9s de la configuraci\u00f3n de su navegador, pero hacerlo puede limitar su capacidad para usar algunas funciones de nuestro sitio web.  <\/p>\t\t\t\t\t\t\t\t<\/div>\n\t\t\t\t<\/div>\n\t\t\t\t<div class=\"elementor-element elementor-element-a285763 elementor-widget elementor-widget-heading\" data-id=\"a285763\" data-element_type=\"widget\" data-widget_type=\"heading.default\">\n\t\t\t\t<div class=\"elementor-widget-container\">\n\t\t\t\t\t<h3 class=\"elementor-heading-title elementor-size-default\">5. Seguridad<\/h3>\t\t\t\t<\/div>\n\t\t\t\t<\/div>\n\t\t\t\t<div class=\"elementor-element elementor-element-40f0825 elementor-widget elementor-widget-text-editor\" data-id=\"40f0825\" data-element_type=\"widget\" data-widget_type=\"text-editor.default\">\n\t\t\t\t<div class=\"elementor-widget-container\">\n\t\t\t\t\t\t\t\t\t<p>Tomamos las medidas de seguridad adecuadas para proteger su informaci\u00f3n personal contra el acceso no autorizado, la alteraci\u00f3n o la destrucci\u00f3n. En el caso de las transacciones confidenciales, como los pagos con tarjeta de cr\u00e9dito, utilizamos tecnolog\u00edas de encriptaci\u00f3n (como SSL) para proteger sus datos. <\/p>\t\t\t\t\t\t\t\t<\/div>\n\t\t\t\t<\/div>\n\t\t\t\t<div class=\"elementor-element elementor-element-0e8d4b3 elementor-widget elementor-widget-heading\" data-id=\"0e8d4b3\" data-element_type=\"widget\" data-widget_type=\"heading.default\">\n\t\t\t\t<div class=\"elementor-widget-container\">\n\t\t\t\t\t<h3 class=\"elementor-heading-title elementor-size-default\">6. Acceso y actualizaci\u00f3n de su informaci\u00f3n<\/h3>\t\t\t\t<\/div>\n\t\t\t\t<\/div>\n\t\t\t\t<div class=\"elementor-element elementor-element-774f0bb elementor-widget elementor-widget-text-editor\" data-id=\"774f0bb\" data-element_type=\"widget\" data-widget_type=\"text-editor.default\">\n\t\t\t\t<div class=\"elementor-widget-container\">\n\t\t\t\t\t\t\t\t\t<p>Tiene derecho a acceder, corregir o eliminar su informaci\u00f3n personal almacenada con nosotros. Puede actualizar su informaci\u00f3n directamente en la configuraci\u00f3n de su cuenta o ponerse en contacto con nosotros en sales@kinamihealth.com para obtener ayuda. <\/p>\t\t\t\t\t\t\t\t<\/div>\n\t\t\t\t<\/div>\n\t\t\t\t<div class=\"elementor-element elementor-element-a5fb829 elementor-widget elementor-widget-heading\" data-id=\"a5fb829\" data-element_type=\"widget\" data-widget_type=\"heading.default\">\n\t\t\t\t<div class=\"elementor-widget-container\">\n\t\t\t\t\t<h3 class=\"elementor-heading-title elementor-size-default\">7. Retenci\u00f3n de informaci\u00f3n personal<\/h3>\t\t\t\t<\/div>\n\t\t\t\t<\/div>\n\t\t\t\t<div class=\"elementor-element elementor-element-85b7798 elementor-widget elementor-widget-text-editor\" data-id=\"85b7798\" data-element_type=\"widget\" data-widget_type=\"text-editor.default\">\n\t\t\t\t<div class=\"elementor-widget-container\">\n\t\t\t\t\t\t\t\t\t<p>Conservamos su informaci\u00f3n personal solo durante el tiempo que sea necesario para cumplir con los fines para los que se recopil\u00f3, o seg\u00fan lo exija la ley. Una vez que sus datos ya no sean necesarios, los eliminaremos o anonimizaremos de forma segura. <\/p>\t\t\t\t\t\t\t\t<\/div>\n\t\t\t\t<\/div>\n\t\t\t\t<div class=\"elementor-element elementor-element-8bfda40 elementor-widget elementor-widget-heading\" data-id=\"8bfda40\" data-element_type=\"widget\" data-widget_type=\"heading.default\">\n\t\t\t\t<div class=\"elementor-widget-container\">\n\t\t\t\t\t<h3 class=\"elementor-heading-title elementor-size-default\">8. Enlaces de terceros<\/h3>\t\t\t\t<\/div>\n\t\t\t\t<\/div>\n\t\t\t\t<div class=\"elementor-element elementor-element-77586f4 elementor-widget elementor-widget-text-editor\" data-id=\"77586f4\" data-element_type=\"widget\" data-widget_type=\"text-editor.default\">\n\t\t\t\t<div class=\"elementor-widget-container\">\n\t\t\t\t\t\t\t\t\t<p>Nuestro sitio web puede contener enlaces a otros sitios web que no est\u00e1n controlados por nosotros. No somos responsables de las pr\u00e1cticas de privacidad ni del contenido de estos sitios web externos. Le recomendamos que revise las pol\u00edticas de privacidad de cualquier sitio de terceros que visite.  <\/p>\t\t\t\t\t\t\t\t<\/div>\n\t\t\t\t<\/div>\n\t\t\t\t<div class=\"elementor-element elementor-element-bf4eec8 elementor-widget elementor-widget-heading\" data-id=\"bf4eec8\" data-element_type=\"widget\" data-widget_type=\"heading.default\">\n\t\t\t\t<div class=\"elementor-widget-container\">\n\t\t\t\t\t<h3 class=\"elementor-heading-title elementor-size-default\">9. Privacidad de los ni\u00f1os<\/h3>\t\t\t\t<\/div>\n\t\t\t\t<\/div>\n\t\t\t\t<div class=\"elementor-element elementor-element-6731623 elementor-widget elementor-widget-text-editor\" data-id=\"6731623\" data-element_type=\"widget\" data-widget_type=\"text-editor.default\">\n\t\t\t\t<div class=\"elementor-widget-container\">\n\t\t\t\t\t\t\t\t\t<p>Nuestros servicios no est\u00e1n destinados a personas menores de 18 a\u00f1os. No recopilamos ni solicitamos a sabiendas informaci\u00f3n personal de ni\u00f1os menores de 18 a\u00f1os. Si nos enteramos de que hemos recopilado informaci\u00f3n personal de un ni\u00f1o menor de 18 a\u00f1os, tomaremos medidas para eliminar esa informaci\u00f3n.  <\/p>\t\t\t\t\t\t\t\t<\/div>\n\t\t\t\t<\/div>\n\t\t\t\t<div class=\"elementor-element elementor-element-3e61a26 elementor-widget elementor-widget-heading\" data-id=\"3e61a26\" data-element_type=\"widget\" data-widget_type=\"heading.default\">\n\t\t\t\t<div class=\"elementor-widget-container\">\n\t\t\t\t\t<h3 class=\"elementor-heading-title elementor-size-default\">10. Cambios a esta Pol\u00edtica de privacidad<\/h3>\t\t\t\t<\/div>\n\t\t\t\t<\/div>\n\t\t\t\t<div class=\"elementor-element elementor-element-812633f elementor-widget elementor-widget-text-editor\" data-id=\"812633f\" data-element_type=\"widget\" data-widget_type=\"text-editor.default\">\n\t\t\t\t<div class=\"elementor-widget-container\">\n\t\t\t\t\t\t\t\t\t<p>Es posible que actualicemos esta Pol\u00edtica de privacidad de vez en cuando. Si realizamos cambios significativos, se lo notificaremos por correo electr\u00f3nico o mediante la publicaci\u00f3n de un aviso en nuestro sitio web. Revise esta Pol\u00edtica de privacidad peri\u00f3dicamente para obtener actualizaciones.  <\/p>\t\t\t\t\t\t\t\t<\/div>\n\t\t\t\t<\/div>\n\t\t\t\t<div class=\"elementor-element elementor-element-bad29ff elementor-widget elementor-widget-heading\" data-id=\"bad29ff\" data-element_type=\"widget\" data-widget_type=\"heading.default\">\n\t\t\t\t<div class=\"elementor-widget-container\">\n\t\t\t\t\t<h3 class=\"elementor-heading-title elementor-size-default\">11. P\u00f3ngase en contacto con nosotros<\/h3>\t\t\t\t<\/div>\n\t\t\t\t<\/div>\n\t\t\t\t<div class=\"elementor-element elementor-element-ab7dbf2 elementor-widget elementor-widget-text-editor\" data-id=\"ab7dbf2\" data-element_type=\"widget\" data-widget_type=\"text-editor.default\">\n\t\t\t\t<div class=\"elementor-widget-container\">\n\t\t\t\t\t\t\t\t\tSi tiene alguna pregunta o inquietud sobre esta Pol\u00edtica de privacidad o la forma en que manejamos su informaci\u00f3n personal, cont\u00e1ctenos en <a href=\"mailto:info@kinamihealth.com\">info@kinamihealth.com<\/a> o <a href=\"tel:+18883488961\">+1 (888) 348-8961<\/a>.\t\t\t\t\t\t\t\t<\/div>\n\t\t\t\t<\/div>\n\t\t\t\t<\/div>\n\t\t\t\t<\/div>\n\t\t","protected":false},"excerpt":{"rendered":"<p>Pol\u00edtica de privacidad Fecha de entrada en vigor: 11 de marzo de 2025 En Kinami Health nos comprometemos a proteger y respetar la privacidad de nuestros clientes. Esta Pol\u00edtica de privacidad describe c\u00f3mo recopilamos, usamos y protegemos su informaci\u00f3n personal cuando visita nuestro sitio web y utiliza nuestros servicios. 1. Informaci\u00f3n que recopilamos Recopilamos la [&hellip;]<\/p>\n","protected":false},"author":1,"featured_media":0,"parent":0,"menu_order":0,"comment_status":"closed","ping_status":"closed","template":"elementor_header_footer","meta":{"_acf_changed":false,"inline_featured_image":false,"footnotes":""},"class_list":["post-106240","page","type-page","status-publish","hentry"],"acf":[],"yoast_head":"<!-- This site is optimized with the Yoast SEO plugin v27.3 - https:\/\/yoast.com\/product\/yoast-seo-wordpress\/ -->\n<title>Pol\u00edtica de privacidad - Kinami Health<\/title>\n<meta name=\"description\" content=\"La Pol\u00edtica de privacidad explica c\u00f3mo Kinami Health administra, protege y utiliza su informaci\u00f3n personal de manera responsable.\" \/>\n<meta name=\"robots\" content=\"index, follow, max-snippet:-1, max-image-preview:large, max-video-preview:-1\" \/>\n<link rel=\"canonical\" href=\"https:\/\/kinamihealth.com\/es\/wp-json\/wp\/v2\/pages\/106240\" \/>\n<meta property=\"og:locale\" content=\"es_ES\" \/>\n<meta property=\"og:type\" content=\"article\" \/>\n<meta property=\"og:title\" content=\"Pol\u00edtica de privacidad - Kinami Health\" \/>\n<meta property=\"og:description\" content=\"La Pol\u00edtica de privacidad explica c\u00f3mo Kinami Health administra, protege y utiliza su informaci\u00f3n personal de manera responsable.\" \/>\n<meta property=\"og:url\" content=\"https:\/\/kinamihealth.com\/privacy-policy\/\" \/>\n<meta property=\"og:site_name\" content=\"Kinami Health\" \/>\n<meta property=\"article:modified_time\" content=\"2026-04-03T08:11:46+00:00\" \/>\n<meta name=\"twitter:card\" content=\"summary_large_image\" \/>\n<meta name=\"twitter:label1\" content=\"Tiempo de lectura\" \/>\n\t<meta name=\"twitter:data1\" content=\"4 minutos\" \/>\n<!-- \/ Yoast SEO plugin. -->","yoast_head_json":{"title":"Pol\u00edtica de privacidad - Kinami Health","description":"La Pol\u00edtica de privacidad explica c\u00f3mo Kinami Health administra, protege y utiliza su informaci\u00f3n personal de manera responsable.","robots":{"index":"index","follow":"follow","max-snippet":"max-snippet:-1","max-image-preview":"max-image-preview:large","max-video-preview":"max-video-preview:-1"},"canonical":"https:\/\/kinamihealth.com\/es\/wp-json\/wp\/v2\/pages\/106240","og_locale":"es_ES","og_type":"article","og_title":"Pol\u00edtica de privacidad - Kinami Health","og_description":"La Pol\u00edtica de privacidad explica c\u00f3mo Kinami Health administra, protege y utiliza su informaci\u00f3n personal de manera responsable.","og_url":"https:\/\/kinamihealth.com\/privacy-policy\/","og_site_name":"Kinami Health","article_modified_time":"2026-04-03T08:11:46+00:00","twitter_card":"summary_large_image","twitter_misc":{"Tiempo de lectura":"4 minutos"},"schema":{"@context":"https:\/\/schema.org","@graph":[{"@type":"WebPage","@id":"https:\/\/kinamihealth.com\/privacy-policy\/","url":"https:\/\/kinamihealth.com\/privacy-policy\/","name":"Pol\u00edtica de privacidad - Kinami Health","isPartOf":{"@id":"https:\/\/kinamihealth.com\/#website"},"datePublished":"2025-01-24T11:33:03+00:00","dateModified":"2026-04-03T08:11:46+00:00","description":"La Pol\u00edtica de privacidad explica c\u00f3mo Kinami Health administra, protege y utiliza su informaci\u00f3n personal de manera responsable.","breadcrumb":{"@id":"https:\/\/kinamihealth.com\/privacy-policy\/#breadcrumb"},"inLanguage":"es","potentialAction":[{"@type":"ReadAction","target":["https:\/\/kinamihealth.com\/privacy-policy\/"]}]},{"@type":"BreadcrumbList","@id":"https:\/\/kinamihealth.com\/privacy-policy\/#breadcrumb","itemListElement":[{"@type":"ListItem","position":1,"name":"P\u00e1gina de inicio","item":"https:\/\/kinamihealth.com\/"},{"@type":"ListItem","position":2,"name":"Pol\u00edtica de privacidad"}]},{"@type":"WebSite","@id":"https:\/\/kinamihealth.com\/#website","url":"https:\/\/kinamihealth.com\/","name":"Kinami Health","description":"","publisher":{"@id":"https:\/\/kinamihealth.com\/#organization"},"potentialAction":[{"@type":"SearchAction","target":{"@type":"EntryPoint","urlTemplate":"https:\/\/kinamihealth.com\/?s={search_term_string}"},"query-input":{"@type":"PropertyValueSpecification","valueRequired":true,"valueName":"search_term_string"}}],"inLanguage":"es"},{"@type":"Organization","@id":"https:\/\/kinamihealth.com\/#organization","name":"Kinami Health","url":"https:\/\/kinamihealth.com\/","logo":{"@type":"ImageObject","inLanguage":"es","@id":"https:\/\/kinamihealth.com\/#\/schema\/logo\/image\/","url":"https:\/\/kinamihealth.com\/wp-content\/uploads\/2025\/01\/KH_logo_black_2-1.png","contentUrl":"https:\/\/kinamihealth.com\/wp-content\/uploads\/2025\/01\/KH_logo_black_2-1.png","width":339,"height":34,"caption":"Kinami Health"},"image":{"@id":"https:\/\/kinamihealth.com\/#\/schema\/logo\/image\/"}}]}},"_links":{"self":[{"href":"https:\/\/kinamihealth.com\/es\/wp-json\/wp\/v2\/pages\/106240","targetHints":{"allow":["GET"]}}],"collection":[{"href":"https:\/\/kinamihealth.com\/es\/wp-json\/wp\/v2\/pages"}],"about":[{"href":"https:\/\/kinamihealth.com\/es\/wp-json\/wp\/v2\/types\/page"}],"author":[{"embeddable":true,"href":"https:\/\/kinamihealth.com\/es\/wp-json\/wp\/v2\/users\/1"}],"replies":[{"embeddable":true,"href":"https:\/\/kinamihealth.com\/es\/wp-json\/wp\/v2\/comments?post=106240"}],"version-history":[{"count":5,"href":"https:\/\/kinamihealth.com\/es\/wp-json\/wp\/v2\/pages\/106240\/revisions"}],"predecessor-version":[{"id":134464,"href":"https:\/\/kinamihealth.com\/es\/wp-json\/wp\/v2\/pages\/106240\/revisions\/134464"}],"wp:attachment":[{"href":"https:\/\/kinamihealth.com\/es\/wp-json\/wp\/v2\/media?parent=106240"}],"curies":[{"name":"wp","href":"https:\/\/api.w.org\/{rel}","templated":true}]}}