{"id":114908,"date":"2025-09-25T13:41:29","date_gmt":"2025-09-25T13:41:29","guid":{"rendered":"https:\/\/kinamihealth.com\/?post_type=product&#038;p=114908"},"modified":"2025-09-25T13:41:49","modified_gmt":"2025-09-25T13:41:49","slug":"saypha-volume-with-lidocaine","status":"publish","type":"product","link":"https:\/\/kinamihealth.com\/de\/produkt\/saypha-volume-with-lidocaine\/","title":{"rendered":"SAYPHA\u00ae VOLUME mit Lidocain"},"content":{"rendered":"<p><span style=\"font-weight: 400;\">Saypha Volume mit Lidocain ist ein hochwertiger dermaler Filler zur Wiederherstellung des Gesichtsvolumens und zur Gl\u00e4ttung tiefer Falten, der Patienten, die eine Gesichtsformung w\u00fcnschen, eine nicht-chirurgische L\u00f6sung bietet. Er enth\u00e4lt vernetzte Hyalurons\u00e4ure, die Feuchtigkeit speichert und der Haut mehr Volumen verleiht, sowie Lidocain f\u00fcr ein angenehmeres Behandlungserlebnis. Dieser Filler ist ideal zur Behandlung tiefer Falten und Nasolabialfalten sowie zur Verbesserung von Gesichtsz\u00fcgen wie Wangen, Kinn und Kieferpartie. Entdecken und kaufen Sie das<\/span><b><i> komplette Sortiment an hochwertigen Saypha-Fillern<\/i><\/b><span style=\"font-weight: 400;\">, darunter Saypha Volume, Saypha Rich und mehr, exklusiv bei Kinami Health \u2013 f\u00fcr vertrauensw\u00fcrdige, authentische Produkte und au\u00dfergew\u00f6hnliche Ergebnisse.<\/span><\/p>\n","protected":false},"excerpt":{"rendered":"<p>Saypha Volume mit Lidocain ist ein hochwertiger dermaler Filler zur Wiederherstellung des Gesichtsvolumens und zur Gl\u00e4ttung tiefer Falten, der Patienten, die eine Gesichtsformung w\u00fcnschen, eine nicht-chirurgische L\u00f6sung bietet. Er enth\u00e4lt vernetzte Hyalurons\u00e4ure, die Feuchtigkeit speichert und der Haut mehr Volumen verleiht, sowie Lidocain f\u00fcr ein angenehmeres Behandlungserlebnis. Dieser Filler ist ideal zur Behandlung tiefer Falten [&hellip;]<\/p>\n","protected":false},"featured_media":101519,"comment_status":"closed","ping_status":"closed","template":"","meta":{"_acf_changed":false,"inline_featured_image":false},"product_brand":[2163],"product_cat":[2023],"product_tag":[2144],"class_list":{"0":"post-114908","1":"product","2":"type-product","3":"status-publish","4":"has-post-thumbnail","6":"product_brand-saypha","7":"product_cat-filler","8":"product_tag-medical-devices-de","10":"first","11":"instock","12":"taxable","13":"shipping-taxable","14":"purchasable","15":"product-type-simple","16":"add-to-wishlist-before_image"},"acf":[],"yoast_head":"<!-- This site is optimized with the Yoast SEO plugin v27.5 - https:\/\/yoast.com\/product\/yoast-seo-wordpress\/ -->\n<title>Saypha Volume mit Lidocain online kaufen \u2013 bei Kinami Health<\/title>\n<meta name=\"description\" content=\"Saypha Volume mit Lidocain \u2013 hochwertiger Hyalurons\u00e4ure-Filler zur effektiven Faltenbehandlung und Volumenauff\u00fcllung mit zus\u00e4tzlichem Lidocain f\u00fcr maximalen Anwendungskomfort.\" \/>\n<meta name=\"robots\" content=\"index, follow, max-snippet:-1, max-image-preview:large, max-video-preview:-1\" \/>\n<link rel=\"canonical\" href=\"https:\/\/kinamihealth.com\/de\/wp-json\/wp\/v2\/product\/114908\" \/>\n<meta property=\"og:locale\" content=\"de_DE\" \/>\n<meta property=\"og:type\" content=\"article\" \/>\n<meta property=\"og:title\" content=\"Saypha Volume mit Lidocain online kaufen \u2013 bei Kinami Health\" \/>\n<meta property=\"og:description\" content=\"Saypha Volume mit Lidocain \u2013 hochwertiger Hyalurons\u00e4ure-Filler zur effektiven Faltenbehandlung und Volumenauff\u00fcllung mit zus\u00e4tzlichem Lidocain f\u00fcr maximalen Anwendungskomfort.\" \/>\n<meta property=\"og:url\" content=\"https:\/\/kinamihealth.com\/de\/product\/saypha-volume-with-lidocaine\/\" \/>\n<meta property=\"og:site_name\" content=\"Kinami Health\" \/>\n<meta property=\"article:modified_time\" content=\"2025-09-25T13:41:49+00:00\" \/>\n<meta property=\"og:image\" content=\"https:\/\/kinamihealth.com\/wp-content\/uploads\/2025\/02\/CHROMA-SAYPHA-VOLUME-LIDOCAINE-01.jpg\" \/>\n\t<meta property=\"og:image:width\" content=\"800\" \/>\n\t<meta property=\"og:image:height\" content=\"800\" \/>\n\t<meta property=\"og:image:type\" content=\"image\/jpeg\" \/>\n<meta name=\"twitter:card\" content=\"summary_large_image\" \/>\n<meta name=\"twitter:label1\" content=\"Gesch\u00e4tzte Lesezeit\" \/>\n\t<meta name=\"twitter:data1\" content=\"1\u00a0Minute\" \/>\n<!-- \/ Yoast SEO plugin. -->","yoast_head_json":{"title":"Saypha Volume mit Lidocain online kaufen \u2013 bei Kinami Health","description":"Saypha Volume mit Lidocain \u2013 hochwertiger Hyalurons\u00e4ure-Filler zur effektiven Faltenbehandlung und Volumenauff\u00fcllung mit zus\u00e4tzlichem Lidocain f\u00fcr maximalen Anwendungskomfort.","robots":{"index":"index","follow":"follow","max-snippet":"max-snippet:-1","max-image-preview":"max-image-preview:large","max-video-preview":"max-video-preview:-1"},"canonical":"https:\/\/kinamihealth.com\/de\/wp-json\/wp\/v2\/product\/114908","og_locale":"de_DE","og_type":"article","og_title":"Saypha Volume mit Lidocain online kaufen \u2013 bei Kinami Health","og_description":"Saypha Volume mit Lidocain \u2013 hochwertiger Hyalurons\u00e4ure-Filler zur effektiven Faltenbehandlung und Volumenauff\u00fcllung mit zus\u00e4tzlichem Lidocain f\u00fcr maximalen Anwendungskomfort.","og_url":"https:\/\/kinamihealth.com\/de\/product\/saypha-volume-with-lidocaine\/","og_site_name":"Kinami Health","article_modified_time":"2025-09-25T13:41:49+00:00","og_image":[{"width":800,"height":800,"url":"https:\/\/kinamihealth.com\/wp-content\/uploads\/2025\/02\/CHROMA-SAYPHA-VOLUME-LIDOCAINE-01.jpg","type":"image\/jpeg"}],"twitter_card":"summary_large_image","twitter_misc":{"Gesch\u00e4tzte Lesezeit":"1\u00a0Minute"},"schema":{"@context":"https:\/\/schema.org","@graph":[{"@type":"WebPage","@id":"https:\/\/kinamihealth.com\/de\/product\/saypha-volume-with-lidocaine\/","url":"https:\/\/kinamihealth.com\/de\/product\/saypha-volume-with-lidocaine\/","name":"Saypha Volume mit Lidocain online kaufen \u2013 bei Kinami Health","isPartOf":{"@id":"https:\/\/kinamihealth.com\/#website"},"primaryImageOfPage":{"@id":"https:\/\/kinamihealth.com\/de\/product\/saypha-volume-with-lidocaine\/#primaryimage"},"image":{"@id":"https:\/\/kinamihealth.com\/de\/product\/saypha-volume-with-lidocaine\/#primaryimage"},"thumbnailUrl":"https:\/\/kinamihealth.com\/wp-content\/uploads\/2025\/02\/CHROMA-SAYPHA-VOLUME-LIDOCAINE-01.jpg","datePublished":"2025-09-25T13:41:29+00:00","dateModified":"2025-09-25T13:41:49+00:00","description":"Saypha Volume mit Lidocain \u2013 hochwertiger Hyalurons\u00e4ure-Filler zur effektiven Faltenbehandlung und Volumenauff\u00fcllung mit zus\u00e4tzlichem Lidocain f\u00fcr maximalen Anwendungskomfort.","breadcrumb":{"@id":"https:\/\/kinamihealth.com\/de\/product\/saypha-volume-with-lidocaine\/#breadcrumb"},"inLanguage":"de","potentialAction":[{"@type":"ReadAction","target":["https:\/\/kinamihealth.com\/de\/product\/saypha-volume-with-lidocaine\/"]}]},{"@type":"ImageObject","inLanguage":"de","@id":"https:\/\/kinamihealth.com\/de\/product\/saypha-volume-with-lidocaine\/#primaryimage","url":"https:\/\/kinamihealth.com\/wp-content\/uploads\/2025\/02\/CHROMA-SAYPHA-VOLUME-LIDOCAINE-01.jpg","contentUrl":"https:\/\/kinamihealth.com\/wp-content\/uploads\/2025\/02\/CHROMA-SAYPHA-VOLUME-LIDOCAINE-01.jpg","width":800,"height":800},{"@type":"BreadcrumbList","@id":"https:\/\/kinamihealth.com\/de\/product\/saypha-volume-with-lidocaine\/#breadcrumb","itemListElement":[{"@type":"ListItem","position":1,"name":"Startseite","item":"https:\/\/kinamihealth.com\/"},{"@type":"ListItem","position":2,"name":"Shop","item":"https:\/\/kinamihealth.com\/shop\/"},{"@type":"ListItem","position":3,"name":"SAYPHA\u00ae VOLUME mit Lidocain"}]},{"@type":"WebSite","@id":"https:\/\/kinamihealth.com\/#website","url":"https:\/\/kinamihealth.com\/","name":"Kinami Health","description":"","publisher":{"@id":"https:\/\/kinamihealth.com\/#organization"},"potentialAction":[{"@type":"SearchAction","target":{"@type":"EntryPoint","urlTemplate":"https:\/\/kinamihealth.com\/?s={search_term_string}"},"query-input":{"@type":"PropertyValueSpecification","valueRequired":true,"valueName":"search_term_string"}}],"inLanguage":"de"},{"@type":"Organization","@id":"https:\/\/kinamihealth.com\/#organization","name":"Kinami Health","url":"https:\/\/kinamihealth.com\/","logo":{"@type":"ImageObject","inLanguage":"de","@id":"https:\/\/kinamihealth.com\/#\/schema\/logo\/image\/","url":"https:\/\/kinamihealth.com\/wp-content\/uploads\/2025\/01\/KH_logo_black_2-1.png","contentUrl":"https:\/\/kinamihealth.com\/wp-content\/uploads\/2025\/01\/KH_logo_black_2-1.png","width":339,"height":34,"caption":"Kinami Health"},"image":{"@id":"https:\/\/kinamihealth.com\/#\/schema\/logo\/image\/"}}]}},"_links":{"self":[{"href":"https:\/\/kinamihealth.com\/de\/wp-json\/wp\/v2\/product\/114908","targetHints":{"allow":["GET"]}}],"collection":[{"href":"https:\/\/kinamihealth.com\/de\/wp-json\/wp\/v2\/product"}],"about":[{"href":"https:\/\/kinamihealth.com\/de\/wp-json\/wp\/v2\/types\/product"}],"replies":[{"embeddable":true,"href":"https:\/\/kinamihealth.com\/de\/wp-json\/wp\/v2\/comments?post=114908"}],"version-history":[{"count":0,"href":"https:\/\/kinamihealth.com\/de\/wp-json\/wp\/v2\/product\/114908\/revisions"}],"wp:featuredmedia":[{"embeddable":true,"href":"https:\/\/kinamihealth.com\/de\/wp-json\/wp\/v2\/media\/101519"}],"wp:attachment":[{"href":"https:\/\/kinamihealth.com\/de\/wp-json\/wp\/v2\/media?parent=114908"}],"wp:term":[{"taxonomy":"product_brand","embeddable":true,"href":"https:\/\/kinamihealth.com\/de\/wp-json\/wp\/v2\/product_brand?post=114908"},{"taxonomy":"product_cat","embeddable":true,"href":"https:\/\/kinamihealth.com\/de\/wp-json\/wp\/v2\/product_cat?post=114908"},{"taxonomy":"product_tag","embeddable":true,"href":"https:\/\/kinamihealth.com\/de\/wp-json\/wp\/v2\/product_tag?post=114908"}],"curies":[{"name":"wp","href":"https:\/\/api.w.org\/{rel}","templated":true}]}}