{"id":114907,"date":"2025-09-25T13:39:43","date_gmt":"2025-09-25T13:39:43","guid":{"rendered":"https:\/\/kinamihealth.com\/?post_type=product&#038;p=114907"},"modified":"2025-09-25T13:40:08","modified_gmt":"2025-09-25T13:40:08","slug":"saypha-volume-plus-with-lidocaine","status":"publish","type":"product","link":"https:\/\/kinamihealth.com\/de\/produkt\/saypha-volume-plus-with-lidocaine\/","title":{"rendered":"SAYPHA\u00ae VOLUME PLUS mit Lidocain"},"content":{"rendered":"<p><span style=\"font-weight: 400;\">Saypha Volume Plus mit Lidocain ist ein <\/span><b>Hyalurons\u00e4urebasierter dermaler Filler<\/b><span style=\"font-weight: 400;\">, der f\u00fcr die <\/span><b>Korrektur tiefer Falten<\/b><span style=\"font-weight: 400;\">, die <\/span><b>Wiederherstellung des Gesichtsvolumens<\/b><span style=\"font-weight: 400;\"> und die <\/span><b>Konturierung<\/b><span style=\"font-weight: 400;\"> entwickelt wurde. Die <\/span><b>hochdichte Geltextur <\/b><span style=\"font-weight: 400;\">sorgt f\u00fcr effektive Volumenauff\u00fcllung bei gleichzeitig<\/span><b> nat\u00fcrlicher Wirkung<\/b><span style=\"font-weight: 400;\"> in Bereichen in Bereichen mit starkem Volumenverlust, etwa an <\/span><b>Wangen<\/b><span style=\"font-weight: 400;\">, <\/span><b>Kinn <\/b><span style=\"font-weight: 400;\">oder <\/span><b>Kieferpartie<\/b><span style=\"font-weight: 400;\">. Durch die Zugabe von <\/span><b>Lidocain<\/b><span style=\"font-weight: 400;\"> wird der <\/span><b>Komfort f\u00fcr den Patienten<\/b><span style=\"font-weight: 400;\"> erh\u00f6ht, da die Schmerzen w\u00e4hrend der Behandlung minimiert werden. Dieser Filler eignet sich besonders f\u00fcr Patienten mit <\/span><b>starken Gesichtsfalten<\/b><span style=\"font-weight: 400;\"> und <\/span><b>Volumenverlust<\/b><span style=\"font-weight: 400;\"> und bietet ihnen eine <\/span><b>nicht-chirurgische L\u00f6sung<\/b><span style=\"font-weight: 400;\"> zur Wiederherstellung jugendlicher Konturen. Saypha-Produkte sind eine Premium-Linie von dermalen Fillern auf Hyalurons\u00e4urebasis, die f\u00fcr verschiedene \u00e4sthetische Probleme wie die Wiederherstellung des Gesichtsvolumens, die Reduzierung von Falten, die Hautfeuchtigkeit und die Konturierung entwickelt wurden und nat\u00fcrliche Ergebnisse mit minimalen Ausfallzeiten und hoher Patientenzufriedenheit bieten.<\/span><\/p>\n","protected":false},"excerpt":{"rendered":"<p>Saypha Volume Plus mit Lidocain ist ein Hyalurons\u00e4urebasierter dermaler Filler, der f\u00fcr die Korrektur tiefer Falten, die Wiederherstellung des Gesichtsvolumens und die Konturierung entwickelt wurde. Die hochdichte Geltextur sorgt f\u00fcr effektive Volumenauff\u00fcllung bei gleichzeitig nat\u00fcrlicher Wirkung in Bereichen in Bereichen mit starkem Volumenverlust, etwa an Wangen, Kinn oder Kieferpartie. Durch die Zugabe von Lidocain wird [&hellip;]<\/p>\n","protected":false},"featured_media":101521,"comment_status":"closed","ping_status":"closed","template":"","meta":{"_acf_changed":false,"inline_featured_image":false},"product_brand":[2163],"product_cat":[2023],"product_tag":[2144],"class_list":{"0":"post-114907","1":"product","2":"type-product","3":"status-publish","4":"has-post-thumbnail","6":"product_brand-saypha","7":"product_cat-filler","8":"product_tag-medical-devices-de","10":"first","11":"instock","12":"taxable","13":"shipping-taxable","14":"purchasable","15":"product-type-simple","16":"add-to-wishlist-before_image"},"acf":[],"yoast_head":"<!-- This site is optimized with the Yoast SEO plugin v27.5 - https:\/\/yoast.com\/product\/yoast-seo-wordpress\/ -->\n<title>Saypha Volume Plus mit Lidocain online kaufen | Kinami Health<\/title>\n<meta name=\"description\" content=\"Saypha Volume Plus \u2013 hochwertiger Hyalurons\u00e4ure-Filler zur Gesichtsverj\u00fcngung, Faltenbehandlung und Konturierung mit Lidocain f\u00fcr schmerz\u00e4rmere Injektionen.\" \/>\n<meta name=\"robots\" content=\"index, follow, max-snippet:-1, max-image-preview:large, max-video-preview:-1\" \/>\n<link rel=\"canonical\" href=\"https:\/\/kinamihealth.com\/de\/wp-json\/wp\/v2\/product\/114907\" \/>\n<meta property=\"og:locale\" content=\"de_DE\" \/>\n<meta property=\"og:type\" content=\"article\" \/>\n<meta property=\"og:title\" content=\"Saypha Volume Plus mit Lidocain online kaufen | Kinami Health\" \/>\n<meta property=\"og:description\" content=\"Saypha Volume Plus \u2013 hochwertiger Hyalurons\u00e4ure-Filler zur Gesichtsverj\u00fcngung, Faltenbehandlung und Konturierung mit Lidocain f\u00fcr schmerz\u00e4rmere Injektionen.\" \/>\n<meta property=\"og:url\" content=\"https:\/\/kinamihealth.com\/de\/product\/saypha-volume-plus-with-lidocaine\/\" \/>\n<meta property=\"og:site_name\" content=\"Kinami Health\" \/>\n<meta property=\"article:modified_time\" content=\"2025-09-25T13:40:08+00:00\" \/>\n<meta property=\"og:image\" content=\"https:\/\/kinamihealth.com\/wp-content\/uploads\/2025\/02\/CROMA-SAYPHA-VOLUMEPLUS-LIDOCAINE-01.jpg\" \/>\n\t<meta property=\"og:image:width\" content=\"800\" \/>\n\t<meta property=\"og:image:height\" content=\"800\" \/>\n\t<meta property=\"og:image:type\" content=\"image\/jpeg\" \/>\n<meta name=\"twitter:card\" content=\"summary_large_image\" \/>\n<meta name=\"twitter:label1\" content=\"Gesch\u00e4tzte Lesezeit\" \/>\n\t<meta name=\"twitter:data1\" content=\"1\u00a0Minute\" \/>\n<!-- \/ Yoast SEO plugin. -->","yoast_head_json":{"title":"Saypha Volume Plus mit Lidocain online kaufen | Kinami Health","description":"Saypha Volume Plus \u2013 hochwertiger Hyalurons\u00e4ure-Filler zur Gesichtsverj\u00fcngung, Faltenbehandlung und Konturierung mit Lidocain f\u00fcr schmerz\u00e4rmere Injektionen.","robots":{"index":"index","follow":"follow","max-snippet":"max-snippet:-1","max-image-preview":"max-image-preview:large","max-video-preview":"max-video-preview:-1"},"canonical":"https:\/\/kinamihealth.com\/de\/wp-json\/wp\/v2\/product\/114907","og_locale":"de_DE","og_type":"article","og_title":"Saypha Volume Plus mit Lidocain online kaufen | Kinami Health","og_description":"Saypha Volume Plus \u2013 hochwertiger Hyalurons\u00e4ure-Filler zur Gesichtsverj\u00fcngung, Faltenbehandlung und Konturierung mit Lidocain f\u00fcr schmerz\u00e4rmere Injektionen.","og_url":"https:\/\/kinamihealth.com\/de\/product\/saypha-volume-plus-with-lidocaine\/","og_site_name":"Kinami Health","article_modified_time":"2025-09-25T13:40:08+00:00","og_image":[{"width":800,"height":800,"url":"https:\/\/kinamihealth.com\/wp-content\/uploads\/2025\/02\/CROMA-SAYPHA-VOLUMEPLUS-LIDOCAINE-01.jpg","type":"image\/jpeg"}],"twitter_card":"summary_large_image","twitter_misc":{"Gesch\u00e4tzte Lesezeit":"1\u00a0Minute"},"schema":{"@context":"https:\/\/schema.org","@graph":[{"@type":"WebPage","@id":"https:\/\/kinamihealth.com\/de\/product\/saypha-volume-plus-with-lidocaine\/","url":"https:\/\/kinamihealth.com\/de\/product\/saypha-volume-plus-with-lidocaine\/","name":"Saypha Volume Plus mit Lidocain online kaufen | Kinami Health","isPartOf":{"@id":"https:\/\/kinamihealth.com\/#website"},"primaryImageOfPage":{"@id":"https:\/\/kinamihealth.com\/de\/product\/saypha-volume-plus-with-lidocaine\/#primaryimage"},"image":{"@id":"https:\/\/kinamihealth.com\/de\/product\/saypha-volume-plus-with-lidocaine\/#primaryimage"},"thumbnailUrl":"https:\/\/kinamihealth.com\/wp-content\/uploads\/2025\/02\/CROMA-SAYPHA-VOLUMEPLUS-LIDOCAINE-01.jpg","datePublished":"2025-09-25T13:39:43+00:00","dateModified":"2025-09-25T13:40:08+00:00","description":"Saypha Volume Plus \u2013 hochwertiger Hyalurons\u00e4ure-Filler zur Gesichtsverj\u00fcngung, Faltenbehandlung und Konturierung mit Lidocain f\u00fcr schmerz\u00e4rmere Injektionen.","breadcrumb":{"@id":"https:\/\/kinamihealth.com\/de\/product\/saypha-volume-plus-with-lidocaine\/#breadcrumb"},"inLanguage":"de","potentialAction":[{"@type":"ReadAction","target":["https:\/\/kinamihealth.com\/de\/product\/saypha-volume-plus-with-lidocaine\/"]}]},{"@type":"ImageObject","inLanguage":"de","@id":"https:\/\/kinamihealth.com\/de\/product\/saypha-volume-plus-with-lidocaine\/#primaryimage","url":"https:\/\/kinamihealth.com\/wp-content\/uploads\/2025\/02\/CROMA-SAYPHA-VOLUMEPLUS-LIDOCAINE-01.jpg","contentUrl":"https:\/\/kinamihealth.com\/wp-content\/uploads\/2025\/02\/CROMA-SAYPHA-VOLUMEPLUS-LIDOCAINE-01.jpg","width":800,"height":800},{"@type":"BreadcrumbList","@id":"https:\/\/kinamihealth.com\/de\/product\/saypha-volume-plus-with-lidocaine\/#breadcrumb","itemListElement":[{"@type":"ListItem","position":1,"name":"Startseite","item":"https:\/\/kinamihealth.com\/"},{"@type":"ListItem","position":2,"name":"Shop","item":"https:\/\/kinamihealth.com\/shop\/"},{"@type":"ListItem","position":3,"name":"SAYPHA\u00ae VOLUME PLUS mit Lidocain"}]},{"@type":"WebSite","@id":"https:\/\/kinamihealth.com\/#website","url":"https:\/\/kinamihealth.com\/","name":"Kinami Health","description":"","publisher":{"@id":"https:\/\/kinamihealth.com\/#organization"},"potentialAction":[{"@type":"SearchAction","target":{"@type":"EntryPoint","urlTemplate":"https:\/\/kinamihealth.com\/?s={search_term_string}"},"query-input":{"@type":"PropertyValueSpecification","valueRequired":true,"valueName":"search_term_string"}}],"inLanguage":"de"},{"@type":"Organization","@id":"https:\/\/kinamihealth.com\/#organization","name":"Kinami Health","url":"https:\/\/kinamihealth.com\/","logo":{"@type":"ImageObject","inLanguage":"de","@id":"https:\/\/kinamihealth.com\/#\/schema\/logo\/image\/","url":"https:\/\/kinamihealth.com\/wp-content\/uploads\/2025\/01\/KH_logo_black_2-1.png","contentUrl":"https:\/\/kinamihealth.com\/wp-content\/uploads\/2025\/01\/KH_logo_black_2-1.png","width":339,"height":34,"caption":"Kinami Health"},"image":{"@id":"https:\/\/kinamihealth.com\/#\/schema\/logo\/image\/"}}]}},"_links":{"self":[{"href":"https:\/\/kinamihealth.com\/de\/wp-json\/wp\/v2\/product\/114907","targetHints":{"allow":["GET"]}}],"collection":[{"href":"https:\/\/kinamihealth.com\/de\/wp-json\/wp\/v2\/product"}],"about":[{"href":"https:\/\/kinamihealth.com\/de\/wp-json\/wp\/v2\/types\/product"}],"replies":[{"embeddable":true,"href":"https:\/\/kinamihealth.com\/de\/wp-json\/wp\/v2\/comments?post=114907"}],"version-history":[{"count":0,"href":"https:\/\/kinamihealth.com\/de\/wp-json\/wp\/v2\/product\/114907\/revisions"}],"wp:featuredmedia":[{"embeddable":true,"href":"https:\/\/kinamihealth.com\/de\/wp-json\/wp\/v2\/media\/101521"}],"wp:attachment":[{"href":"https:\/\/kinamihealth.com\/de\/wp-json\/wp\/v2\/media?parent=114907"}],"wp:term":[{"taxonomy":"product_brand","embeddable":true,"href":"https:\/\/kinamihealth.com\/de\/wp-json\/wp\/v2\/product_brand?post=114907"},{"taxonomy":"product_cat","embeddable":true,"href":"https:\/\/kinamihealth.com\/de\/wp-json\/wp\/v2\/product_cat?post=114907"},{"taxonomy":"product_tag","embeddable":true,"href":"https:\/\/kinamihealth.com\/de\/wp-json\/wp\/v2\/product_tag?post=114907"}],"curies":[{"name":"wp","href":"https:\/\/api.w.org\/{rel}","templated":true}]}}