{"id":114906,"date":"2025-09-25T13:37:02","date_gmt":"2025-09-25T13:37:02","guid":{"rendered":"https:\/\/kinamihealth.com\/?post_type=product&#038;p=114906"},"modified":"2025-09-25T15:36:15","modified_gmt":"2025-09-25T15:36:15","slug":"saypha-volume","status":"publish","type":"product","link":"https:\/\/kinamihealth.com\/de\/produkt\/saypha-volume\/","title":{"rendered":"SAYPHA\u00ae VOLUME"},"content":{"rendered":"<p><span style=\"font-weight: 400;\">Saypha Volume ist ein <\/span><b>dermaler Filler auf Hyalurons\u00e4urebasis<\/b><span style=\"font-weight: 400;\">, der speziell f\u00fcr die <\/span><b>Wiederherstellung des Gesichtsvolumens<\/b><span style=\"font-weight: 400;\"> und die <\/span><b>Konturierung<\/b><span style=\"font-weight: 400;\"> entwickelt wurde. Dieser F\u00fcllstoff, der mit hoch <\/span><b>vernetzter Hyalurons\u00e4ure<\/b><span style=\"font-weight: 400;\"> formuliert ist,eignet sich besonders f\u00fcr tiefere Hautschichten und liefert nat\u00fcrlich wirkende, langanhaltende Resultate. Saypha Volume ist ideal f\u00fcr Patienten, die eine deutliche Volumenvergr\u00f6\u00dferung in Bereichen wie den <\/span><b>Wangen<\/b><span style=\"font-weight: 400;\">, dem <\/span><b>Kinn<\/b><span style=\"font-weight: 400;\">, der <\/span><b>Kieferlinie<\/b><span style=\"font-weight: 400;\"> und den <\/span><b>Lippen<\/b><span style=\"font-weight: 400;\"> ben\u00f6tigen. Es bietet eine <\/span><b>minimalinvasive L\u00f6sung<\/b><span style=\"font-weight: 400;\"> zur Wiederherstellung jugendlicher Gesichtskonturen und zur Gl\u00e4ttung tiefer Falten. <\/span><b><i>Saypha-Produkte <\/i><\/b><span style=\"font-weight: 400;\">sind die ideale Wahl f\u00fcr alle, die eine effektive, nicht-invasive Gesichtsverj\u00fcngung mit minimaler Ausfallzeit w\u00fcnschen.<\/span><\/p>\n","protected":false},"excerpt":{"rendered":"<p>Saypha Volume ist ein dermaler Filler auf Hyalurons\u00e4urebasis, der speziell f\u00fcr die Wiederherstellung des Gesichtsvolumens und die Konturierung entwickelt wurde. Dieser F\u00fcllstoff, der mit hoch vernetzter Hyalurons\u00e4ure formuliert ist,eignet sich besonders f\u00fcr tiefere Hautschichten und liefert nat\u00fcrlich wirkende, langanhaltende Resultate. Saypha Volume ist ideal f\u00fcr Patienten, die eine deutliche Volumenvergr\u00f6\u00dferung in Bereichen wie den Wangen, [&hellip;]<\/p>\n","protected":false},"featured_media":101517,"comment_status":"closed","ping_status":"closed","template":"","meta":{"_acf_changed":false,"inline_featured_image":false},"product_brand":[2163],"product_cat":[2023],"product_tag":[2144],"class_list":{"0":"post-114906","1":"product","2":"type-product","3":"status-publish","4":"has-post-thumbnail","6":"product_brand-saypha","7":"product_cat-filler","8":"product_tag-medical-devices-de","10":"first","11":"instock","12":"taxable","13":"shipping-taxable","14":"purchasable","15":"product-type-simple","16":"add-to-wishlist-before_image"},"acf":[],"yoast_head":"<!-- This site is optimized with the Yoast SEO plugin v27.5 - https:\/\/yoast.com\/product\/yoast-seo-wordpress\/ -->\n<title>SAYPHA\u00ae VOLUME online kaufen \u2013 bei Kinami Health<\/title>\n<meta name=\"description\" content=\"Saypha Volume \u2013 Hyalurons\u00e4ure-Filler zur Volumenauff\u00fcllung, Faltenbehandlung und Konturierung. F\u00fcr nat\u00fcrliche, lang anhaltende Ergebnisse ohne Ausfallzeit.\" \/>\n<meta name=\"robots\" content=\"index, follow, max-snippet:-1, max-image-preview:large, max-video-preview:-1\" \/>\n<link rel=\"canonical\" href=\"https:\/\/kinamihealth.com\/de\/wp-json\/wp\/v2\/product\/114906\" \/>\n<meta property=\"og:locale\" content=\"de_DE\" \/>\n<meta property=\"og:type\" content=\"article\" \/>\n<meta property=\"og:title\" content=\"SAYPHA\u00ae VOLUME online kaufen \u2013 bei Kinami Health\" \/>\n<meta property=\"og:description\" content=\"Saypha Volume \u2013 Hyalurons\u00e4ure-Filler zur Volumenauff\u00fcllung, Faltenbehandlung und Konturierung. F\u00fcr nat\u00fcrliche, lang anhaltende Ergebnisse ohne Ausfallzeit.\" \/>\n<meta property=\"og:url\" content=\"https:\/\/kinamihealth.com\/de\/product\/saypha-volume\/\" \/>\n<meta property=\"og:site_name\" content=\"Kinami Health\" \/>\n<meta property=\"article:modified_time\" content=\"2025-09-25T15:36:15+00:00\" \/>\n<meta property=\"og:image\" content=\"https:\/\/kinamihealth.com\/wp-content\/uploads\/2025\/02\/CHROMA-SAYPHA-VOLUME-01.jpg\" \/>\n\t<meta property=\"og:image:width\" content=\"800\" \/>\n\t<meta property=\"og:image:height\" content=\"800\" \/>\n\t<meta property=\"og:image:type\" content=\"image\/jpeg\" \/>\n<meta name=\"twitter:card\" content=\"summary_large_image\" \/>\n<meta name=\"twitter:label1\" content=\"Gesch\u00e4tzte Lesezeit\" \/>\n\t<meta name=\"twitter:data1\" content=\"1\u00a0Minute\" \/>\n<!-- \/ Yoast SEO plugin. -->","yoast_head_json":{"title":"SAYPHA\u00ae VOLUME online kaufen \u2013 bei Kinami Health","description":"Saypha Volume \u2013 Hyalurons\u00e4ure-Filler zur Volumenauff\u00fcllung, Faltenbehandlung und Konturierung. F\u00fcr nat\u00fcrliche, lang anhaltende Ergebnisse ohne Ausfallzeit.","robots":{"index":"index","follow":"follow","max-snippet":"max-snippet:-1","max-image-preview":"max-image-preview:large","max-video-preview":"max-video-preview:-1"},"canonical":"https:\/\/kinamihealth.com\/de\/wp-json\/wp\/v2\/product\/114906","og_locale":"de_DE","og_type":"article","og_title":"SAYPHA\u00ae VOLUME online kaufen \u2013 bei Kinami Health","og_description":"Saypha Volume \u2013 Hyalurons\u00e4ure-Filler zur Volumenauff\u00fcllung, Faltenbehandlung und Konturierung. F\u00fcr nat\u00fcrliche, lang anhaltende Ergebnisse ohne Ausfallzeit.","og_url":"https:\/\/kinamihealth.com\/de\/product\/saypha-volume\/","og_site_name":"Kinami Health","article_modified_time":"2025-09-25T15:36:15+00:00","og_image":[{"width":800,"height":800,"url":"https:\/\/kinamihealth.com\/wp-content\/uploads\/2025\/02\/CHROMA-SAYPHA-VOLUME-01.jpg","type":"image\/jpeg"}],"twitter_card":"summary_large_image","twitter_misc":{"Gesch\u00e4tzte Lesezeit":"1\u00a0Minute"},"schema":{"@context":"https:\/\/schema.org","@graph":[{"@type":"WebPage","@id":"https:\/\/kinamihealth.com\/de\/product\/saypha-volume\/","url":"https:\/\/kinamihealth.com\/de\/product\/saypha-volume\/","name":"SAYPHA\u00ae VOLUME online kaufen \u2013 bei Kinami Health","isPartOf":{"@id":"https:\/\/kinamihealth.com\/#website"},"primaryImageOfPage":{"@id":"https:\/\/kinamihealth.com\/de\/product\/saypha-volume\/#primaryimage"},"image":{"@id":"https:\/\/kinamihealth.com\/de\/product\/saypha-volume\/#primaryimage"},"thumbnailUrl":"https:\/\/kinamihealth.com\/wp-content\/uploads\/2025\/02\/CHROMA-SAYPHA-VOLUME-01.jpg","datePublished":"2025-09-25T13:37:02+00:00","dateModified":"2025-09-25T15:36:15+00:00","description":"Saypha Volume \u2013 Hyalurons\u00e4ure-Filler zur Volumenauff\u00fcllung, Faltenbehandlung und Konturierung. F\u00fcr nat\u00fcrliche, lang anhaltende Ergebnisse ohne Ausfallzeit.","breadcrumb":{"@id":"https:\/\/kinamihealth.com\/de\/product\/saypha-volume\/#breadcrumb"},"inLanguage":"de","potentialAction":[{"@type":"ReadAction","target":["https:\/\/kinamihealth.com\/de\/product\/saypha-volume\/"]}]},{"@type":"ImageObject","inLanguage":"de","@id":"https:\/\/kinamihealth.com\/de\/product\/saypha-volume\/#primaryimage","url":"https:\/\/kinamihealth.com\/wp-content\/uploads\/2025\/02\/CHROMA-SAYPHA-VOLUME-01.jpg","contentUrl":"https:\/\/kinamihealth.com\/wp-content\/uploads\/2025\/02\/CHROMA-SAYPHA-VOLUME-01.jpg","width":800,"height":800},{"@type":"BreadcrumbList","@id":"https:\/\/kinamihealth.com\/de\/product\/saypha-volume\/#breadcrumb","itemListElement":[{"@type":"ListItem","position":1,"name":"Startseite","item":"https:\/\/kinamihealth.com\/"},{"@type":"ListItem","position":2,"name":"Shop","item":"https:\/\/kinamihealth.com\/shop\/"},{"@type":"ListItem","position":3,"name":"SAYPHA\u00ae VOLUME"}]},{"@type":"WebSite","@id":"https:\/\/kinamihealth.com\/#website","url":"https:\/\/kinamihealth.com\/","name":"Kinami Health","description":"","publisher":{"@id":"https:\/\/kinamihealth.com\/#organization"},"potentialAction":[{"@type":"SearchAction","target":{"@type":"EntryPoint","urlTemplate":"https:\/\/kinamihealth.com\/?s={search_term_string}"},"query-input":{"@type":"PropertyValueSpecification","valueRequired":true,"valueName":"search_term_string"}}],"inLanguage":"de"},{"@type":"Organization","@id":"https:\/\/kinamihealth.com\/#organization","name":"Kinami Health","url":"https:\/\/kinamihealth.com\/","logo":{"@type":"ImageObject","inLanguage":"de","@id":"https:\/\/kinamihealth.com\/#\/schema\/logo\/image\/","url":"https:\/\/kinamihealth.com\/wp-content\/uploads\/2025\/01\/KH_logo_black_2-1.png","contentUrl":"https:\/\/kinamihealth.com\/wp-content\/uploads\/2025\/01\/KH_logo_black_2-1.png","width":339,"height":34,"caption":"Kinami Health"},"image":{"@id":"https:\/\/kinamihealth.com\/#\/schema\/logo\/image\/"}}]}},"_links":{"self":[{"href":"https:\/\/kinamihealth.com\/de\/wp-json\/wp\/v2\/product\/114906","targetHints":{"allow":["GET"]}}],"collection":[{"href":"https:\/\/kinamihealth.com\/de\/wp-json\/wp\/v2\/product"}],"about":[{"href":"https:\/\/kinamihealth.com\/de\/wp-json\/wp\/v2\/types\/product"}],"replies":[{"embeddable":true,"href":"https:\/\/kinamihealth.com\/de\/wp-json\/wp\/v2\/comments?post=114906"}],"version-history":[{"count":0,"href":"https:\/\/kinamihealth.com\/de\/wp-json\/wp\/v2\/product\/114906\/revisions"}],"wp:featuredmedia":[{"embeddable":true,"href":"https:\/\/kinamihealth.com\/de\/wp-json\/wp\/v2\/media\/101517"}],"wp:attachment":[{"href":"https:\/\/kinamihealth.com\/de\/wp-json\/wp\/v2\/media?parent=114906"}],"wp:term":[{"taxonomy":"product_brand","embeddable":true,"href":"https:\/\/kinamihealth.com\/de\/wp-json\/wp\/v2\/product_brand?post=114906"},{"taxonomy":"product_cat","embeddable":true,"href":"https:\/\/kinamihealth.com\/de\/wp-json\/wp\/v2\/product_cat?post=114906"},{"taxonomy":"product_tag","embeddable":true,"href":"https:\/\/kinamihealth.com\/de\/wp-json\/wp\/v2\/product_tag?post=114906"}],"curies":[{"name":"wp","href":"https:\/\/api.w.org\/{rel}","templated":true}]}}