{"id":114905,"date":"2025-09-25T13:32:58","date_gmt":"2025-09-25T13:32:58","guid":{"rendered":"https:\/\/kinamihealth.com\/?post_type=product&#038;p=114905"},"modified":"2025-09-25T13:33:25","modified_gmt":"2025-09-25T13:33:25","slug":"saypha-rich","status":"publish","type":"product","link":"https:\/\/kinamihealth.com\/de\/produkt\/saypha-rich\/","title":{"rendered":"SAYPHA\u00ae RICH"},"content":{"rendered":"<p><span style=\"font-weight: 400;\">Saypha Rich ist ein <\/span><b>innovativer Skinbooster auf Hyalurons\u00e4urebasis,<\/b><span style=\"font-weight: 400;\"> der die Haut verj\u00fcngt, indem er ihr <\/span><b>Feuchtigkeit<\/b><span style=\"font-weight: 400;\"> zur\u00fcckgibt und ihre <\/span><b>Elastizit\u00e4t<\/b><span style=\"font-weight: 400;\"> verbessert. Diese injizierbare Behandlung enth\u00e4lt <\/span><b>unvernetzte Hyalurons\u00e4ure<\/b><span style=\"font-weight: 400;\"> in Kombination <\/span><b>mit Glycerin<\/b><span style=\"font-weight: 400;\"> \u2013 f\u00fcr intensive Hydration und strukturelle Unterst\u00fctzung der Haut. Saypha Rich wird h\u00e4ufig verwendet, um die Hautstruktur zu verbessern, <\/span><b>feine Linien zu reduzieren<\/b><span style=\"font-weight: 400;\">, f\u00fcr ein sichtbar <\/span><b>frischeres, glatteres Hautbild<\/b><span style=\"font-weight: 400;\">. Es ist besonders wirksam zur Verj\u00fcngung von Bereichen, die zu Zeichen der Hautalterung neigen, wie z. B. <\/span><b>Gesicht<\/b><span style=\"font-weight: 400;\">, <\/span><b>Hals<\/b><span style=\"font-weight: 400;\">, <\/span><b>Dekollet\u00e9<\/b><span style=\"font-weight: 400;\"> und <\/span><b>H\u00e4nde<\/b><span style=\"font-weight: 400;\">. Saypha Rich ist die ideale Wahl f\u00fcr alle, die eine nicht-invasive Hautverbesserung mit nat\u00fcrlichen, lang anhaltenden Ergebnissen w\u00fcnschen.<\/span><\/p>\n","protected":false},"excerpt":{"rendered":"<p>Saypha Rich ist ein innovativer Skinbooster auf Hyalurons\u00e4urebasis, der die Haut verj\u00fcngt, indem er ihr Feuchtigkeit zur\u00fcckgibt und ihre Elastizit\u00e4t verbessert. Diese injizierbare Behandlung enth\u00e4lt unvernetzte Hyalurons\u00e4ure in Kombination mit Glycerin \u2013 f\u00fcr intensive Hydration und strukturelle Unterst\u00fctzung der Haut. Saypha Rich wird h\u00e4ufig verwendet, um die Hautstruktur zu verbessern, feine Linien zu reduzieren, f\u00fcr [&hellip;]<\/p>\n","protected":false},"featured_media":101525,"comment_status":"closed","ping_status":"closed","template":"","meta":{"_acf_changed":false,"inline_featured_image":false},"product_brand":[2163],"product_cat":[2023],"product_tag":[2144],"class_list":{"0":"post-114905","1":"product","2":"type-product","3":"status-publish","4":"has-post-thumbnail","6":"product_brand-saypha","7":"product_cat-filler","8":"product_tag-medical-devices-de","10":"first","11":"instock","12":"taxable","13":"shipping-taxable","14":"purchasable","15":"product-type-simple","16":"add-to-wishlist-before_image"},"acf":[],"yoast_head":"<!-- This site is optimized with the Yoast SEO plugin v27.5 - https:\/\/yoast.com\/product\/yoast-seo-wordpress\/ -->\n<title>Saypha Rich online kaufen \u2013 bei Kinami Health<\/title>\n<meta name=\"description\" content=\"Saypha Rich \u2013 Skinbooster mit Hyalurons\u00e4ure f\u00fcr intensive Feuchtigkeit, mehr Elastizit\u00e4t und weniger feine Linien. F\u00fcr ein glatteres, jugendlicheres Hautbild.\" \/>\n<meta name=\"robots\" content=\"index, follow, max-snippet:-1, max-image-preview:large, max-video-preview:-1\" \/>\n<link rel=\"canonical\" href=\"https:\/\/kinamihealth.com\/de\/wp-json\/wp\/v2\/product\/114905\" \/>\n<meta property=\"og:locale\" content=\"de_DE\" \/>\n<meta property=\"og:type\" content=\"article\" \/>\n<meta property=\"og:title\" content=\"Saypha Rich online kaufen \u2013 bei Kinami Health\" \/>\n<meta property=\"og:description\" content=\"Saypha Rich \u2013 Skinbooster mit Hyalurons\u00e4ure f\u00fcr intensive Feuchtigkeit, mehr Elastizit\u00e4t und weniger feine Linien. F\u00fcr ein glatteres, jugendlicheres Hautbild.\" \/>\n<meta property=\"og:url\" content=\"https:\/\/kinamihealth.com\/de\/product\/saypha-rich\/\" \/>\n<meta property=\"og:site_name\" content=\"Kinami Health\" \/>\n<meta property=\"article:modified_time\" content=\"2025-09-25T13:33:25+00:00\" \/>\n<meta property=\"og:image\" content=\"https:\/\/kinamihealth.com\/wp-content\/uploads\/2025\/02\/CHROMA-SAYPHA-RICH-03.jpg\" \/>\n\t<meta property=\"og:image:width\" content=\"800\" \/>\n\t<meta property=\"og:image:height\" content=\"800\" \/>\n\t<meta property=\"og:image:type\" content=\"image\/jpeg\" \/>\n<meta name=\"twitter:card\" content=\"summary_large_image\" \/>\n<meta name=\"twitter:label1\" content=\"Gesch\u00e4tzte Lesezeit\" \/>\n\t<meta name=\"twitter:data1\" content=\"1\u00a0Minute\" \/>\n<!-- \/ Yoast SEO plugin. -->","yoast_head_json":{"title":"Saypha Rich online kaufen \u2013 bei Kinami Health","description":"Saypha Rich \u2013 Skinbooster mit Hyalurons\u00e4ure f\u00fcr intensive Feuchtigkeit, mehr Elastizit\u00e4t und weniger feine Linien. F\u00fcr ein glatteres, jugendlicheres Hautbild.","robots":{"index":"index","follow":"follow","max-snippet":"max-snippet:-1","max-image-preview":"max-image-preview:large","max-video-preview":"max-video-preview:-1"},"canonical":"https:\/\/kinamihealth.com\/de\/wp-json\/wp\/v2\/product\/114905","og_locale":"de_DE","og_type":"article","og_title":"Saypha Rich online kaufen \u2013 bei Kinami Health","og_description":"Saypha Rich \u2013 Skinbooster mit Hyalurons\u00e4ure f\u00fcr intensive Feuchtigkeit, mehr Elastizit\u00e4t und weniger feine Linien. F\u00fcr ein glatteres, jugendlicheres Hautbild.","og_url":"https:\/\/kinamihealth.com\/de\/product\/saypha-rich\/","og_site_name":"Kinami Health","article_modified_time":"2025-09-25T13:33:25+00:00","og_image":[{"width":800,"height":800,"url":"https:\/\/kinamihealth.com\/wp-content\/uploads\/2025\/02\/CHROMA-SAYPHA-RICH-03.jpg","type":"image\/jpeg"}],"twitter_card":"summary_large_image","twitter_misc":{"Gesch\u00e4tzte Lesezeit":"1\u00a0Minute"},"schema":{"@context":"https:\/\/schema.org","@graph":[{"@type":"WebPage","@id":"https:\/\/kinamihealth.com\/de\/product\/saypha-rich\/","url":"https:\/\/kinamihealth.com\/de\/product\/saypha-rich\/","name":"Saypha Rich online kaufen \u2013 bei Kinami Health","isPartOf":{"@id":"https:\/\/kinamihealth.com\/#website"},"primaryImageOfPage":{"@id":"https:\/\/kinamihealth.com\/de\/product\/saypha-rich\/#primaryimage"},"image":{"@id":"https:\/\/kinamihealth.com\/de\/product\/saypha-rich\/#primaryimage"},"thumbnailUrl":"https:\/\/kinamihealth.com\/wp-content\/uploads\/2025\/02\/CHROMA-SAYPHA-RICH-03.jpg","datePublished":"2025-09-25T13:32:58+00:00","dateModified":"2025-09-25T13:33:25+00:00","description":"Saypha Rich \u2013 Skinbooster mit Hyalurons\u00e4ure f\u00fcr intensive Feuchtigkeit, mehr Elastizit\u00e4t und weniger feine Linien. F\u00fcr ein glatteres, jugendlicheres Hautbild.","breadcrumb":{"@id":"https:\/\/kinamihealth.com\/de\/product\/saypha-rich\/#breadcrumb"},"inLanguage":"de","potentialAction":[{"@type":"ReadAction","target":["https:\/\/kinamihealth.com\/de\/product\/saypha-rich\/"]}]},{"@type":"ImageObject","inLanguage":"de","@id":"https:\/\/kinamihealth.com\/de\/product\/saypha-rich\/#primaryimage","url":"https:\/\/kinamihealth.com\/wp-content\/uploads\/2025\/02\/CHROMA-SAYPHA-RICH-03.jpg","contentUrl":"https:\/\/kinamihealth.com\/wp-content\/uploads\/2025\/02\/CHROMA-SAYPHA-RICH-03.jpg","width":800,"height":800},{"@type":"BreadcrumbList","@id":"https:\/\/kinamihealth.com\/de\/product\/saypha-rich\/#breadcrumb","itemListElement":[{"@type":"ListItem","position":1,"name":"Startseite","item":"https:\/\/kinamihealth.com\/"},{"@type":"ListItem","position":2,"name":"Shop","item":"https:\/\/kinamihealth.com\/shop\/"},{"@type":"ListItem","position":3,"name":"SAYPHA\u00ae RICH"}]},{"@type":"WebSite","@id":"https:\/\/kinamihealth.com\/#website","url":"https:\/\/kinamihealth.com\/","name":"Kinami Health","description":"","publisher":{"@id":"https:\/\/kinamihealth.com\/#organization"},"potentialAction":[{"@type":"SearchAction","target":{"@type":"EntryPoint","urlTemplate":"https:\/\/kinamihealth.com\/?s={search_term_string}"},"query-input":{"@type":"PropertyValueSpecification","valueRequired":true,"valueName":"search_term_string"}}],"inLanguage":"de"},{"@type":"Organization","@id":"https:\/\/kinamihealth.com\/#organization","name":"Kinami Health","url":"https:\/\/kinamihealth.com\/","logo":{"@type":"ImageObject","inLanguage":"de","@id":"https:\/\/kinamihealth.com\/#\/schema\/logo\/image\/","url":"https:\/\/kinamihealth.com\/wp-content\/uploads\/2025\/01\/KH_logo_black_2-1.png","contentUrl":"https:\/\/kinamihealth.com\/wp-content\/uploads\/2025\/01\/KH_logo_black_2-1.png","width":339,"height":34,"caption":"Kinami Health"},"image":{"@id":"https:\/\/kinamihealth.com\/#\/schema\/logo\/image\/"}}]}},"_links":{"self":[{"href":"https:\/\/kinamihealth.com\/de\/wp-json\/wp\/v2\/product\/114905","targetHints":{"allow":["GET"]}}],"collection":[{"href":"https:\/\/kinamihealth.com\/de\/wp-json\/wp\/v2\/product"}],"about":[{"href":"https:\/\/kinamihealth.com\/de\/wp-json\/wp\/v2\/types\/product"}],"replies":[{"embeddable":true,"href":"https:\/\/kinamihealth.com\/de\/wp-json\/wp\/v2\/comments?post=114905"}],"version-history":[{"count":0,"href":"https:\/\/kinamihealth.com\/de\/wp-json\/wp\/v2\/product\/114905\/revisions"}],"wp:featuredmedia":[{"embeddable":true,"href":"https:\/\/kinamihealth.com\/de\/wp-json\/wp\/v2\/media\/101525"}],"wp:attachment":[{"href":"https:\/\/kinamihealth.com\/de\/wp-json\/wp\/v2\/media?parent=114905"}],"wp:term":[{"taxonomy":"product_brand","embeddable":true,"href":"https:\/\/kinamihealth.com\/de\/wp-json\/wp\/v2\/product_brand?post=114905"},{"taxonomy":"product_cat","embeddable":true,"href":"https:\/\/kinamihealth.com\/de\/wp-json\/wp\/v2\/product_cat?post=114905"},{"taxonomy":"product_tag","embeddable":true,"href":"https:\/\/kinamihealth.com\/de\/wp-json\/wp\/v2\/product_tag?post=114905"}],"curies":[{"name":"wp","href":"https:\/\/api.w.org\/{rel}","templated":true}]}}