{"id":114904,"date":"2025-09-25T13:31:07","date_gmt":"2025-09-25T13:31:07","guid":{"rendered":"https:\/\/kinamihealth.com\/?post_type=product&#038;p=114904"},"modified":"2025-09-25T15:33:38","modified_gmt":"2025-09-25T15:33:38","slug":"saypha-filler-with-lidocaine","status":"publish","type":"product","link":"https:\/\/kinamihealth.com\/de\/produkt\/saypha-filler-with-lidocaine\/","title":{"rendered":"SAYPHA\u00ae FILLER mit Lidocain"},"content":{"rendered":"<p><span style=\"font-weight: 400;\">Saypha Filler mit Lidocain ist ein <\/span><b>Hyalurons\u00e4ure-Filler<\/b><span style=\"font-weight: 400;\">, der entwickelt wurde, um <\/span><b>Gesichtsfalten<\/b><span style=\"font-weight: 400;\"> zu gl\u00e4tten, <\/span><b>Volumen<\/b><span style=\"font-weight: 400;\"> wiederherzustellen und <\/span><b>Lippenkonturen<\/b><span style=\"font-weight: 400;\"> zu verbessern. Das Produkt enth\u00e4lt <\/span><b>Lidocain<\/b><span style=\"font-weight: 400;\">, ein Lokalan\u00e4sthetikum, das Schmerzen w\u00e4hrend der Injektion lindert und so f\u00fcr mehr Komfort f\u00fcr die Patienten sorgt. Saypha Filler mit Lidocain ist f\u00fcr seine <\/span><b>geschmeidige Konsistenz<\/b><span style=\"font-weight: 400;\"> bekannt und l\u00e4sst sich gleichm\u00e4\u00dfig injizieren und sorgt f\u00fcr nat\u00fcrlich wirkende Ergebnisse. Es handelt sich um einen vielseitigen Filler, der f\u00fcr verschiedene Gesichtsbehandlungen geeignet ist, von der Faltenreduktion bis zur minimalinvasiven Nasenkorrektur.<\/span><\/p>\n","protected":false},"excerpt":{"rendered":"<p>Saypha Filler mit Lidocain ist ein Hyalurons\u00e4ure-Filler, der entwickelt wurde, um Gesichtsfalten zu gl\u00e4tten, Volumen wiederherzustellen und Lippenkonturen zu verbessern. Das Produkt enth\u00e4lt Lidocain, ein Lokalan\u00e4sthetikum, das Schmerzen w\u00e4hrend der Injektion lindert und so f\u00fcr mehr Komfort f\u00fcr die Patienten sorgt. Saypha Filler mit Lidocain ist f\u00fcr seine geschmeidige Konsistenz bekannt und l\u00e4sst sich gleichm\u00e4\u00dfig [&hellip;]<\/p>\n","protected":false},"featured_media":101511,"comment_status":"closed","ping_status":"closed","template":"","meta":{"_acf_changed":false,"inline_featured_image":false},"product_brand":[2163],"product_cat":[2023],"product_tag":[2144],"class_list":{"0":"post-114904","1":"product","2":"type-product","3":"status-publish","4":"has-post-thumbnail","6":"product_brand-saypha","7":"product_cat-filler","8":"product_tag-medical-devices-de","10":"first","11":"instock","12":"taxable","13":"shipping-taxable","14":"purchasable","15":"product-type-simple","16":"add-to-wishlist-before_image"},"acf":[],"yoast_head":"<!-- This site is optimized with the Yoast SEO plugin v27.5 - https:\/\/yoast.com\/product\/yoast-seo-wordpress\/ -->\n<title>SAYPHA\u00ae FILLER mit Lidocain online kaufen \u2013 bei Kinami Health<\/title>\n<meta name=\"description\" content=\"Saypha Filler mit Lidocain \u2013 Hyalurons\u00e4ure-Filler zur Faltenbehandlung, Volumenauff\u00fcllung und Lippenkonturierung. Mit Lidocain f\u00fcr schmerz\u00e4rmere Injektionen.\" \/>\n<meta name=\"robots\" content=\"index, follow, max-snippet:-1, max-image-preview:large, max-video-preview:-1\" \/>\n<link rel=\"canonical\" href=\"https:\/\/kinamihealth.com\/de\/wp-json\/wp\/v2\/product\/114904\" \/>\n<meta property=\"og:locale\" content=\"de_DE\" \/>\n<meta property=\"og:type\" content=\"article\" \/>\n<meta property=\"og:title\" content=\"SAYPHA\u00ae FILLER mit Lidocain online kaufen \u2013 bei Kinami Health\" \/>\n<meta property=\"og:description\" content=\"Saypha Filler mit Lidocain \u2013 Hyalurons\u00e4ure-Filler zur Faltenbehandlung, Volumenauff\u00fcllung und Lippenkonturierung. Mit Lidocain f\u00fcr schmerz\u00e4rmere Injektionen.\" \/>\n<meta property=\"og:url\" content=\"https:\/\/kinamihealth.com\/de\/product\/saypha-filler-with-lidocaine\/\" \/>\n<meta property=\"og:site_name\" content=\"Kinami Health\" \/>\n<meta property=\"article:modified_time\" content=\"2025-09-25T15:33:38+00:00\" \/>\n<meta property=\"og:image\" content=\"https:\/\/kinamihealth.com\/wp-content\/uploads\/2025\/02\/CHROMA-SAYPHA-FILLER-LIDOCAINE-01.jpg\" \/>\n\t<meta property=\"og:image:width\" content=\"800\" \/>\n\t<meta property=\"og:image:height\" content=\"800\" \/>\n\t<meta property=\"og:image:type\" content=\"image\/jpeg\" \/>\n<meta name=\"twitter:card\" content=\"summary_large_image\" \/>\n<meta name=\"twitter:label1\" content=\"Gesch\u00e4tzte Lesezeit\" \/>\n\t<meta name=\"twitter:data1\" content=\"1\u00a0Minute\" \/>\n<!-- \/ Yoast SEO plugin. -->","yoast_head_json":{"title":"SAYPHA\u00ae FILLER mit Lidocain online kaufen \u2013 bei Kinami Health","description":"Saypha Filler mit Lidocain \u2013 Hyalurons\u00e4ure-Filler zur Faltenbehandlung, Volumenauff\u00fcllung und Lippenkonturierung. Mit Lidocain f\u00fcr schmerz\u00e4rmere Injektionen.","robots":{"index":"index","follow":"follow","max-snippet":"max-snippet:-1","max-image-preview":"max-image-preview:large","max-video-preview":"max-video-preview:-1"},"canonical":"https:\/\/kinamihealth.com\/de\/wp-json\/wp\/v2\/product\/114904","og_locale":"de_DE","og_type":"article","og_title":"SAYPHA\u00ae FILLER mit Lidocain online kaufen \u2013 bei Kinami Health","og_description":"Saypha Filler mit Lidocain \u2013 Hyalurons\u00e4ure-Filler zur Faltenbehandlung, Volumenauff\u00fcllung und Lippenkonturierung. Mit Lidocain f\u00fcr schmerz\u00e4rmere Injektionen.","og_url":"https:\/\/kinamihealth.com\/de\/product\/saypha-filler-with-lidocaine\/","og_site_name":"Kinami Health","article_modified_time":"2025-09-25T15:33:38+00:00","og_image":[{"width":800,"height":800,"url":"https:\/\/kinamihealth.com\/wp-content\/uploads\/2025\/02\/CHROMA-SAYPHA-FILLER-LIDOCAINE-01.jpg","type":"image\/jpeg"}],"twitter_card":"summary_large_image","twitter_misc":{"Gesch\u00e4tzte Lesezeit":"1\u00a0Minute"},"schema":{"@context":"https:\/\/schema.org","@graph":[{"@type":"WebPage","@id":"https:\/\/kinamihealth.com\/de\/product\/saypha-filler-with-lidocaine\/","url":"https:\/\/kinamihealth.com\/de\/product\/saypha-filler-with-lidocaine\/","name":"SAYPHA\u00ae FILLER mit Lidocain online kaufen \u2013 bei Kinami Health","isPartOf":{"@id":"https:\/\/kinamihealth.com\/#website"},"primaryImageOfPage":{"@id":"https:\/\/kinamihealth.com\/de\/product\/saypha-filler-with-lidocaine\/#primaryimage"},"image":{"@id":"https:\/\/kinamihealth.com\/de\/product\/saypha-filler-with-lidocaine\/#primaryimage"},"thumbnailUrl":"https:\/\/kinamihealth.com\/wp-content\/uploads\/2025\/02\/CHROMA-SAYPHA-FILLER-LIDOCAINE-01.jpg","datePublished":"2025-09-25T13:31:07+00:00","dateModified":"2025-09-25T15:33:38+00:00","description":"Saypha Filler mit Lidocain \u2013 Hyalurons\u00e4ure-Filler zur Faltenbehandlung, Volumenauff\u00fcllung und Lippenkonturierung. Mit Lidocain f\u00fcr schmerz\u00e4rmere Injektionen.","breadcrumb":{"@id":"https:\/\/kinamihealth.com\/de\/product\/saypha-filler-with-lidocaine\/#breadcrumb"},"inLanguage":"de","potentialAction":[{"@type":"ReadAction","target":["https:\/\/kinamihealth.com\/de\/product\/saypha-filler-with-lidocaine\/"]}]},{"@type":"ImageObject","inLanguage":"de","@id":"https:\/\/kinamihealth.com\/de\/product\/saypha-filler-with-lidocaine\/#primaryimage","url":"https:\/\/kinamihealth.com\/wp-content\/uploads\/2025\/02\/CHROMA-SAYPHA-FILLER-LIDOCAINE-01.jpg","contentUrl":"https:\/\/kinamihealth.com\/wp-content\/uploads\/2025\/02\/CHROMA-SAYPHA-FILLER-LIDOCAINE-01.jpg","width":800,"height":800},{"@type":"BreadcrumbList","@id":"https:\/\/kinamihealth.com\/de\/product\/saypha-filler-with-lidocaine\/#breadcrumb","itemListElement":[{"@type":"ListItem","position":1,"name":"Startseite","item":"https:\/\/kinamihealth.com\/"},{"@type":"ListItem","position":2,"name":"Shop","item":"https:\/\/kinamihealth.com\/shop\/"},{"@type":"ListItem","position":3,"name":"SAYPHA\u00ae FILLER mit Lidocain"}]},{"@type":"WebSite","@id":"https:\/\/kinamihealth.com\/#website","url":"https:\/\/kinamihealth.com\/","name":"Kinami Health","description":"","publisher":{"@id":"https:\/\/kinamihealth.com\/#organization"},"potentialAction":[{"@type":"SearchAction","target":{"@type":"EntryPoint","urlTemplate":"https:\/\/kinamihealth.com\/?s={search_term_string}"},"query-input":{"@type":"PropertyValueSpecification","valueRequired":true,"valueName":"search_term_string"}}],"inLanguage":"de"},{"@type":"Organization","@id":"https:\/\/kinamihealth.com\/#organization","name":"Kinami Health","url":"https:\/\/kinamihealth.com\/","logo":{"@type":"ImageObject","inLanguage":"de","@id":"https:\/\/kinamihealth.com\/#\/schema\/logo\/image\/","url":"https:\/\/kinamihealth.com\/wp-content\/uploads\/2025\/01\/KH_logo_black_2-1.png","contentUrl":"https:\/\/kinamihealth.com\/wp-content\/uploads\/2025\/01\/KH_logo_black_2-1.png","width":339,"height":34,"caption":"Kinami Health"},"image":{"@id":"https:\/\/kinamihealth.com\/#\/schema\/logo\/image\/"}}]}},"_links":{"self":[{"href":"https:\/\/kinamihealth.com\/de\/wp-json\/wp\/v2\/product\/114904","targetHints":{"allow":["GET"]}}],"collection":[{"href":"https:\/\/kinamihealth.com\/de\/wp-json\/wp\/v2\/product"}],"about":[{"href":"https:\/\/kinamihealth.com\/de\/wp-json\/wp\/v2\/types\/product"}],"replies":[{"embeddable":true,"href":"https:\/\/kinamihealth.com\/de\/wp-json\/wp\/v2\/comments?post=114904"}],"version-history":[{"count":0,"href":"https:\/\/kinamihealth.com\/de\/wp-json\/wp\/v2\/product\/114904\/revisions"}],"wp:featuredmedia":[{"embeddable":true,"href":"https:\/\/kinamihealth.com\/de\/wp-json\/wp\/v2\/media\/101511"}],"wp:attachment":[{"href":"https:\/\/kinamihealth.com\/de\/wp-json\/wp\/v2\/media?parent=114904"}],"wp:term":[{"taxonomy":"product_brand","embeddable":true,"href":"https:\/\/kinamihealth.com\/de\/wp-json\/wp\/v2\/product_brand?post=114904"},{"taxonomy":"product_cat","embeddable":true,"href":"https:\/\/kinamihealth.com\/de\/wp-json\/wp\/v2\/product_cat?post=114904"},{"taxonomy":"product_tag","embeddable":true,"href":"https:\/\/kinamihealth.com\/de\/wp-json\/wp\/v2\/product_tag?post=114904"}],"curies":[{"name":"wp","href":"https:\/\/api.w.org\/{rel}","templated":true}]}}