{"id":114902,"date":"2025-09-25T13:26:47","date_gmt":"2025-09-25T13:26:47","guid":{"rendered":"https:\/\/kinamihealth.com\/?post_type=product&#038;p=114902"},"modified":"2025-09-25T15:39:35","modified_gmt":"2025-09-25T15:39:35","slug":"revolax-sub-q-with-lidocaine","status":"publish","type":"product","link":"https:\/\/kinamihealth.com\/de\/produkt\/revolax-sub-q-with-lidocaine\/","title":{"rendered":"REVOLAX\u2122 SUB-Q mit Lidocain"},"content":{"rendered":"<p><b>Revolax Sub-Q mit Lidocain<\/b><span style=\"font-weight: 400;\"> ist ein dermaler Filler zur Behandlung tiefer Falten und zur deutlichen Konturierung des Gesichts. Dieses hochwertige Injektionspr\u00e4parat kombiniert hochreine, vernetzte <\/span><b>Hyalurons\u00e4ure (24 mg\/ml) mit Lidocain (0,3 %)<\/b><span style=\"font-weight: 400;\">, um einen optimalen Komfort f\u00fcr den Patienten w\u00e4hrend der Behandlung zu gew\u00e4hrleisten. Dank seiner fortschrittlichen viskoelastischen Eigenschaften und seiner dichten monophasischen Struktur eignet es sich ideal zur Behandlung von<\/span><b> tiefen bis sehr ausgepr\u00e4gten Falten<\/b><span style=\"font-weight: 400;\">, erzielt nat\u00fcrliche Ergebnisse bei der Gesichtsaugmentation und sorgt f\u00fcr deutliche Verbesserungen in Bereichen, die mehr Volumen ben\u00f6tigen, wie z. B. <\/span><b>Wangen, Kinn und Kieferpartie.<\/b><\/p>\n","protected":false},"excerpt":{"rendered":"<p>Revolax Sub-Q mit Lidocain ist ein dermaler Filler zur Behandlung tiefer Falten und zur deutlichen Konturierung des Gesichts. Dieses hochwertige Injektionspr\u00e4parat kombiniert hochreine, vernetzte Hyalurons\u00e4ure (24 mg\/ml) mit Lidocain (0,3 %), um einen optimalen Komfort f\u00fcr den Patienten w\u00e4hrend der Behandlung zu gew\u00e4hrleisten. Dank seiner fortschrittlichen viskoelastischen Eigenschaften und seiner dichten monophasischen Struktur eignet es [&hellip;]<\/p>\n","protected":false},"featured_media":101493,"comment_status":"closed","ping_status":"closed","template":"","meta":{"_acf_changed":false,"inline_featured_image":false},"product_brand":[2162],"product_cat":[2023],"product_tag":[2144],"class_list":{"0":"post-114902","1":"product","2":"type-product","3":"status-publish","4":"has-post-thumbnail","6":"product_brand-revolax","7":"product_cat-filler","8":"product_tag-medical-devices-de","10":"first","11":"instock","12":"taxable","13":"shipping-taxable","14":"purchasable","15":"product-type-simple","16":"add-to-wishlist-before_image"},"acf":[],"yoast_head":"<!-- This site is optimized with the Yoast SEO plugin v27.5 - https:\/\/yoast.com\/product\/yoast-seo-wordpress\/ -->\n<title>REVOLAX\u2122 SUB-Q mit Lidocain online kaufen<\/title>\n<meta name=\"description\" content=\"Kaufen Sie Revolax Sub-Q mit Lidocain online f\u00fcr eine effektive Behandlung tiefer Falten sowie zur Wangenaugmentation und Gesichtskonturierung\" \/>\n<meta name=\"robots\" content=\"index, follow, max-snippet:-1, max-image-preview:large, max-video-preview:-1\" \/>\n<link rel=\"canonical\" href=\"https:\/\/kinamihealth.com\/de\/wp-json\/wp\/v2\/product\/114902\" \/>\n<meta property=\"og:locale\" content=\"de_DE\" \/>\n<meta property=\"og:type\" content=\"article\" \/>\n<meta property=\"og:title\" content=\"REVOLAX\u2122 SUB-Q mit Lidocain online kaufen\" \/>\n<meta property=\"og:description\" content=\"Kaufen Sie Revolax Sub-Q mit Lidocain online f\u00fcr eine effektive Behandlung tiefer Falten sowie zur Wangenaugmentation und Gesichtskonturierung\" \/>\n<meta property=\"og:url\" content=\"https:\/\/kinamihealth.com\/de\/product\/revolax-sub-q-with-lidocaine\/\" \/>\n<meta property=\"og:site_name\" content=\"Kinami Health\" \/>\n<meta property=\"article:modified_time\" content=\"2025-09-25T15:39:35+00:00\" \/>\n<meta property=\"og:image\" content=\"https:\/\/kinamihealth.com\/wp-content\/uploads\/2025\/02\/REVOLAX-SUBQ-LIDOCAINE-01.jpg.jpg\" \/>\n\t<meta property=\"og:image:width\" content=\"800\" \/>\n\t<meta property=\"og:image:height\" content=\"800\" \/>\n\t<meta property=\"og:image:type\" content=\"image\/jpeg\" \/>\n<meta name=\"twitter:card\" content=\"summary_large_image\" \/>\n<meta name=\"twitter:label1\" content=\"Gesch\u00e4tzte Lesezeit\" \/>\n\t<meta name=\"twitter:data1\" content=\"1\u00a0Minute\" \/>\n<!-- \/ Yoast SEO plugin. -->","yoast_head_json":{"title":"REVOLAX\u2122 SUB-Q mit Lidocain online kaufen","description":"Kaufen Sie Revolax Sub-Q mit Lidocain online f\u00fcr eine effektive Behandlung tiefer Falten sowie zur Wangenaugmentation und Gesichtskonturierung","robots":{"index":"index","follow":"follow","max-snippet":"max-snippet:-1","max-image-preview":"max-image-preview:large","max-video-preview":"max-video-preview:-1"},"canonical":"https:\/\/kinamihealth.com\/de\/wp-json\/wp\/v2\/product\/114902","og_locale":"de_DE","og_type":"article","og_title":"REVOLAX\u2122 SUB-Q mit Lidocain online kaufen","og_description":"Kaufen Sie Revolax Sub-Q mit Lidocain online f\u00fcr eine effektive Behandlung tiefer Falten sowie zur Wangenaugmentation und Gesichtskonturierung","og_url":"https:\/\/kinamihealth.com\/de\/product\/revolax-sub-q-with-lidocaine\/","og_site_name":"Kinami Health","article_modified_time":"2025-09-25T15:39:35+00:00","og_image":[{"width":800,"height":800,"url":"https:\/\/kinamihealth.com\/wp-content\/uploads\/2025\/02\/REVOLAX-SUBQ-LIDOCAINE-01.jpg.jpg","type":"image\/jpeg"}],"twitter_card":"summary_large_image","twitter_misc":{"Gesch\u00e4tzte Lesezeit":"1\u00a0Minute"},"schema":{"@context":"https:\/\/schema.org","@graph":[{"@type":"WebPage","@id":"https:\/\/kinamihealth.com\/de\/product\/revolax-sub-q-with-lidocaine\/","url":"https:\/\/kinamihealth.com\/de\/product\/revolax-sub-q-with-lidocaine\/","name":"REVOLAX\u2122 SUB-Q mit Lidocain online kaufen","isPartOf":{"@id":"https:\/\/kinamihealth.com\/#website"},"primaryImageOfPage":{"@id":"https:\/\/kinamihealth.com\/de\/product\/revolax-sub-q-with-lidocaine\/#primaryimage"},"image":{"@id":"https:\/\/kinamihealth.com\/de\/product\/revolax-sub-q-with-lidocaine\/#primaryimage"},"thumbnailUrl":"https:\/\/kinamihealth.com\/wp-content\/uploads\/2025\/02\/REVOLAX-SUBQ-LIDOCAINE-01.jpg.jpg","datePublished":"2025-09-25T13:26:47+00:00","dateModified":"2025-09-25T15:39:35+00:00","description":"Kaufen Sie Revolax Sub-Q mit Lidocain online f\u00fcr eine effektive Behandlung tiefer Falten sowie zur Wangenaugmentation und Gesichtskonturierung","breadcrumb":{"@id":"https:\/\/kinamihealth.com\/de\/product\/revolax-sub-q-with-lidocaine\/#breadcrumb"},"inLanguage":"de","potentialAction":[{"@type":"ReadAction","target":["https:\/\/kinamihealth.com\/de\/product\/revolax-sub-q-with-lidocaine\/"]}]},{"@type":"ImageObject","inLanguage":"de","@id":"https:\/\/kinamihealth.com\/de\/product\/revolax-sub-q-with-lidocaine\/#primaryimage","url":"https:\/\/kinamihealth.com\/wp-content\/uploads\/2025\/02\/REVOLAX-SUBQ-LIDOCAINE-01.jpg.jpg","contentUrl":"https:\/\/kinamihealth.com\/wp-content\/uploads\/2025\/02\/REVOLAX-SUBQ-LIDOCAINE-01.jpg.jpg","width":800,"height":800},{"@type":"BreadcrumbList","@id":"https:\/\/kinamihealth.com\/de\/product\/revolax-sub-q-with-lidocaine\/#breadcrumb","itemListElement":[{"@type":"ListItem","position":1,"name":"Startseite","item":"https:\/\/kinamihealth.com\/"},{"@type":"ListItem","position":2,"name":"Shop","item":"https:\/\/kinamihealth.com\/shop\/"},{"@type":"ListItem","position":3,"name":"REVOLAX\u2122 SUB-Q mit Lidocain"}]},{"@type":"WebSite","@id":"https:\/\/kinamihealth.com\/#website","url":"https:\/\/kinamihealth.com\/","name":"Kinami Health","description":"","publisher":{"@id":"https:\/\/kinamihealth.com\/#organization"},"potentialAction":[{"@type":"SearchAction","target":{"@type":"EntryPoint","urlTemplate":"https:\/\/kinamihealth.com\/?s={search_term_string}"},"query-input":{"@type":"PropertyValueSpecification","valueRequired":true,"valueName":"search_term_string"}}],"inLanguage":"de"},{"@type":"Organization","@id":"https:\/\/kinamihealth.com\/#organization","name":"Kinami Health","url":"https:\/\/kinamihealth.com\/","logo":{"@type":"ImageObject","inLanguage":"de","@id":"https:\/\/kinamihealth.com\/#\/schema\/logo\/image\/","url":"https:\/\/kinamihealth.com\/wp-content\/uploads\/2025\/01\/KH_logo_black_2-1.png","contentUrl":"https:\/\/kinamihealth.com\/wp-content\/uploads\/2025\/01\/KH_logo_black_2-1.png","width":339,"height":34,"caption":"Kinami Health"},"image":{"@id":"https:\/\/kinamihealth.com\/#\/schema\/logo\/image\/"}}]}},"_links":{"self":[{"href":"https:\/\/kinamihealth.com\/de\/wp-json\/wp\/v2\/product\/114902","targetHints":{"allow":["GET"]}}],"collection":[{"href":"https:\/\/kinamihealth.com\/de\/wp-json\/wp\/v2\/product"}],"about":[{"href":"https:\/\/kinamihealth.com\/de\/wp-json\/wp\/v2\/types\/product"}],"replies":[{"embeddable":true,"href":"https:\/\/kinamihealth.com\/de\/wp-json\/wp\/v2\/comments?post=114902"}],"version-history":[{"count":0,"href":"https:\/\/kinamihealth.com\/de\/wp-json\/wp\/v2\/product\/114902\/revisions"}],"wp:featuredmedia":[{"embeddable":true,"href":"https:\/\/kinamihealth.com\/de\/wp-json\/wp\/v2\/media\/101493"}],"wp:attachment":[{"href":"https:\/\/kinamihealth.com\/de\/wp-json\/wp\/v2\/media?parent=114902"}],"wp:term":[{"taxonomy":"product_brand","embeddable":true,"href":"https:\/\/kinamihealth.com\/de\/wp-json\/wp\/v2\/product_brand?post=114902"},{"taxonomy":"product_cat","embeddable":true,"href":"https:\/\/kinamihealth.com\/de\/wp-json\/wp\/v2\/product_cat?post=114902"},{"taxonomy":"product_tag","embeddable":true,"href":"https:\/\/kinamihealth.com\/de\/wp-json\/wp\/v2\/product_tag?post=114902"}],"curies":[{"name":"wp","href":"https:\/\/api.w.org\/{rel}","templated":true}]}}