{"id":114892,"date":"2025-09-25T13:05:50","date_gmt":"2025-09-25T13:05:50","guid":{"rendered":"https:\/\/kinamihealth.com\/?post_type=product&#038;p=114892"},"modified":"2025-09-25T13:11:57","modified_gmt":"2025-09-25T13:11:57","slug":"revofil-aquashine-br-soft-filler-2ml-x-1-pre-filled-syringe","status":"publish","type":"product","link":"https:\/\/kinamihealth.com\/de\/produkt\/revofil-aquashine-br-soft-filler-2ml-x-1-pre-filled-syringe\/","title":{"rendered":"REVOFIL\u2122 AQUASHINE BR SOFT FILLER"},"content":{"rendered":"<p><span style=\"font-weight: 400;\">Erleben Sie mit Revofil Aquashine BR Soft Filler eine neue Dimension der Hautverj\u00fcngung \u2013 eine innovative <\/span><b>Kombination aus Hautf\u00fcller und Mesotherapie-Injektion<\/b><span style=\"font-weight: 400;\">.<\/span><\/p>\n<p><span style=\"font-weight: 400;\">Dank <\/span><b>nicht vernetzter Hyalurons\u00e4ure<\/b><span style=\"font-weight: 400;\">, bioaktiven Peptiden, Aminos\u00e4uren, Vitaminen und essenziellen Mineralien geht Revofil Aquashine BR Soft Filler \u00fcber herk\u00f6mmliche Filler hinaus, indem es nicht nur verlorenes Volumen wiederherstellt, sondern auch <\/span><b>aktiv die Kollagenproduktion anregt<\/b><span style=\"font-weight: 400;\">. Das Ergebnis? <\/span><b>Eine prallere, straffere und wundersch\u00f6n verj\u00fcngte Haut<\/b><span style=\"font-weight: 400;\"> mit lang anhaltender Feuchtigkeit und Ausstrahlung.<\/span><\/p>\n<p><b>Exklusiv f\u00fcr zugelassene \u00c4rzte<\/b><span style=\"font-weight: 400;\"> erh\u00e4ltlich, k\u00f6nnen medizinische Fachkr\u00e4fte Revofil Aquashine BR Soft Filler online im<\/span><b> Kinami Health Shop <\/b><span style=\"font-weight: 400;\">kaufen \u2013 Ihrer vertrauensw\u00fcrdigen Quelle f\u00fcr hochwertige <\/span><b>\u00e4sthetische und Hautf\u00fcller-L\u00f6sungen<\/b><span style=\"font-weight: 400;\">.<\/span><\/p>\n","protected":false},"excerpt":{"rendered":"<p>Erleben Sie mit Revofil Aquashine BR Soft Filler eine neue Dimension der Hautverj\u00fcngung \u2013 eine innovative Kombination aus Hautf\u00fcller und Mesotherapie-Injektion. Dank nicht vernetzter Hyalurons\u00e4ure, bioaktiven Peptiden, Aminos\u00e4uren, Vitaminen und essenziellen Mineralien geht Revofil Aquashine BR Soft Filler \u00fcber herk\u00f6mmliche Filler hinaus, indem es nicht nur verlorenes Volumen wiederherstellt, sondern auch aktiv die Kollagenproduktion anregt. [&hellip;]<\/p>\n","protected":false},"featured_media":101477,"comment_status":"closed","ping_status":"closed","template":"","meta":{"_acf_changed":false,"inline_featured_image":false},"product_brand":[2154],"product_cat":[2023],"product_tag":[2144],"class_list":{"0":"post-114892","1":"product","2":"type-product","3":"status-publish","4":"has-post-thumbnail","6":"product_brand-revofil","7":"product_cat-filler","8":"product_tag-medical-devices-de","10":"first","11":"instock","12":"taxable","13":"shipping-taxable","14":"purchasable","15":"product-type-simple","16":"add-to-wishlist-before_image"},"acf":[],"yoast_head":"<!-- This site is optimized with the Yoast SEO plugin v27.5 - https:\/\/yoast.com\/product\/yoast-seo-wordpress\/ -->\n<title>Revofil Aquashine BR Soft Filler online kaufen \u2013 F\u00fcr jugendlich strahlende Haut<\/title>\n<meta name=\"description\" content=\"Revofil Aquashine BR Soft Filler online kaufen f\u00fcr intensive Feuchtigkeitszufuhr, sichtbare Hautverj\u00fcngung und Anti-Aging-Wirkung. F\u00fcr Fachleute bei Kinami Health erh\u00e4ltlich.\" \/>\n<meta name=\"robots\" content=\"index, follow, max-snippet:-1, max-image-preview:large, max-video-preview:-1\" \/>\n<link rel=\"canonical\" href=\"https:\/\/kinamihealth.com\/de\/wp-json\/wp\/v2\/product\/114892\" \/>\n<meta property=\"og:locale\" content=\"de_DE\" \/>\n<meta property=\"og:type\" content=\"article\" \/>\n<meta property=\"og:title\" content=\"Revofil Aquashine BR Soft Filler online kaufen \u2013 F\u00fcr jugendlich strahlende Haut\" \/>\n<meta property=\"og:description\" content=\"Revofil Aquashine BR Soft Filler online kaufen f\u00fcr intensive Feuchtigkeitszufuhr, sichtbare Hautverj\u00fcngung und Anti-Aging-Wirkung. F\u00fcr Fachleute bei Kinami Health erh\u00e4ltlich.\" \/>\n<meta property=\"og:url\" content=\"https:\/\/kinamihealth.com\/de\/product\/revofil-aquashine-br-soft-filler-2ml-x-1-pre-filled-syringe\/\" \/>\n<meta property=\"og:site_name\" content=\"Kinami Health\" \/>\n<meta property=\"article:modified_time\" content=\"2025-09-25T13:11:57+00:00\" \/>\n<meta property=\"og:image\" content=\"https:\/\/kinamihealth.com\/wp-content\/uploads\/2025\/02\/REVOFIL-AQUASHINE-SOFTFILLER-2ML-01-1.jpg\" \/>\n\t<meta property=\"og:image:width\" content=\"800\" \/>\n\t<meta property=\"og:image:height\" content=\"800\" \/>\n\t<meta property=\"og:image:type\" content=\"image\/jpeg\" \/>\n<meta name=\"twitter:card\" content=\"summary_large_image\" \/>\n<meta name=\"twitter:label1\" content=\"Gesch\u00e4tzte Lesezeit\" \/>\n\t<meta name=\"twitter:data1\" content=\"1\u00a0Minute\" \/>\n<!-- \/ Yoast SEO plugin. -->","yoast_head_json":{"title":"Revofil Aquashine BR Soft Filler online kaufen \u2013 F\u00fcr jugendlich strahlende Haut","description":"Revofil Aquashine BR Soft Filler online kaufen f\u00fcr intensive Feuchtigkeitszufuhr, sichtbare Hautverj\u00fcngung und Anti-Aging-Wirkung. F\u00fcr Fachleute bei Kinami Health erh\u00e4ltlich.","robots":{"index":"index","follow":"follow","max-snippet":"max-snippet:-1","max-image-preview":"max-image-preview:large","max-video-preview":"max-video-preview:-1"},"canonical":"https:\/\/kinamihealth.com\/de\/wp-json\/wp\/v2\/product\/114892","og_locale":"de_DE","og_type":"article","og_title":"Revofil Aquashine BR Soft Filler online kaufen \u2013 F\u00fcr jugendlich strahlende Haut","og_description":"Revofil Aquashine BR Soft Filler online kaufen f\u00fcr intensive Feuchtigkeitszufuhr, sichtbare Hautverj\u00fcngung und Anti-Aging-Wirkung. F\u00fcr Fachleute bei Kinami Health erh\u00e4ltlich.","og_url":"https:\/\/kinamihealth.com\/de\/product\/revofil-aquashine-br-soft-filler-2ml-x-1-pre-filled-syringe\/","og_site_name":"Kinami Health","article_modified_time":"2025-09-25T13:11:57+00:00","og_image":[{"width":800,"height":800,"url":"https:\/\/kinamihealth.com\/wp-content\/uploads\/2025\/02\/REVOFIL-AQUASHINE-SOFTFILLER-2ML-01-1.jpg","type":"image\/jpeg"}],"twitter_card":"summary_large_image","twitter_misc":{"Gesch\u00e4tzte Lesezeit":"1\u00a0Minute"},"schema":{"@context":"https:\/\/schema.org","@graph":[{"@type":"WebPage","@id":"https:\/\/kinamihealth.com\/de\/product\/revofil-aquashine-br-soft-filler-2ml-x-1-pre-filled-syringe\/","url":"https:\/\/kinamihealth.com\/de\/product\/revofil-aquashine-br-soft-filler-2ml-x-1-pre-filled-syringe\/","name":"Revofil Aquashine BR Soft Filler online kaufen \u2013 F\u00fcr jugendlich strahlende Haut","isPartOf":{"@id":"https:\/\/kinamihealth.com\/#website"},"primaryImageOfPage":{"@id":"https:\/\/kinamihealth.com\/de\/product\/revofil-aquashine-br-soft-filler-2ml-x-1-pre-filled-syringe\/#primaryimage"},"image":{"@id":"https:\/\/kinamihealth.com\/de\/product\/revofil-aquashine-br-soft-filler-2ml-x-1-pre-filled-syringe\/#primaryimage"},"thumbnailUrl":"https:\/\/kinamihealth.com\/wp-content\/uploads\/2025\/02\/REVOFIL-AQUASHINE-SOFTFILLER-2ML-01-1.jpg","datePublished":"2025-09-25T13:05:50+00:00","dateModified":"2025-09-25T13:11:57+00:00","description":"Revofil Aquashine BR Soft Filler online kaufen f\u00fcr intensive Feuchtigkeitszufuhr, sichtbare Hautverj\u00fcngung und Anti-Aging-Wirkung. F\u00fcr Fachleute bei Kinami Health erh\u00e4ltlich.","breadcrumb":{"@id":"https:\/\/kinamihealth.com\/de\/product\/revofil-aquashine-br-soft-filler-2ml-x-1-pre-filled-syringe\/#breadcrumb"},"inLanguage":"de","potentialAction":[{"@type":"ReadAction","target":["https:\/\/kinamihealth.com\/de\/product\/revofil-aquashine-br-soft-filler-2ml-x-1-pre-filled-syringe\/"]}]},{"@type":"ImageObject","inLanguage":"de","@id":"https:\/\/kinamihealth.com\/de\/product\/revofil-aquashine-br-soft-filler-2ml-x-1-pre-filled-syringe\/#primaryimage","url":"https:\/\/kinamihealth.com\/wp-content\/uploads\/2025\/02\/REVOFIL-AQUASHINE-SOFTFILLER-2ML-01-1.jpg","contentUrl":"https:\/\/kinamihealth.com\/wp-content\/uploads\/2025\/02\/REVOFIL-AQUASHINE-SOFTFILLER-2ML-01-1.jpg","width":800,"height":800},{"@type":"BreadcrumbList","@id":"https:\/\/kinamihealth.com\/de\/product\/revofil-aquashine-br-soft-filler-2ml-x-1-pre-filled-syringe\/#breadcrumb","itemListElement":[{"@type":"ListItem","position":1,"name":"Startseite","item":"https:\/\/kinamihealth.com\/"},{"@type":"ListItem","position":2,"name":"Shop","item":"https:\/\/kinamihealth.com\/shop\/"},{"@type":"ListItem","position":3,"name":"REVOFIL\u2122 AQUASHINE BR SOFT FILLER"}]},{"@type":"WebSite","@id":"https:\/\/kinamihealth.com\/#website","url":"https:\/\/kinamihealth.com\/","name":"Kinami Health","description":"","publisher":{"@id":"https:\/\/kinamihealth.com\/#organization"},"potentialAction":[{"@type":"SearchAction","target":{"@type":"EntryPoint","urlTemplate":"https:\/\/kinamihealth.com\/?s={search_term_string}"},"query-input":{"@type":"PropertyValueSpecification","valueRequired":true,"valueName":"search_term_string"}}],"inLanguage":"de"},{"@type":"Organization","@id":"https:\/\/kinamihealth.com\/#organization","name":"Kinami Health","url":"https:\/\/kinamihealth.com\/","logo":{"@type":"ImageObject","inLanguage":"de","@id":"https:\/\/kinamihealth.com\/#\/schema\/logo\/image\/","url":"https:\/\/kinamihealth.com\/wp-content\/uploads\/2025\/01\/KH_logo_black_2-1.png","contentUrl":"https:\/\/kinamihealth.com\/wp-content\/uploads\/2025\/01\/KH_logo_black_2-1.png","width":339,"height":34,"caption":"Kinami Health"},"image":{"@id":"https:\/\/kinamihealth.com\/#\/schema\/logo\/image\/"}}]}},"_links":{"self":[{"href":"https:\/\/kinamihealth.com\/de\/wp-json\/wp\/v2\/product\/114892","targetHints":{"allow":["GET"]}}],"collection":[{"href":"https:\/\/kinamihealth.com\/de\/wp-json\/wp\/v2\/product"}],"about":[{"href":"https:\/\/kinamihealth.com\/de\/wp-json\/wp\/v2\/types\/product"}],"replies":[{"embeddable":true,"href":"https:\/\/kinamihealth.com\/de\/wp-json\/wp\/v2\/comments?post=114892"}],"version-history":[{"count":0,"href":"https:\/\/kinamihealth.com\/de\/wp-json\/wp\/v2\/product\/114892\/revisions"}],"wp:featuredmedia":[{"embeddable":true,"href":"https:\/\/kinamihealth.com\/de\/wp-json\/wp\/v2\/media\/101477"}],"wp:attachment":[{"href":"https:\/\/kinamihealth.com\/de\/wp-json\/wp\/v2\/media?parent=114892"}],"wp:term":[{"taxonomy":"product_brand","embeddable":true,"href":"https:\/\/kinamihealth.com\/de\/wp-json\/wp\/v2\/product_brand?post=114892"},{"taxonomy":"product_cat","embeddable":true,"href":"https:\/\/kinamihealth.com\/de\/wp-json\/wp\/v2\/product_cat?post=114892"},{"taxonomy":"product_tag","embeddable":true,"href":"https:\/\/kinamihealth.com\/de\/wp-json\/wp\/v2\/product_tag?post=114892"}],"curies":[{"name":"wp","href":"https:\/\/api.w.org\/{rel}","templated":true}]}}