{"id":114876,"date":"2025-09-25T07:49:14","date_gmt":"2025-09-25T07:49:14","guid":{"rendered":"https:\/\/kinamihealth.com\/?post_type=product&#038;p=114876"},"modified":"2025-09-25T16:49:24","modified_gmt":"2025-09-25T16:49:24","slug":"restylane-skinboosters-vital-light-with-lidocaine","status":"publish","type":"product","link":"https:\/\/kinamihealth.com\/de\/produkt\/restylane-skinboosters-vital-light-with-lidocaine\/","title":{"rendered":"RESTYLANE\u00ae SKINBOOSTERS\u2122 VITAL LIGHT mit Lidocain"},"content":{"rendered":"<p><span style=\"font-weight: 400;\">Restylane Skinboosters Vital Light mit Lidocain ist ein innovativer <\/span><b>Hautbooster<\/b><span style=\"font-weight: 400;\">, der die <\/span><b>Hautfeuchtigkeit<\/b><span style=\"font-weight: 400;\">, Hautstruktur und Spannkraft von innen heraus st\u00e4rkt. Die Formel mit <\/span><b>nicht-tierischer stabilisierter Hyalurons\u00e4ure (NASHA)<\/b><span style=\"font-weight: 400;\"> dringt tief in die Haut ein, um Feuchtigkeit und Elastizit\u00e4t wiederherzustellen und gleichzeitig f\u00fcr eine subtile Verj\u00fcngung zu sorgen. Der Zusatz von <\/span><b>Lidocain<\/b><span style=\"font-weight: 400;\"> sorgt f\u00fcr ein angenehmeres Behandlungserlebnis. Es wurde speziell f\u00fcr empfindliche Bereiche wie <\/span><b>Gesicht<\/b><span style=\"font-weight: 400;\">, <\/span><b>Hals<\/b><span style=\"font-weight: 400;\">, <\/span><b>Dekollet\u00e9<\/b><span style=\"font-weight: 400;\"> und <\/span><b>H\u00e4nde<\/b><span style=\"font-weight: 400;\"> entwickelt und bietet eine sanfte, aber wirksame L\u00f6sung zur Verbesserung der allgemeinen Hautqualit\u00e4t und des Hautbildes.<\/span><\/p>\n","protected":false},"excerpt":{"rendered":"<p>Restylane Skinboosters Vital Light mit Lidocain ist ein innovativer Hautbooster, der die Hautfeuchtigkeit, Hautstruktur und Spannkraft von innen heraus st\u00e4rkt. Die Formel mit nicht-tierischer stabilisierter Hyalurons\u00e4ure (NASHA) dringt tief in die Haut ein, um Feuchtigkeit und Elastizit\u00e4t wiederherzustellen und gleichzeitig f\u00fcr eine subtile Verj\u00fcngung zu sorgen. Der Zusatz von Lidocain sorgt f\u00fcr ein angenehmeres Behandlungserlebnis. [&hellip;]<\/p>\n","protected":false},"featured_media":101411,"comment_status":"closed","ping_status":"closed","template":"","meta":{"_acf_changed":false,"inline_featured_image":false},"product_brand":[2152],"product_cat":[2023],"product_tag":[2144],"class_list":{"0":"post-114876","1":"product","2":"type-product","3":"status-publish","4":"has-post-thumbnail","6":"product_brand-restylane","7":"product_cat-filler","8":"product_tag-medical-devices-de","10":"first","11":"instock","12":"taxable","13":"shipping-taxable","14":"purchasable","15":"product-type-simple","16":"add-to-wishlist-before_image"},"acf":[],"yoast_head":"<!-- This site is optimized with the Yoast SEO plugin v27.5 - https:\/\/yoast.com\/product\/yoast-seo-wordpress\/ -->\n<title>RESTYLANE\u00ae SKINBOOSTERS\u2122 VITAL LIGHT mit Lidocain online kaufen \u2013 bei Kinami Health<\/title>\n<meta name=\"description\" content=\"Restylane Skinboosters Vital Light mit Lidocain online kaufen \u2013 der sanfte Hautbooster auf Hyalurons\u00e4urebasis f\u00fcr mehr Feuchtigkeit, Elastizit\u00e4t und ein frisches, strahlendes Hautbild. Ideal f\u00fcr empfindliche Zonen \u2013 mit minimaler Ausfallzeit.\" \/>\n<meta name=\"robots\" content=\"index, follow, max-snippet:-1, max-image-preview:large, max-video-preview:-1\" \/>\n<link rel=\"canonical\" href=\"https:\/\/kinamihealth.com\/de\/wp-json\/wp\/v2\/product\/114876\" \/>\n<meta property=\"og:locale\" content=\"de_DE\" \/>\n<meta property=\"og:type\" content=\"article\" \/>\n<meta property=\"og:title\" content=\"RESTYLANE\u00ae SKINBOOSTERS\u2122 VITAL LIGHT mit Lidocain online kaufen \u2013 bei Kinami Health\" \/>\n<meta property=\"og:description\" content=\"Restylane Skinboosters Vital Light mit Lidocain online kaufen \u2013 der sanfte Hautbooster auf Hyalurons\u00e4urebasis f\u00fcr mehr Feuchtigkeit, Elastizit\u00e4t und ein frisches, strahlendes Hautbild. Ideal f\u00fcr empfindliche Zonen \u2013 mit minimaler Ausfallzeit.\" \/>\n<meta property=\"og:url\" content=\"https:\/\/kinamihealth.com\/de\/product\/restylane-skinboosters-vital-light-with-lidocaine\/\" \/>\n<meta property=\"og:site_name\" content=\"Kinami Health\" \/>\n<meta property=\"article:modified_time\" content=\"2025-09-25T16:49:24+00:00\" \/>\n<meta property=\"og:image\" content=\"https:\/\/kinamihealth.com\/wp-content\/uploads\/2025\/02\/GALDERMA-RESTYLANE-SKINBOOSTERS-VITALLIGHT-1.5ML-01.jpg\" \/>\n\t<meta property=\"og:image:width\" content=\"800\" \/>\n\t<meta property=\"og:image:height\" content=\"800\" \/>\n\t<meta property=\"og:image:type\" content=\"image\/jpeg\" \/>\n<meta name=\"twitter:card\" content=\"summary_large_image\" \/>\n<meta name=\"twitter:label1\" content=\"Gesch\u00e4tzte Lesezeit\" \/>\n\t<meta name=\"twitter:data1\" content=\"1\u00a0Minute\" \/>\n<!-- \/ Yoast SEO plugin. -->","yoast_head_json":{"title":"RESTYLANE\u00ae SKINBOOSTERS\u2122 VITAL LIGHT mit Lidocain online kaufen \u2013 bei Kinami Health","description":"Restylane Skinboosters Vital Light mit Lidocain online kaufen \u2013 der sanfte Hautbooster auf Hyalurons\u00e4urebasis f\u00fcr mehr Feuchtigkeit, Elastizit\u00e4t und ein frisches, strahlendes Hautbild. Ideal f\u00fcr empfindliche Zonen \u2013 mit minimaler Ausfallzeit.","robots":{"index":"index","follow":"follow","max-snippet":"max-snippet:-1","max-image-preview":"max-image-preview:large","max-video-preview":"max-video-preview:-1"},"canonical":"https:\/\/kinamihealth.com\/de\/wp-json\/wp\/v2\/product\/114876","og_locale":"de_DE","og_type":"article","og_title":"RESTYLANE\u00ae SKINBOOSTERS\u2122 VITAL LIGHT mit Lidocain online kaufen \u2013 bei Kinami Health","og_description":"Restylane Skinboosters Vital Light mit Lidocain online kaufen \u2013 der sanfte Hautbooster auf Hyalurons\u00e4urebasis f\u00fcr mehr Feuchtigkeit, Elastizit\u00e4t und ein frisches, strahlendes Hautbild. Ideal f\u00fcr empfindliche Zonen \u2013 mit minimaler Ausfallzeit.","og_url":"https:\/\/kinamihealth.com\/de\/product\/restylane-skinboosters-vital-light-with-lidocaine\/","og_site_name":"Kinami Health","article_modified_time":"2025-09-25T16:49:24+00:00","og_image":[{"width":800,"height":800,"url":"https:\/\/kinamihealth.com\/wp-content\/uploads\/2025\/02\/GALDERMA-RESTYLANE-SKINBOOSTERS-VITALLIGHT-1.5ML-01.jpg","type":"image\/jpeg"}],"twitter_card":"summary_large_image","twitter_misc":{"Gesch\u00e4tzte Lesezeit":"1\u00a0Minute"},"schema":{"@context":"https:\/\/schema.org","@graph":[{"@type":"WebPage","@id":"https:\/\/kinamihealth.com\/de\/product\/restylane-skinboosters-vital-light-with-lidocaine\/","url":"https:\/\/kinamihealth.com\/de\/product\/restylane-skinboosters-vital-light-with-lidocaine\/","name":"RESTYLANE\u00ae SKINBOOSTERS\u2122 VITAL LIGHT mit Lidocain online kaufen \u2013 bei Kinami Health","isPartOf":{"@id":"https:\/\/kinamihealth.com\/#website"},"primaryImageOfPage":{"@id":"https:\/\/kinamihealth.com\/de\/product\/restylane-skinboosters-vital-light-with-lidocaine\/#primaryimage"},"image":{"@id":"https:\/\/kinamihealth.com\/de\/product\/restylane-skinboosters-vital-light-with-lidocaine\/#primaryimage"},"thumbnailUrl":"https:\/\/kinamihealth.com\/wp-content\/uploads\/2025\/02\/GALDERMA-RESTYLANE-SKINBOOSTERS-VITALLIGHT-1.5ML-01.jpg","datePublished":"2025-09-25T07:49:14+00:00","dateModified":"2025-09-25T16:49:24+00:00","description":"Restylane Skinboosters Vital Light mit Lidocain online kaufen \u2013 der sanfte Hautbooster auf Hyalurons\u00e4urebasis f\u00fcr mehr Feuchtigkeit, Elastizit\u00e4t und ein frisches, strahlendes Hautbild. Ideal f\u00fcr empfindliche Zonen \u2013 mit minimaler Ausfallzeit.","breadcrumb":{"@id":"https:\/\/kinamihealth.com\/de\/product\/restylane-skinboosters-vital-light-with-lidocaine\/#breadcrumb"},"inLanguage":"de","potentialAction":[{"@type":"ReadAction","target":["https:\/\/kinamihealth.com\/de\/product\/restylane-skinboosters-vital-light-with-lidocaine\/"]}]},{"@type":"ImageObject","inLanguage":"de","@id":"https:\/\/kinamihealth.com\/de\/product\/restylane-skinboosters-vital-light-with-lidocaine\/#primaryimage","url":"https:\/\/kinamihealth.com\/wp-content\/uploads\/2025\/02\/GALDERMA-RESTYLANE-SKINBOOSTERS-VITALLIGHT-1.5ML-01.jpg","contentUrl":"https:\/\/kinamihealth.com\/wp-content\/uploads\/2025\/02\/GALDERMA-RESTYLANE-SKINBOOSTERS-VITALLIGHT-1.5ML-01.jpg","width":800,"height":800},{"@type":"BreadcrumbList","@id":"https:\/\/kinamihealth.com\/de\/product\/restylane-skinboosters-vital-light-with-lidocaine\/#breadcrumb","itemListElement":[{"@type":"ListItem","position":1,"name":"Startseite","item":"https:\/\/kinamihealth.com\/"},{"@type":"ListItem","position":2,"name":"Shop","item":"https:\/\/kinamihealth.com\/shop\/"},{"@type":"ListItem","position":3,"name":"RESTYLANE\u00ae SKINBOOSTERS\u2122 VITAL LIGHT mit Lidocain"}]},{"@type":"WebSite","@id":"https:\/\/kinamihealth.com\/#website","url":"https:\/\/kinamihealth.com\/","name":"Kinami Health","description":"","publisher":{"@id":"https:\/\/kinamihealth.com\/#organization"},"potentialAction":[{"@type":"SearchAction","target":{"@type":"EntryPoint","urlTemplate":"https:\/\/kinamihealth.com\/?s={search_term_string}"},"query-input":{"@type":"PropertyValueSpecification","valueRequired":true,"valueName":"search_term_string"}}],"inLanguage":"de"},{"@type":"Organization","@id":"https:\/\/kinamihealth.com\/#organization","name":"Kinami Health","url":"https:\/\/kinamihealth.com\/","logo":{"@type":"ImageObject","inLanguage":"de","@id":"https:\/\/kinamihealth.com\/#\/schema\/logo\/image\/","url":"https:\/\/kinamihealth.com\/wp-content\/uploads\/2025\/01\/KH_logo_black_2-1.png","contentUrl":"https:\/\/kinamihealth.com\/wp-content\/uploads\/2025\/01\/KH_logo_black_2-1.png","width":339,"height":34,"caption":"Kinami Health"},"image":{"@id":"https:\/\/kinamihealth.com\/#\/schema\/logo\/image\/"}}]}},"_links":{"self":[{"href":"https:\/\/kinamihealth.com\/de\/wp-json\/wp\/v2\/product\/114876","targetHints":{"allow":["GET"]}}],"collection":[{"href":"https:\/\/kinamihealth.com\/de\/wp-json\/wp\/v2\/product"}],"about":[{"href":"https:\/\/kinamihealth.com\/de\/wp-json\/wp\/v2\/types\/product"}],"replies":[{"embeddable":true,"href":"https:\/\/kinamihealth.com\/de\/wp-json\/wp\/v2\/comments?post=114876"}],"version-history":[{"count":0,"href":"https:\/\/kinamihealth.com\/de\/wp-json\/wp\/v2\/product\/114876\/revisions"}],"wp:featuredmedia":[{"embeddable":true,"href":"https:\/\/kinamihealth.com\/de\/wp-json\/wp\/v2\/media\/101411"}],"wp:attachment":[{"href":"https:\/\/kinamihealth.com\/de\/wp-json\/wp\/v2\/media?parent=114876"}],"wp:term":[{"taxonomy":"product_brand","embeddable":true,"href":"https:\/\/kinamihealth.com\/de\/wp-json\/wp\/v2\/product_brand?post=114876"},{"taxonomy":"product_cat","embeddable":true,"href":"https:\/\/kinamihealth.com\/de\/wp-json\/wp\/v2\/product_cat?post=114876"},{"taxonomy":"product_tag","embeddable":true,"href":"https:\/\/kinamihealth.com\/de\/wp-json\/wp\/v2\/product_tag?post=114876"}],"curies":[{"name":"wp","href":"https:\/\/api.w.org\/{rel}","templated":true}]}}