{"id":114873,"date":"2025-09-25T07:42:42","date_gmt":"2025-09-25T07:42:42","guid":{"rendered":"https:\/\/kinamihealth.com\/?post_type=product&#038;p=114873"},"modified":"2025-09-25T17:03:40","modified_gmt":"2025-09-25T17:03:40","slug":"restylane-kysse-with-lidocaine","status":"publish","type":"product","link":"https:\/\/kinamihealth.com\/de\/produkt\/restylane-kysse-with-lidocaine\/","title":{"rendered":"RESTYLANE\u00ae KYSSE mit Lidocain"},"content":{"rendered":"<p><span style=\"font-weight: 400;\">Restylane Kysse mit Lidocain ist ein hochwertiger injizierbarer Filler auf Hyalurons\u00e4urebasis der speziell zur Lippenvergr\u00f6\u00dferung und -auff\u00fcllung entwickelt wurde. Er enth\u00e4lt <\/span><b>Hyalurons\u00e4ure<\/b><span style=\"font-weight: 400;\">, die Feuchtigkeit spendet und f\u00fcr ein sanftes Lippenvolumen sorgt. Die <\/span><b>XpresHAn Technology\u2122<\/b><span style=\"font-weight: 400;\"> sorgt f\u00fcr mehr Flexibilit\u00e4t und nat\u00fcrliche Bewegungen der Lippen, sodass das Ergebnis nat\u00fcrlich aussieht und sich auch so anf\u00fchlt. Dieser Filler sorgt f\u00fcr ein glatteres, harmonischeres Erscheinungsbild und verst\u00e4rkt die Wirkung des Fillers f\u00fcr weiche, nat\u00fcrlich aussehende Lippen. <\/span><b>Lidocain<\/b><span style=\"font-weight: 400;\">, ein Lokalan\u00e4sthetikum, sorgt f\u00fcr eine angenehmere Injektion.<\/span><\/p>\n","protected":false},"excerpt":{"rendered":"<p>Restylane Kysse mit Lidocain ist ein hochwertiger injizierbarer Filler auf Hyalurons\u00e4urebasis der speziell zur Lippenvergr\u00f6\u00dferung und -auff\u00fcllung entwickelt wurde. Er enth\u00e4lt Hyalurons\u00e4ure, die Feuchtigkeit spendet und f\u00fcr ein sanftes Lippenvolumen sorgt. Die XpresHAn Technology\u2122 sorgt f\u00fcr mehr Flexibilit\u00e4t und nat\u00fcrliche Bewegungen der Lippen, sodass das Ergebnis nat\u00fcrlich aussieht und sich auch so anf\u00fchlt. Dieser Filler [&hellip;]<\/p>\n","protected":false},"featured_media":101396,"comment_status":"closed","ping_status":"closed","template":"","meta":{"_acf_changed":false,"inline_featured_image":false},"product_brand":[2152],"product_cat":[2023],"product_tag":[2144],"class_list":{"0":"post-114873","1":"product","2":"type-product","3":"status-publish","4":"has-post-thumbnail","6":"product_brand-restylane","7":"product_cat-filler","8":"product_tag-medical-devices-de","10":"first","11":"instock","12":"featured","13":"taxable","14":"shipping-taxable","15":"purchasable","16":"product-type-simple","17":"add-to-wishlist-before_image"},"acf":[],"yoast_head":"<!-- This site is optimized with the Yoast SEO plugin v27.5 - https:\/\/yoast.com\/product\/yoast-seo-wordpress\/ -->\n<title>RESTYLANE\u00ae KYSSE mit Lidocain online kaufen \u2013 bei Kinami Health<\/title>\n<meta name=\"description\" content=\"Restylane Kysse mit Lidocain online kaufen \u2013 der spezialisierte Lippenfiller f\u00fcr nat\u00fcrlich wirkendes Volumen, definierte Konturen und geschmeidige Bewegungen. Lang anhaltend und komfortabel in der Anwendung.\" \/>\n<meta name=\"robots\" content=\"index, follow, max-snippet:-1, max-image-preview:large, max-video-preview:-1\" \/>\n<link rel=\"canonical\" href=\"https:\/\/kinamihealth.com\/de\/wp-json\/wp\/v2\/product\/114873\" \/>\n<meta property=\"og:locale\" content=\"de_DE\" \/>\n<meta property=\"og:type\" content=\"article\" \/>\n<meta property=\"og:title\" content=\"RESTYLANE\u00ae KYSSE mit Lidocain online kaufen \u2013 bei Kinami Health\" \/>\n<meta property=\"og:description\" content=\"Restylane Kysse mit Lidocain online kaufen \u2013 der spezialisierte Lippenfiller f\u00fcr nat\u00fcrlich wirkendes Volumen, definierte Konturen und geschmeidige Bewegungen. Lang anhaltend und komfortabel in der Anwendung.\" \/>\n<meta property=\"og:url\" content=\"https:\/\/kinamihealth.com\/de\/product\/restylane-kysse-with-lidocaine\/\" \/>\n<meta property=\"og:site_name\" content=\"Kinami Health\" \/>\n<meta property=\"article:modified_time\" content=\"2025-09-25T17:03:40+00:00\" \/>\n<meta property=\"og:image\" content=\"https:\/\/kinamihealth.com\/wp-content\/uploads\/2025\/02\/GALDERMA-RESTYLANE-KYSSE-LIDOCAINE-1ML-01.jpg\" \/>\n\t<meta property=\"og:image:width\" content=\"800\" \/>\n\t<meta property=\"og:image:height\" content=\"800\" \/>\n\t<meta property=\"og:image:type\" content=\"image\/jpeg\" \/>\n<meta name=\"twitter:card\" content=\"summary_large_image\" \/>\n<meta name=\"twitter:label1\" content=\"Gesch\u00e4tzte Lesezeit\" \/>\n\t<meta name=\"twitter:data1\" content=\"1\u00a0Minute\" \/>\n<!-- \/ Yoast SEO plugin. -->","yoast_head_json":{"title":"RESTYLANE\u00ae KYSSE mit Lidocain online kaufen \u2013 bei Kinami Health","description":"Restylane Kysse mit Lidocain online kaufen \u2013 der spezialisierte Lippenfiller f\u00fcr nat\u00fcrlich wirkendes Volumen, definierte Konturen und geschmeidige Bewegungen. Lang anhaltend und komfortabel in der Anwendung.","robots":{"index":"index","follow":"follow","max-snippet":"max-snippet:-1","max-image-preview":"max-image-preview:large","max-video-preview":"max-video-preview:-1"},"canonical":"https:\/\/kinamihealth.com\/de\/wp-json\/wp\/v2\/product\/114873","og_locale":"de_DE","og_type":"article","og_title":"RESTYLANE\u00ae KYSSE mit Lidocain online kaufen \u2013 bei Kinami Health","og_description":"Restylane Kysse mit Lidocain online kaufen \u2013 der spezialisierte Lippenfiller f\u00fcr nat\u00fcrlich wirkendes Volumen, definierte Konturen und geschmeidige Bewegungen. Lang anhaltend und komfortabel in der Anwendung.","og_url":"https:\/\/kinamihealth.com\/de\/product\/restylane-kysse-with-lidocaine\/","og_site_name":"Kinami Health","article_modified_time":"2025-09-25T17:03:40+00:00","og_image":[{"width":800,"height":800,"url":"https:\/\/kinamihealth.com\/wp-content\/uploads\/2025\/02\/GALDERMA-RESTYLANE-KYSSE-LIDOCAINE-1ML-01.jpg","type":"image\/jpeg"}],"twitter_card":"summary_large_image","twitter_misc":{"Gesch\u00e4tzte Lesezeit":"1\u00a0Minute"},"schema":{"@context":"https:\/\/schema.org","@graph":[{"@type":"WebPage","@id":"https:\/\/kinamihealth.com\/de\/product\/restylane-kysse-with-lidocaine\/","url":"https:\/\/kinamihealth.com\/de\/product\/restylane-kysse-with-lidocaine\/","name":"RESTYLANE\u00ae KYSSE mit Lidocain online kaufen \u2013 bei Kinami Health","isPartOf":{"@id":"https:\/\/kinamihealth.com\/#website"},"primaryImageOfPage":{"@id":"https:\/\/kinamihealth.com\/de\/product\/restylane-kysse-with-lidocaine\/#primaryimage"},"image":{"@id":"https:\/\/kinamihealth.com\/de\/product\/restylane-kysse-with-lidocaine\/#primaryimage"},"thumbnailUrl":"https:\/\/kinamihealth.com\/wp-content\/uploads\/2025\/02\/GALDERMA-RESTYLANE-KYSSE-LIDOCAINE-1ML-01.jpg","datePublished":"2025-09-25T07:42:42+00:00","dateModified":"2025-09-25T17:03:40+00:00","description":"Restylane Kysse mit Lidocain online kaufen \u2013 der spezialisierte Lippenfiller f\u00fcr nat\u00fcrlich wirkendes Volumen, definierte Konturen und geschmeidige Bewegungen. Lang anhaltend und komfortabel in der Anwendung.","breadcrumb":{"@id":"https:\/\/kinamihealth.com\/de\/product\/restylane-kysse-with-lidocaine\/#breadcrumb"},"inLanguage":"de","potentialAction":[{"@type":"ReadAction","target":["https:\/\/kinamihealth.com\/de\/product\/restylane-kysse-with-lidocaine\/"]}]},{"@type":"ImageObject","inLanguage":"de","@id":"https:\/\/kinamihealth.com\/de\/product\/restylane-kysse-with-lidocaine\/#primaryimage","url":"https:\/\/kinamihealth.com\/wp-content\/uploads\/2025\/02\/GALDERMA-RESTYLANE-KYSSE-LIDOCAINE-1ML-01.jpg","contentUrl":"https:\/\/kinamihealth.com\/wp-content\/uploads\/2025\/02\/GALDERMA-RESTYLANE-KYSSE-LIDOCAINE-1ML-01.jpg","width":800,"height":800},{"@type":"BreadcrumbList","@id":"https:\/\/kinamihealth.com\/de\/product\/restylane-kysse-with-lidocaine\/#breadcrumb","itemListElement":[{"@type":"ListItem","position":1,"name":"Startseite","item":"https:\/\/kinamihealth.com\/"},{"@type":"ListItem","position":2,"name":"Shop","item":"https:\/\/kinamihealth.com\/shop\/"},{"@type":"ListItem","position":3,"name":"RESTYLANE\u00ae KYSSE mit Lidocain"}]},{"@type":"WebSite","@id":"https:\/\/kinamihealth.com\/#website","url":"https:\/\/kinamihealth.com\/","name":"Kinami Health","description":"","publisher":{"@id":"https:\/\/kinamihealth.com\/#organization"},"potentialAction":[{"@type":"SearchAction","target":{"@type":"EntryPoint","urlTemplate":"https:\/\/kinamihealth.com\/?s={search_term_string}"},"query-input":{"@type":"PropertyValueSpecification","valueRequired":true,"valueName":"search_term_string"}}],"inLanguage":"de"},{"@type":"Organization","@id":"https:\/\/kinamihealth.com\/#organization","name":"Kinami Health","url":"https:\/\/kinamihealth.com\/","logo":{"@type":"ImageObject","inLanguage":"de","@id":"https:\/\/kinamihealth.com\/#\/schema\/logo\/image\/","url":"https:\/\/kinamihealth.com\/wp-content\/uploads\/2025\/01\/KH_logo_black_2-1.png","contentUrl":"https:\/\/kinamihealth.com\/wp-content\/uploads\/2025\/01\/KH_logo_black_2-1.png","width":339,"height":34,"caption":"Kinami Health"},"image":{"@id":"https:\/\/kinamihealth.com\/#\/schema\/logo\/image\/"}}]}},"_links":{"self":[{"href":"https:\/\/kinamihealth.com\/de\/wp-json\/wp\/v2\/product\/114873","targetHints":{"allow":["GET"]}}],"collection":[{"href":"https:\/\/kinamihealth.com\/de\/wp-json\/wp\/v2\/product"}],"about":[{"href":"https:\/\/kinamihealth.com\/de\/wp-json\/wp\/v2\/types\/product"}],"replies":[{"embeddable":true,"href":"https:\/\/kinamihealth.com\/de\/wp-json\/wp\/v2\/comments?post=114873"}],"version-history":[{"count":0,"href":"https:\/\/kinamihealth.com\/de\/wp-json\/wp\/v2\/product\/114873\/revisions"}],"wp:featuredmedia":[{"embeddable":true,"href":"https:\/\/kinamihealth.com\/de\/wp-json\/wp\/v2\/media\/101396"}],"wp:attachment":[{"href":"https:\/\/kinamihealth.com\/de\/wp-json\/wp\/v2\/media?parent=114873"}],"wp:term":[{"taxonomy":"product_brand","embeddable":true,"href":"https:\/\/kinamihealth.com\/de\/wp-json\/wp\/v2\/product_brand?post=114873"},{"taxonomy":"product_cat","embeddable":true,"href":"https:\/\/kinamihealth.com\/de\/wp-json\/wp\/v2\/product_cat?post=114873"},{"taxonomy":"product_tag","embeddable":true,"href":"https:\/\/kinamihealth.com\/de\/wp-json\/wp\/v2\/product_tag?post=114873"}],"curies":[{"name":"wp","href":"https:\/\/api.w.org\/{rel}","templated":true}]}}