{"id":114657,"date":"2025-09-23T10:33:00","date_gmt":"2025-09-23T10:33:00","guid":{"rendered":"https:\/\/kinamihealth.com\/?post_type=product&#038;p=114657"},"modified":"2025-09-29T06:34:33","modified_gmt":"2025-09-29T06:34:33","slug":"profhilo-hl","status":"publish","type":"product","link":"https:\/\/kinamihealth.com\/de\/produkt\/profhilo-hl\/","title":{"rendered":"PROFHILO\u00ae H+L"},"content":{"rendered":"<p><b>Profhilo H+L<\/b><span style=\"font-weight: 400;\"> ist eine fortschrittliche <\/span><b>injizierbare L\u00f6sung<\/b><span style=\"font-weight: 400;\">, die eine <\/span><b>Formulierung aus Hyalurons\u00e4ure mit zwei Molekulargewichten <\/b><span style=\"font-weight: 400;\">kombiniert und f\u00fcr eine umfassende Hautrevitalisierung entwickelt wurde. Diese professionelle Behandlung sorgt f\u00fcr eine hervorragende <\/span><b>Feuchtigkeitsversorgung und Hauterneuerung<\/b><span style=\"font-weight: 400;\"> durch die innovative<\/span><b> Bio-\u00c4sthetik-Punkte-Technologie (BAP)<\/b><span style=\"font-weight: 400;\">, die speziell f\u00fcr zugelassene \u00c4rzte entwickelt wurde.<\/span><\/p>\n","protected":false},"excerpt":{"rendered":"<p>Profhilo H+L ist eine fortschrittliche injizierbare L\u00f6sung, die eine Formulierung aus Hyalurons\u00e4ure mit zwei Molekulargewichten kombiniert und f\u00fcr eine umfassende Hautrevitalisierung entwickelt wurde. Diese professionelle Behandlung sorgt f\u00fcr eine hervorragende Feuchtigkeitsversorgung und Hauterneuerung durch die innovative Bio-\u00c4sthetik-Punkte-Technologie (BAP), die speziell f\u00fcr zugelassene \u00c4rzte entwickelt wurde.<\/p>\n","protected":false},"featured_media":101303,"comment_status":"closed","ping_status":"closed","template":"","meta":{"_acf_changed":false,"inline_featured_image":false},"product_brand":[2146],"product_cat":[2023],"product_tag":[2144],"class_list":{"0":"post-114657","1":"product","2":"type-product","3":"status-publish","4":"has-post-thumbnail","6":"product_brand-profhilo","7":"product_cat-filler","8":"product_tag-medical-devices-de","10":"first","11":"instock","12":"taxable","13":"shipping-taxable","14":"purchasable","15":"product-type-simple","16":"add-to-wishlist-before_image"},"acf":[],"yoast_head":"<!-- This site is optimized with the Yoast SEO plugin v27.5 - https:\/\/yoast.com\/product\/yoast-seo-wordpress\/ -->\n<title>PROFHILO\u00ae H+L online kaufen \u2013 Premium-Hautverj\u00fcngung<\/title>\n<meta name=\"description\" content=\"Kaufen Sie PROFHILO\u00ae H+L online f\u00fcr eine fortschrittliche Hautverj\u00fcngung und bieten Sie Ihren Patienten eine der f\u00fchrenden Hyalurons\u00e4urebehandlungen.\" \/>\n<meta name=\"robots\" content=\"index, follow, max-snippet:-1, max-image-preview:large, max-video-preview:-1\" \/>\n<link rel=\"canonical\" href=\"https:\/\/kinamihealth.com\/de\/wp-json\/wp\/v2\/product\/114657\" \/>\n<meta property=\"og:locale\" content=\"de_DE\" \/>\n<meta property=\"og:type\" content=\"article\" \/>\n<meta property=\"og:title\" content=\"PROFHILO\u00ae H+L online kaufen \u2013 Premium-Hautverj\u00fcngung\" \/>\n<meta property=\"og:description\" content=\"Kaufen Sie PROFHILO\u00ae H+L online f\u00fcr eine fortschrittliche Hautverj\u00fcngung und bieten Sie Ihren Patienten eine der f\u00fchrenden Hyalurons\u00e4urebehandlungen.\" \/>\n<meta property=\"og:url\" content=\"https:\/\/kinamihealth.com\/de\/product\/profhilo-hl\/\" \/>\n<meta property=\"og:site_name\" content=\"Kinami Health\" \/>\n<meta property=\"article:modified_time\" content=\"2025-09-29T06:34:33+00:00\" \/>\n<meta property=\"og:image\" content=\"https:\/\/kinamihealth.com\/wp-content\/uploads\/2025\/02\/PROFHILO-HL-01.jpg\" \/>\n\t<meta property=\"og:image:width\" content=\"800\" \/>\n\t<meta property=\"og:image:height\" content=\"800\" \/>\n\t<meta property=\"og:image:type\" content=\"image\/jpeg\" \/>\n<meta name=\"twitter:card\" content=\"summary_large_image\" \/>\n<meta name=\"twitter:label1\" content=\"Gesch\u00e4tzte Lesezeit\" \/>\n\t<meta name=\"twitter:data1\" content=\"1\u00a0Minute\" \/>\n<!-- \/ Yoast SEO plugin. -->","yoast_head_json":{"title":"PROFHILO\u00ae H+L online kaufen \u2013 Premium-Hautverj\u00fcngung","description":"Kaufen Sie PROFHILO\u00ae H+L online f\u00fcr eine fortschrittliche Hautverj\u00fcngung und bieten Sie Ihren Patienten eine der f\u00fchrenden Hyalurons\u00e4urebehandlungen.","robots":{"index":"index","follow":"follow","max-snippet":"max-snippet:-1","max-image-preview":"max-image-preview:large","max-video-preview":"max-video-preview:-1"},"canonical":"https:\/\/kinamihealth.com\/de\/wp-json\/wp\/v2\/product\/114657","og_locale":"de_DE","og_type":"article","og_title":"PROFHILO\u00ae H+L online kaufen \u2013 Premium-Hautverj\u00fcngung","og_description":"Kaufen Sie PROFHILO\u00ae H+L online f\u00fcr eine fortschrittliche Hautverj\u00fcngung und bieten Sie Ihren Patienten eine der f\u00fchrenden Hyalurons\u00e4urebehandlungen.","og_url":"https:\/\/kinamihealth.com\/de\/product\/profhilo-hl\/","og_site_name":"Kinami Health","article_modified_time":"2025-09-29T06:34:33+00:00","og_image":[{"width":800,"height":800,"url":"https:\/\/kinamihealth.com\/wp-content\/uploads\/2025\/02\/PROFHILO-HL-01.jpg","type":"image\/jpeg"}],"twitter_card":"summary_large_image","twitter_misc":{"Gesch\u00e4tzte Lesezeit":"1\u00a0Minute"},"schema":{"@context":"https:\/\/schema.org","@graph":[{"@type":"WebPage","@id":"https:\/\/kinamihealth.com\/de\/product\/profhilo-hl\/","url":"https:\/\/kinamihealth.com\/de\/product\/profhilo-hl\/","name":"PROFHILO\u00ae H+L online kaufen \u2013 Premium-Hautverj\u00fcngung","isPartOf":{"@id":"https:\/\/kinamihealth.com\/#website"},"primaryImageOfPage":{"@id":"https:\/\/kinamihealth.com\/de\/product\/profhilo-hl\/#primaryimage"},"image":{"@id":"https:\/\/kinamihealth.com\/de\/product\/profhilo-hl\/#primaryimage"},"thumbnailUrl":"https:\/\/kinamihealth.com\/wp-content\/uploads\/2025\/02\/PROFHILO-HL-01.jpg","datePublished":"2025-09-23T10:33:00+00:00","dateModified":"2025-09-29T06:34:33+00:00","description":"Kaufen Sie PROFHILO\u00ae H+L online f\u00fcr eine fortschrittliche Hautverj\u00fcngung und bieten Sie Ihren Patienten eine der f\u00fchrenden Hyalurons\u00e4urebehandlungen.","breadcrumb":{"@id":"https:\/\/kinamihealth.com\/de\/product\/profhilo-hl\/#breadcrumb"},"inLanguage":"de","potentialAction":[{"@type":"ReadAction","target":["https:\/\/kinamihealth.com\/de\/product\/profhilo-hl\/"]}]},{"@type":"ImageObject","inLanguage":"de","@id":"https:\/\/kinamihealth.com\/de\/product\/profhilo-hl\/#primaryimage","url":"https:\/\/kinamihealth.com\/wp-content\/uploads\/2025\/02\/PROFHILO-HL-01.jpg","contentUrl":"https:\/\/kinamihealth.com\/wp-content\/uploads\/2025\/02\/PROFHILO-HL-01.jpg","width":800,"height":800},{"@type":"BreadcrumbList","@id":"https:\/\/kinamihealth.com\/de\/product\/profhilo-hl\/#breadcrumb","itemListElement":[{"@type":"ListItem","position":1,"name":"Startseite","item":"https:\/\/kinamihealth.com\/"},{"@type":"ListItem","position":2,"name":"Shop","item":"https:\/\/kinamihealth.com\/shop\/"},{"@type":"ListItem","position":3,"name":"PROFHILO\u00ae H+L"}]},{"@type":"WebSite","@id":"https:\/\/kinamihealth.com\/#website","url":"https:\/\/kinamihealth.com\/","name":"Kinami Health","description":"","publisher":{"@id":"https:\/\/kinamihealth.com\/#organization"},"potentialAction":[{"@type":"SearchAction","target":{"@type":"EntryPoint","urlTemplate":"https:\/\/kinamihealth.com\/?s={search_term_string}"},"query-input":{"@type":"PropertyValueSpecification","valueRequired":true,"valueName":"search_term_string"}}],"inLanguage":"de"},{"@type":"Organization","@id":"https:\/\/kinamihealth.com\/#organization","name":"Kinami Health","url":"https:\/\/kinamihealth.com\/","logo":{"@type":"ImageObject","inLanguage":"de","@id":"https:\/\/kinamihealth.com\/#\/schema\/logo\/image\/","url":"https:\/\/kinamihealth.com\/wp-content\/uploads\/2025\/01\/KH_logo_black_2-1.png","contentUrl":"https:\/\/kinamihealth.com\/wp-content\/uploads\/2025\/01\/KH_logo_black_2-1.png","width":339,"height":34,"caption":"Kinami Health"},"image":{"@id":"https:\/\/kinamihealth.com\/#\/schema\/logo\/image\/"}}]}},"_links":{"self":[{"href":"https:\/\/kinamihealth.com\/de\/wp-json\/wp\/v2\/product\/114657","targetHints":{"allow":["GET"]}}],"collection":[{"href":"https:\/\/kinamihealth.com\/de\/wp-json\/wp\/v2\/product"}],"about":[{"href":"https:\/\/kinamihealth.com\/de\/wp-json\/wp\/v2\/types\/product"}],"replies":[{"embeddable":true,"href":"https:\/\/kinamihealth.com\/de\/wp-json\/wp\/v2\/comments?post=114657"}],"version-history":[{"count":0,"href":"https:\/\/kinamihealth.com\/de\/wp-json\/wp\/v2\/product\/114657\/revisions"}],"wp:featuredmedia":[{"embeddable":true,"href":"https:\/\/kinamihealth.com\/de\/wp-json\/wp\/v2\/media\/101303"}],"wp:attachment":[{"href":"https:\/\/kinamihealth.com\/de\/wp-json\/wp\/v2\/media?parent=114657"}],"wp:term":[{"taxonomy":"product_brand","embeddable":true,"href":"https:\/\/kinamihealth.com\/de\/wp-json\/wp\/v2\/product_brand?post=114657"},{"taxonomy":"product_cat","embeddable":true,"href":"https:\/\/kinamihealth.com\/de\/wp-json\/wp\/v2\/product_cat?post=114657"},{"taxonomy":"product_tag","embeddable":true,"href":"https:\/\/kinamihealth.com\/de\/wp-json\/wp\/v2\/product_tag?post=114657"}],"curies":[{"name":"wp","href":"https:\/\/api.w.org\/{rel}","templated":true}]}}