{"id":114637,"date":"2025-09-22T14:44:19","date_gmt":"2025-09-22T14:44:19","guid":{"rendered":"https:\/\/kinamihealth.com\/?post_type=product&#038;p=114637"},"modified":"2025-09-29T10:20:52","modified_gmt":"2025-09-29T10:20:52","slug":"juvederm-ultra-4-with-lidocaine","status":"publish","type":"product","link":"https:\/\/kinamihealth.com\/de\/produkt\/juvederm-ultra-4-with-lidocaine\/","title":{"rendered":"JUVEDERM\u00ae ULTRA 4 mit Lidocain"},"content":{"rendered":"<p><span style=\"font-weight: 400;\">Juv\u00e9derm Ultra 4 ist ein <\/span><b>hochwertiger Filler auf Hyalurons\u00e4urebasis<\/b><span style=\"font-weight: 400;\">, der f\u00fcr tiefe Falten, Gesichtskonturierung und Volumenwiederherstellung entwickelt wurde. Es handelt sich um ein steriles, <\/span><b>nicht tierisches Gel mit Lidocain<\/b><span style=\"font-weight: 400;\"> f\u00fcr mehr Komfort f\u00fcr den Patienten. Dank seiner <\/span><b>hohen Vernetzungsdichte<\/b><span style=\"font-weight: 400;\"> bietet der Filler langanhaltende Ergebnisse und ausgezeichnete<\/span><b> Lifting-Eigenschaften.<\/b><\/p>\n","protected":false},"excerpt":{"rendered":"<p>Juv\u00e9derm Ultra 4 ist ein hochwertiger Filler auf Hyalurons\u00e4urebasis, der f\u00fcr tiefe Falten, Gesichtskonturierung und Volumenwiederherstellung entwickelt wurde. Es handelt sich um ein steriles, nicht tierisches Gel mit Lidocain f\u00fcr mehr Komfort f\u00fcr den Patienten. Dank seiner hohen Vernetzungsdichte bietet der Filler langanhaltende Ergebnisse und ausgezeichnete Lifting-Eigenschaften.<\/p>\n","protected":false},"featured_media":101104,"comment_status":"closed","ping_status":"closed","template":"","meta":{"_acf_changed":false,"inline_featured_image":false},"product_brand":[2069],"product_cat":[2023],"product_tag":[2144],"class_list":{"0":"post-114637","1":"product","2":"type-product","3":"status-publish","4":"has-post-thumbnail","6":"product_brand-juvederm","7":"product_cat-filler","8":"product_tag-medical-devices-de","10":"first","11":"instock","12":"taxable","13":"shipping-taxable","14":"purchasable","15":"product-type-simple","16":"add-to-wishlist-before_image"},"acf":[],"yoast_head":"<!-- This site is optimized with the Yoast SEO plugin v27.5 - https:\/\/yoast.com\/product\/yoast-seo-wordpress\/ -->\n<title>JUVEDERM\u00ae ULTRA 4 mit Lidocain online kaufen<\/title>\n<meta name=\"description\" content=\"Kaufen Sie Juvederm Ultra 4 online zur Behandlung tiefer Falten und zur Wiederherstellung des Gesichtsvolumens \u2013 mit Hyalurons\u00e4ure und Lidocain f\u00fcr mehr Komfort. Jetzt bei Kinami Health bestellen.\" \/>\n<meta name=\"robots\" content=\"index, follow, max-snippet:-1, max-image-preview:large, max-video-preview:-1\" \/>\n<link rel=\"canonical\" href=\"https:\/\/kinamihealth.com\/de\/wp-json\/wp\/v2\/product\/114637\" \/>\n<meta property=\"og:locale\" content=\"de_DE\" \/>\n<meta property=\"og:type\" content=\"article\" \/>\n<meta property=\"og:title\" content=\"JUVEDERM\u00ae ULTRA 4 mit Lidocain online kaufen\" \/>\n<meta property=\"og:description\" content=\"Kaufen Sie Juvederm Ultra 4 online zur Behandlung tiefer Falten und zur Wiederherstellung des Gesichtsvolumens \u2013 mit Hyalurons\u00e4ure und Lidocain f\u00fcr mehr Komfort. Jetzt bei Kinami Health bestellen.\" \/>\n<meta property=\"og:url\" content=\"https:\/\/kinamihealth.com\/de\/product\/juvederm-ultra-4-with-lidocaine\/\" \/>\n<meta property=\"og:site_name\" content=\"Kinami Health\" \/>\n<meta property=\"article:modified_time\" content=\"2025-09-29T10:20:52+00:00\" \/>\n<meta property=\"og:image\" content=\"https:\/\/kinamihealth.com\/wp-content\/uploads\/2025\/02\/JUVEDERM-ULTRA4-01.jpg\" \/>\n\t<meta property=\"og:image:width\" content=\"800\" \/>\n\t<meta property=\"og:image:height\" content=\"800\" \/>\n\t<meta property=\"og:image:type\" content=\"image\/jpeg\" \/>\n<meta name=\"twitter:card\" content=\"summary_large_image\" \/>\n<meta name=\"twitter:label1\" content=\"Gesch\u00e4tzte Lesezeit\" \/>\n\t<meta name=\"twitter:data1\" content=\"1\u00a0Minute\" \/>\n<!-- \/ Yoast SEO plugin. -->","yoast_head_json":{"title":"JUVEDERM\u00ae ULTRA 4 mit Lidocain online kaufen","description":"Kaufen Sie Juvederm Ultra 4 online zur Behandlung tiefer Falten und zur Wiederherstellung des Gesichtsvolumens \u2013 mit Hyalurons\u00e4ure und Lidocain f\u00fcr mehr Komfort. Jetzt bei Kinami Health bestellen.","robots":{"index":"index","follow":"follow","max-snippet":"max-snippet:-1","max-image-preview":"max-image-preview:large","max-video-preview":"max-video-preview:-1"},"canonical":"https:\/\/kinamihealth.com\/de\/wp-json\/wp\/v2\/product\/114637","og_locale":"de_DE","og_type":"article","og_title":"JUVEDERM\u00ae ULTRA 4 mit Lidocain online kaufen","og_description":"Kaufen Sie Juvederm Ultra 4 online zur Behandlung tiefer Falten und zur Wiederherstellung des Gesichtsvolumens \u2013 mit Hyalurons\u00e4ure und Lidocain f\u00fcr mehr Komfort. Jetzt bei Kinami Health bestellen.","og_url":"https:\/\/kinamihealth.com\/de\/product\/juvederm-ultra-4-with-lidocaine\/","og_site_name":"Kinami Health","article_modified_time":"2025-09-29T10:20:52+00:00","og_image":[{"width":800,"height":800,"url":"https:\/\/kinamihealth.com\/wp-content\/uploads\/2025\/02\/JUVEDERM-ULTRA4-01.jpg","type":"image\/jpeg"}],"twitter_card":"summary_large_image","twitter_misc":{"Gesch\u00e4tzte Lesezeit":"1\u00a0Minute"},"schema":{"@context":"https:\/\/schema.org","@graph":[{"@type":"WebPage","@id":"https:\/\/kinamihealth.com\/de\/product\/juvederm-ultra-4-with-lidocaine\/","url":"https:\/\/kinamihealth.com\/de\/product\/juvederm-ultra-4-with-lidocaine\/","name":"JUVEDERM\u00ae ULTRA 4 mit Lidocain online kaufen","isPartOf":{"@id":"https:\/\/kinamihealth.com\/#website"},"primaryImageOfPage":{"@id":"https:\/\/kinamihealth.com\/de\/product\/juvederm-ultra-4-with-lidocaine\/#primaryimage"},"image":{"@id":"https:\/\/kinamihealth.com\/de\/product\/juvederm-ultra-4-with-lidocaine\/#primaryimage"},"thumbnailUrl":"https:\/\/kinamihealth.com\/wp-content\/uploads\/2025\/02\/JUVEDERM-ULTRA4-01.jpg","datePublished":"2025-09-22T14:44:19+00:00","dateModified":"2025-09-29T10:20:52+00:00","description":"Kaufen Sie Juvederm Ultra 4 online zur Behandlung tiefer Falten und zur Wiederherstellung des Gesichtsvolumens \u2013 mit Hyalurons\u00e4ure und Lidocain f\u00fcr mehr Komfort. Jetzt bei Kinami Health bestellen.","breadcrumb":{"@id":"https:\/\/kinamihealth.com\/de\/product\/juvederm-ultra-4-with-lidocaine\/#breadcrumb"},"inLanguage":"de","potentialAction":[{"@type":"ReadAction","target":["https:\/\/kinamihealth.com\/de\/product\/juvederm-ultra-4-with-lidocaine\/"]}]},{"@type":"ImageObject","inLanguage":"de","@id":"https:\/\/kinamihealth.com\/de\/product\/juvederm-ultra-4-with-lidocaine\/#primaryimage","url":"https:\/\/kinamihealth.com\/wp-content\/uploads\/2025\/02\/JUVEDERM-ULTRA4-01.jpg","contentUrl":"https:\/\/kinamihealth.com\/wp-content\/uploads\/2025\/02\/JUVEDERM-ULTRA4-01.jpg","width":800,"height":800},{"@type":"BreadcrumbList","@id":"https:\/\/kinamihealth.com\/de\/product\/juvederm-ultra-4-with-lidocaine\/#breadcrumb","itemListElement":[{"@type":"ListItem","position":1,"name":"Startseite","item":"https:\/\/kinamihealth.com\/"},{"@type":"ListItem","position":2,"name":"Shop","item":"https:\/\/kinamihealth.com\/shop\/"},{"@type":"ListItem","position":3,"name":"JUVEDERM\u00ae ULTRA 4 mit Lidocain"}]},{"@type":"WebSite","@id":"https:\/\/kinamihealth.com\/#website","url":"https:\/\/kinamihealth.com\/","name":"Kinami Health","description":"","publisher":{"@id":"https:\/\/kinamihealth.com\/#organization"},"potentialAction":[{"@type":"SearchAction","target":{"@type":"EntryPoint","urlTemplate":"https:\/\/kinamihealth.com\/?s={search_term_string}"},"query-input":{"@type":"PropertyValueSpecification","valueRequired":true,"valueName":"search_term_string"}}],"inLanguage":"de"},{"@type":"Organization","@id":"https:\/\/kinamihealth.com\/#organization","name":"Kinami Health","url":"https:\/\/kinamihealth.com\/","logo":{"@type":"ImageObject","inLanguage":"de","@id":"https:\/\/kinamihealth.com\/#\/schema\/logo\/image\/","url":"https:\/\/kinamihealth.com\/wp-content\/uploads\/2025\/01\/KH_logo_black_2-1.png","contentUrl":"https:\/\/kinamihealth.com\/wp-content\/uploads\/2025\/01\/KH_logo_black_2-1.png","width":339,"height":34,"caption":"Kinami Health"},"image":{"@id":"https:\/\/kinamihealth.com\/#\/schema\/logo\/image\/"}}]}},"_links":{"self":[{"href":"https:\/\/kinamihealth.com\/de\/wp-json\/wp\/v2\/product\/114637","targetHints":{"allow":["GET"]}}],"collection":[{"href":"https:\/\/kinamihealth.com\/de\/wp-json\/wp\/v2\/product"}],"about":[{"href":"https:\/\/kinamihealth.com\/de\/wp-json\/wp\/v2\/types\/product"}],"replies":[{"embeddable":true,"href":"https:\/\/kinamihealth.com\/de\/wp-json\/wp\/v2\/comments?post=114637"}],"version-history":[{"count":0,"href":"https:\/\/kinamihealth.com\/de\/wp-json\/wp\/v2\/product\/114637\/revisions"}],"wp:featuredmedia":[{"embeddable":true,"href":"https:\/\/kinamihealth.com\/de\/wp-json\/wp\/v2\/media\/101104"}],"wp:attachment":[{"href":"https:\/\/kinamihealth.com\/de\/wp-json\/wp\/v2\/media?parent=114637"}],"wp:term":[{"taxonomy":"product_brand","embeddable":true,"href":"https:\/\/kinamihealth.com\/de\/wp-json\/wp\/v2\/product_brand?post=114637"},{"taxonomy":"product_cat","embeddable":true,"href":"https:\/\/kinamihealth.com\/de\/wp-json\/wp\/v2\/product_cat?post=114637"},{"taxonomy":"product_tag","embeddable":true,"href":"https:\/\/kinamihealth.com\/de\/wp-json\/wp\/v2\/product_tag?post=114637"}],"curies":[{"name":"wp","href":"https:\/\/api.w.org\/{rel}","templated":true}]}}