{"id":114623,"date":"2025-09-22T12:13:28","date_gmt":"2025-09-22T12:13:28","guid":{"rendered":"https:\/\/kinamihealth.com\/?post_type=product&#038;p=114623"},"modified":"2025-09-29T10:30:52","modified_gmt":"2025-09-29T10:30:52","slug":"intraline-spiral-s3038-30g-38mm-50mm","status":"publish","type":"product","link":"https:\/\/kinamihealth.com\/de\/produkt\/intraline-spiral-s3038-30g-38mm-50mm\/","title":{"rendered":"INTRALINE\u00ae SPIRAL S3038 &#8211; 30G 38mm\/50mm"},"content":{"rendered":"<p><span style=\"font-weight: 400;\">Intraline Spiral S3038 \u2013 30G 38 mm\/50 mm ist ein <\/span><b>hochwertiger PDO-Faden<\/b><span style=\"font-weight: 400;\">, der in der \u00e4sthetischen Medizin zur \u00e4sthetischen Hautverj\u00fcngung und Straffung eingesetzt wird.<\/span><\/p>\n<p><span style=\"font-weight: 400;\">Dieses Produkt besteht aus Polydioxanon, einem <\/span><b>biologisch abbaubaren und biokompatiblen Material<\/b><span style=\"font-weight: 400;\">, und wurde f\u00fcr die hautstraffende und festigende Behandlung ohne chirurgischen Eingriff entwickelt.<\/span><\/p>\n<p><span style=\"font-weight: 400;\">Medizinische Fachkr\u00e4fte k\u00f6nnen den Kinami Health Shop besuchen und <\/span><b>Intraline Spiral S3038 \u2013 30G 38 mm\/50 mm<\/b><span style=\"font-weight: 400;\"> mit schneller Lieferung und Sonderrabatten kaufen.<\/span><\/p>\n","protected":false},"excerpt":{"rendered":"<p>Intraline Spiral S3038 \u2013 30G 38 mm\/50 mm ist ein hochwertiger PDO-Faden, der in der \u00e4sthetischen Medizin zur \u00e4sthetischen Hautverj\u00fcngung und Straffung eingesetzt wird. Dieses Produkt besteht aus Polydioxanon, einem biologisch abbaubaren und biokompatiblen Material, und wurde f\u00fcr die hautstraffende und festigende Behandlung ohne chirurgischen Eingriff entwickelt. Medizinische Fachkr\u00e4fte k\u00f6nnen den Kinami Health Shop besuchen [&hellip;]<\/p>\n","protected":false},"featured_media":101045,"comment_status":"closed","ping_status":"closed","template":"","meta":{"_acf_changed":false,"inline_featured_image":false},"product_brand":[2067],"product_cat":[2027],"product_tag":[2144],"class_list":{"0":"post-114623","1":"product","2":"type-product","3":"status-publish","4":"has-post-thumbnail","6":"product_brand-intraline","7":"product_cat-faeden","8":"product_tag-medical-devices-de","10":"first","11":"instock","12":"taxable","13":"shipping-taxable","14":"purchasable","15":"product-type-simple","16":"add-to-wishlist-before_image"},"acf":[],"yoast_head":"<!-- This site is optimized with the Yoast SEO plugin v27.5 - https:\/\/yoast.com\/product\/yoast-seo-wordpress\/ -->\n<title>INTRALINE\u00ae SPIRAL S3038 - 30G 38mm\/50mm online kaufen<\/title>\n<meta name=\"description\" content=\"Intraline Spiral S3038 \u2013 30G 38 mm\/50 mm online kaufen f\u00fcr hervorragende Verj\u00fcngungsergebnisse und mehr Volumen. Zu wettbewerbsf\u00e4higen Gro\u00dfhandelspreisen erh\u00e4ltlich.\" \/>\n<meta name=\"robots\" content=\"index, follow, max-snippet:-1, max-image-preview:large, max-video-preview:-1\" \/>\n<link rel=\"canonical\" href=\"https:\/\/kinamihealth.com\/de\/wp-json\/wp\/v2\/product\/114623\" \/>\n<meta property=\"og:locale\" content=\"de_DE\" \/>\n<meta property=\"og:type\" content=\"article\" \/>\n<meta property=\"og:title\" content=\"INTRALINE\u00ae SPIRAL S3038 - 30G 38mm\/50mm online kaufen\" \/>\n<meta property=\"og:description\" content=\"Intraline Spiral S3038 \u2013 30G 38 mm\/50 mm online kaufen f\u00fcr hervorragende Verj\u00fcngungsergebnisse und mehr Volumen. Zu wettbewerbsf\u00e4higen Gro\u00dfhandelspreisen erh\u00e4ltlich.\" \/>\n<meta property=\"og:url\" content=\"https:\/\/kinamihealth.com\/de\/product\/intraline-spiral-s3038-30g-38mm-50mm\/\" \/>\n<meta property=\"og:site_name\" content=\"Kinami Health\" \/>\n<meta property=\"article:modified_time\" content=\"2025-09-29T10:30:52+00:00\" \/>\n<meta property=\"og:image\" content=\"https:\/\/kinamihealth.com\/wp-content\/uploads\/2025\/02\/INTRALINE-PDOSPIRAL-S3038-30G38MM50MM-01.jpg\" \/>\n\t<meta property=\"og:image:width\" content=\"800\" \/>\n\t<meta property=\"og:image:height\" content=\"800\" \/>\n\t<meta property=\"og:image:type\" content=\"image\/jpeg\" \/>\n<meta name=\"twitter:card\" content=\"summary_large_image\" \/>\n<meta name=\"twitter:label1\" content=\"Gesch\u00e4tzte Lesezeit\" \/>\n\t<meta name=\"twitter:data1\" content=\"1\u00a0Minute\" \/>\n<!-- \/ Yoast SEO plugin. -->","yoast_head_json":{"title":"INTRALINE\u00ae SPIRAL S3038 - 30G 38mm\/50mm online kaufen","description":"Intraline Spiral S3038 \u2013 30G 38 mm\/50 mm online kaufen f\u00fcr hervorragende Verj\u00fcngungsergebnisse und mehr Volumen. Zu wettbewerbsf\u00e4higen Gro\u00dfhandelspreisen erh\u00e4ltlich.","robots":{"index":"index","follow":"follow","max-snippet":"max-snippet:-1","max-image-preview":"max-image-preview:large","max-video-preview":"max-video-preview:-1"},"canonical":"https:\/\/kinamihealth.com\/de\/wp-json\/wp\/v2\/product\/114623","og_locale":"de_DE","og_type":"article","og_title":"INTRALINE\u00ae SPIRAL S3038 - 30G 38mm\/50mm online kaufen","og_description":"Intraline Spiral S3038 \u2013 30G 38 mm\/50 mm online kaufen f\u00fcr hervorragende Verj\u00fcngungsergebnisse und mehr Volumen. Zu wettbewerbsf\u00e4higen Gro\u00dfhandelspreisen erh\u00e4ltlich.","og_url":"https:\/\/kinamihealth.com\/de\/product\/intraline-spiral-s3038-30g-38mm-50mm\/","og_site_name":"Kinami Health","article_modified_time":"2025-09-29T10:30:52+00:00","og_image":[{"width":800,"height":800,"url":"https:\/\/kinamihealth.com\/wp-content\/uploads\/2025\/02\/INTRALINE-PDOSPIRAL-S3038-30G38MM50MM-01.jpg","type":"image\/jpeg"}],"twitter_card":"summary_large_image","twitter_misc":{"Gesch\u00e4tzte Lesezeit":"1\u00a0Minute"},"schema":{"@context":"https:\/\/schema.org","@graph":[{"@type":"WebPage","@id":"https:\/\/kinamihealth.com\/de\/product\/intraline-spiral-s3038-30g-38mm-50mm\/","url":"https:\/\/kinamihealth.com\/de\/product\/intraline-spiral-s3038-30g-38mm-50mm\/","name":"INTRALINE\u00ae SPIRAL S3038 - 30G 38mm\/50mm online kaufen","isPartOf":{"@id":"https:\/\/kinamihealth.com\/#website"},"primaryImageOfPage":{"@id":"https:\/\/kinamihealth.com\/de\/product\/intraline-spiral-s3038-30g-38mm-50mm\/#primaryimage"},"image":{"@id":"https:\/\/kinamihealth.com\/de\/product\/intraline-spiral-s3038-30g-38mm-50mm\/#primaryimage"},"thumbnailUrl":"https:\/\/kinamihealth.com\/wp-content\/uploads\/2025\/02\/INTRALINE-PDOSPIRAL-S3038-30G38MM50MM-01.jpg","datePublished":"2025-09-22T12:13:28+00:00","dateModified":"2025-09-29T10:30:52+00:00","description":"Intraline Spiral S3038 \u2013 30G 38 mm\/50 mm online kaufen f\u00fcr hervorragende Verj\u00fcngungsergebnisse und mehr Volumen. Zu wettbewerbsf\u00e4higen Gro\u00dfhandelspreisen erh\u00e4ltlich.","breadcrumb":{"@id":"https:\/\/kinamihealth.com\/de\/product\/intraline-spiral-s3038-30g-38mm-50mm\/#breadcrumb"},"inLanguage":"de","potentialAction":[{"@type":"ReadAction","target":["https:\/\/kinamihealth.com\/de\/product\/intraline-spiral-s3038-30g-38mm-50mm\/"]}]},{"@type":"ImageObject","inLanguage":"de","@id":"https:\/\/kinamihealth.com\/de\/product\/intraline-spiral-s3038-30g-38mm-50mm\/#primaryimage","url":"https:\/\/kinamihealth.com\/wp-content\/uploads\/2025\/02\/INTRALINE-PDOSPIRAL-S3038-30G38MM50MM-01.jpg","contentUrl":"https:\/\/kinamihealth.com\/wp-content\/uploads\/2025\/02\/INTRALINE-PDOSPIRAL-S3038-30G38MM50MM-01.jpg","width":800,"height":800},{"@type":"BreadcrumbList","@id":"https:\/\/kinamihealth.com\/de\/product\/intraline-spiral-s3038-30g-38mm-50mm\/#breadcrumb","itemListElement":[{"@type":"ListItem","position":1,"name":"Startseite","item":"https:\/\/kinamihealth.com\/"},{"@type":"ListItem","position":2,"name":"Shop","item":"https:\/\/kinamihealth.com\/shop\/"},{"@type":"ListItem","position":3,"name":"INTRALINE\u00ae SPIRAL S3038 &#8211; 30G 38mm\/50mm"}]},{"@type":"WebSite","@id":"https:\/\/kinamihealth.com\/#website","url":"https:\/\/kinamihealth.com\/","name":"Kinami Health","description":"","publisher":{"@id":"https:\/\/kinamihealth.com\/#organization"},"potentialAction":[{"@type":"SearchAction","target":{"@type":"EntryPoint","urlTemplate":"https:\/\/kinamihealth.com\/?s={search_term_string}"},"query-input":{"@type":"PropertyValueSpecification","valueRequired":true,"valueName":"search_term_string"}}],"inLanguage":"de"},{"@type":"Organization","@id":"https:\/\/kinamihealth.com\/#organization","name":"Kinami Health","url":"https:\/\/kinamihealth.com\/","logo":{"@type":"ImageObject","inLanguage":"de","@id":"https:\/\/kinamihealth.com\/#\/schema\/logo\/image\/","url":"https:\/\/kinamihealth.com\/wp-content\/uploads\/2025\/01\/KH_logo_black_2-1.png","contentUrl":"https:\/\/kinamihealth.com\/wp-content\/uploads\/2025\/01\/KH_logo_black_2-1.png","width":339,"height":34,"caption":"Kinami Health"},"image":{"@id":"https:\/\/kinamihealth.com\/#\/schema\/logo\/image\/"}}]}},"_links":{"self":[{"href":"https:\/\/kinamihealth.com\/de\/wp-json\/wp\/v2\/product\/114623","targetHints":{"allow":["GET"]}}],"collection":[{"href":"https:\/\/kinamihealth.com\/de\/wp-json\/wp\/v2\/product"}],"about":[{"href":"https:\/\/kinamihealth.com\/de\/wp-json\/wp\/v2\/types\/product"}],"replies":[{"embeddable":true,"href":"https:\/\/kinamihealth.com\/de\/wp-json\/wp\/v2\/comments?post=114623"}],"version-history":[{"count":0,"href":"https:\/\/kinamihealth.com\/de\/wp-json\/wp\/v2\/product\/114623\/revisions"}],"wp:featuredmedia":[{"embeddable":true,"href":"https:\/\/kinamihealth.com\/de\/wp-json\/wp\/v2\/media\/101045"}],"wp:attachment":[{"href":"https:\/\/kinamihealth.com\/de\/wp-json\/wp\/v2\/media?parent=114623"}],"wp:term":[{"taxonomy":"product_brand","embeddable":true,"href":"https:\/\/kinamihealth.com\/de\/wp-json\/wp\/v2\/product_brand?post=114623"},{"taxonomy":"product_cat","embeddable":true,"href":"https:\/\/kinamihealth.com\/de\/wp-json\/wp\/v2\/product_cat?post=114623"},{"taxonomy":"product_tag","embeddable":true,"href":"https:\/\/kinamihealth.com\/de\/wp-json\/wp\/v2\/product_tag?post=114623"}],"curies":[{"name":"wp","href":"https:\/\/api.w.org\/{rel}","templated":true}]}}