{"id":114607,"date":"2025-09-22T10:51:48","date_gmt":"2025-09-22T10:51:48","guid":{"rendered":"https:\/\/kinamihealth.com\/?post_type=product&#038;p=114607"},"modified":"2025-09-29T10:38:40","modified_gmt":"2025-09-29T10:38:40","slug":"intraline-pdo-threads-cog-dimension-360-b2190-c-21g-90mm-150mm","status":"publish","type":"product","link":"https:\/\/kinamihealth.com\/de\/produkt\/intraline-pdo-threads-cog-dimension-360-b2190-c-21g-90mm-150mm\/","title":{"rendered":"INTRALINE\u00ae PDO THREADS Cog Dimension 360 B2190-C-21G 90mm\/150mm"},"content":{"rendered":"<p><b>Intraline PDO-F\u00e4den Cog Dimension 360 B2190-C-21G (90\u202fmm \/ 150\u202fmm)<\/b><span style=\"font-weight: 400;\"> sind fortschrittliche chirurgische F\u00e4den zur <\/span><b>effektiven Straffung und Festigung schlaffer Haut<\/b><span style=\"font-weight: 400;\">.<\/span><\/p>\n<p><span style=\"font-weight: 400;\">Die F\u00e4den bestehen aus <\/span><b>biologisch abbaubarem Polydioxanon (PDO)<\/b><span style=\"font-weight: 400;\"> und verf\u00fcgen \u00fcber spiralf\u00f6rmig geschnittene Zacken, die eine ausgezeichnete Verankerung im Gewebe sowie eine starke Zugkraft erm\u00f6glichen.<\/span><\/p>\n<p><span style=\"font-weight: 400;\">Sie eignen sich ideal zur <\/span><b>Gesichtskonturierung<\/b><span style=\"font-weight: 400;\">, denn sie bieten nicht nur einen sofortigen <\/span><b>Lifting-Effekt<\/b><span style=\"font-weight: 400;\">, sondern regen auch die <\/span><b>Kollagenproduktion <\/b><span style=\"font-weight: 400;\">an \u2013 f\u00fcr eine <\/span><b>verbesserte Hautstruktur<\/b><span style=\"font-weight: 400;\">, <\/span><b>mehr Festigkeit<\/b><span style=\"font-weight: 400;\"> und ein sichtbar <\/span><b>verj\u00fcngtes Erscheinungsbild<\/b><span style=\"font-weight: 400;\">.<\/span><\/p>\n","protected":false},"excerpt":{"rendered":"<p>Intraline PDO-F\u00e4den Cog Dimension 360 B2190-C-21G (90\u202fmm \/ 150\u202fmm) sind fortschrittliche chirurgische F\u00e4den zur effektiven Straffung und Festigung schlaffer Haut. Die F\u00e4den bestehen aus biologisch abbaubarem Polydioxanon (PDO) und verf\u00fcgen \u00fcber spiralf\u00f6rmig geschnittene Zacken, die eine ausgezeichnete Verankerung im Gewebe sowie eine starke Zugkraft erm\u00f6glichen. Sie eignen sich ideal zur Gesichtskonturierung, denn sie bieten nicht [&hellip;]<\/p>\n","protected":false},"featured_media":101037,"comment_status":"closed","ping_status":"closed","template":"","meta":{"_acf_changed":false,"inline_featured_image":false},"product_brand":[2067],"product_cat":[2027],"product_tag":[2144],"class_list":{"0":"post-114607","1":"product","2":"type-product","3":"status-publish","4":"has-post-thumbnail","6":"product_brand-intraline","7":"product_cat-faeden","8":"product_tag-medical-devices-de","10":"first","11":"instock","12":"taxable","13":"shipping-taxable","14":"purchasable","15":"product-type-simple","16":"add-to-wishlist-before_image"},"acf":[],"yoast_head":"<!-- This site is optimized with the Yoast SEO plugin v27.5 - https:\/\/yoast.com\/product\/yoast-seo-wordpress\/ -->\n<title>INTRALINE\u00ae PDO THREADS Cog Dimension 360 B2190-C-21G 90mm\/150mm kaufen<\/title>\n<meta name=\"description\" content=\"Intraline PDO Threads Cog 360 B2190-C-21G kaufen \u2013 f\u00fcr effektives Lifting und Straffung schlaffer Haut mit Ergebnissen, die bis zu 2 Jahre anhalten.\" \/>\n<meta name=\"robots\" content=\"index, follow, max-snippet:-1, max-image-preview:large, max-video-preview:-1\" \/>\n<link rel=\"canonical\" href=\"https:\/\/kinamihealth.com\/de\/wp-json\/wp\/v2\/product\/114607\" \/>\n<meta property=\"og:locale\" content=\"de_DE\" \/>\n<meta property=\"og:type\" content=\"article\" \/>\n<meta property=\"og:title\" content=\"INTRALINE\u00ae PDO THREADS Cog Dimension 360 B2190-C-21G 90mm\/150mm kaufen\" \/>\n<meta property=\"og:description\" content=\"Intraline PDO Threads Cog 360 B2190-C-21G kaufen \u2013 f\u00fcr effektives Lifting und Straffung schlaffer Haut mit Ergebnissen, die bis zu 2 Jahre anhalten.\" \/>\n<meta property=\"og:url\" content=\"https:\/\/kinamihealth.com\/de\/product\/intraline-pdo-threads-cog-dimension-360-b2190-c-21g-90mm-150mm\/\" \/>\n<meta property=\"og:site_name\" content=\"Kinami Health\" \/>\n<meta property=\"article:modified_time\" content=\"2025-09-29T10:38:40+00:00\" \/>\n<meta property=\"og:image\" content=\"https:\/\/kinamihealth.com\/wp-content\/uploads\/2025\/02\/INTRALINE-PDODIMENSION360-B2190C-21G90MM150MM-01.jpg\" \/>\n\t<meta property=\"og:image:width\" content=\"800\" \/>\n\t<meta property=\"og:image:height\" content=\"800\" \/>\n\t<meta property=\"og:image:type\" content=\"image\/jpeg\" \/>\n<meta name=\"twitter:card\" content=\"summary_large_image\" \/>\n<meta name=\"twitter:label1\" content=\"Gesch\u00e4tzte Lesezeit\" \/>\n\t<meta name=\"twitter:data1\" content=\"1\u00a0Minute\" \/>\n<!-- \/ Yoast SEO plugin. -->","yoast_head_json":{"title":"INTRALINE\u00ae PDO THREADS Cog Dimension 360 B2190-C-21G 90mm\/150mm kaufen","description":"Intraline PDO Threads Cog 360 B2190-C-21G kaufen \u2013 f\u00fcr effektives Lifting und Straffung schlaffer Haut mit Ergebnissen, die bis zu 2 Jahre anhalten.","robots":{"index":"index","follow":"follow","max-snippet":"max-snippet:-1","max-image-preview":"max-image-preview:large","max-video-preview":"max-video-preview:-1"},"canonical":"https:\/\/kinamihealth.com\/de\/wp-json\/wp\/v2\/product\/114607","og_locale":"de_DE","og_type":"article","og_title":"INTRALINE\u00ae PDO THREADS Cog Dimension 360 B2190-C-21G 90mm\/150mm kaufen","og_description":"Intraline PDO Threads Cog 360 B2190-C-21G kaufen \u2013 f\u00fcr effektives Lifting und Straffung schlaffer Haut mit Ergebnissen, die bis zu 2 Jahre anhalten.","og_url":"https:\/\/kinamihealth.com\/de\/product\/intraline-pdo-threads-cog-dimension-360-b2190-c-21g-90mm-150mm\/","og_site_name":"Kinami Health","article_modified_time":"2025-09-29T10:38:40+00:00","og_image":[{"width":800,"height":800,"url":"https:\/\/kinamihealth.com\/wp-content\/uploads\/2025\/02\/INTRALINE-PDODIMENSION360-B2190C-21G90MM150MM-01.jpg","type":"image\/jpeg"}],"twitter_card":"summary_large_image","twitter_misc":{"Gesch\u00e4tzte Lesezeit":"1\u00a0Minute"},"schema":{"@context":"https:\/\/schema.org","@graph":[{"@type":"WebPage","@id":"https:\/\/kinamihealth.com\/de\/product\/intraline-pdo-threads-cog-dimension-360-b2190-c-21g-90mm-150mm\/","url":"https:\/\/kinamihealth.com\/de\/product\/intraline-pdo-threads-cog-dimension-360-b2190-c-21g-90mm-150mm\/","name":"INTRALINE\u00ae PDO THREADS Cog Dimension 360 B2190-C-21G 90mm\/150mm kaufen","isPartOf":{"@id":"https:\/\/kinamihealth.com\/#website"},"primaryImageOfPage":{"@id":"https:\/\/kinamihealth.com\/de\/product\/intraline-pdo-threads-cog-dimension-360-b2190-c-21g-90mm-150mm\/#primaryimage"},"image":{"@id":"https:\/\/kinamihealth.com\/de\/product\/intraline-pdo-threads-cog-dimension-360-b2190-c-21g-90mm-150mm\/#primaryimage"},"thumbnailUrl":"https:\/\/kinamihealth.com\/wp-content\/uploads\/2025\/02\/INTRALINE-PDODIMENSION360-B2190C-21G90MM150MM-01.jpg","datePublished":"2025-09-22T10:51:48+00:00","dateModified":"2025-09-29T10:38:40+00:00","description":"Intraline PDO Threads Cog 360 B2190-C-21G kaufen \u2013 f\u00fcr effektives Lifting und Straffung schlaffer Haut mit Ergebnissen, die bis zu 2 Jahre anhalten.","breadcrumb":{"@id":"https:\/\/kinamihealth.com\/de\/product\/intraline-pdo-threads-cog-dimension-360-b2190-c-21g-90mm-150mm\/#breadcrumb"},"inLanguage":"de","potentialAction":[{"@type":"ReadAction","target":["https:\/\/kinamihealth.com\/de\/product\/intraline-pdo-threads-cog-dimension-360-b2190-c-21g-90mm-150mm\/"]}]},{"@type":"ImageObject","inLanguage":"de","@id":"https:\/\/kinamihealth.com\/de\/product\/intraline-pdo-threads-cog-dimension-360-b2190-c-21g-90mm-150mm\/#primaryimage","url":"https:\/\/kinamihealth.com\/wp-content\/uploads\/2025\/02\/INTRALINE-PDODIMENSION360-B2190C-21G90MM150MM-01.jpg","contentUrl":"https:\/\/kinamihealth.com\/wp-content\/uploads\/2025\/02\/INTRALINE-PDODIMENSION360-B2190C-21G90MM150MM-01.jpg","width":800,"height":800},{"@type":"BreadcrumbList","@id":"https:\/\/kinamihealth.com\/de\/product\/intraline-pdo-threads-cog-dimension-360-b2190-c-21g-90mm-150mm\/#breadcrumb","itemListElement":[{"@type":"ListItem","position":1,"name":"Startseite","item":"https:\/\/kinamihealth.com\/"},{"@type":"ListItem","position":2,"name":"Shop","item":"https:\/\/kinamihealth.com\/shop\/"},{"@type":"ListItem","position":3,"name":"INTRALINE\u00ae PDO THREADS Cog Dimension 360 B2190-C-21G 90mm\/150mm"}]},{"@type":"WebSite","@id":"https:\/\/kinamihealth.com\/#website","url":"https:\/\/kinamihealth.com\/","name":"Kinami Health","description":"","publisher":{"@id":"https:\/\/kinamihealth.com\/#organization"},"potentialAction":[{"@type":"SearchAction","target":{"@type":"EntryPoint","urlTemplate":"https:\/\/kinamihealth.com\/?s={search_term_string}"},"query-input":{"@type":"PropertyValueSpecification","valueRequired":true,"valueName":"search_term_string"}}],"inLanguage":"de"},{"@type":"Organization","@id":"https:\/\/kinamihealth.com\/#organization","name":"Kinami Health","url":"https:\/\/kinamihealth.com\/","logo":{"@type":"ImageObject","inLanguage":"de","@id":"https:\/\/kinamihealth.com\/#\/schema\/logo\/image\/","url":"https:\/\/kinamihealth.com\/wp-content\/uploads\/2025\/01\/KH_logo_black_2-1.png","contentUrl":"https:\/\/kinamihealth.com\/wp-content\/uploads\/2025\/01\/KH_logo_black_2-1.png","width":339,"height":34,"caption":"Kinami Health"},"image":{"@id":"https:\/\/kinamihealth.com\/#\/schema\/logo\/image\/"}}]}},"_links":{"self":[{"href":"https:\/\/kinamihealth.com\/de\/wp-json\/wp\/v2\/product\/114607","targetHints":{"allow":["GET"]}}],"collection":[{"href":"https:\/\/kinamihealth.com\/de\/wp-json\/wp\/v2\/product"}],"about":[{"href":"https:\/\/kinamihealth.com\/de\/wp-json\/wp\/v2\/types\/product"}],"replies":[{"embeddable":true,"href":"https:\/\/kinamihealth.com\/de\/wp-json\/wp\/v2\/comments?post=114607"}],"version-history":[{"count":0,"href":"https:\/\/kinamihealth.com\/de\/wp-json\/wp\/v2\/product\/114607\/revisions"}],"wp:featuredmedia":[{"embeddable":true,"href":"https:\/\/kinamihealth.com\/de\/wp-json\/wp\/v2\/media\/101037"}],"wp:attachment":[{"href":"https:\/\/kinamihealth.com\/de\/wp-json\/wp\/v2\/media?parent=114607"}],"wp:term":[{"taxonomy":"product_brand","embeddable":true,"href":"https:\/\/kinamihealth.com\/de\/wp-json\/wp\/v2\/product_brand?post=114607"},{"taxonomy":"product_cat","embeddable":true,"href":"https:\/\/kinamihealth.com\/de\/wp-json\/wp\/v2\/product_cat?post=114607"},{"taxonomy":"product_tag","embeddable":true,"href":"https:\/\/kinamihealth.com\/de\/wp-json\/wp\/v2\/product_tag?post=114607"}],"curies":[{"name":"wp","href":"https:\/\/api.w.org\/{rel}","templated":true}]}}