{"id":114605,"date":"2025-09-22T10:44:40","date_gmt":"2025-09-22T10:44:40","guid":{"rendered":"https:\/\/kinamihealth.com\/?post_type=product&#038;p=114605"},"modified":"2025-09-29T10:41:16","modified_gmt":"2025-09-29T10:41:16","slug":"intraline-mono-m3038-30g-38mm-50mm","status":"publish","type":"product","link":"https:\/\/kinamihealth.com\/de\/produkt\/intraline-mono-m3038-30g-38mm-50mm\/","title":{"rendered":"INTRALINE\u00ae MONO M3038 &#8211; 30G 38mm\/50mm"},"content":{"rendered":"<p><b>Intraline Mono M3038<\/b><span style=\"font-weight: 400;\"> ist ein <\/span><b>hochwertiger Polydioxanon (PDO)-Faden<\/b><span style=\"font-weight: 400;\">, der f\u00fcr <\/span><b>nicht-chirurgische \u00e4sthetische Behandlungen<\/b><span style=\"font-weight: 400;\"> verwendet wird.<\/span><\/p>\n<p><span style=\"font-weight: 400;\">Diese 30G, 38 mm\/50 mm F\u00e4den wurden f\u00fcr die <\/span><b>Gesichts- und Halsverj\u00fcngung<\/b><span style=\"font-weight: 400;\"> entwickelt und bieten eine <\/span><b>minimalinvasive L\u00f6sung<\/b><span style=\"font-weight: 400;\"> zur <\/span><b>Straffung und Festigung der Haut<\/b><span style=\"font-weight: 400;\">. Die glatten <\/span><b>Monofilamentf\u00e4den <\/b><span style=\"font-weight: 400;\">stimulieren die <\/span><b>Kollagenproduktion<\/b><span style=\"font-weight: 400;\">, was zu einer verbesserten <\/span><b>Hautstruktur und Elastizit\u00e4t<\/b><span style=\"font-weight: 400;\"> f\u00fchrt.<\/span><\/p>\n<p><b>Kinami Health<\/b><span style=\"font-weight: 400;\"> ist ein zuverl\u00e4ssiger Anbieter und bietet medizinischen Fachkr\u00e4ften die M\u00f6glichkeit, Intraline Mono M3038 mit schneller Lieferung und zu wettbewerbsf\u00e4higen Preisen zu erwerben.<\/span><\/p>\n","protected":false},"excerpt":{"rendered":"<p>Intraline Mono M3038 ist ein hochwertiger Polydioxanon (PDO)-Faden, der f\u00fcr nicht-chirurgische \u00e4sthetische Behandlungen verwendet wird. Diese 30G, 38 mm\/50 mm F\u00e4den wurden f\u00fcr die Gesichts- und Halsverj\u00fcngung entwickelt und bieten eine minimalinvasive L\u00f6sung zur Straffung und Festigung der Haut. Die glatten Monofilamentf\u00e4den stimulieren die Kollagenproduktion, was zu einer verbesserten Hautstruktur und Elastizit\u00e4t f\u00fchrt. Kinami Health [&hellip;]<\/p>\n","protected":false},"featured_media":101025,"comment_status":"closed","ping_status":"closed","template":"","meta":{"_acf_changed":false,"inline_featured_image":false},"product_brand":[2067],"product_cat":[2027],"product_tag":[2144],"class_list":{"0":"post-114605","1":"product","2":"type-product","3":"status-publish","4":"has-post-thumbnail","6":"product_brand-intraline","7":"product_cat-faeden","8":"product_tag-medical-devices-de","10":"first","11":"instock","12":"taxable","13":"shipping-taxable","14":"purchasable","15":"product-type-simple","16":"add-to-wishlist-before_image"},"acf":[],"yoast_head":"<!-- This site is optimized with the Yoast SEO plugin v27.5 - https:\/\/yoast.com\/product\/yoast-seo-wordpress\/ -->\n<title>INTRALINE\u00ae MONO M3038 - 30G 38mm\/50mm online kaufen<\/title>\n<meta name=\"description\" content=\"Intraline Mono M3038 30G 38\/50\u202fmm online kaufen \u2013 PDO-F\u00e4den f\u00fcr effektive Hautstraffung und Verj\u00fcngung. Jetzt Gro\u00dfmengen zum Vorteilspreis bestellen.\" \/>\n<meta name=\"robots\" content=\"index, follow, max-snippet:-1, max-image-preview:large, max-video-preview:-1\" \/>\n<link rel=\"canonical\" href=\"https:\/\/kinamihealth.com\/de\/wp-json\/wp\/v2\/product\/114605\" \/>\n<meta property=\"og:locale\" content=\"de_DE\" \/>\n<meta property=\"og:type\" content=\"article\" \/>\n<meta property=\"og:title\" content=\"INTRALINE\u00ae MONO M3038 - 30G 38mm\/50mm online kaufen\" \/>\n<meta property=\"og:description\" content=\"Intraline Mono M3038 30G 38\/50\u202fmm online kaufen \u2013 PDO-F\u00e4den f\u00fcr effektive Hautstraffung und Verj\u00fcngung. Jetzt Gro\u00dfmengen zum Vorteilspreis bestellen.\" \/>\n<meta property=\"og:url\" content=\"https:\/\/kinamihealth.com\/de\/product\/intraline-mono-m3038-30g-38mm-50mm\/\" \/>\n<meta property=\"og:site_name\" content=\"Kinami Health\" \/>\n<meta property=\"article:modified_time\" content=\"2025-09-29T10:41:16+00:00\" \/>\n<meta property=\"og:image\" content=\"https:\/\/kinamihealth.com\/wp-content\/uploads\/2025\/02\/INTRALINE-M3038-01.jpg\" \/>\n\t<meta property=\"og:image:width\" content=\"800\" \/>\n\t<meta property=\"og:image:height\" content=\"800\" \/>\n\t<meta property=\"og:image:type\" content=\"image\/jpeg\" \/>\n<meta name=\"twitter:card\" content=\"summary_large_image\" \/>\n<meta name=\"twitter:label1\" content=\"Gesch\u00e4tzte Lesezeit\" \/>\n\t<meta name=\"twitter:data1\" content=\"1\u00a0Minute\" \/>\n<!-- \/ Yoast SEO plugin. -->","yoast_head_json":{"title":"INTRALINE\u00ae MONO M3038 - 30G 38mm\/50mm online kaufen","description":"Intraline Mono M3038 30G 38\/50\u202fmm online kaufen \u2013 PDO-F\u00e4den f\u00fcr effektive Hautstraffung und Verj\u00fcngung. Jetzt Gro\u00dfmengen zum Vorteilspreis bestellen.","robots":{"index":"index","follow":"follow","max-snippet":"max-snippet:-1","max-image-preview":"max-image-preview:large","max-video-preview":"max-video-preview:-1"},"canonical":"https:\/\/kinamihealth.com\/de\/wp-json\/wp\/v2\/product\/114605","og_locale":"de_DE","og_type":"article","og_title":"INTRALINE\u00ae MONO M3038 - 30G 38mm\/50mm online kaufen","og_description":"Intraline Mono M3038 30G 38\/50\u202fmm online kaufen \u2013 PDO-F\u00e4den f\u00fcr effektive Hautstraffung und Verj\u00fcngung. Jetzt Gro\u00dfmengen zum Vorteilspreis bestellen.","og_url":"https:\/\/kinamihealth.com\/de\/product\/intraline-mono-m3038-30g-38mm-50mm\/","og_site_name":"Kinami Health","article_modified_time":"2025-09-29T10:41:16+00:00","og_image":[{"width":800,"height":800,"url":"https:\/\/kinamihealth.com\/wp-content\/uploads\/2025\/02\/INTRALINE-M3038-01.jpg","type":"image\/jpeg"}],"twitter_card":"summary_large_image","twitter_misc":{"Gesch\u00e4tzte Lesezeit":"1\u00a0Minute"},"schema":{"@context":"https:\/\/schema.org","@graph":[{"@type":"WebPage","@id":"https:\/\/kinamihealth.com\/de\/product\/intraline-mono-m3038-30g-38mm-50mm\/","url":"https:\/\/kinamihealth.com\/de\/product\/intraline-mono-m3038-30g-38mm-50mm\/","name":"INTRALINE\u00ae MONO M3038 - 30G 38mm\/50mm online kaufen","isPartOf":{"@id":"https:\/\/kinamihealth.com\/#website"},"primaryImageOfPage":{"@id":"https:\/\/kinamihealth.com\/de\/product\/intraline-mono-m3038-30g-38mm-50mm\/#primaryimage"},"image":{"@id":"https:\/\/kinamihealth.com\/de\/product\/intraline-mono-m3038-30g-38mm-50mm\/#primaryimage"},"thumbnailUrl":"https:\/\/kinamihealth.com\/wp-content\/uploads\/2025\/02\/INTRALINE-M3038-01.jpg","datePublished":"2025-09-22T10:44:40+00:00","dateModified":"2025-09-29T10:41:16+00:00","description":"Intraline Mono M3038 30G 38\/50\u202fmm online kaufen \u2013 PDO-F\u00e4den f\u00fcr effektive Hautstraffung und Verj\u00fcngung. Jetzt Gro\u00dfmengen zum Vorteilspreis bestellen.","breadcrumb":{"@id":"https:\/\/kinamihealth.com\/de\/product\/intraline-mono-m3038-30g-38mm-50mm\/#breadcrumb"},"inLanguage":"de","potentialAction":[{"@type":"ReadAction","target":["https:\/\/kinamihealth.com\/de\/product\/intraline-mono-m3038-30g-38mm-50mm\/"]}]},{"@type":"ImageObject","inLanguage":"de","@id":"https:\/\/kinamihealth.com\/de\/product\/intraline-mono-m3038-30g-38mm-50mm\/#primaryimage","url":"https:\/\/kinamihealth.com\/wp-content\/uploads\/2025\/02\/INTRALINE-M3038-01.jpg","contentUrl":"https:\/\/kinamihealth.com\/wp-content\/uploads\/2025\/02\/INTRALINE-M3038-01.jpg","width":800,"height":800},{"@type":"BreadcrumbList","@id":"https:\/\/kinamihealth.com\/de\/product\/intraline-mono-m3038-30g-38mm-50mm\/#breadcrumb","itemListElement":[{"@type":"ListItem","position":1,"name":"Startseite","item":"https:\/\/kinamihealth.com\/"},{"@type":"ListItem","position":2,"name":"Shop","item":"https:\/\/kinamihealth.com\/shop\/"},{"@type":"ListItem","position":3,"name":"INTRALINE\u00ae MONO M3038 &#8211; 30G 38mm\/50mm"}]},{"@type":"WebSite","@id":"https:\/\/kinamihealth.com\/#website","url":"https:\/\/kinamihealth.com\/","name":"Kinami Health","description":"","publisher":{"@id":"https:\/\/kinamihealth.com\/#organization"},"potentialAction":[{"@type":"SearchAction","target":{"@type":"EntryPoint","urlTemplate":"https:\/\/kinamihealth.com\/?s={search_term_string}"},"query-input":{"@type":"PropertyValueSpecification","valueRequired":true,"valueName":"search_term_string"}}],"inLanguage":"de"},{"@type":"Organization","@id":"https:\/\/kinamihealth.com\/#organization","name":"Kinami Health","url":"https:\/\/kinamihealth.com\/","logo":{"@type":"ImageObject","inLanguage":"de","@id":"https:\/\/kinamihealth.com\/#\/schema\/logo\/image\/","url":"https:\/\/kinamihealth.com\/wp-content\/uploads\/2025\/01\/KH_logo_black_2-1.png","contentUrl":"https:\/\/kinamihealth.com\/wp-content\/uploads\/2025\/01\/KH_logo_black_2-1.png","width":339,"height":34,"caption":"Kinami Health"},"image":{"@id":"https:\/\/kinamihealth.com\/#\/schema\/logo\/image\/"}}]}},"_links":{"self":[{"href":"https:\/\/kinamihealth.com\/de\/wp-json\/wp\/v2\/product\/114605","targetHints":{"allow":["GET"]}}],"collection":[{"href":"https:\/\/kinamihealth.com\/de\/wp-json\/wp\/v2\/product"}],"about":[{"href":"https:\/\/kinamihealth.com\/de\/wp-json\/wp\/v2\/types\/product"}],"replies":[{"embeddable":true,"href":"https:\/\/kinamihealth.com\/de\/wp-json\/wp\/v2\/comments?post=114605"}],"version-history":[{"count":0,"href":"https:\/\/kinamihealth.com\/de\/wp-json\/wp\/v2\/product\/114605\/revisions"}],"wp:featuredmedia":[{"embeddable":true,"href":"https:\/\/kinamihealth.com\/de\/wp-json\/wp\/v2\/media\/101025"}],"wp:attachment":[{"href":"https:\/\/kinamihealth.com\/de\/wp-json\/wp\/v2\/media?parent=114605"}],"wp:term":[{"taxonomy":"product_brand","embeddable":true,"href":"https:\/\/kinamihealth.com\/de\/wp-json\/wp\/v2\/product_brand?post=114605"},{"taxonomy":"product_cat","embeddable":true,"href":"https:\/\/kinamihealth.com\/de\/wp-json\/wp\/v2\/product_cat?post=114605"},{"taxonomy":"product_tag","embeddable":true,"href":"https:\/\/kinamihealth.com\/de\/wp-json\/wp\/v2\/product_tag?post=114605"}],"curies":[{"name":"wp","href":"https:\/\/api.w.org\/{rel}","templated":true}]}}