{"id":114599,"date":"2025-09-22T10:22:18","date_gmt":"2025-09-22T10:22:18","guid":{"rendered":"https:\/\/kinamihealth.com\/?post_type=product&#038;p=114599"},"modified":"2025-10-17T12:38:03","modified_gmt":"2025-10-17T12:38:03","slug":"intraline-cog-c18100m-c-dimension-720-18g-100mm","status":"publish","type":"product","link":"https:\/\/kinamihealth.com\/de\/produkt\/intraline-cog-c18100m-c-dimension-720-18g-100mm\/","title":{"rendered":"INTRALINE\u00ae COG C18100M-C Dimension 720 18G 100mm"},"content":{"rendered":"<p><b>Intraline COG C18100M-C Dimension 720 18G 100 mm<\/b><span style=\"font-weight: 400;\"> ist ein <\/span><b>hochwertiger PDO-Faden<\/b><span style=\"font-weight: 400;\"> (Polydioxanon) f\u00fcr <\/span><b>nicht-chirurgische Facelifts<\/b><span style=\"font-weight: 400;\"> und <\/span><b>Hautverj\u00fcngungsbehandlungen<\/b><span style=\"font-weight: 400;\">.<\/span><\/p>\n<p><span style=\"font-weight: 400;\">Er wurde speziell f\u00fcr medizinisches Fachpersonal entwickelt, das eine <\/span><b>minimalinvasive Methode<\/b><span style=\"font-weight: 400;\"> zur <\/span><b>Straffung schlaffer Haut<\/b><span style=\"font-weight: 400;\"> und zur <\/span><b>Verbesserung der Gesichtskonturen<\/b><span style=\"font-weight: 400;\"> sucht.<\/span><\/p>\n<p><span style=\"font-weight: 400;\">Das <\/span><b>spezielle Zahnraddesign<\/b><span style=\"font-weight: 400;\"> des Fadens gew\u00e4hrleistet eine <\/span><b>optimale Gewebeverankerung<\/b><span style=\"font-weight: 400;\"> und erm\u00f6glicht eine <\/span><b>effektive Gesichtsmodellierung<\/b><span style=\"font-weight: 400;\">.<\/span><\/p>\n<p><span style=\"font-weight: 400;\">Zertifizierte Fachanwender k\u00f6nnen Intraline COG C18100M-C im <\/span><b>Kinami Health Shop<\/b><span style=\"font-weight: 400;\"> erwerben \u2013 dem Online-Lieferanten f\u00fcr Kliniken und Praxen.<\/span><\/p>\n","protected":false},"excerpt":{"rendered":"<p>Intraline COG C18100M-C Dimension 720 18G 100 mm ist ein hochwertiger PDO-Faden (Polydioxanon) f\u00fcr nicht-chirurgische Facelifts und Hautverj\u00fcngungsbehandlungen. Er wurde speziell f\u00fcr medizinisches Fachpersonal entwickelt, das eine minimalinvasive Methode zur Straffung schlaffer Haut und zur Verbesserung der Gesichtskonturen sucht. Das spezielle Zahnraddesign des Fadens gew\u00e4hrleistet eine optimale Gewebeverankerung und erm\u00f6glicht eine effektive Gesichtsmodellierung. Zertifizierte Fachanwender [&hellip;]<\/p>\n","protected":false},"featured_media":101815,"comment_status":"closed","ping_status":"closed","template":"","meta":{"_acf_changed":false,"inline_featured_image":false},"product_brand":[2067],"product_cat":[2029],"product_tag":[2144],"class_list":{"0":"post-114599","1":"product","2":"type-product","3":"status-publish","4":"has-post-thumbnail","6":"product_brand-intraline","7":"product_cat-kanuelen-und-nadeln","8":"product_tag-medical-devices-de","10":"first","11":"instock","12":"taxable","13":"shipping-taxable","14":"purchasable","15":"product-type-simple","16":"add-to-wishlist-before_image"},"acf":[],"yoast_head":"<!-- This site is optimized with the Yoast SEO plugin v27.5 - https:\/\/yoast.com\/product\/yoast-seo-wordpress\/ -->\n<title>INTRALINE\u00ae COG C18100M-C Dimension 720 18G 100mm online kaufen \u2013 Hochwertige PDO-F\u00e4den<\/title>\n<meta name=\"description\" content=\"Kaufen Sie Intraline COG C18100M-C online f\u00fcr eine effektive Hautstraffung und Faltenkorrektur mit hochwertigen PDO-F\u00e4den von Kinami Health.\" \/>\n<meta name=\"robots\" content=\"index, follow, max-snippet:-1, max-image-preview:large, max-video-preview:-1\" \/>\n<link rel=\"canonical\" href=\"https:\/\/kinamihealth.com\/de\/wp-json\/wp\/v2\/product\/114599\" \/>\n<meta property=\"og:locale\" content=\"de_DE\" \/>\n<meta property=\"og:type\" content=\"article\" \/>\n<meta property=\"og:title\" content=\"INTRALINE\u00ae COG C18100M-C Dimension 720 18G 100mm online kaufen \u2013 Hochwertige PDO-F\u00e4den\" \/>\n<meta property=\"og:description\" content=\"Kaufen Sie Intraline COG C18100M-C online f\u00fcr eine effektive Hautstraffung und Faltenkorrektur mit hochwertigen PDO-F\u00e4den von Kinami Health.\" \/>\n<meta property=\"og:url\" content=\"https:\/\/kinamihealth.com\/de\/produkt\/intraline-cog-c18100m-c-dimension-720-18g-100mm\/\" \/>\n<meta property=\"og:site_name\" content=\"Kinami Health\" \/>\n<meta property=\"article:modified_time\" content=\"2025-10-17T12:38:03+00:00\" \/>\n<meta property=\"og:image\" content=\"https:\/\/kinamihealth.com\/wp-content\/uploads\/2025\/02\/INTRALINE-COG-C18100M-C-Dimension-720-18G-100mm_Front.webp\" \/>\n\t<meta property=\"og:image:width\" content=\"1500\" \/>\n\t<meta property=\"og:image:height\" content=\"1500\" \/>\n\t<meta property=\"og:image:type\" content=\"image\/webp\" \/>\n<meta name=\"twitter:card\" content=\"summary_large_image\" \/>\n<meta name=\"twitter:label1\" content=\"Gesch\u00e4tzte Lesezeit\" \/>\n\t<meta name=\"twitter:data1\" content=\"1\u00a0Minute\" \/>\n<!-- \/ Yoast SEO plugin. -->","yoast_head_json":{"title":"INTRALINE\u00ae COG C18100M-C Dimension 720 18G 100mm online kaufen \u2013 Hochwertige PDO-F\u00e4den","description":"Kaufen Sie Intraline COG C18100M-C online f\u00fcr eine effektive Hautstraffung und Faltenkorrektur mit hochwertigen PDO-F\u00e4den von Kinami Health.","robots":{"index":"index","follow":"follow","max-snippet":"max-snippet:-1","max-image-preview":"max-image-preview:large","max-video-preview":"max-video-preview:-1"},"canonical":"https:\/\/kinamihealth.com\/de\/wp-json\/wp\/v2\/product\/114599","og_locale":"de_DE","og_type":"article","og_title":"INTRALINE\u00ae COG C18100M-C Dimension 720 18G 100mm online kaufen \u2013 Hochwertige PDO-F\u00e4den","og_description":"Kaufen Sie Intraline COG C18100M-C online f\u00fcr eine effektive Hautstraffung und Faltenkorrektur mit hochwertigen PDO-F\u00e4den von Kinami Health.","og_url":"https:\/\/kinamihealth.com\/de\/produkt\/intraline-cog-c18100m-c-dimension-720-18g-100mm\/","og_site_name":"Kinami Health","article_modified_time":"2025-10-17T12:38:03+00:00","og_image":[{"width":1500,"height":1500,"url":"https:\/\/kinamihealth.com\/wp-content\/uploads\/2025\/02\/INTRALINE-COG-C18100M-C-Dimension-720-18G-100mm_Front.webp","type":"image\/webp"}],"twitter_card":"summary_large_image","twitter_misc":{"Gesch\u00e4tzte Lesezeit":"1\u00a0Minute"},"schema":{"@context":"https:\/\/schema.org","@graph":[{"@type":"WebPage","@id":"https:\/\/kinamihealth.com\/de\/produkt\/intraline-cog-c18100m-c-dimension-720-18g-100mm\/","url":"https:\/\/kinamihealth.com\/de\/produkt\/intraline-cog-c18100m-c-dimension-720-18g-100mm\/","name":"INTRALINE\u00ae COG C18100M-C Dimension 720 18G 100mm online kaufen \u2013 Hochwertige PDO-F\u00e4den","isPartOf":{"@id":"https:\/\/kinamihealth.com\/#website"},"primaryImageOfPage":{"@id":"https:\/\/kinamihealth.com\/de\/produkt\/intraline-cog-c18100m-c-dimension-720-18g-100mm\/#primaryimage"},"image":{"@id":"https:\/\/kinamihealth.com\/de\/produkt\/intraline-cog-c18100m-c-dimension-720-18g-100mm\/#primaryimage"},"thumbnailUrl":"https:\/\/kinamihealth.com\/wp-content\/uploads\/2025\/02\/INTRALINE-COG-C18100M-C-Dimension-720-18G-100mm_Front.webp","datePublished":"2025-09-22T10:22:18+00:00","dateModified":"2025-10-17T12:38:03+00:00","description":"Kaufen Sie Intraline COG C18100M-C online f\u00fcr eine effektive Hautstraffung und Faltenkorrektur mit hochwertigen PDO-F\u00e4den von Kinami Health.","breadcrumb":{"@id":"https:\/\/kinamihealth.com\/de\/produkt\/intraline-cog-c18100m-c-dimension-720-18g-100mm\/#breadcrumb"},"inLanguage":"de","potentialAction":[{"@type":"ReadAction","target":["https:\/\/kinamihealth.com\/de\/produkt\/intraline-cog-c18100m-c-dimension-720-18g-100mm\/"]}]},{"@type":"ImageObject","inLanguage":"de","@id":"https:\/\/kinamihealth.com\/de\/produkt\/intraline-cog-c18100m-c-dimension-720-18g-100mm\/#primaryimage","url":"https:\/\/kinamihealth.com\/wp-content\/uploads\/2025\/02\/INTRALINE-COG-C18100M-C-Dimension-720-18G-100mm_Front.webp","contentUrl":"https:\/\/kinamihealth.com\/wp-content\/uploads\/2025\/02\/INTRALINE-COG-C18100M-C-Dimension-720-18G-100mm_Front.webp","width":1500,"height":1500},{"@type":"BreadcrumbList","@id":"https:\/\/kinamihealth.com\/de\/produkt\/intraline-cog-c18100m-c-dimension-720-18g-100mm\/#breadcrumb","itemListElement":[{"@type":"ListItem","position":1,"name":"Startseite","item":"https:\/\/kinamihealth.com\/"},{"@type":"ListItem","position":2,"name":"Shop","item":"https:\/\/kinamihealth.com\/shop\/"},{"@type":"ListItem","position":3,"name":"INTRALINE\u00ae COG C18100M-C Dimension 720 18G 100mm"}]},{"@type":"WebSite","@id":"https:\/\/kinamihealth.com\/#website","url":"https:\/\/kinamihealth.com\/","name":"Kinami Health","description":"","publisher":{"@id":"https:\/\/kinamihealth.com\/#organization"},"potentialAction":[{"@type":"SearchAction","target":{"@type":"EntryPoint","urlTemplate":"https:\/\/kinamihealth.com\/?s={search_term_string}"},"query-input":{"@type":"PropertyValueSpecification","valueRequired":true,"valueName":"search_term_string"}}],"inLanguage":"de"},{"@type":"Organization","@id":"https:\/\/kinamihealth.com\/#organization","name":"Kinami Health","url":"https:\/\/kinamihealth.com\/","logo":{"@type":"ImageObject","inLanguage":"de","@id":"https:\/\/kinamihealth.com\/#\/schema\/logo\/image\/","url":"https:\/\/kinamihealth.com\/wp-content\/uploads\/2025\/01\/KH_logo_black_2-1.png","contentUrl":"https:\/\/kinamihealth.com\/wp-content\/uploads\/2025\/01\/KH_logo_black_2-1.png","width":339,"height":34,"caption":"Kinami Health"},"image":{"@id":"https:\/\/kinamihealth.com\/#\/schema\/logo\/image\/"}}]}},"_links":{"self":[{"href":"https:\/\/kinamihealth.com\/de\/wp-json\/wp\/v2\/product\/114599","targetHints":{"allow":["GET"]}}],"collection":[{"href":"https:\/\/kinamihealth.com\/de\/wp-json\/wp\/v2\/product"}],"about":[{"href":"https:\/\/kinamihealth.com\/de\/wp-json\/wp\/v2\/types\/product"}],"replies":[{"embeddable":true,"href":"https:\/\/kinamihealth.com\/de\/wp-json\/wp\/v2\/comments?post=114599"}],"version-history":[{"count":0,"href":"https:\/\/kinamihealth.com\/de\/wp-json\/wp\/v2\/product\/114599\/revisions"}],"wp:featuredmedia":[{"embeddable":true,"href":"https:\/\/kinamihealth.com\/de\/wp-json\/wp\/v2\/media\/101815"}],"wp:attachment":[{"href":"https:\/\/kinamihealth.com\/de\/wp-json\/wp\/v2\/media?parent=114599"}],"wp:term":[{"taxonomy":"product_brand","embeddable":true,"href":"https:\/\/kinamihealth.com\/de\/wp-json\/wp\/v2\/product_brand?post=114599"},{"taxonomy":"product_cat","embeddable":true,"href":"https:\/\/kinamihealth.com\/de\/wp-json\/wp\/v2\/product_cat?post=114599"},{"taxonomy":"product_tag","embeddable":true,"href":"https:\/\/kinamihealth.com\/de\/wp-json\/wp\/v2\/product_tag?post=114599"}],"curies":[{"name":"wp","href":"https:\/\/api.w.org\/{rel}","templated":true}]}}