{"id":114584,"date":"2025-09-19T11:40:26","date_gmt":"2025-09-19T11:40:26","guid":{"rendered":"https:\/\/kinamihealth.com\/?post_type=product&#038;p=114584"},"modified":"2025-10-17T12:48:53","modified_gmt":"2025-10-17T12:48:53","slug":"fillmed-m-ha-10","status":"publish","type":"product","link":"https:\/\/kinamihealth.com\/de\/produkt\/fillmed-m-ha-10\/","title":{"rendered":"FILLMED\u00ae M-HA\u00ae 10"},"content":{"rendered":"<p><b>FILLMED M-HA 10<\/b><span style=\"font-weight: 400;\"> ist ein <\/span><b>hochwertiger Filler<\/b><span style=\"font-weight: 400;\">, der reine, <\/span><b>unvernetzte Hyalurons\u00e4ure<\/b><span style=\"font-weight: 400;\"> enth\u00e4lt \u2013 eine k\u00f6rpereigene Substanz, die f\u00fcr ihre ausgezeichnete Vertr\u00e4glichkeit und nat\u00fcrliche Integration in das Hautgewebe bekannt ist.<\/span><\/p>\n<p><span style=\"font-weight: 400;\">Dank seiner <\/span><b>effektiven Formulierung<\/b><span style=\"font-weight: 400;\"> bietet FILLMED M-HA 10 eine <\/span><b>intensive Feuchtigkeitsversorgung<\/b><span style=\"font-weight: 400;\">, <\/span><b>verbessert sichtbar die Hautstruktur<\/b><span style=\"font-weight: 400;\"> und <\/span><b>reduziert feine Linien<\/b><span style=\"font-weight: 400;\">.<\/span><\/p>\n<p><span style=\"font-weight: 400;\">Medizinische Fachkr\u00e4fte bewerten dieses Produkt als eines der leistungsst\u00e4rksten auf dem Markt \u2013 eine zuverl\u00e4ssige Wahl f\u00fcr die Behandlung feuchtigkeitsarmer, m\u00fcder und fahler Haut.<\/span><\/p>\n","protected":false},"excerpt":{"rendered":"<p>FILLMED M-HA 10 ist ein hochwertiger Filler, der reine, unvernetzte Hyalurons\u00e4ure enth\u00e4lt \u2013 eine k\u00f6rpereigene Substanz, die f\u00fcr ihre ausgezeichnete Vertr\u00e4glichkeit und nat\u00fcrliche Integration in das Hautgewebe bekannt ist. Dank seiner effektiven Formulierung bietet FILLMED M-HA 10 eine intensive Feuchtigkeitsversorgung, verbessert sichtbar die Hautstruktur und reduziert feine Linien. Medizinische Fachkr\u00e4fte bewerten dieses Produkt als eines [&hellip;]<\/p>\n","protected":false},"featured_media":100829,"comment_status":"closed","ping_status":"closed","template":"","meta":{"_acf_changed":false,"inline_featured_image":false},"product_brand":[2063],"product_cat":[2023],"product_tag":[2144],"class_list":{"0":"post-114584","1":"product","2":"type-product","3":"status-publish","4":"has-post-thumbnail","6":"product_brand-fillmed","7":"product_cat-filler","8":"product_tag-medical-devices-de","10":"first","11":"instock","12":"taxable","13":"shipping-taxable","14":"purchasable","15":"product-type-simple","16":"add-to-wishlist-before_image"},"acf":[],"yoast_head":"<!-- This site is optimized with the Yoast SEO plugin v27.5 - https:\/\/yoast.com\/product\/yoast-seo-wordpress\/ -->\n<title>FILLMED\u00ae M-HA\u00ae 10 online kaufen<\/title>\n<meta name=\"description\" content=\"Kaufen Sie FILLMED M-HA 10 online \u2013 ein innovativer Filler zur intensiven Feuchtigkeitsversorgung, sichtbaren Reduktion feiner Linien und Behandlung von feuchtigkeitsarmer Haut.\" \/>\n<meta name=\"robots\" content=\"index, follow, max-snippet:-1, max-image-preview:large, max-video-preview:-1\" \/>\n<link rel=\"canonical\" href=\"https:\/\/kinamihealth.com\/de\/wp-json\/wp\/v2\/product\/114584\" \/>\n<meta property=\"og:locale\" content=\"de_DE\" \/>\n<meta property=\"og:type\" content=\"article\" \/>\n<meta property=\"og:title\" content=\"FILLMED\u00ae M-HA\u00ae 10 online kaufen\" \/>\n<meta property=\"og:description\" content=\"Kaufen Sie FILLMED M-HA 10 online \u2013 ein innovativer Filler zur intensiven Feuchtigkeitsversorgung, sichtbaren Reduktion feiner Linien und Behandlung von feuchtigkeitsarmer Haut.\" \/>\n<meta property=\"og:url\" content=\"https:\/\/kinamihealth.com\/de\/produkt\/fillmed-m-ha-10\/\" \/>\n<meta property=\"og:site_name\" content=\"Kinami Health\" \/>\n<meta property=\"article:modified_time\" content=\"2025-10-17T12:48:53+00:00\" \/>\n<meta property=\"og:image\" content=\"https:\/\/kinamihealth.com\/wp-content\/uploads\/2025\/02\/FILLMED-MHA10-04.jpg\" \/>\n\t<meta property=\"og:image:width\" content=\"800\" \/>\n\t<meta property=\"og:image:height\" content=\"800\" \/>\n\t<meta property=\"og:image:type\" content=\"image\/jpeg\" \/>\n<meta name=\"twitter:card\" content=\"summary_large_image\" \/>\n<meta name=\"twitter:label1\" content=\"Gesch\u00e4tzte Lesezeit\" \/>\n\t<meta name=\"twitter:data1\" content=\"1\u00a0Minute\" \/>\n<!-- \/ Yoast SEO plugin. -->","yoast_head_json":{"title":"FILLMED\u00ae M-HA\u00ae 10 online kaufen","description":"Kaufen Sie FILLMED M-HA 10 online \u2013 ein innovativer Filler zur intensiven Feuchtigkeitsversorgung, sichtbaren Reduktion feiner Linien und Behandlung von feuchtigkeitsarmer Haut.","robots":{"index":"index","follow":"follow","max-snippet":"max-snippet:-1","max-image-preview":"max-image-preview:large","max-video-preview":"max-video-preview:-1"},"canonical":"https:\/\/kinamihealth.com\/de\/wp-json\/wp\/v2\/product\/114584","og_locale":"de_DE","og_type":"article","og_title":"FILLMED\u00ae M-HA\u00ae 10 online kaufen","og_description":"Kaufen Sie FILLMED M-HA 10 online \u2013 ein innovativer Filler zur intensiven Feuchtigkeitsversorgung, sichtbaren Reduktion feiner Linien und Behandlung von feuchtigkeitsarmer Haut.","og_url":"https:\/\/kinamihealth.com\/de\/produkt\/fillmed-m-ha-10\/","og_site_name":"Kinami Health","article_modified_time":"2025-10-17T12:48:53+00:00","og_image":[{"width":800,"height":800,"url":"https:\/\/kinamihealth.com\/wp-content\/uploads\/2025\/02\/FILLMED-MHA10-04.jpg","type":"image\/jpeg"}],"twitter_card":"summary_large_image","twitter_misc":{"Gesch\u00e4tzte Lesezeit":"1\u00a0Minute"},"schema":{"@context":"https:\/\/schema.org","@graph":[{"@type":"WebPage","@id":"https:\/\/kinamihealth.com\/de\/produkt\/fillmed-m-ha-10\/","url":"https:\/\/kinamihealth.com\/de\/produkt\/fillmed-m-ha-10\/","name":"FILLMED\u00ae M-HA\u00ae 10 online kaufen","isPartOf":{"@id":"https:\/\/kinamihealth.com\/#website"},"primaryImageOfPage":{"@id":"https:\/\/kinamihealth.com\/de\/produkt\/fillmed-m-ha-10\/#primaryimage"},"image":{"@id":"https:\/\/kinamihealth.com\/de\/produkt\/fillmed-m-ha-10\/#primaryimage"},"thumbnailUrl":"https:\/\/kinamihealth.com\/wp-content\/uploads\/2025\/02\/FILLMED-MHA10-04.jpg","datePublished":"2025-09-19T11:40:26+00:00","dateModified":"2025-10-17T12:48:53+00:00","description":"Kaufen Sie FILLMED M-HA 10 online \u2013 ein innovativer Filler zur intensiven Feuchtigkeitsversorgung, sichtbaren Reduktion feiner Linien und Behandlung von feuchtigkeitsarmer Haut.","breadcrumb":{"@id":"https:\/\/kinamihealth.com\/de\/produkt\/fillmed-m-ha-10\/#breadcrumb"},"inLanguage":"de","potentialAction":[{"@type":"ReadAction","target":["https:\/\/kinamihealth.com\/de\/produkt\/fillmed-m-ha-10\/"]}]},{"@type":"ImageObject","inLanguage":"de","@id":"https:\/\/kinamihealth.com\/de\/produkt\/fillmed-m-ha-10\/#primaryimage","url":"https:\/\/kinamihealth.com\/wp-content\/uploads\/2025\/02\/FILLMED-MHA10-04.jpg","contentUrl":"https:\/\/kinamihealth.com\/wp-content\/uploads\/2025\/02\/FILLMED-MHA10-04.jpg","width":800,"height":800},{"@type":"BreadcrumbList","@id":"https:\/\/kinamihealth.com\/de\/produkt\/fillmed-m-ha-10\/#breadcrumb","itemListElement":[{"@type":"ListItem","position":1,"name":"Startseite","item":"https:\/\/kinamihealth.com\/"},{"@type":"ListItem","position":2,"name":"Shop","item":"https:\/\/kinamihealth.com\/shop\/"},{"@type":"ListItem","position":3,"name":"FILLMED\u00ae M-HA\u00ae 10"}]},{"@type":"WebSite","@id":"https:\/\/kinamihealth.com\/#website","url":"https:\/\/kinamihealth.com\/","name":"Kinami Health","description":"","publisher":{"@id":"https:\/\/kinamihealth.com\/#organization"},"potentialAction":[{"@type":"SearchAction","target":{"@type":"EntryPoint","urlTemplate":"https:\/\/kinamihealth.com\/?s={search_term_string}"},"query-input":{"@type":"PropertyValueSpecification","valueRequired":true,"valueName":"search_term_string"}}],"inLanguage":"de"},{"@type":"Organization","@id":"https:\/\/kinamihealth.com\/#organization","name":"Kinami Health","url":"https:\/\/kinamihealth.com\/","logo":{"@type":"ImageObject","inLanguage":"de","@id":"https:\/\/kinamihealth.com\/#\/schema\/logo\/image\/","url":"https:\/\/kinamihealth.com\/wp-content\/uploads\/2025\/01\/KH_logo_black_2-1.png","contentUrl":"https:\/\/kinamihealth.com\/wp-content\/uploads\/2025\/01\/KH_logo_black_2-1.png","width":339,"height":34,"caption":"Kinami Health"},"image":{"@id":"https:\/\/kinamihealth.com\/#\/schema\/logo\/image\/"}}]}},"_links":{"self":[{"href":"https:\/\/kinamihealth.com\/de\/wp-json\/wp\/v2\/product\/114584","targetHints":{"allow":["GET"]}}],"collection":[{"href":"https:\/\/kinamihealth.com\/de\/wp-json\/wp\/v2\/product"}],"about":[{"href":"https:\/\/kinamihealth.com\/de\/wp-json\/wp\/v2\/types\/product"}],"replies":[{"embeddable":true,"href":"https:\/\/kinamihealth.com\/de\/wp-json\/wp\/v2\/comments?post=114584"}],"version-history":[{"count":0,"href":"https:\/\/kinamihealth.com\/de\/wp-json\/wp\/v2\/product\/114584\/revisions"}],"wp:featuredmedia":[{"embeddable":true,"href":"https:\/\/kinamihealth.com\/de\/wp-json\/wp\/v2\/media\/100829"}],"wp:attachment":[{"href":"https:\/\/kinamihealth.com\/de\/wp-json\/wp\/v2\/media?parent=114584"}],"wp:term":[{"taxonomy":"product_brand","embeddable":true,"href":"https:\/\/kinamihealth.com\/de\/wp-json\/wp\/v2\/product_brand?post=114584"},{"taxonomy":"product_cat","embeddable":true,"href":"https:\/\/kinamihealth.com\/de\/wp-json\/wp\/v2\/product_cat?post=114584"},{"taxonomy":"product_tag","embeddable":true,"href":"https:\/\/kinamihealth.com\/de\/wp-json\/wp\/v2\/product_tag?post=114584"}],"curies":[{"name":"wp","href":"https:\/\/api.w.org\/{rel}","templated":true}]}}