{"id":114581,"date":"2025-09-19T11:32:34","date_gmt":"2025-09-19T11:32:34","guid":{"rendered":"https:\/\/kinamihealth.com\/?post_type=product&#038;p=114581"},"modified":"2025-10-21T12:20:52","modified_gmt":"2025-10-21T12:20:52","slug":"fillmed-art-filler-lips-with-lidocaine","status":"publish","type":"product","link":"https:\/\/kinamihealth.com\/de\/produkt\/fillmed-art-filler-lips-with-lidocaine\/","title":{"rendered":"FILLMED\u00ae ART FILLER LIPS mit Lidocain"},"content":{"rendered":"<p><span style=\"font-weight: 400;\"><strong>FILLMED\u00ae ART FILLER LIPS mit Lidocain<\/strong> ist ein <\/span><b>hochwertiger Filler<\/b><span style=\"font-weight: 400;\"> zur pr\u00e4zisen <\/span><b>Lippenvergr\u00f6\u00dferung und Konturierung<\/b><span style=\"font-weight: 400;\">. Er verleiht den Lippen <\/span><b>elegantes Volumen<\/b><span style=\"font-weight: 400;\"> und ein <\/span><b>harmonisches, nat\u00fcrlich wirkendes Aussehen<\/b><span style=\"font-weight: 400;\">. Bestellen Sie diesen Premium-Filler bequem online und bieten Sie Ihren Patienten eine \u00e4sthetisch anspruchsvolle Behandlung mit professionellem Ergebnis.<\/span><\/p>\n","protected":false},"excerpt":{"rendered":"<p>FILLMED\u00ae ART FILLER LIPS mit Lidocain ist ein hochwertiger Filler zur pr\u00e4zisen Lippenvergr\u00f6\u00dferung und Konturierung. Er verleiht den Lippen elegantes Volumen und ein harmonisches, nat\u00fcrlich wirkendes Aussehen. Bestellen Sie diesen Premium-Filler bequem online und bieten Sie Ihren Patienten eine \u00e4sthetisch anspruchsvolle Behandlung mit professionellem Ergebnis.<\/p>\n","protected":false},"featured_media":100811,"comment_status":"closed","ping_status":"closed","template":"","meta":{"_acf_changed":false,"inline_featured_image":false},"product_brand":[2063],"product_cat":[2023],"product_tag":[2144],"class_list":{"0":"post-114581","1":"product","2":"type-product","3":"status-publish","4":"has-post-thumbnail","6":"product_brand-fillmed","7":"product_cat-filler","8":"product_tag-medical-devices-de","10":"first","11":"instock","12":"taxable","13":"shipping-taxable","14":"purchasable","15":"product-type-simple","16":"add-to-wishlist-before_image"},"acf":[],"yoast_head":"<!-- This site is optimized with the Yoast SEO plugin v27.5 - https:\/\/yoast.com\/product\/yoast-seo-wordpress\/ -->\n<title>FILLMED\u00ae ART FILLER LIPS mit Lidocain online kaufen<\/title>\n<meta name=\"description\" content=\"Kaufen Sie Fillmed Art Filler Lips mit Lidocain online \u2013 f\u00fcr definierte Konturen und nat\u00fcrlich wirkendes Lippenvolumen mit langanhaltendem Ergebnis.\" \/>\n<meta name=\"robots\" content=\"index, follow, max-snippet:-1, max-image-preview:large, max-video-preview:-1\" \/>\n<link rel=\"canonical\" href=\"https:\/\/kinamihealth.com\/de\/wp-json\/wp\/v2\/product\/114581\" \/>\n<meta property=\"og:locale\" content=\"de_DE\" \/>\n<meta property=\"og:type\" content=\"article\" \/>\n<meta property=\"og:title\" content=\"FILLMED\u00ae ART FILLER LIPS mit Lidocain online kaufen\" \/>\n<meta property=\"og:description\" content=\"Kaufen Sie Fillmed Art Filler Lips mit Lidocain online \u2013 f\u00fcr definierte Konturen und nat\u00fcrlich wirkendes Lippenvolumen mit langanhaltendem Ergebnis.\" \/>\n<meta property=\"og:url\" content=\"https:\/\/kinamihealth.com\/de\/produkt\/fillmed-art-filler-lips-with-lidocaine\/\" \/>\n<meta property=\"og:site_name\" content=\"Kinami Health\" \/>\n<meta property=\"article:modified_time\" content=\"2025-10-21T12:20:52+00:00\" \/>\n<meta property=\"og:image\" content=\"https:\/\/kinamihealth.com\/wp-content\/uploads\/2025\/02\/FILLMED-ARTFILLER-LIPS-01.jpg\" \/>\n\t<meta property=\"og:image:width\" content=\"800\" \/>\n\t<meta property=\"og:image:height\" content=\"800\" \/>\n\t<meta property=\"og:image:type\" content=\"image\/jpeg\" \/>\n<meta name=\"twitter:card\" content=\"summary_large_image\" \/>\n<meta name=\"twitter:label1\" content=\"Gesch\u00e4tzte Lesezeit\" \/>\n\t<meta name=\"twitter:data1\" content=\"1\u00a0Minute\" \/>\n<!-- \/ Yoast SEO plugin. -->","yoast_head_json":{"title":"FILLMED\u00ae ART FILLER LIPS mit Lidocain online kaufen","description":"Kaufen Sie Fillmed Art Filler Lips mit Lidocain online \u2013 f\u00fcr definierte Konturen und nat\u00fcrlich wirkendes Lippenvolumen mit langanhaltendem Ergebnis.","robots":{"index":"index","follow":"follow","max-snippet":"max-snippet:-1","max-image-preview":"max-image-preview:large","max-video-preview":"max-video-preview:-1"},"canonical":"https:\/\/kinamihealth.com\/de\/wp-json\/wp\/v2\/product\/114581","og_locale":"de_DE","og_type":"article","og_title":"FILLMED\u00ae ART FILLER LIPS mit Lidocain online kaufen","og_description":"Kaufen Sie Fillmed Art Filler Lips mit Lidocain online \u2013 f\u00fcr definierte Konturen und nat\u00fcrlich wirkendes Lippenvolumen mit langanhaltendem Ergebnis.","og_url":"https:\/\/kinamihealth.com\/de\/produkt\/fillmed-art-filler-lips-with-lidocaine\/","og_site_name":"Kinami Health","article_modified_time":"2025-10-21T12:20:52+00:00","og_image":[{"width":800,"height":800,"url":"https:\/\/kinamihealth.com\/wp-content\/uploads\/2025\/02\/FILLMED-ARTFILLER-LIPS-01.jpg","type":"image\/jpeg"}],"twitter_card":"summary_large_image","twitter_misc":{"Gesch\u00e4tzte Lesezeit":"1\u00a0Minute"},"schema":{"@context":"https:\/\/schema.org","@graph":[{"@type":"WebPage","@id":"https:\/\/kinamihealth.com\/de\/produkt\/fillmed-art-filler-lips-with-lidocaine\/","url":"https:\/\/kinamihealth.com\/de\/produkt\/fillmed-art-filler-lips-with-lidocaine\/","name":"FILLMED\u00ae ART FILLER LIPS mit Lidocain online kaufen","isPartOf":{"@id":"https:\/\/kinamihealth.com\/#website"},"primaryImageOfPage":{"@id":"https:\/\/kinamihealth.com\/de\/produkt\/fillmed-art-filler-lips-with-lidocaine\/#primaryimage"},"image":{"@id":"https:\/\/kinamihealth.com\/de\/produkt\/fillmed-art-filler-lips-with-lidocaine\/#primaryimage"},"thumbnailUrl":"https:\/\/kinamihealth.com\/wp-content\/uploads\/2025\/02\/FILLMED-ARTFILLER-LIPS-01.jpg","datePublished":"2025-09-19T11:32:34+00:00","dateModified":"2025-10-21T12:20:52+00:00","description":"Kaufen Sie Fillmed Art Filler Lips mit Lidocain online \u2013 f\u00fcr definierte Konturen und nat\u00fcrlich wirkendes Lippenvolumen mit langanhaltendem Ergebnis.","breadcrumb":{"@id":"https:\/\/kinamihealth.com\/de\/produkt\/fillmed-art-filler-lips-with-lidocaine\/#breadcrumb"},"inLanguage":"de","potentialAction":[{"@type":"ReadAction","target":["https:\/\/kinamihealth.com\/de\/produkt\/fillmed-art-filler-lips-with-lidocaine\/"]}]},{"@type":"ImageObject","inLanguage":"de","@id":"https:\/\/kinamihealth.com\/de\/produkt\/fillmed-art-filler-lips-with-lidocaine\/#primaryimage","url":"https:\/\/kinamihealth.com\/wp-content\/uploads\/2025\/02\/FILLMED-ARTFILLER-LIPS-01.jpg","contentUrl":"https:\/\/kinamihealth.com\/wp-content\/uploads\/2025\/02\/FILLMED-ARTFILLER-LIPS-01.jpg","width":800,"height":800},{"@type":"BreadcrumbList","@id":"https:\/\/kinamihealth.com\/de\/produkt\/fillmed-art-filler-lips-with-lidocaine\/#breadcrumb","itemListElement":[{"@type":"ListItem","position":1,"name":"Startseite","item":"https:\/\/kinamihealth.com\/"},{"@type":"ListItem","position":2,"name":"Shop","item":"https:\/\/kinamihealth.com\/shop\/"},{"@type":"ListItem","position":3,"name":"FILLMED\u00ae ART FILLER LIPS mit Lidocain"}]},{"@type":"WebSite","@id":"https:\/\/kinamihealth.com\/#website","url":"https:\/\/kinamihealth.com\/","name":"Kinami Health","description":"","publisher":{"@id":"https:\/\/kinamihealth.com\/#organization"},"potentialAction":[{"@type":"SearchAction","target":{"@type":"EntryPoint","urlTemplate":"https:\/\/kinamihealth.com\/?s={search_term_string}"},"query-input":{"@type":"PropertyValueSpecification","valueRequired":true,"valueName":"search_term_string"}}],"inLanguage":"de"},{"@type":"Organization","@id":"https:\/\/kinamihealth.com\/#organization","name":"Kinami Health","url":"https:\/\/kinamihealth.com\/","logo":{"@type":"ImageObject","inLanguage":"de","@id":"https:\/\/kinamihealth.com\/#\/schema\/logo\/image\/","url":"https:\/\/kinamihealth.com\/wp-content\/uploads\/2025\/01\/KH_logo_black_2-1.png","contentUrl":"https:\/\/kinamihealth.com\/wp-content\/uploads\/2025\/01\/KH_logo_black_2-1.png","width":339,"height":34,"caption":"Kinami Health"},"image":{"@id":"https:\/\/kinamihealth.com\/#\/schema\/logo\/image\/"}}]}},"_links":{"self":[{"href":"https:\/\/kinamihealth.com\/de\/wp-json\/wp\/v2\/product\/114581","targetHints":{"allow":["GET"]}}],"collection":[{"href":"https:\/\/kinamihealth.com\/de\/wp-json\/wp\/v2\/product"}],"about":[{"href":"https:\/\/kinamihealth.com\/de\/wp-json\/wp\/v2\/types\/product"}],"replies":[{"embeddable":true,"href":"https:\/\/kinamihealth.com\/de\/wp-json\/wp\/v2\/comments?post=114581"}],"version-history":[{"count":0,"href":"https:\/\/kinamihealth.com\/de\/wp-json\/wp\/v2\/product\/114581\/revisions"}],"wp:featuredmedia":[{"embeddable":true,"href":"https:\/\/kinamihealth.com\/de\/wp-json\/wp\/v2\/media\/100811"}],"wp:attachment":[{"href":"https:\/\/kinamihealth.com\/de\/wp-json\/wp\/v2\/media?parent=114581"}],"wp:term":[{"taxonomy":"product_brand","embeddable":true,"href":"https:\/\/kinamihealth.com\/de\/wp-json\/wp\/v2\/product_brand?post=114581"},{"taxonomy":"product_cat","embeddable":true,"href":"https:\/\/kinamihealth.com\/de\/wp-json\/wp\/v2\/product_cat?post=114581"},{"taxonomy":"product_tag","embeddable":true,"href":"https:\/\/kinamihealth.com\/de\/wp-json\/wp\/v2\/product_tag?post=114581"}],"curies":[{"name":"wp","href":"https:\/\/api.w.org\/{rel}","templated":true}]}}