{"id":114580,"date":"2025-09-19T11:29:38","date_gmt":"2025-09-19T11:29:38","guid":{"rendered":"https:\/\/kinamihealth.com\/?post_type=product&#038;p=114580"},"modified":"2025-10-21T12:20:51","modified_gmt":"2025-10-21T12:20:51","slug":"fillmed-art-filler-fine-lines-with-lidocaine","status":"publish","type":"product","link":"https:\/\/kinamihealth.com\/de\/produkt\/fillmed-art-filler-fine-lines-with-lidocaine\/","title":{"rendered":"FILLMED\u00ae ART FILLER FINE LINES mit Lidocain"},"content":{"rendered":"<p><span style=\"font-weight: 400;\"><strong>FILLMED\u00ae ART FILLER FINE LINES mit Lidocain<\/strong> ist ein <\/span><b>fortschrittliches, hochwertig formuliertes Hyalurons\u00e4uregel<\/b><span style=\"font-weight: 400;\"> zur effektiven <\/span><b>Gl\u00e4ttung feiner Hautlinien<\/b><span style=\"font-weight: 400;\">. Dieses vielseitige Pr\u00e4parat wurde speziell f\u00fcr die <\/span><b>professionelle Behandlung oberfl\u00e4chlicher Falten<\/b><span style=\"font-weight: 400;\"> entwickelt und hilft dabei, sichtbare Anzeichen der Hautalterung gezielt zu mildern.<\/span><\/p>\n","protected":false},"excerpt":{"rendered":"<p>FILLMED\u00ae ART FILLER FINE LINES mit Lidocain ist ein fortschrittliches, hochwertig formuliertes Hyalurons\u00e4uregel zur effektiven Gl\u00e4ttung feiner Hautlinien. Dieses vielseitige Pr\u00e4parat wurde speziell f\u00fcr die professionelle Behandlung oberfl\u00e4chlicher Falten entwickelt und hilft dabei, sichtbare Anzeichen der Hautalterung gezielt zu mildern.<\/p>\n","protected":false},"featured_media":100795,"comment_status":"closed","ping_status":"closed","template":"","meta":{"_acf_changed":false,"inline_featured_image":false},"product_brand":[2063],"product_cat":[2023],"product_tag":[2144],"class_list":{"0":"post-114580","1":"product","2":"type-product","3":"status-publish","4":"has-post-thumbnail","6":"product_brand-fillmed","7":"product_cat-filler","8":"product_tag-medical-devices-de","10":"first","11":"instock","12":"taxable","13":"shipping-taxable","14":"purchasable","15":"product-type-simple","16":"add-to-wishlist-before_image"},"acf":[],"yoast_head":"<!-- This site is optimized with the Yoast SEO plugin v27.5 - https:\/\/yoast.com\/product\/yoast-seo-wordpress\/ -->\n<title>FILLMED\u00ae ART FILLER FINE LINES mit Lidocain online kaufen<\/title>\n<meta name=\"description\" content=\"Kaufen Sie FILLMED ART FILLER FINE LINES mit Lidocain \u2013 ideal zur gezielten Behandlung und Gl\u00e4ttung oberfl\u00e4chlicher Falten in verschiedenen Gesichtsbereichen.\" \/>\n<meta name=\"robots\" content=\"index, follow, max-snippet:-1, max-image-preview:large, max-video-preview:-1\" \/>\n<link rel=\"canonical\" href=\"https:\/\/kinamihealth.com\/de\/wp-json\/wp\/v2\/product\/114580\" \/>\n<meta property=\"og:locale\" content=\"de_DE\" \/>\n<meta property=\"og:type\" content=\"article\" \/>\n<meta property=\"og:title\" content=\"FILLMED\u00ae ART FILLER FINE LINES mit Lidocain online kaufen\" \/>\n<meta property=\"og:description\" content=\"Kaufen Sie FILLMED ART FILLER FINE LINES mit Lidocain \u2013 ideal zur gezielten Behandlung und Gl\u00e4ttung oberfl\u00e4chlicher Falten in verschiedenen Gesichtsbereichen.\" \/>\n<meta property=\"og:url\" content=\"https:\/\/kinamihealth.com\/de\/produkt\/fillmed-art-filler-fine-lines-with-lidocaine\/\" \/>\n<meta property=\"og:site_name\" content=\"Kinami Health\" \/>\n<meta property=\"article:modified_time\" content=\"2025-10-21T12:20:51+00:00\" \/>\n<meta property=\"og:image\" content=\"https:\/\/kinamihealth.com\/wp-content\/uploads\/2025\/02\/FILLMED-ARTFILLER-FINELINES-01.jpg\" \/>\n\t<meta property=\"og:image:width\" content=\"800\" \/>\n\t<meta property=\"og:image:height\" content=\"800\" \/>\n\t<meta property=\"og:image:type\" content=\"image\/jpeg\" \/>\n<meta name=\"twitter:card\" content=\"summary_large_image\" \/>\n<meta name=\"twitter:label1\" content=\"Gesch\u00e4tzte Lesezeit\" \/>\n\t<meta name=\"twitter:data1\" content=\"1\u00a0Minute\" \/>\n<!-- \/ Yoast SEO plugin. -->","yoast_head_json":{"title":"FILLMED\u00ae ART FILLER FINE LINES mit Lidocain online kaufen","description":"Kaufen Sie FILLMED ART FILLER FINE LINES mit Lidocain \u2013 ideal zur gezielten Behandlung und Gl\u00e4ttung oberfl\u00e4chlicher Falten in verschiedenen Gesichtsbereichen.","robots":{"index":"index","follow":"follow","max-snippet":"max-snippet:-1","max-image-preview":"max-image-preview:large","max-video-preview":"max-video-preview:-1"},"canonical":"https:\/\/kinamihealth.com\/de\/wp-json\/wp\/v2\/product\/114580","og_locale":"de_DE","og_type":"article","og_title":"FILLMED\u00ae ART FILLER FINE LINES mit Lidocain online kaufen","og_description":"Kaufen Sie FILLMED ART FILLER FINE LINES mit Lidocain \u2013 ideal zur gezielten Behandlung und Gl\u00e4ttung oberfl\u00e4chlicher Falten in verschiedenen Gesichtsbereichen.","og_url":"https:\/\/kinamihealth.com\/de\/produkt\/fillmed-art-filler-fine-lines-with-lidocaine\/","og_site_name":"Kinami Health","article_modified_time":"2025-10-21T12:20:51+00:00","og_image":[{"width":800,"height":800,"url":"https:\/\/kinamihealth.com\/wp-content\/uploads\/2025\/02\/FILLMED-ARTFILLER-FINELINES-01.jpg","type":"image\/jpeg"}],"twitter_card":"summary_large_image","twitter_misc":{"Gesch\u00e4tzte Lesezeit":"1\u00a0Minute"},"schema":{"@context":"https:\/\/schema.org","@graph":[{"@type":"WebPage","@id":"https:\/\/kinamihealth.com\/de\/produkt\/fillmed-art-filler-fine-lines-with-lidocaine\/","url":"https:\/\/kinamihealth.com\/de\/produkt\/fillmed-art-filler-fine-lines-with-lidocaine\/","name":"FILLMED\u00ae ART FILLER FINE LINES mit Lidocain online kaufen","isPartOf":{"@id":"https:\/\/kinamihealth.com\/#website"},"primaryImageOfPage":{"@id":"https:\/\/kinamihealth.com\/de\/produkt\/fillmed-art-filler-fine-lines-with-lidocaine\/#primaryimage"},"image":{"@id":"https:\/\/kinamihealth.com\/de\/produkt\/fillmed-art-filler-fine-lines-with-lidocaine\/#primaryimage"},"thumbnailUrl":"https:\/\/kinamihealth.com\/wp-content\/uploads\/2025\/02\/FILLMED-ARTFILLER-FINELINES-01.jpg","datePublished":"2025-09-19T11:29:38+00:00","dateModified":"2025-10-21T12:20:51+00:00","description":"Kaufen Sie FILLMED ART FILLER FINE LINES mit Lidocain \u2013 ideal zur gezielten Behandlung und Gl\u00e4ttung oberfl\u00e4chlicher Falten in verschiedenen Gesichtsbereichen.","breadcrumb":{"@id":"https:\/\/kinamihealth.com\/de\/produkt\/fillmed-art-filler-fine-lines-with-lidocaine\/#breadcrumb"},"inLanguage":"de","potentialAction":[{"@type":"ReadAction","target":["https:\/\/kinamihealth.com\/de\/produkt\/fillmed-art-filler-fine-lines-with-lidocaine\/"]}]},{"@type":"ImageObject","inLanguage":"de","@id":"https:\/\/kinamihealth.com\/de\/produkt\/fillmed-art-filler-fine-lines-with-lidocaine\/#primaryimage","url":"https:\/\/kinamihealth.com\/wp-content\/uploads\/2025\/02\/FILLMED-ARTFILLER-FINELINES-01.jpg","contentUrl":"https:\/\/kinamihealth.com\/wp-content\/uploads\/2025\/02\/FILLMED-ARTFILLER-FINELINES-01.jpg","width":800,"height":800},{"@type":"BreadcrumbList","@id":"https:\/\/kinamihealth.com\/de\/produkt\/fillmed-art-filler-fine-lines-with-lidocaine\/#breadcrumb","itemListElement":[{"@type":"ListItem","position":1,"name":"Startseite","item":"https:\/\/kinamihealth.com\/"},{"@type":"ListItem","position":2,"name":"Shop","item":"https:\/\/kinamihealth.com\/shop\/"},{"@type":"ListItem","position":3,"name":"FILLMED\u00ae ART FILLER FINE LINES mit Lidocain"}]},{"@type":"WebSite","@id":"https:\/\/kinamihealth.com\/#website","url":"https:\/\/kinamihealth.com\/","name":"Kinami Health","description":"","publisher":{"@id":"https:\/\/kinamihealth.com\/#organization"},"potentialAction":[{"@type":"SearchAction","target":{"@type":"EntryPoint","urlTemplate":"https:\/\/kinamihealth.com\/?s={search_term_string}"},"query-input":{"@type":"PropertyValueSpecification","valueRequired":true,"valueName":"search_term_string"}}],"inLanguage":"de"},{"@type":"Organization","@id":"https:\/\/kinamihealth.com\/#organization","name":"Kinami Health","url":"https:\/\/kinamihealth.com\/","logo":{"@type":"ImageObject","inLanguage":"de","@id":"https:\/\/kinamihealth.com\/#\/schema\/logo\/image\/","url":"https:\/\/kinamihealth.com\/wp-content\/uploads\/2025\/01\/KH_logo_black_2-1.png","contentUrl":"https:\/\/kinamihealth.com\/wp-content\/uploads\/2025\/01\/KH_logo_black_2-1.png","width":339,"height":34,"caption":"Kinami Health"},"image":{"@id":"https:\/\/kinamihealth.com\/#\/schema\/logo\/image\/"}}]}},"_links":{"self":[{"href":"https:\/\/kinamihealth.com\/de\/wp-json\/wp\/v2\/product\/114580","targetHints":{"allow":["GET"]}}],"collection":[{"href":"https:\/\/kinamihealth.com\/de\/wp-json\/wp\/v2\/product"}],"about":[{"href":"https:\/\/kinamihealth.com\/de\/wp-json\/wp\/v2\/types\/product"}],"replies":[{"embeddable":true,"href":"https:\/\/kinamihealth.com\/de\/wp-json\/wp\/v2\/comments?post=114580"}],"version-history":[{"count":0,"href":"https:\/\/kinamihealth.com\/de\/wp-json\/wp\/v2\/product\/114580\/revisions"}],"wp:featuredmedia":[{"embeddable":true,"href":"https:\/\/kinamihealth.com\/de\/wp-json\/wp\/v2\/media\/100795"}],"wp:attachment":[{"href":"https:\/\/kinamihealth.com\/de\/wp-json\/wp\/v2\/media?parent=114580"}],"wp:term":[{"taxonomy":"product_brand","embeddable":true,"href":"https:\/\/kinamihealth.com\/de\/wp-json\/wp\/v2\/product_brand?post=114580"},{"taxonomy":"product_cat","embeddable":true,"href":"https:\/\/kinamihealth.com\/de\/wp-json\/wp\/v2\/product_cat?post=114580"},{"taxonomy":"product_tag","embeddable":true,"href":"https:\/\/kinamihealth.com\/de\/wp-json\/wp\/v2\/product_tag?post=114580"}],"curies":[{"name":"wp","href":"https:\/\/api.w.org\/{rel}","templated":true}]}}