{"id":114550,"date":"2025-09-18T14:15:43","date_gmt":"2025-09-18T14:15:43","guid":{"rendered":"https:\/\/kinamihealth.com\/?post_type=product&#038;p=114550"},"modified":"2025-10-21T12:19:24","modified_gmt":"2025-10-21T12:19:24","slug":"belotero-lips-contour-with-lidocaine","status":"publish","type":"product","link":"https:\/\/kinamihealth.com\/de\/produkt\/belotero-lips-contour-with-lidocaine\/","title":{"rendered":"BELOTERO\u00ae LIPS CONTOUR mit Lidocain"},"content":{"rendered":"<p><span style=\"font-weight: 400;\"><strong>BELOTERO\u00ae LIPS CONTOUR mit Lidocain<\/strong> ist ein <\/span><b>speziell entwickelter Filler zur Behandlung der Lippenpartie<\/b><span style=\"font-weight: 400;\">. Er eignet sich ideal, um <\/span><b>schmale Lippen sichtbar zu vergr\u00f6\u00dfern<\/b><span style=\"font-weight: 400;\"> oder <\/span><b>altersbedingte Ver\u00e4nderungen<\/b><span style=\"font-weight: 400;\"> im Bereich der Mundkontur sanft zu <\/span><b>korrigieren<\/b><span style=\"font-weight: 400;\">. Der enthaltene Wirkstoff Lidocain sorgt dabei f\u00fcr eine deutlich <\/span><b>angenehmere Anwendung<\/b><span style=\"font-weight: 400;\">, indem er Injektionsschmerzen sp\u00fcrbar reduziert.\u00a0<\/span><\/p>\n<p><b>Kaufen Sie Belotero Lips Contour mit Lidocain<\/b><span style=\"font-weight: 400;\"> jetzt im <\/span><b>Online-Shop von Kinami Health<\/b><span style=\"font-weight: 400;\"> und entdecken Sie weitere Belotero-Produkte, die gezielt auf die individuellen Bed\u00fcrfnisse Ihrer Kunden abgestimmt sind.<\/span><\/p>\n","protected":false},"excerpt":{"rendered":"<p>BELOTERO\u00ae LIPS CONTOUR mit Lidocain ist ein speziell entwickelter Filler zur Behandlung der Lippenpartie. Er eignet sich ideal, um schmale Lippen sichtbar zu vergr\u00f6\u00dfern oder altersbedingte Ver\u00e4nderungen im Bereich der Mundkontur sanft zu korrigieren. Der enthaltene Wirkstoff Lidocain sorgt dabei f\u00fcr eine deutlich angenehmere Anwendung, indem er Injektionsschmerzen sp\u00fcrbar reduziert.\u00a0 Kaufen Sie Belotero Lips Contour [&hellip;]<\/p>\n","protected":false},"featured_media":100600,"comment_status":"closed","ping_status":"closed","template":"","meta":{"_acf_changed":false,"inline_featured_image":false},"product_brand":[2049],"product_cat":[2023],"product_tag":[2144],"class_list":{"0":"post-114550","1":"product","2":"type-product","3":"status-publish","4":"has-post-thumbnail","6":"product_brand-belotero","7":"product_cat-filler","8":"product_tag-medical-devices-de","10":"first","11":"instock","12":"taxable","13":"shipping-taxable","14":"purchasable","15":"product-type-simple","16":"add-to-wishlist-before_image"},"acf":[],"yoast_head":"<!-- This site is optimized with the Yoast SEO plugin v27.5 - https:\/\/yoast.com\/product\/yoast-seo-wordpress\/ -->\n<title>BELOTERO\u00ae LIPS CONTOUR mit Lidocain online kaufen<\/title>\n<meta name=\"description\" content=\"Belotero Lips Contour mit Lidocain online kaufen \u2013 f\u00fcr definierte Lippenkonturen, mehr Volumen und die gezielte Korrektur von F\u00e4ltchen und Mundwinkeln.\" \/>\n<meta name=\"robots\" content=\"index, follow, max-snippet:-1, max-image-preview:large, max-video-preview:-1\" \/>\n<link rel=\"canonical\" href=\"https:\/\/kinamihealth.com\/de\/wp-json\/wp\/v2\/product\/114550\" \/>\n<meta property=\"og:locale\" content=\"de_DE\" \/>\n<meta property=\"og:type\" content=\"article\" \/>\n<meta property=\"og:title\" content=\"BELOTERO\u00ae LIPS CONTOUR mit Lidocain online kaufen\" \/>\n<meta property=\"og:description\" content=\"Belotero Lips Contour mit Lidocain online kaufen \u2013 f\u00fcr definierte Lippenkonturen, mehr Volumen und die gezielte Korrektur von F\u00e4ltchen und Mundwinkeln.\" \/>\n<meta property=\"og:url\" content=\"https:\/\/kinamihealth.com\/de\/produkt\/belotero-lips-contour-with-lidocaine\/\" \/>\n<meta property=\"og:site_name\" content=\"Kinami Health\" \/>\n<meta property=\"article:modified_time\" content=\"2025-10-21T12:19:24+00:00\" \/>\n<meta property=\"og:image\" content=\"https:\/\/kinamihealth.com\/wp-content\/uploads\/2025\/02\/BELOTERO-LIPS-COUNTOUR-02.jpg\" \/>\n\t<meta property=\"og:image:width\" content=\"800\" \/>\n\t<meta property=\"og:image:height\" content=\"800\" \/>\n\t<meta property=\"og:image:type\" content=\"image\/jpeg\" \/>\n<meta name=\"twitter:card\" content=\"summary_large_image\" \/>\n<meta name=\"twitter:label1\" content=\"Gesch\u00e4tzte Lesezeit\" \/>\n\t<meta name=\"twitter:data1\" content=\"1\u00a0Minute\" \/>\n<!-- \/ Yoast SEO plugin. -->","yoast_head_json":{"title":"BELOTERO\u00ae LIPS CONTOUR mit Lidocain online kaufen","description":"Belotero Lips Contour mit Lidocain online kaufen \u2013 f\u00fcr definierte Lippenkonturen, mehr Volumen und die gezielte Korrektur von F\u00e4ltchen und Mundwinkeln.","robots":{"index":"index","follow":"follow","max-snippet":"max-snippet:-1","max-image-preview":"max-image-preview:large","max-video-preview":"max-video-preview:-1"},"canonical":"https:\/\/kinamihealth.com\/de\/wp-json\/wp\/v2\/product\/114550","og_locale":"de_DE","og_type":"article","og_title":"BELOTERO\u00ae LIPS CONTOUR mit Lidocain online kaufen","og_description":"Belotero Lips Contour mit Lidocain online kaufen \u2013 f\u00fcr definierte Lippenkonturen, mehr Volumen und die gezielte Korrektur von F\u00e4ltchen und Mundwinkeln.","og_url":"https:\/\/kinamihealth.com\/de\/produkt\/belotero-lips-contour-with-lidocaine\/","og_site_name":"Kinami Health","article_modified_time":"2025-10-21T12:19:24+00:00","og_image":[{"width":800,"height":800,"url":"https:\/\/kinamihealth.com\/wp-content\/uploads\/2025\/02\/BELOTERO-LIPS-COUNTOUR-02.jpg","type":"image\/jpeg"}],"twitter_card":"summary_large_image","twitter_misc":{"Gesch\u00e4tzte Lesezeit":"1\u00a0Minute"},"schema":{"@context":"https:\/\/schema.org","@graph":[{"@type":"WebPage","@id":"https:\/\/kinamihealth.com\/de\/produkt\/belotero-lips-contour-with-lidocaine\/","url":"https:\/\/kinamihealth.com\/de\/produkt\/belotero-lips-contour-with-lidocaine\/","name":"BELOTERO\u00ae LIPS CONTOUR mit Lidocain online kaufen","isPartOf":{"@id":"https:\/\/kinamihealth.com\/#website"},"primaryImageOfPage":{"@id":"https:\/\/kinamihealth.com\/de\/produkt\/belotero-lips-contour-with-lidocaine\/#primaryimage"},"image":{"@id":"https:\/\/kinamihealth.com\/de\/produkt\/belotero-lips-contour-with-lidocaine\/#primaryimage"},"thumbnailUrl":"https:\/\/kinamihealth.com\/wp-content\/uploads\/2025\/02\/BELOTERO-LIPS-COUNTOUR-02.jpg","datePublished":"2025-09-18T14:15:43+00:00","dateModified":"2025-10-21T12:19:24+00:00","description":"Belotero Lips Contour mit Lidocain online kaufen \u2013 f\u00fcr definierte Lippenkonturen, mehr Volumen und die gezielte Korrektur von F\u00e4ltchen und Mundwinkeln.","breadcrumb":{"@id":"https:\/\/kinamihealth.com\/de\/produkt\/belotero-lips-contour-with-lidocaine\/#breadcrumb"},"inLanguage":"de","potentialAction":[{"@type":"ReadAction","target":["https:\/\/kinamihealth.com\/de\/produkt\/belotero-lips-contour-with-lidocaine\/"]}]},{"@type":"ImageObject","inLanguage":"de","@id":"https:\/\/kinamihealth.com\/de\/produkt\/belotero-lips-contour-with-lidocaine\/#primaryimage","url":"https:\/\/kinamihealth.com\/wp-content\/uploads\/2025\/02\/BELOTERO-LIPS-COUNTOUR-02.jpg","contentUrl":"https:\/\/kinamihealth.com\/wp-content\/uploads\/2025\/02\/BELOTERO-LIPS-COUNTOUR-02.jpg","width":800,"height":800},{"@type":"BreadcrumbList","@id":"https:\/\/kinamihealth.com\/de\/produkt\/belotero-lips-contour-with-lidocaine\/#breadcrumb","itemListElement":[{"@type":"ListItem","position":1,"name":"Startseite","item":"https:\/\/kinamihealth.com\/"},{"@type":"ListItem","position":2,"name":"Shop","item":"https:\/\/kinamihealth.com\/shop\/"},{"@type":"ListItem","position":3,"name":"BELOTERO\u00ae LIPS CONTOUR mit Lidocain"}]},{"@type":"WebSite","@id":"https:\/\/kinamihealth.com\/#website","url":"https:\/\/kinamihealth.com\/","name":"Kinami Health","description":"","publisher":{"@id":"https:\/\/kinamihealth.com\/#organization"},"potentialAction":[{"@type":"SearchAction","target":{"@type":"EntryPoint","urlTemplate":"https:\/\/kinamihealth.com\/?s={search_term_string}"},"query-input":{"@type":"PropertyValueSpecification","valueRequired":true,"valueName":"search_term_string"}}],"inLanguage":"de"},{"@type":"Organization","@id":"https:\/\/kinamihealth.com\/#organization","name":"Kinami Health","url":"https:\/\/kinamihealth.com\/","logo":{"@type":"ImageObject","inLanguage":"de","@id":"https:\/\/kinamihealth.com\/#\/schema\/logo\/image\/","url":"https:\/\/kinamihealth.com\/wp-content\/uploads\/2025\/01\/KH_logo_black_2-1.png","contentUrl":"https:\/\/kinamihealth.com\/wp-content\/uploads\/2025\/01\/KH_logo_black_2-1.png","width":339,"height":34,"caption":"Kinami Health"},"image":{"@id":"https:\/\/kinamihealth.com\/#\/schema\/logo\/image\/"}}]}},"_links":{"self":[{"href":"https:\/\/kinamihealth.com\/de\/wp-json\/wp\/v2\/product\/114550","targetHints":{"allow":["GET"]}}],"collection":[{"href":"https:\/\/kinamihealth.com\/de\/wp-json\/wp\/v2\/product"}],"about":[{"href":"https:\/\/kinamihealth.com\/de\/wp-json\/wp\/v2\/types\/product"}],"replies":[{"embeddable":true,"href":"https:\/\/kinamihealth.com\/de\/wp-json\/wp\/v2\/comments?post=114550"}],"version-history":[{"count":0,"href":"https:\/\/kinamihealth.com\/de\/wp-json\/wp\/v2\/product\/114550\/revisions"}],"wp:featuredmedia":[{"embeddable":true,"href":"https:\/\/kinamihealth.com\/de\/wp-json\/wp\/v2\/media\/100600"}],"wp:attachment":[{"href":"https:\/\/kinamihealth.com\/de\/wp-json\/wp\/v2\/media?parent=114550"}],"wp:term":[{"taxonomy":"product_brand","embeddable":true,"href":"https:\/\/kinamihealth.com\/de\/wp-json\/wp\/v2\/product_brand?post=114550"},{"taxonomy":"product_cat","embeddable":true,"href":"https:\/\/kinamihealth.com\/de\/wp-json\/wp\/v2\/product_cat?post=114550"},{"taxonomy":"product_tag","embeddable":true,"href":"https:\/\/kinamihealth.com\/de\/wp-json\/wp\/v2\/product_tag?post=114550"}],"curies":[{"name":"wp","href":"https:\/\/api.w.org\/{rel}","templated":true}]}}