{"id":114546,"date":"2025-09-18T13:36:41","date_gmt":"2025-09-18T13:36:41","guid":{"rendered":"https:\/\/kinamihealth.com\/?post_type=product&#038;p=114546"},"modified":"2025-10-21T12:19:03","modified_gmt":"2025-10-21T12:19:03","slug":"alidya","status":"publish","type":"product","link":"https:\/\/kinamihealth.com\/de\/produkt\/alidya\/","title":{"rendered":"ALIDYA\u2122"},"content":{"rendered":"<p><span style=\"font-weight: 400;\">Erleben Sie ALIDYA\u2122\u2013 die innovative, injizierbare L\u00f6sung gegen sichtbare Cellulite. Dank modernster biotechnologischer Formulierungen bek\u00e4mpft Alidya gezielt die Ursachen von Cellulite und verleiht Ihrer Haut langfristig mehr Straffheit und Gl\u00e4tte.<\/span><\/p>\n","protected":false},"excerpt":{"rendered":"<p>Erleben Sie ALIDYA\u2122\u2013 die innovative, injizierbare L\u00f6sung gegen sichtbare Cellulite. Dank modernster biotechnologischer Formulierungen bek\u00e4mpft Alidya gezielt die Ursachen von Cellulite und verleiht Ihrer Haut langfristig mehr Straffheit und Gl\u00e4tte.<\/p>\n","protected":false},"featured_media":102116,"comment_status":"closed","ping_status":"closed","template":"","meta":{"_acf_changed":false,"inline_featured_image":false},"product_brand":[2819],"product_cat":[2030],"product_tag":[2144],"class_list":{"0":"post-114546","1":"product","2":"type-product","3":"status-publish","4":"has-post-thumbnail","6":"product_brand-alidya","7":"product_cat-fettloesende-injektionen","8":"product_tag-medical-devices-de","10":"first","11":"instock","12":"taxable","13":"shipping-taxable","14":"purchasable","15":"product-type-simple","16":"add-to-wishlist-before_image"},"acf":[],"yoast_head":"<!-- This site is optimized with the Yoast SEO plugin v27.5 - https:\/\/yoast.com\/product\/yoast-seo-wordpress\/ -->\n<title>ALIDYA\u2122 \u2013 Professionelle Cellulite-Behandlung online kaufen<\/title>\n<meta name=\"description\" content=\"Erleben Sie Alidya: Injektionsl\u00f6sung f\u00fcr glatte Haut, weniger Fettablagerungen und verbesserte Elastizit\u00e4t. Jetzt online bestellen!\" \/>\n<meta name=\"robots\" content=\"index, follow, max-snippet:-1, max-image-preview:large, max-video-preview:-1\" \/>\n<link rel=\"canonical\" href=\"https:\/\/kinamihealth.com\/de\/wp-json\/wp\/v2\/product\/114546\" \/>\n<meta property=\"og:locale\" content=\"de_DE\" \/>\n<meta property=\"og:type\" content=\"article\" \/>\n<meta property=\"og:title\" content=\"ALIDYA\u2122 \u2013 Professionelle Cellulite-Behandlung online kaufen\" \/>\n<meta property=\"og:description\" content=\"Erleben Sie Alidya: Injektionsl\u00f6sung f\u00fcr glatte Haut, weniger Fettablagerungen und verbesserte Elastizit\u00e4t. Jetzt online bestellen!\" \/>\n<meta property=\"og:url\" content=\"https:\/\/kinamihealth.com\/de\/produkt\/alidya\/\" \/>\n<meta property=\"og:site_name\" content=\"Kinami Health\" \/>\n<meta property=\"article:modified_time\" content=\"2025-10-21T12:19:03+00:00\" \/>\n<meta property=\"og:image\" content=\"https:\/\/kinamihealth.com\/wp-content\/uploads\/2025\/02\/ALIDYA-340MG-01.webp\" \/>\n\t<meta property=\"og:image:width\" content=\"800\" \/>\n\t<meta property=\"og:image:height\" content=\"800\" \/>\n\t<meta property=\"og:image:type\" content=\"image\/webp\" \/>\n<meta name=\"twitter:card\" content=\"summary_large_image\" \/>\n<meta name=\"twitter:label1\" content=\"Gesch\u00e4tzte Lesezeit\" \/>\n\t<meta name=\"twitter:data1\" content=\"1\u00a0Minute\" \/>\n<!-- \/ Yoast SEO plugin. -->","yoast_head_json":{"title":"ALIDYA\u2122 \u2013 Professionelle Cellulite-Behandlung online kaufen","description":"Erleben Sie Alidya: Injektionsl\u00f6sung f\u00fcr glatte Haut, weniger Fettablagerungen und verbesserte Elastizit\u00e4t. Jetzt online bestellen!","robots":{"index":"index","follow":"follow","max-snippet":"max-snippet:-1","max-image-preview":"max-image-preview:large","max-video-preview":"max-video-preview:-1"},"canonical":"https:\/\/kinamihealth.com\/de\/wp-json\/wp\/v2\/product\/114546","og_locale":"de_DE","og_type":"article","og_title":"ALIDYA\u2122 \u2013 Professionelle Cellulite-Behandlung online kaufen","og_description":"Erleben Sie Alidya: Injektionsl\u00f6sung f\u00fcr glatte Haut, weniger Fettablagerungen und verbesserte Elastizit\u00e4t. Jetzt online bestellen!","og_url":"https:\/\/kinamihealth.com\/de\/produkt\/alidya\/","og_site_name":"Kinami Health","article_modified_time":"2025-10-21T12:19:03+00:00","og_image":[{"width":800,"height":800,"url":"https:\/\/kinamihealth.com\/wp-content\/uploads\/2025\/02\/ALIDYA-340MG-01.webp","type":"image\/webp"}],"twitter_card":"summary_large_image","twitter_misc":{"Gesch\u00e4tzte Lesezeit":"1\u00a0Minute"},"schema":{"@context":"https:\/\/schema.org","@graph":[{"@type":"WebPage","@id":"https:\/\/kinamihealth.com\/de\/produkt\/alidya\/","url":"https:\/\/kinamihealth.com\/de\/produkt\/alidya\/","name":"ALIDYA\u2122 \u2013 Professionelle Cellulite-Behandlung online kaufen","isPartOf":{"@id":"https:\/\/kinamihealth.com\/#website"},"primaryImageOfPage":{"@id":"https:\/\/kinamihealth.com\/de\/produkt\/alidya\/#primaryimage"},"image":{"@id":"https:\/\/kinamihealth.com\/de\/produkt\/alidya\/#primaryimage"},"thumbnailUrl":"https:\/\/kinamihealth.com\/wp-content\/uploads\/2025\/02\/ALIDYA-340MG-01.webp","datePublished":"2025-09-18T13:36:41+00:00","dateModified":"2025-10-21T12:19:03+00:00","description":"Erleben Sie Alidya: Injektionsl\u00f6sung f\u00fcr glatte Haut, weniger Fettablagerungen und verbesserte Elastizit\u00e4t. Jetzt online bestellen!","breadcrumb":{"@id":"https:\/\/kinamihealth.com\/de\/produkt\/alidya\/#breadcrumb"},"inLanguage":"de","potentialAction":[{"@type":"ReadAction","target":["https:\/\/kinamihealth.com\/de\/produkt\/alidya\/"]}]},{"@type":"ImageObject","inLanguage":"de","@id":"https:\/\/kinamihealth.com\/de\/produkt\/alidya\/#primaryimage","url":"https:\/\/kinamihealth.com\/wp-content\/uploads\/2025\/02\/ALIDYA-340MG-01.webp","contentUrl":"https:\/\/kinamihealth.com\/wp-content\/uploads\/2025\/02\/ALIDYA-340MG-01.webp","width":800,"height":800},{"@type":"BreadcrumbList","@id":"https:\/\/kinamihealth.com\/de\/produkt\/alidya\/#breadcrumb","itemListElement":[{"@type":"ListItem","position":1,"name":"Startseite","item":"https:\/\/kinamihealth.com\/"},{"@type":"ListItem","position":2,"name":"Shop","item":"https:\/\/kinamihealth.com\/shop\/"},{"@type":"ListItem","position":3,"name":"ALIDYA\u2122"}]},{"@type":"WebSite","@id":"https:\/\/kinamihealth.com\/#website","url":"https:\/\/kinamihealth.com\/","name":"Kinami Health","description":"","publisher":{"@id":"https:\/\/kinamihealth.com\/#organization"},"potentialAction":[{"@type":"SearchAction","target":{"@type":"EntryPoint","urlTemplate":"https:\/\/kinamihealth.com\/?s={search_term_string}"},"query-input":{"@type":"PropertyValueSpecification","valueRequired":true,"valueName":"search_term_string"}}],"inLanguage":"de"},{"@type":"Organization","@id":"https:\/\/kinamihealth.com\/#organization","name":"Kinami Health","url":"https:\/\/kinamihealth.com\/","logo":{"@type":"ImageObject","inLanguage":"de","@id":"https:\/\/kinamihealth.com\/#\/schema\/logo\/image\/","url":"https:\/\/kinamihealth.com\/wp-content\/uploads\/2025\/01\/KH_logo_black_2-1.png","contentUrl":"https:\/\/kinamihealth.com\/wp-content\/uploads\/2025\/01\/KH_logo_black_2-1.png","width":339,"height":34,"caption":"Kinami Health"},"image":{"@id":"https:\/\/kinamihealth.com\/#\/schema\/logo\/image\/"}}]}},"_links":{"self":[{"href":"https:\/\/kinamihealth.com\/de\/wp-json\/wp\/v2\/product\/114546","targetHints":{"allow":["GET"]}}],"collection":[{"href":"https:\/\/kinamihealth.com\/de\/wp-json\/wp\/v2\/product"}],"about":[{"href":"https:\/\/kinamihealth.com\/de\/wp-json\/wp\/v2\/types\/product"}],"replies":[{"embeddable":true,"href":"https:\/\/kinamihealth.com\/de\/wp-json\/wp\/v2\/comments?post=114546"}],"version-history":[{"count":0,"href":"https:\/\/kinamihealth.com\/de\/wp-json\/wp\/v2\/product\/114546\/revisions"}],"wp:featuredmedia":[{"embeddable":true,"href":"https:\/\/kinamihealth.com\/de\/wp-json\/wp\/v2\/media\/102116"}],"wp:attachment":[{"href":"https:\/\/kinamihealth.com\/de\/wp-json\/wp\/v2\/media?parent=114546"}],"wp:term":[{"taxonomy":"product_brand","embeddable":true,"href":"https:\/\/kinamihealth.com\/de\/wp-json\/wp\/v2\/product_brand?post=114546"},{"taxonomy":"product_cat","embeddable":true,"href":"https:\/\/kinamihealth.com\/de\/wp-json\/wp\/v2\/product_cat?post=114546"},{"taxonomy":"product_tag","embeddable":true,"href":"https:\/\/kinamihealth.com\/de\/wp-json\/wp\/v2\/product_tag?post=114546"}],"curies":[{"name":"wp","href":"https:\/\/api.w.org\/{rel}","templated":true}]}}