{"id":114528,"date":"2025-09-18T12:42:13","date_gmt":"2025-09-18T12:42:13","guid":{"rendered":"https:\/\/kinamihealth.com\/?post_type=product&#038;p=114528"},"modified":"2025-10-21T12:18:13","modified_gmt":"2025-10-21T12:18:13","slug":"zo-skin-smart-tone-broad-spectrum-sunscreen-spf-50","status":"publish","type":"product","link":"https:\/\/kinamihealth.com\/de\/produkt\/zo-skin-smart-tone-broad-spectrum-sunscreen-spf-50\/","title":{"rendered":"ZO\u00ae SKIN SMART TONE BROAD-SPECTRUM SUNSCREEN SPF 50"},"content":{"rendered":"<p><span style=\"font-weight: 400;\">Kaufen Sie ZO\u00ae SKIN SMART TONE BROAD-SPECTRUM SUNSCREEN SPF 50 online und erleben Sie fortschrittlichen Breitband-Sonnenschutz in einer leichten, hautfreundlichen Formel. Dieser innovative Sonnenschutz wurde zum Schutz vor sch\u00e4dlichen UVA-\/UVB-Strahlen und Umwelteinfl\u00fcssen entwickelt und passt sich nahtlos allen Hautt\u00f6nen an, w\u00e4hrend er Feuchtigkeit spendet und mit Antioxidantien sch\u00fctzt.<\/span><\/p>\n<p><b>Kaufen Sie jetzt im Kinami Health Shop und profitieren Sie von einem schnellen, zuverl\u00e4ssigen und g\u00fcnstigen Service.<\/b><\/p>\n","protected":false},"excerpt":{"rendered":"<p>Kaufen Sie ZO\u00ae SKIN SMART TONE BROAD-SPECTRUM SUNSCREEN SPF 50 online und erleben Sie fortschrittlichen Breitband-Sonnenschutz in einer leichten, hautfreundlichen Formel. Dieser innovative Sonnenschutz wurde zum Schutz vor sch\u00e4dlichen UVA-\/UVB-Strahlen und Umwelteinfl\u00fcssen entwickelt und passt sich nahtlos allen Hautt\u00f6nen an, w\u00e4hrend er Feuchtigkeit spendet und mit Antioxidantien sch\u00fctzt. Kaufen Sie jetzt im Kinami Health Shop [&hellip;]<\/p>\n","protected":false},"featured_media":103261,"comment_status":"closed","ping_status":"closed","template":"","meta":{"_acf_changed":false,"inline_featured_image":false},"product_brand":[2211],"product_cat":[2026],"product_tag":[2144],"class_list":{"0":"post-114528","1":"product","2":"type-product","3":"status-publish","4":"has-post-thumbnail","6":"product_brand-zo","7":"product_cat-hautpflege","8":"product_tag-medical-devices-de","10":"first","11":"instock","12":"featured","13":"taxable","14":"shipping-taxable","15":"purchasable","16":"product-type-simple","17":"add-to-wishlist-before_image"},"acf":[],"yoast_head":"<!-- This site is optimized with the Yoast SEO plugin v27.5 - https:\/\/yoast.com\/product\/yoast-seo-wordpress\/ -->\n<title>ZO\u00ae SKIN SMART TONE BROAD-SPECTRUM SUNSCREEN SPF 50 online kaufen<\/title>\n<meta name=\"description\" content=\"Erleben Sie den ZO Skin Smart Tone Broad-Spectrum Sunscreen SPF 50: Anpassungsf\u00e4hige, nicht fettende Formel f\u00fcr verl\u00e4sslichen UVA-\/UVB-Schutz. Jetzt online bestellen!\" \/>\n<meta name=\"robots\" content=\"index, follow, max-snippet:-1, max-image-preview:large, max-video-preview:-1\" \/>\n<link rel=\"canonical\" href=\"https:\/\/kinamihealth.com\/de\/wp-json\/wp\/v2\/product\/114528\" \/>\n<meta property=\"og:locale\" content=\"de_DE\" \/>\n<meta property=\"og:type\" content=\"article\" \/>\n<meta property=\"og:title\" content=\"ZO\u00ae SKIN SMART TONE BROAD-SPECTRUM SUNSCREEN SPF 50 online kaufen\" \/>\n<meta property=\"og:description\" content=\"Erleben Sie den ZO Skin Smart Tone Broad-Spectrum Sunscreen SPF 50: Anpassungsf\u00e4hige, nicht fettende Formel f\u00fcr verl\u00e4sslichen UVA-\/UVB-Schutz. Jetzt online bestellen!\" \/>\n<meta property=\"og:url\" content=\"https:\/\/kinamihealth.com\/de\/produkt\/zo-skin-smart-tone-broad-spectrum-sunscreen-spf-50\/\" \/>\n<meta property=\"og:site_name\" content=\"Kinami Health\" \/>\n<meta property=\"article:modified_time\" content=\"2025-10-21T12:18:13+00:00\" \/>\n<meta property=\"og:image\" content=\"https:\/\/kinamihealth.com\/wp-content\/uploads\/2025\/03\/ZO\u00ae-SKIN-SMART-TONE-BROAD-SPECTRUM-SUNSCREEN-SPF-50.jpg\" \/>\n\t<meta property=\"og:image:width\" content=\"800\" \/>\n\t<meta property=\"og:image:height\" content=\"800\" \/>\n\t<meta property=\"og:image:type\" content=\"image\/jpeg\" \/>\n<meta name=\"twitter:card\" content=\"summary_large_image\" \/>\n<meta name=\"twitter:label1\" content=\"Gesch\u00e4tzte Lesezeit\" \/>\n\t<meta name=\"twitter:data1\" content=\"1\u00a0Minute\" \/>\n<!-- \/ Yoast SEO plugin. -->","yoast_head_json":{"title":"ZO\u00ae SKIN SMART TONE BROAD-SPECTRUM SUNSCREEN SPF 50 online kaufen","description":"Erleben Sie den ZO Skin Smart Tone Broad-Spectrum Sunscreen SPF 50: Anpassungsf\u00e4hige, nicht fettende Formel f\u00fcr verl\u00e4sslichen UVA-\/UVB-Schutz. Jetzt online bestellen!","robots":{"index":"index","follow":"follow","max-snippet":"max-snippet:-1","max-image-preview":"max-image-preview:large","max-video-preview":"max-video-preview:-1"},"canonical":"https:\/\/kinamihealth.com\/de\/wp-json\/wp\/v2\/product\/114528","og_locale":"de_DE","og_type":"article","og_title":"ZO\u00ae SKIN SMART TONE BROAD-SPECTRUM SUNSCREEN SPF 50 online kaufen","og_description":"Erleben Sie den ZO Skin Smart Tone Broad-Spectrum Sunscreen SPF 50: Anpassungsf\u00e4hige, nicht fettende Formel f\u00fcr verl\u00e4sslichen UVA-\/UVB-Schutz. Jetzt online bestellen!","og_url":"https:\/\/kinamihealth.com\/de\/produkt\/zo-skin-smart-tone-broad-spectrum-sunscreen-spf-50\/","og_site_name":"Kinami Health","article_modified_time":"2025-10-21T12:18:13+00:00","og_image":[{"width":800,"height":800,"url":"https:\/\/kinamihealth.com\/wp-content\/uploads\/2025\/03\/ZO\u00ae-SKIN-SMART-TONE-BROAD-SPECTRUM-SUNSCREEN-SPF-50.jpg","type":"image\/jpeg"}],"twitter_card":"summary_large_image","twitter_misc":{"Gesch\u00e4tzte Lesezeit":"1\u00a0Minute"},"schema":{"@context":"https:\/\/schema.org","@graph":[{"@type":"WebPage","@id":"https:\/\/kinamihealth.com\/de\/produkt\/zo-skin-smart-tone-broad-spectrum-sunscreen-spf-50\/","url":"https:\/\/kinamihealth.com\/de\/produkt\/zo-skin-smart-tone-broad-spectrum-sunscreen-spf-50\/","name":"ZO\u00ae SKIN SMART TONE BROAD-SPECTRUM SUNSCREEN SPF 50 online kaufen","isPartOf":{"@id":"https:\/\/kinamihealth.com\/#website"},"primaryImageOfPage":{"@id":"https:\/\/kinamihealth.com\/de\/produkt\/zo-skin-smart-tone-broad-spectrum-sunscreen-spf-50\/#primaryimage"},"image":{"@id":"https:\/\/kinamihealth.com\/de\/produkt\/zo-skin-smart-tone-broad-spectrum-sunscreen-spf-50\/#primaryimage"},"thumbnailUrl":"https:\/\/kinamihealth.com\/wp-content\/uploads\/2025\/03\/ZO\u00ae-SKIN-SMART-TONE-BROAD-SPECTRUM-SUNSCREEN-SPF-50.jpg","datePublished":"2025-09-18T12:42:13+00:00","dateModified":"2025-10-21T12:18:13+00:00","description":"Erleben Sie den ZO Skin Smart Tone Broad-Spectrum Sunscreen SPF 50: Anpassungsf\u00e4hige, nicht fettende Formel f\u00fcr verl\u00e4sslichen UVA-\/UVB-Schutz. Jetzt online bestellen!","breadcrumb":{"@id":"https:\/\/kinamihealth.com\/de\/produkt\/zo-skin-smart-tone-broad-spectrum-sunscreen-spf-50\/#breadcrumb"},"inLanguage":"de","potentialAction":[{"@type":"ReadAction","target":["https:\/\/kinamihealth.com\/de\/produkt\/zo-skin-smart-tone-broad-spectrum-sunscreen-spf-50\/"]}]},{"@type":"ImageObject","inLanguage":"de","@id":"https:\/\/kinamihealth.com\/de\/produkt\/zo-skin-smart-tone-broad-spectrum-sunscreen-spf-50\/#primaryimage","url":"https:\/\/kinamihealth.com\/wp-content\/uploads\/2025\/03\/ZO\u00ae-SKIN-SMART-TONE-BROAD-SPECTRUM-SUNSCREEN-SPF-50.jpg","contentUrl":"https:\/\/kinamihealth.com\/wp-content\/uploads\/2025\/03\/ZO\u00ae-SKIN-SMART-TONE-BROAD-SPECTRUM-SUNSCREEN-SPF-50.jpg","width":800,"height":800},{"@type":"BreadcrumbList","@id":"https:\/\/kinamihealth.com\/de\/produkt\/zo-skin-smart-tone-broad-spectrum-sunscreen-spf-50\/#breadcrumb","itemListElement":[{"@type":"ListItem","position":1,"name":"Startseite","item":"https:\/\/kinamihealth.com\/"},{"@type":"ListItem","position":2,"name":"Shop","item":"https:\/\/kinamihealth.com\/shop\/"},{"@type":"ListItem","position":3,"name":"ZO\u00ae SKIN SMART TONE BROAD-SPECTRUM SUNSCREEN SPF 50"}]},{"@type":"WebSite","@id":"https:\/\/kinamihealth.com\/#website","url":"https:\/\/kinamihealth.com\/","name":"Kinami Health","description":"","publisher":{"@id":"https:\/\/kinamihealth.com\/#organization"},"potentialAction":[{"@type":"SearchAction","target":{"@type":"EntryPoint","urlTemplate":"https:\/\/kinamihealth.com\/?s={search_term_string}"},"query-input":{"@type":"PropertyValueSpecification","valueRequired":true,"valueName":"search_term_string"}}],"inLanguage":"de"},{"@type":"Organization","@id":"https:\/\/kinamihealth.com\/#organization","name":"Kinami Health","url":"https:\/\/kinamihealth.com\/","logo":{"@type":"ImageObject","inLanguage":"de","@id":"https:\/\/kinamihealth.com\/#\/schema\/logo\/image\/","url":"https:\/\/kinamihealth.com\/wp-content\/uploads\/2025\/01\/KH_logo_black_2-1.png","contentUrl":"https:\/\/kinamihealth.com\/wp-content\/uploads\/2025\/01\/KH_logo_black_2-1.png","width":339,"height":34,"caption":"Kinami Health"},"image":{"@id":"https:\/\/kinamihealth.com\/#\/schema\/logo\/image\/"}}]}},"_links":{"self":[{"href":"https:\/\/kinamihealth.com\/de\/wp-json\/wp\/v2\/product\/114528","targetHints":{"allow":["GET"]}}],"collection":[{"href":"https:\/\/kinamihealth.com\/de\/wp-json\/wp\/v2\/product"}],"about":[{"href":"https:\/\/kinamihealth.com\/de\/wp-json\/wp\/v2\/types\/product"}],"replies":[{"embeddable":true,"href":"https:\/\/kinamihealth.com\/de\/wp-json\/wp\/v2\/comments?post=114528"}],"version-history":[{"count":0,"href":"https:\/\/kinamihealth.com\/de\/wp-json\/wp\/v2\/product\/114528\/revisions"}],"wp:featuredmedia":[{"embeddable":true,"href":"https:\/\/kinamihealth.com\/de\/wp-json\/wp\/v2\/media\/103261"}],"wp:attachment":[{"href":"https:\/\/kinamihealth.com\/de\/wp-json\/wp\/v2\/media?parent=114528"}],"wp:term":[{"taxonomy":"product_brand","embeddable":true,"href":"https:\/\/kinamihealth.com\/de\/wp-json\/wp\/v2\/product_brand?post=114528"},{"taxonomy":"product_cat","embeddable":true,"href":"https:\/\/kinamihealth.com\/de\/wp-json\/wp\/v2\/product_cat?post=114528"},{"taxonomy":"product_tag","embeddable":true,"href":"https:\/\/kinamihealth.com\/de\/wp-json\/wp\/v2\/product_tag?post=114528"}],"curies":[{"name":"wp","href":"https:\/\/api.w.org\/{rel}","templated":true}]}}