{"id":114521,"date":"2025-09-18T12:32:59","date_gmt":"2025-09-18T12:32:59","guid":{"rendered":"https:\/\/kinamihealth.com\/?post_type=product&#038;p=114521"},"modified":"2025-10-21T12:16:00","modified_gmt":"2025-10-21T12:16:00","slug":"zo-growth-factor-serum","status":"publish","type":"product","link":"https:\/\/kinamihealth.com\/de\/produkt\/zo-growth-factor-serum\/","title":{"rendered":"ZO\u00ae GROWTH FACTOR SERUM"},"content":{"rendered":"<p><span style=\"font-weight: 400;\">Das <strong>ZO\u00ae GROWTH FACTOR SERUM<\/strong><\/span><span style=\"font-weight: 400;\">\u00a0ist eine <\/span><b>hochwirksame Anti-Aging-Hautpflegel\u00f6sung<\/b><span style=\"font-weight: 400;\"> mit <\/span><b>sofort sichtbaren Ergebnissen<\/b><span style=\"font-weight: 400;\">. Sein <\/span><b>innovativer ZPRO\u00ae-Komplex<\/b><span style=\"font-weight: 400;\"> stimuliert gezielt die <\/span><b>Produktion von Kollagen, Elastin und Hyalurons\u00e4ure<\/b><span style=\"font-weight: 400;\"> und st\u00e4rkt so das Bindegewebe f\u00fcr einen sp\u00fcrbar <\/span><b>gestrafften, glatteren Teint<\/b><span style=\"font-weight: 400;\">. Gleichzeitig versorgt es die Haut <\/span><b>intensiv mit Feuchtigkeit<\/b><span style=\"font-weight: 400;\"> und unterst\u00fctzt eine <\/span><b>lang anhaltende Revitalisierung<\/b><span style=\"font-weight: 400;\">.<\/span><\/p>\n<p><span style=\"font-weight: 400;\">Als Hautpflegeexperte bestellen Sie das <\/span><b>ZO Growth Factor Serum<\/b><span style=\"font-weight: 400;\"> ganz bequem im <\/span><b>Kinami Health Online-Shop<\/b><span style=\"font-weight: 400;\"> und helfen Ihren Kundinnen und Kunden, <\/span><b>altersbedingte Anzeichen zu reduzieren<\/b><span style=\"font-weight: 400;\"> und ein <\/span><b>jugendlich frisches Hautbild<\/b> <b>zu bewahren<\/b><span style=\"font-weight: 400;\">.<\/span><\/p>\n","protected":false},"excerpt":{"rendered":"<p>Das ZO\u00ae GROWTH FACTOR SERUM\u00a0ist eine hochwirksame Anti-Aging-Hautpflegel\u00f6sung mit sofort sichtbaren Ergebnissen. Sein innovativer ZPRO\u00ae-Komplex stimuliert gezielt die Produktion von Kollagen, Elastin und Hyalurons\u00e4ure und st\u00e4rkt so das Bindegewebe f\u00fcr einen sp\u00fcrbar gestrafften, glatteren Teint. Gleichzeitig versorgt es die Haut intensiv mit Feuchtigkeit und unterst\u00fctzt eine lang anhaltende Revitalisierung. Als Hautpflegeexperte bestellen Sie das ZO [&hellip;]<\/p>\n","protected":false},"featured_media":101627,"comment_status":"closed","ping_status":"closed","template":"","meta":{"_acf_changed":false,"inline_featured_image":false},"product_brand":[2211],"product_cat":[2026],"product_tag":[2144],"class_list":{"0":"post-114521","1":"product","2":"type-product","3":"status-publish","4":"has-post-thumbnail","6":"product_brand-zo","7":"product_cat-hautpflege","8":"product_tag-medical-devices-de","10":"first","11":"instock","12":"taxable","13":"shipping-taxable","14":"purchasable","15":"product-type-simple","16":"add-to-wishlist-before_image"},"acf":[],"yoast_head":"<!-- This site is optimized with the Yoast SEO plugin v27.5 - https:\/\/yoast.com\/product\/yoast-seo-wordpress\/ -->\n<title>ZO\u00ae GROWTH FACTOR SERUM kaufen | Anti-Aging &amp; Straffung<\/title>\n<meta name=\"description\" content=\"Stimuliert Kollagen, Elastin und spendet intensive Feuchtigkeit: Das ZO\u00ae Growth Factor Serum mit ZPRO\u00ae-Komplex f\u00fcr sichtbar straffere, glattere und jugendlichere Haut. Jetzt bestellen!\" \/>\n<meta name=\"robots\" content=\"index, follow, max-snippet:-1, max-image-preview:large, max-video-preview:-1\" \/>\n<link rel=\"canonical\" href=\"https:\/\/kinamihealth.com\/de\/wp-json\/wp\/v2\/product\/114521\" \/>\n<meta property=\"og:locale\" content=\"de_DE\" \/>\n<meta property=\"og:type\" content=\"article\" \/>\n<meta property=\"og:title\" content=\"ZO\u00ae GROWTH FACTOR SERUM kaufen | Anti-Aging &amp; Straffung\" \/>\n<meta property=\"og:description\" content=\"Stimuliert Kollagen, Elastin und spendet intensive Feuchtigkeit: Das ZO\u00ae Growth Factor Serum mit ZPRO\u00ae-Komplex f\u00fcr sichtbar straffere, glattere und jugendlichere Haut. Jetzt bestellen!\" \/>\n<meta property=\"og:url\" content=\"https:\/\/kinamihealth.com\/de\/produkt\/zo-growth-factor-serum\/\" \/>\n<meta property=\"og:site_name\" content=\"Kinami Health\" \/>\n<meta property=\"article:modified_time\" content=\"2025-10-21T12:16:00+00:00\" \/>\n<meta property=\"og:image\" content=\"https:\/\/kinamihealth.com\/wp-content\/uploads\/2025\/02\/ZO-GROWTH-FACTOR-SERUM-30ML-01.jpg\" \/>\n\t<meta property=\"og:image:width\" content=\"800\" \/>\n\t<meta property=\"og:image:height\" content=\"800\" \/>\n\t<meta property=\"og:image:type\" content=\"image\/jpeg\" \/>\n<meta name=\"twitter:card\" content=\"summary_large_image\" \/>\n<meta name=\"twitter:label1\" content=\"Gesch\u00e4tzte Lesezeit\" \/>\n\t<meta name=\"twitter:data1\" content=\"1\u00a0Minute\" \/>\n<!-- \/ Yoast SEO plugin. -->","yoast_head_json":{"title":"ZO\u00ae GROWTH FACTOR SERUM kaufen | Anti-Aging & Straffung","description":"Stimuliert Kollagen, Elastin und spendet intensive Feuchtigkeit: Das ZO\u00ae Growth Factor Serum mit ZPRO\u00ae-Komplex f\u00fcr sichtbar straffere, glattere und jugendlichere Haut. Jetzt bestellen!","robots":{"index":"index","follow":"follow","max-snippet":"max-snippet:-1","max-image-preview":"max-image-preview:large","max-video-preview":"max-video-preview:-1"},"canonical":"https:\/\/kinamihealth.com\/de\/wp-json\/wp\/v2\/product\/114521","og_locale":"de_DE","og_type":"article","og_title":"ZO\u00ae GROWTH FACTOR SERUM kaufen | Anti-Aging & Straffung","og_description":"Stimuliert Kollagen, Elastin und spendet intensive Feuchtigkeit: Das ZO\u00ae Growth Factor Serum mit ZPRO\u00ae-Komplex f\u00fcr sichtbar straffere, glattere und jugendlichere Haut. Jetzt bestellen!","og_url":"https:\/\/kinamihealth.com\/de\/produkt\/zo-growth-factor-serum\/","og_site_name":"Kinami Health","article_modified_time":"2025-10-21T12:16:00+00:00","og_image":[{"width":800,"height":800,"url":"https:\/\/kinamihealth.com\/wp-content\/uploads\/2025\/02\/ZO-GROWTH-FACTOR-SERUM-30ML-01.jpg","type":"image\/jpeg"}],"twitter_card":"summary_large_image","twitter_misc":{"Gesch\u00e4tzte Lesezeit":"1\u00a0Minute"},"schema":{"@context":"https:\/\/schema.org","@graph":[{"@type":"WebPage","@id":"https:\/\/kinamihealth.com\/de\/produkt\/zo-growth-factor-serum\/","url":"https:\/\/kinamihealth.com\/de\/produkt\/zo-growth-factor-serum\/","name":"ZO\u00ae GROWTH FACTOR SERUM kaufen | Anti-Aging & Straffung","isPartOf":{"@id":"https:\/\/kinamihealth.com\/#website"},"primaryImageOfPage":{"@id":"https:\/\/kinamihealth.com\/de\/produkt\/zo-growth-factor-serum\/#primaryimage"},"image":{"@id":"https:\/\/kinamihealth.com\/de\/produkt\/zo-growth-factor-serum\/#primaryimage"},"thumbnailUrl":"https:\/\/kinamihealth.com\/wp-content\/uploads\/2025\/02\/ZO-GROWTH-FACTOR-SERUM-30ML-01.jpg","datePublished":"2025-09-18T12:32:59+00:00","dateModified":"2025-10-21T12:16:00+00:00","description":"Stimuliert Kollagen, Elastin und spendet intensive Feuchtigkeit: Das ZO\u00ae Growth Factor Serum mit ZPRO\u00ae-Komplex f\u00fcr sichtbar straffere, glattere und jugendlichere Haut. Jetzt bestellen!","breadcrumb":{"@id":"https:\/\/kinamihealth.com\/de\/produkt\/zo-growth-factor-serum\/#breadcrumb"},"inLanguage":"de","potentialAction":[{"@type":"ReadAction","target":["https:\/\/kinamihealth.com\/de\/produkt\/zo-growth-factor-serum\/"]}]},{"@type":"ImageObject","inLanguage":"de","@id":"https:\/\/kinamihealth.com\/de\/produkt\/zo-growth-factor-serum\/#primaryimage","url":"https:\/\/kinamihealth.com\/wp-content\/uploads\/2025\/02\/ZO-GROWTH-FACTOR-SERUM-30ML-01.jpg","contentUrl":"https:\/\/kinamihealth.com\/wp-content\/uploads\/2025\/02\/ZO-GROWTH-FACTOR-SERUM-30ML-01.jpg","width":800,"height":800},{"@type":"BreadcrumbList","@id":"https:\/\/kinamihealth.com\/de\/produkt\/zo-growth-factor-serum\/#breadcrumb","itemListElement":[{"@type":"ListItem","position":1,"name":"Startseite","item":"https:\/\/kinamihealth.com\/"},{"@type":"ListItem","position":2,"name":"Shop","item":"https:\/\/kinamihealth.com\/shop\/"},{"@type":"ListItem","position":3,"name":"ZO\u00ae GROWTH FACTOR SERUM"}]},{"@type":"WebSite","@id":"https:\/\/kinamihealth.com\/#website","url":"https:\/\/kinamihealth.com\/","name":"Kinami Health","description":"","publisher":{"@id":"https:\/\/kinamihealth.com\/#organization"},"potentialAction":[{"@type":"SearchAction","target":{"@type":"EntryPoint","urlTemplate":"https:\/\/kinamihealth.com\/?s={search_term_string}"},"query-input":{"@type":"PropertyValueSpecification","valueRequired":true,"valueName":"search_term_string"}}],"inLanguage":"de"},{"@type":"Organization","@id":"https:\/\/kinamihealth.com\/#organization","name":"Kinami Health","url":"https:\/\/kinamihealth.com\/","logo":{"@type":"ImageObject","inLanguage":"de","@id":"https:\/\/kinamihealth.com\/#\/schema\/logo\/image\/","url":"https:\/\/kinamihealth.com\/wp-content\/uploads\/2025\/01\/KH_logo_black_2-1.png","contentUrl":"https:\/\/kinamihealth.com\/wp-content\/uploads\/2025\/01\/KH_logo_black_2-1.png","width":339,"height":34,"caption":"Kinami Health"},"image":{"@id":"https:\/\/kinamihealth.com\/#\/schema\/logo\/image\/"}}]}},"_links":{"self":[{"href":"https:\/\/kinamihealth.com\/de\/wp-json\/wp\/v2\/product\/114521","targetHints":{"allow":["GET"]}}],"collection":[{"href":"https:\/\/kinamihealth.com\/de\/wp-json\/wp\/v2\/product"}],"about":[{"href":"https:\/\/kinamihealth.com\/de\/wp-json\/wp\/v2\/types\/product"}],"replies":[{"embeddable":true,"href":"https:\/\/kinamihealth.com\/de\/wp-json\/wp\/v2\/comments?post=114521"}],"version-history":[{"count":0,"href":"https:\/\/kinamihealth.com\/de\/wp-json\/wp\/v2\/product\/114521\/revisions"}],"wp:featuredmedia":[{"embeddable":true,"href":"https:\/\/kinamihealth.com\/de\/wp-json\/wp\/v2\/media\/101627"}],"wp:attachment":[{"href":"https:\/\/kinamihealth.com\/de\/wp-json\/wp\/v2\/media?parent=114521"}],"wp:term":[{"taxonomy":"product_brand","embeddable":true,"href":"https:\/\/kinamihealth.com\/de\/wp-json\/wp\/v2\/product_brand?post=114521"},{"taxonomy":"product_cat","embeddable":true,"href":"https:\/\/kinamihealth.com\/de\/wp-json\/wp\/v2\/product_cat?post=114521"},{"taxonomy":"product_tag","embeddable":true,"href":"https:\/\/kinamihealth.com\/de\/wp-json\/wp\/v2\/product_tag?post=114521"}],"curies":[{"name":"wp","href":"https:\/\/api.w.org\/{rel}","templated":true}]}}