{"id":114513,"date":"2025-09-18T11:45:18","date_gmt":"2025-09-18T11:45:18","guid":{"rendered":"https:\/\/kinamihealth.com\/?post_type=product&#038;p=114513"},"modified":"2025-10-21T12:14:04","modified_gmt":"2025-10-21T12:14:04","slug":"viscoderm-skinko-e-viscoderm-skinko-kit","status":"publish","type":"product","link":"https:\/\/kinamihealth.com\/de\/produkt\/viscoderm-skinko-e-viscoderm-skinko-kit\/","title":{"rendered":"VISCODERM\u00ae SKINK\u00d2 E + VISCODERM\u00ae SKINK\u00d2 KIT"},"content":{"rendered":"<p><span style=\"font-weight: 400;\">Sie VISCODERM\u00ae SKINK\u00d2 E + VISCODERM\u00ae SKINK\u00d2 KIT online, um Ihren Patienten eine leistungsstarke Kombination aus Mesotherapie und Hautpflege f\u00fcr eine tiefgehende Hautpflege zu bieten. Dieses System verbessert die Feuchtigkeitsversorgung, gl\u00e4ttet Zeichen der Hautalterung und unterst\u00fctzt die allgemeine Hautgesundheit. Erwerben Sie es noch heute im Kinami Health Online-Shop und profitieren Sie von einem zuverl\u00e4ssigen, p\u00fcnktlichen und erschwinglichen Service.<\/span><\/p>\n","protected":false},"excerpt":{"rendered":"<p>Sie VISCODERM\u00ae SKINK\u00d2 E + VISCODERM\u00ae SKINK\u00d2 KIT online, um Ihren Patienten eine leistungsstarke Kombination aus Mesotherapie und Hautpflege f\u00fcr eine tiefgehende Hautpflege zu bieten. Dieses System verbessert die Feuchtigkeitsversorgung, gl\u00e4ttet Zeichen der Hautalterung und unterst\u00fctzt die allgemeine Hautgesundheit. Erwerben Sie es noch heute im Kinami Health Online-Shop und profitieren Sie von einem zuverl\u00e4ssigen, p\u00fcnktlichen [&hellip;]<\/p>\n","protected":false},"featured_media":101612,"comment_status":"closed","ping_status":"closed","template":"","meta":{"_acf_changed":false,"inline_featured_image":false},"product_brand":[2210],"product_cat":[2024],"product_tag":[2144],"class_list":{"0":"post-114513","1":"product","2":"type-product","3":"status-publish","4":"has-post-thumbnail","6":"product_brand-viscoderm","7":"product_cat-mesotherapie-produkte","8":"product_tag-medical-devices-de","10":"first","11":"instock","12":"taxable","13":"shipping-taxable","14":"purchasable","15":"product-type-simple","16":"add-to-wishlist-before_image"},"acf":[],"yoast_head":"<!-- This site is optimized with the Yoast SEO plugin v27.5 - https:\/\/yoast.com\/product\/yoast-seo-wordpress\/ -->\n<title>VISCODERM\u00ae SKINK\u00d2 E + VISCODERM\u00ae SKINK\u00d2 KIT online kaufen<\/title>\n<meta name=\"description\" content=\"Jetzt Viscoderm SKINK\u00d2 E + SKINK\u00d2 KIT online bestellen \u2013 komplettes Hautrevitalisierungssystem f\u00fcr intensive Feuchtigkeitsversorgung und gesunde, jugendliche Haut. Schnelle Lieferung!\" \/>\n<meta name=\"robots\" content=\"index, follow, max-snippet:-1, max-image-preview:large, max-video-preview:-1\" \/>\n<link rel=\"canonical\" href=\"https:\/\/kinamihealth.com\/de\/wp-json\/wp\/v2\/product\/114513\" \/>\n<meta property=\"og:locale\" content=\"de_DE\" \/>\n<meta property=\"og:type\" content=\"article\" \/>\n<meta property=\"og:title\" content=\"VISCODERM\u00ae SKINK\u00d2 E + VISCODERM\u00ae SKINK\u00d2 KIT online kaufen\" \/>\n<meta property=\"og:description\" content=\"Jetzt Viscoderm SKINK\u00d2 E + SKINK\u00d2 KIT online bestellen \u2013 komplettes Hautrevitalisierungssystem f\u00fcr intensive Feuchtigkeitsversorgung und gesunde, jugendliche Haut. Schnelle Lieferung!\" \/>\n<meta property=\"og:url\" content=\"https:\/\/kinamihealth.com\/de\/produkt\/viscoderm-skinko-e-viscoderm-skinko-kit\/\" \/>\n<meta property=\"og:site_name\" content=\"Kinami Health\" \/>\n<meta property=\"article:modified_time\" content=\"2025-10-21T12:14:04+00:00\" \/>\n<meta property=\"og:image\" content=\"https:\/\/kinamihealth.com\/wp-content\/uploads\/2025\/02\/VISCODERM-SKINKO-SKINKOKIT-05.jpg\" \/>\n\t<meta property=\"og:image:width\" content=\"1000\" \/>\n\t<meta property=\"og:image:height\" content=\"1000\" \/>\n\t<meta property=\"og:image:type\" content=\"image\/jpeg\" \/>\n<meta name=\"twitter:card\" content=\"summary_large_image\" \/>\n<meta name=\"twitter:label1\" content=\"Gesch\u00e4tzte Lesezeit\" \/>\n\t<meta name=\"twitter:data1\" content=\"1\u00a0Minute\" \/>\n<!-- \/ Yoast SEO plugin. -->","yoast_head_json":{"title":"VISCODERM\u00ae SKINK\u00d2 E + VISCODERM\u00ae SKINK\u00d2 KIT online kaufen","description":"Jetzt Viscoderm SKINK\u00d2 E + SKINK\u00d2 KIT online bestellen \u2013 komplettes Hautrevitalisierungssystem f\u00fcr intensive Feuchtigkeitsversorgung und gesunde, jugendliche Haut. Schnelle Lieferung!","robots":{"index":"index","follow":"follow","max-snippet":"max-snippet:-1","max-image-preview":"max-image-preview:large","max-video-preview":"max-video-preview:-1"},"canonical":"https:\/\/kinamihealth.com\/de\/wp-json\/wp\/v2\/product\/114513","og_locale":"de_DE","og_type":"article","og_title":"VISCODERM\u00ae SKINK\u00d2 E + VISCODERM\u00ae SKINK\u00d2 KIT online kaufen","og_description":"Jetzt Viscoderm SKINK\u00d2 E + SKINK\u00d2 KIT online bestellen \u2013 komplettes Hautrevitalisierungssystem f\u00fcr intensive Feuchtigkeitsversorgung und gesunde, jugendliche Haut. Schnelle Lieferung!","og_url":"https:\/\/kinamihealth.com\/de\/produkt\/viscoderm-skinko-e-viscoderm-skinko-kit\/","og_site_name":"Kinami Health","article_modified_time":"2025-10-21T12:14:04+00:00","og_image":[{"width":1000,"height":1000,"url":"https:\/\/kinamihealth.com\/wp-content\/uploads\/2025\/02\/VISCODERM-SKINKO-SKINKOKIT-05.jpg","type":"image\/jpeg"}],"twitter_card":"summary_large_image","twitter_misc":{"Gesch\u00e4tzte Lesezeit":"1\u00a0Minute"},"schema":{"@context":"https:\/\/schema.org","@graph":[{"@type":"WebPage","@id":"https:\/\/kinamihealth.com\/de\/produkt\/viscoderm-skinko-e-viscoderm-skinko-kit\/","url":"https:\/\/kinamihealth.com\/de\/produkt\/viscoderm-skinko-e-viscoderm-skinko-kit\/","name":"VISCODERM\u00ae SKINK\u00d2 E + VISCODERM\u00ae SKINK\u00d2 KIT online kaufen","isPartOf":{"@id":"https:\/\/kinamihealth.com\/#website"},"primaryImageOfPage":{"@id":"https:\/\/kinamihealth.com\/de\/produkt\/viscoderm-skinko-e-viscoderm-skinko-kit\/#primaryimage"},"image":{"@id":"https:\/\/kinamihealth.com\/de\/produkt\/viscoderm-skinko-e-viscoderm-skinko-kit\/#primaryimage"},"thumbnailUrl":"https:\/\/kinamihealth.com\/wp-content\/uploads\/2025\/02\/VISCODERM-SKINKO-SKINKOKIT-05.jpg","datePublished":"2025-09-18T11:45:18+00:00","dateModified":"2025-10-21T12:14:04+00:00","description":"Jetzt Viscoderm SKINK\u00d2 E + SKINK\u00d2 KIT online bestellen \u2013 komplettes Hautrevitalisierungssystem f\u00fcr intensive Feuchtigkeitsversorgung und gesunde, jugendliche Haut. Schnelle Lieferung!","breadcrumb":{"@id":"https:\/\/kinamihealth.com\/de\/produkt\/viscoderm-skinko-e-viscoderm-skinko-kit\/#breadcrumb"},"inLanguage":"de","potentialAction":[{"@type":"ReadAction","target":["https:\/\/kinamihealth.com\/de\/produkt\/viscoderm-skinko-e-viscoderm-skinko-kit\/"]}]},{"@type":"ImageObject","inLanguage":"de","@id":"https:\/\/kinamihealth.com\/de\/produkt\/viscoderm-skinko-e-viscoderm-skinko-kit\/#primaryimage","url":"https:\/\/kinamihealth.com\/wp-content\/uploads\/2025\/02\/VISCODERM-SKINKO-SKINKOKIT-05.jpg","contentUrl":"https:\/\/kinamihealth.com\/wp-content\/uploads\/2025\/02\/VISCODERM-SKINKO-SKINKOKIT-05.jpg","width":1000,"height":1000},{"@type":"BreadcrumbList","@id":"https:\/\/kinamihealth.com\/de\/produkt\/viscoderm-skinko-e-viscoderm-skinko-kit\/#breadcrumb","itemListElement":[{"@type":"ListItem","position":1,"name":"Startseite","item":"https:\/\/kinamihealth.com\/"},{"@type":"ListItem","position":2,"name":"Shop","item":"https:\/\/kinamihealth.com\/shop\/"},{"@type":"ListItem","position":3,"name":"VISCODERM\u00ae SKINK\u00d2 E + VISCODERM\u00ae SKINK\u00d2 KIT"}]},{"@type":"WebSite","@id":"https:\/\/kinamihealth.com\/#website","url":"https:\/\/kinamihealth.com\/","name":"Kinami Health","description":"","publisher":{"@id":"https:\/\/kinamihealth.com\/#organization"},"potentialAction":[{"@type":"SearchAction","target":{"@type":"EntryPoint","urlTemplate":"https:\/\/kinamihealth.com\/?s={search_term_string}"},"query-input":{"@type":"PropertyValueSpecification","valueRequired":true,"valueName":"search_term_string"}}],"inLanguage":"de"},{"@type":"Organization","@id":"https:\/\/kinamihealth.com\/#organization","name":"Kinami Health","url":"https:\/\/kinamihealth.com\/","logo":{"@type":"ImageObject","inLanguage":"de","@id":"https:\/\/kinamihealth.com\/#\/schema\/logo\/image\/","url":"https:\/\/kinamihealth.com\/wp-content\/uploads\/2025\/01\/KH_logo_black_2-1.png","contentUrl":"https:\/\/kinamihealth.com\/wp-content\/uploads\/2025\/01\/KH_logo_black_2-1.png","width":339,"height":34,"caption":"Kinami Health"},"image":{"@id":"https:\/\/kinamihealth.com\/#\/schema\/logo\/image\/"}}]}},"_links":{"self":[{"href":"https:\/\/kinamihealth.com\/de\/wp-json\/wp\/v2\/product\/114513","targetHints":{"allow":["GET"]}}],"collection":[{"href":"https:\/\/kinamihealth.com\/de\/wp-json\/wp\/v2\/product"}],"about":[{"href":"https:\/\/kinamihealth.com\/de\/wp-json\/wp\/v2\/types\/product"}],"replies":[{"embeddable":true,"href":"https:\/\/kinamihealth.com\/de\/wp-json\/wp\/v2\/comments?post=114513"}],"version-history":[{"count":0,"href":"https:\/\/kinamihealth.com\/de\/wp-json\/wp\/v2\/product\/114513\/revisions"}],"wp:featuredmedia":[{"embeddable":true,"href":"https:\/\/kinamihealth.com\/de\/wp-json\/wp\/v2\/media\/101612"}],"wp:attachment":[{"href":"https:\/\/kinamihealth.com\/de\/wp-json\/wp\/v2\/media?parent=114513"}],"wp:term":[{"taxonomy":"product_brand","embeddable":true,"href":"https:\/\/kinamihealth.com\/de\/wp-json\/wp\/v2\/product_brand?post=114513"},{"taxonomy":"product_cat","embeddable":true,"href":"https:\/\/kinamihealth.com\/de\/wp-json\/wp\/v2\/product_cat?post=114513"},{"taxonomy":"product_tag","embeddable":true,"href":"https:\/\/kinamihealth.com\/de\/wp-json\/wp\/v2\/product_tag?post=114513"}],"curies":[{"name":"wp","href":"https:\/\/api.w.org\/{rel}","templated":true}]}}