{"id":114492,"date":"2025-09-18T11:18:19","date_gmt":"2025-09-18T11:18:19","guid":{"rendered":"https:\/\/kinamihealth.com\/?post_type=product&#038;p=114492"},"modified":"2025-10-21T04:46:31","modified_gmt":"2025-10-21T04:46:31","slug":"teosyal-rha-kiss-with-lidocaine","status":"publish","type":"product","link":"https:\/\/kinamihealth.com\/de\/produkt\/teosyal-rha-kiss-with-lidocaine\/","title":{"rendered":"TEOSYAL\u00ae RHA KISS mit Lidocain"},"content":{"rendered":"<h1>Was ist TEOSYAL\u00ae RHA KISS mit Lidocain?<\/h1>\n<p><span style=\"font-weight: 400;\">Kaufen Sie TEOSYAL\u00ae RHA KISS mit Lidocain online, um Ihren Patienten einen hochwertigen Filler anzubieten, der speziell f\u00fcr eine subtile und dennoch effektive Lippenvergr\u00f6\u00dferung entwickelt wurde. Er vergr\u00f6\u00dfert das Lippenvolumen, definiert die Konturen und bewahrt die nat\u00fcrliche Beweglichkeit. <\/span><b>Erwerben Sie das Produkt noch heute bei Kinami Health und profitieren Sie von einem zuverl\u00e4ssigen, p\u00fcnktlichen und erschwinglichen Service.<\/b><\/p>\n","protected":false},"excerpt":{"rendered":"<p>Was ist TEOSYAL\u00ae RHA KISS mit Lidocain? Kaufen Sie TEOSYAL\u00ae RHA KISS mit Lidocain online, um Ihren Patienten einen hochwertigen Filler anzubieten, der speziell f\u00fcr eine subtile und dennoch effektive Lippenvergr\u00f6\u00dferung entwickelt wurde. Er vergr\u00f6\u00dfert das Lippenvolumen, definiert die Konturen und bewahrt die nat\u00fcrliche Beweglichkeit. Erwerben Sie das Produkt noch heute bei Kinami Health und [&hellip;]<\/p>\n","protected":false},"featured_media":101683,"comment_status":"closed","ping_status":"closed","template":"","meta":{"_acf_changed":false,"inline_featured_image":false},"product_brand":[2209],"product_cat":[2023],"product_tag":[2144],"class_list":{"0":"post-114492","1":"product","2":"type-product","3":"status-publish","4":"has-post-thumbnail","6":"product_brand-teosyal","7":"product_cat-filler","8":"product_tag-medical-devices-de","10":"first","11":"instock","12":"taxable","13":"shipping-taxable","14":"purchasable","15":"product-type-simple","16":"add-to-wishlist-before_image"},"acf":[],"yoast_head":"<!-- This site is optimized with the Yoast SEO plugin v27.5 - https:\/\/yoast.com\/product\/yoast-seo-wordpress\/ -->\n<title>TEOSYAL\u00ae RHA KISS mit Lidocain \u2013 Lippenfiller online kaufen<\/title>\n<meta name=\"description\" content=\"Jetzt Teosyal RHA Kiss mit Lidocain online bestellen \u2013 f\u00fcr langanhaltende Lippenvergr\u00f6\u00dferung, definierte Konturen, intensive Feuchtigkeitsbindung und nat\u00fcrliche Flexibilit\u00e4t. Schnelle Lieferung!\" \/>\n<meta name=\"robots\" content=\"index, follow, max-snippet:-1, max-image-preview:large, max-video-preview:-1\" \/>\n<link rel=\"canonical\" href=\"https:\/\/kinamihealth.com\/de\/wp-json\/wp\/v2\/product\/114492\" \/>\n<meta property=\"og:locale\" content=\"de_DE\" \/>\n<meta property=\"og:type\" content=\"article\" \/>\n<meta property=\"og:title\" content=\"TEOSYAL\u00ae RHA KISS mit Lidocain \u2013 Lippenfiller online kaufen\" \/>\n<meta property=\"og:description\" content=\"Jetzt Teosyal RHA Kiss mit Lidocain online bestellen \u2013 f\u00fcr langanhaltende Lippenvergr\u00f6\u00dferung, definierte Konturen, intensive Feuchtigkeitsbindung und nat\u00fcrliche Flexibilit\u00e4t. Schnelle Lieferung!\" \/>\n<meta property=\"og:url\" content=\"https:\/\/kinamihealth.com\/de\/produkt\/teosyal-rha-kiss-with-lidocaine\/\" \/>\n<meta property=\"og:site_name\" content=\"Kinami Health\" \/>\n<meta property=\"article:modified_time\" content=\"2025-10-21T04:46:31+00:00\" \/>\n<meta property=\"og:image\" content=\"https:\/\/kinamihealth.com\/wp-content\/uploads\/2025\/02\/TEOXANE-TEOSYAL-RHAKISS-01.jpg\" \/>\n\t<meta property=\"og:image:width\" content=\"800\" \/>\n\t<meta property=\"og:image:height\" content=\"800\" \/>\n\t<meta property=\"og:image:type\" content=\"image\/jpeg\" \/>\n<meta name=\"twitter:card\" content=\"summary_large_image\" \/>\n<meta name=\"twitter:label1\" content=\"Gesch\u00e4tzte Lesezeit\" \/>\n\t<meta name=\"twitter:data1\" content=\"1\u00a0Minute\" \/>\n<!-- \/ Yoast SEO plugin. -->","yoast_head_json":{"title":"TEOSYAL\u00ae RHA KISS mit Lidocain \u2013 Lippenfiller online kaufen","description":"Jetzt Teosyal RHA Kiss mit Lidocain online bestellen \u2013 f\u00fcr langanhaltende Lippenvergr\u00f6\u00dferung, definierte Konturen, intensive Feuchtigkeitsbindung und nat\u00fcrliche Flexibilit\u00e4t. Schnelle Lieferung!","robots":{"index":"index","follow":"follow","max-snippet":"max-snippet:-1","max-image-preview":"max-image-preview:large","max-video-preview":"max-video-preview:-1"},"canonical":"https:\/\/kinamihealth.com\/de\/wp-json\/wp\/v2\/product\/114492","og_locale":"de_DE","og_type":"article","og_title":"TEOSYAL\u00ae RHA KISS mit Lidocain \u2013 Lippenfiller online kaufen","og_description":"Jetzt Teosyal RHA Kiss mit Lidocain online bestellen \u2013 f\u00fcr langanhaltende Lippenvergr\u00f6\u00dferung, definierte Konturen, intensive Feuchtigkeitsbindung und nat\u00fcrliche Flexibilit\u00e4t. Schnelle Lieferung!","og_url":"https:\/\/kinamihealth.com\/de\/produkt\/teosyal-rha-kiss-with-lidocaine\/","og_site_name":"Kinami Health","article_modified_time":"2025-10-21T04:46:31+00:00","og_image":[{"width":800,"height":800,"url":"https:\/\/kinamihealth.com\/wp-content\/uploads\/2025\/02\/TEOXANE-TEOSYAL-RHAKISS-01.jpg","type":"image\/jpeg"}],"twitter_card":"summary_large_image","twitter_misc":{"Gesch\u00e4tzte Lesezeit":"1\u00a0Minute"},"schema":{"@context":"https:\/\/schema.org","@graph":[{"@type":"WebPage","@id":"https:\/\/kinamihealth.com\/de\/produkt\/teosyal-rha-kiss-with-lidocaine\/","url":"https:\/\/kinamihealth.com\/de\/produkt\/teosyal-rha-kiss-with-lidocaine\/","name":"TEOSYAL\u00ae RHA KISS mit Lidocain \u2013 Lippenfiller online kaufen","isPartOf":{"@id":"https:\/\/kinamihealth.com\/#website"},"primaryImageOfPage":{"@id":"https:\/\/kinamihealth.com\/de\/produkt\/teosyal-rha-kiss-with-lidocaine\/#primaryimage"},"image":{"@id":"https:\/\/kinamihealth.com\/de\/produkt\/teosyal-rha-kiss-with-lidocaine\/#primaryimage"},"thumbnailUrl":"https:\/\/kinamihealth.com\/wp-content\/uploads\/2025\/02\/TEOXANE-TEOSYAL-RHAKISS-01.jpg","datePublished":"2025-09-18T11:18:19+00:00","dateModified":"2025-10-21T04:46:31+00:00","description":"Jetzt Teosyal RHA Kiss mit Lidocain online bestellen \u2013 f\u00fcr langanhaltende Lippenvergr\u00f6\u00dferung, definierte Konturen, intensive Feuchtigkeitsbindung und nat\u00fcrliche Flexibilit\u00e4t. Schnelle Lieferung!","breadcrumb":{"@id":"https:\/\/kinamihealth.com\/de\/produkt\/teosyal-rha-kiss-with-lidocaine\/#breadcrumb"},"inLanguage":"de","potentialAction":[{"@type":"ReadAction","target":["https:\/\/kinamihealth.com\/de\/produkt\/teosyal-rha-kiss-with-lidocaine\/"]}]},{"@type":"ImageObject","inLanguage":"de","@id":"https:\/\/kinamihealth.com\/de\/produkt\/teosyal-rha-kiss-with-lidocaine\/#primaryimage","url":"https:\/\/kinamihealth.com\/wp-content\/uploads\/2025\/02\/TEOXANE-TEOSYAL-RHAKISS-01.jpg","contentUrl":"https:\/\/kinamihealth.com\/wp-content\/uploads\/2025\/02\/TEOXANE-TEOSYAL-RHAKISS-01.jpg","width":800,"height":800},{"@type":"BreadcrumbList","@id":"https:\/\/kinamihealth.com\/de\/produkt\/teosyal-rha-kiss-with-lidocaine\/#breadcrumb","itemListElement":[{"@type":"ListItem","position":1,"name":"Startseite","item":"https:\/\/kinamihealth.com\/"},{"@type":"ListItem","position":2,"name":"Shop","item":"https:\/\/kinamihealth.com\/shop\/"},{"@type":"ListItem","position":3,"name":"TEOSYAL\u00ae RHA KISS mit Lidocain"}]},{"@type":"WebSite","@id":"https:\/\/kinamihealth.com\/#website","url":"https:\/\/kinamihealth.com\/","name":"Kinami Health","description":"","publisher":{"@id":"https:\/\/kinamihealth.com\/#organization"},"potentialAction":[{"@type":"SearchAction","target":{"@type":"EntryPoint","urlTemplate":"https:\/\/kinamihealth.com\/?s={search_term_string}"},"query-input":{"@type":"PropertyValueSpecification","valueRequired":true,"valueName":"search_term_string"}}],"inLanguage":"de"},{"@type":"Organization","@id":"https:\/\/kinamihealth.com\/#organization","name":"Kinami Health","url":"https:\/\/kinamihealth.com\/","logo":{"@type":"ImageObject","inLanguage":"de","@id":"https:\/\/kinamihealth.com\/#\/schema\/logo\/image\/","url":"https:\/\/kinamihealth.com\/wp-content\/uploads\/2025\/01\/KH_logo_black_2-1.png","contentUrl":"https:\/\/kinamihealth.com\/wp-content\/uploads\/2025\/01\/KH_logo_black_2-1.png","width":339,"height":34,"caption":"Kinami Health"},"image":{"@id":"https:\/\/kinamihealth.com\/#\/schema\/logo\/image\/"}}]}},"_links":{"self":[{"href":"https:\/\/kinamihealth.com\/de\/wp-json\/wp\/v2\/product\/114492","targetHints":{"allow":["GET"]}}],"collection":[{"href":"https:\/\/kinamihealth.com\/de\/wp-json\/wp\/v2\/product"}],"about":[{"href":"https:\/\/kinamihealth.com\/de\/wp-json\/wp\/v2\/types\/product"}],"replies":[{"embeddable":true,"href":"https:\/\/kinamihealth.com\/de\/wp-json\/wp\/v2\/comments?post=114492"}],"version-history":[{"count":0,"href":"https:\/\/kinamihealth.com\/de\/wp-json\/wp\/v2\/product\/114492\/revisions"}],"wp:featuredmedia":[{"embeddable":true,"href":"https:\/\/kinamihealth.com\/de\/wp-json\/wp\/v2\/media\/101683"}],"wp:attachment":[{"href":"https:\/\/kinamihealth.com\/de\/wp-json\/wp\/v2\/media?parent=114492"}],"wp:term":[{"taxonomy":"product_brand","embeddable":true,"href":"https:\/\/kinamihealth.com\/de\/wp-json\/wp\/v2\/product_brand?post=114492"},{"taxonomy":"product_cat","embeddable":true,"href":"https:\/\/kinamihealth.com\/de\/wp-json\/wp\/v2\/product_cat?post=114492"},{"taxonomy":"product_tag","embeddable":true,"href":"https:\/\/kinamihealth.com\/de\/wp-json\/wp\/v2\/product_tag?post=114492"}],"curies":[{"name":"wp","href":"https:\/\/api.w.org\/{rel}","templated":true}]}}