{"id":114352,"date":"2025-09-16T12:36:11","date_gmt":"2025-09-16T12:36:11","guid":{"rendered":"https:\/\/kinamihealth.com\/?post_type=product&#038;p=114352"},"modified":"2025-10-21T13:27:06","modified_gmt":"2025-10-21T13:27:06","slug":"mediderma-sens-age-md-ultra-corrector-3a-renewer","status":"publish","type":"product","link":"https:\/\/kinamihealth.com\/de\/produkt\/mediderma-sens-age-md-ultra-corrector-3a-renewer\/","title":{"rendered":"SENS-AGE MD ULTRA CORRECTOR 3A RENEWER GESICHTSCREME 50ml"},"content":{"rendered":"<p><span style=\"font-weight: 400;\">SENS-AGE MD ULTRA CORRECTOR 3A RENEWER GESICHTSCREME 50ml ist eine <\/span><b>klinisch entwickelte Anti-Aging-Creme<\/b><span style=\"font-weight: 400;\"> f\u00fcr den professionellen Gebrauch. Sie <\/span><b>wirkt gegen feine Linien<\/b><span style=\"font-weight: 400;\">, Falten und ungleichm\u00e4\u00dfigen Teint und <\/span><b>verbessert sichtbar das Hautbild <\/b><span style=\"font-weight: 400;\">und <\/span><b>verleiht einen jugendlicheren Teint<\/b><span style=\"font-weight: 400;\">. Die hochwirksame Formel mit <\/span><b>innovativen Retinoiden, Peptiden und Antioxidantien<\/b><span style=\"font-weight: 400;\"> regeneriert die Haut auf zellul\u00e4rer Ebene.<\/span><\/p>\n<p><b>Besuchen Sie den Kinami Health Online-Shop<\/b><span style=\"font-weight: 400;\"> und kaufen Sie Sens-Age MD Ultra Corrector 3A Renewer Gesichtscreme 50 ml f\u00fcr ein <\/span><b>sicheres, hochwertiges und wirksames Anti-Aging-Produkt<\/b><span style=\"font-weight: 400;\">.<\/span><\/p>\n","protected":false},"excerpt":{"rendered":"<p>SENS-AGE MD ULTRA CORRECTOR 3A RENEWER GESICHTSCREME 50ml ist eine klinisch entwickelte Anti-Aging-Creme f\u00fcr den professionellen Gebrauch. Sie wirkt gegen feine Linien, Falten und ungleichm\u00e4\u00dfigen Teint und verbessert sichtbar das Hautbild und verleiht einen jugendlicheren Teint. Die hochwirksame Formel mit innovativen Retinoiden, Peptiden und Antioxidantien regeneriert die Haut auf zellul\u00e4rer Ebene. Besuchen Sie den Kinami [&hellip;]<\/p>\n","protected":false},"featured_media":101546,"comment_status":"closed","ping_status":"closed","template":"","meta":{"_acf_changed":false,"inline_featured_image":false},"product_brand":[2161],"product_cat":[2026],"product_tag":[2144],"class_list":{"0":"post-114352","1":"product","2":"type-product","3":"status-publish","4":"has-post-thumbnail","6":"product_brand-mediderma-de","7":"product_cat-hautpflege","8":"product_tag-medical-devices-de","10":"first","11":"instock","12":"taxable","13":"shipping-taxable","14":"purchasable","15":"product-type-simple","16":"add-to-wishlist-before_image"},"acf":[],"yoast_head":"<!-- This site is optimized with the Yoast SEO plugin v27.5 - https:\/\/yoast.com\/product\/yoast-seo-wordpress\/ -->\n<title>SENS-AGE MD ULTRA CORRECTOR 3A RENEWER GESICHTSCREME 50ml online kaufen<\/title>\n<meta name=\"description\" content=\"Kaufen Sie Sens-Age MD Ultra Corrector 3A Renewer Gesichtscreme 50 ml \u2013 eine professionelle Anti-Aging-Formel mit Retinoiden, Peptiden und Antioxidantien!\" \/>\n<meta name=\"robots\" content=\"index, follow, max-snippet:-1, max-image-preview:large, max-video-preview:-1\" \/>\n<link rel=\"canonical\" href=\"https:\/\/kinamihealth.com\/de\/wp-json\/wp\/v2\/product\/114352\" \/>\n<meta property=\"og:locale\" content=\"de_DE\" \/>\n<meta property=\"og:type\" content=\"article\" \/>\n<meta property=\"og:title\" content=\"SENS-AGE MD ULTRA CORRECTOR 3A RENEWER GESICHTSCREME 50ml online kaufen\" \/>\n<meta property=\"og:description\" content=\"Kaufen Sie Sens-Age MD Ultra Corrector 3A Renewer Gesichtscreme 50 ml \u2013 eine professionelle Anti-Aging-Formel mit Retinoiden, Peptiden und Antioxidantien!\" \/>\n<meta property=\"og:url\" content=\"https:\/\/kinamihealth.com\/de\/produkt\/mediderma-sens-age-md-ultra-corrector-3a-renewer\/\" \/>\n<meta property=\"og:site_name\" content=\"Kinami Health\" \/>\n<meta property=\"article:modified_time\" content=\"2025-10-21T13:27:06+00:00\" \/>\n<meta property=\"og:image\" content=\"https:\/\/kinamihealth.com\/wp-content\/uploads\/2025\/02\/MEDIDERMA-SENS-AGE-MD-ULTRA-CORRECTOR-3A-RENEWER-01-1.jpg\" \/>\n\t<meta property=\"og:image:width\" content=\"800\" \/>\n\t<meta property=\"og:image:height\" content=\"800\" \/>\n\t<meta property=\"og:image:type\" content=\"image\/jpeg\" \/>\n<meta name=\"twitter:card\" content=\"summary_large_image\" \/>\n<meta name=\"twitter:label1\" content=\"Gesch\u00e4tzte Lesezeit\" \/>\n\t<meta name=\"twitter:data1\" content=\"1\u00a0Minute\" \/>\n<!-- \/ Yoast SEO plugin. -->","yoast_head_json":{"title":"SENS-AGE MD ULTRA CORRECTOR 3A RENEWER GESICHTSCREME 50ml online kaufen","description":"Kaufen Sie Sens-Age MD Ultra Corrector 3A Renewer Gesichtscreme 50 ml \u2013 eine professionelle Anti-Aging-Formel mit Retinoiden, Peptiden und Antioxidantien!","robots":{"index":"index","follow":"follow","max-snippet":"max-snippet:-1","max-image-preview":"max-image-preview:large","max-video-preview":"max-video-preview:-1"},"canonical":"https:\/\/kinamihealth.com\/de\/wp-json\/wp\/v2\/product\/114352","og_locale":"de_DE","og_type":"article","og_title":"SENS-AGE MD ULTRA CORRECTOR 3A RENEWER GESICHTSCREME 50ml online kaufen","og_description":"Kaufen Sie Sens-Age MD Ultra Corrector 3A Renewer Gesichtscreme 50 ml \u2013 eine professionelle Anti-Aging-Formel mit Retinoiden, Peptiden und Antioxidantien!","og_url":"https:\/\/kinamihealth.com\/de\/produkt\/mediderma-sens-age-md-ultra-corrector-3a-renewer\/","og_site_name":"Kinami Health","article_modified_time":"2025-10-21T13:27:06+00:00","og_image":[{"width":800,"height":800,"url":"https:\/\/kinamihealth.com\/wp-content\/uploads\/2025\/02\/MEDIDERMA-SENS-AGE-MD-ULTRA-CORRECTOR-3A-RENEWER-01-1.jpg","type":"image\/jpeg"}],"twitter_card":"summary_large_image","twitter_misc":{"Gesch\u00e4tzte Lesezeit":"1\u00a0Minute"},"schema":{"@context":"https:\/\/schema.org","@graph":[{"@type":"WebPage","@id":"https:\/\/kinamihealth.com\/de\/produkt\/mediderma-sens-age-md-ultra-corrector-3a-renewer\/","url":"https:\/\/kinamihealth.com\/de\/produkt\/mediderma-sens-age-md-ultra-corrector-3a-renewer\/","name":"SENS-AGE MD ULTRA CORRECTOR 3A RENEWER GESICHTSCREME 50ml online kaufen","isPartOf":{"@id":"https:\/\/kinamihealth.com\/#website"},"primaryImageOfPage":{"@id":"https:\/\/kinamihealth.com\/de\/produkt\/mediderma-sens-age-md-ultra-corrector-3a-renewer\/#primaryimage"},"image":{"@id":"https:\/\/kinamihealth.com\/de\/produkt\/mediderma-sens-age-md-ultra-corrector-3a-renewer\/#primaryimage"},"thumbnailUrl":"https:\/\/kinamihealth.com\/wp-content\/uploads\/2025\/02\/MEDIDERMA-SENS-AGE-MD-ULTRA-CORRECTOR-3A-RENEWER-01-1.jpg","datePublished":"2025-09-16T12:36:11+00:00","dateModified":"2025-10-21T13:27:06+00:00","description":"Kaufen Sie Sens-Age MD Ultra Corrector 3A Renewer Gesichtscreme 50 ml \u2013 eine professionelle Anti-Aging-Formel mit Retinoiden, Peptiden und Antioxidantien!","breadcrumb":{"@id":"https:\/\/kinamihealth.com\/de\/produkt\/mediderma-sens-age-md-ultra-corrector-3a-renewer\/#breadcrumb"},"inLanguage":"de","potentialAction":[{"@type":"ReadAction","target":["https:\/\/kinamihealth.com\/de\/produkt\/mediderma-sens-age-md-ultra-corrector-3a-renewer\/"]}]},{"@type":"ImageObject","inLanguage":"de","@id":"https:\/\/kinamihealth.com\/de\/produkt\/mediderma-sens-age-md-ultra-corrector-3a-renewer\/#primaryimage","url":"https:\/\/kinamihealth.com\/wp-content\/uploads\/2025\/02\/MEDIDERMA-SENS-AGE-MD-ULTRA-CORRECTOR-3A-RENEWER-01-1.jpg","contentUrl":"https:\/\/kinamihealth.com\/wp-content\/uploads\/2025\/02\/MEDIDERMA-SENS-AGE-MD-ULTRA-CORRECTOR-3A-RENEWER-01-1.jpg","width":800,"height":800},{"@type":"BreadcrumbList","@id":"https:\/\/kinamihealth.com\/de\/produkt\/mediderma-sens-age-md-ultra-corrector-3a-renewer\/#breadcrumb","itemListElement":[{"@type":"ListItem","position":1,"name":"Startseite","item":"https:\/\/kinamihealth.com\/"},{"@type":"ListItem","position":2,"name":"Shop","item":"https:\/\/kinamihealth.com\/shop\/"},{"@type":"ListItem","position":3,"name":"SENS-AGE MD ULTRA CORRECTOR 3A RENEWER GESICHTSCREME 50ml"}]},{"@type":"WebSite","@id":"https:\/\/kinamihealth.com\/#website","url":"https:\/\/kinamihealth.com\/","name":"Kinami Health","description":"","publisher":{"@id":"https:\/\/kinamihealth.com\/#organization"},"potentialAction":[{"@type":"SearchAction","target":{"@type":"EntryPoint","urlTemplate":"https:\/\/kinamihealth.com\/?s={search_term_string}"},"query-input":{"@type":"PropertyValueSpecification","valueRequired":true,"valueName":"search_term_string"}}],"inLanguage":"de"},{"@type":"Organization","@id":"https:\/\/kinamihealth.com\/#organization","name":"Kinami Health","url":"https:\/\/kinamihealth.com\/","logo":{"@type":"ImageObject","inLanguage":"de","@id":"https:\/\/kinamihealth.com\/#\/schema\/logo\/image\/","url":"https:\/\/kinamihealth.com\/wp-content\/uploads\/2025\/01\/KH_logo_black_2-1.png","contentUrl":"https:\/\/kinamihealth.com\/wp-content\/uploads\/2025\/01\/KH_logo_black_2-1.png","width":339,"height":34,"caption":"Kinami Health"},"image":{"@id":"https:\/\/kinamihealth.com\/#\/schema\/logo\/image\/"}}]}},"_links":{"self":[{"href":"https:\/\/kinamihealth.com\/de\/wp-json\/wp\/v2\/product\/114352","targetHints":{"allow":["GET"]}}],"collection":[{"href":"https:\/\/kinamihealth.com\/de\/wp-json\/wp\/v2\/product"}],"about":[{"href":"https:\/\/kinamihealth.com\/de\/wp-json\/wp\/v2\/types\/product"}],"replies":[{"embeddable":true,"href":"https:\/\/kinamihealth.com\/de\/wp-json\/wp\/v2\/comments?post=114352"}],"version-history":[{"count":0,"href":"https:\/\/kinamihealth.com\/de\/wp-json\/wp\/v2\/product\/114352\/revisions"}],"wp:featuredmedia":[{"embeddable":true,"href":"https:\/\/kinamihealth.com\/de\/wp-json\/wp\/v2\/media\/101546"}],"wp:attachment":[{"href":"https:\/\/kinamihealth.com\/de\/wp-json\/wp\/v2\/media?parent=114352"}],"wp:term":[{"taxonomy":"product_brand","embeddable":true,"href":"https:\/\/kinamihealth.com\/de\/wp-json\/wp\/v2\/product_brand?post=114352"},{"taxonomy":"product_cat","embeddable":true,"href":"https:\/\/kinamihealth.com\/de\/wp-json\/wp\/v2\/product_cat?post=114352"},{"taxonomy":"product_tag","embeddable":true,"href":"https:\/\/kinamihealth.com\/de\/wp-json\/wp\/v2\/product_tag?post=114352"}],"curies":[{"name":"wp","href":"https:\/\/api.w.org\/{rel}","templated":true}]}}