{"id":114350,"date":"2025-09-16T12:20:12","date_gmt":"2025-09-16T12:20:12","guid":{"rendered":"https:\/\/kinamihealth.com\/?post_type=product&#038;p=114350"},"modified":"2025-09-16T12:27:23","modified_gmt":"2025-09-16T12:27:23","slug":"mediderma-sens-age-md-amc-activator","status":"publish","type":"product","link":"https:\/\/kinamihealth.com\/de\/produkt\/mediderma-sens-age-md-amc-activator\/","title":{"rendered":"SENS-AGE MD G-ACTIVATOR PFLEGENDE GESICHTSCREME 50ml"},"content":{"rendered":"<p><span style=\"font-weight: 400;\">Sens-Age MD G-Activator N\u00e4hrende Gesichtscreme 50 ml ist ein <\/span><b>fortschrittliches Anti-Aging-Hautpflegeprodukt<\/b><span style=\"font-weight: 400;\">, das entwickelt wurde, um die Feuchtigkeitsversorgung wiederherzustellen, die Hautbarriere zu st\u00e4rken und die Widerstandsf\u00e4higkeit der Haut zu verbessern. Die Creme ist f\u00fcr den professionellen Einsatz konzipiert und bek\u00e4mpft gezielt erste <\/span><b>Anzeichen vorzeitiger Hautalterung<\/b><span style=\"font-weight: 400;\"> \u2013 f\u00fcr ein sichtbar strafferes und jugendlicheres Hautbild.<\/span><\/p>\n<p><span style=\"font-weight: 400;\">Kaufen Sie Sens-Age MD G-Activator Nourishing Facial Cream 50 ml online im Kinami Health<\/span><b>\u00a0Store<\/b><span style=\"font-weight: 400;\"> und sichern Sie sich eine<\/span><b><i> hochwertige Hautpflegel\u00f6sung<\/i><\/b><span style=\"font-weight: 400;\"> f\u00fcr eine optimale Hautverj\u00fcngung.<\/span><\/p>\n","protected":false},"excerpt":{"rendered":"<p>Sens-Age MD G-Activator N\u00e4hrende Gesichtscreme 50 ml ist ein fortschrittliches Anti-Aging-Hautpflegeprodukt, das entwickelt wurde, um die Feuchtigkeitsversorgung wiederherzustellen, die Hautbarriere zu st\u00e4rken und die Widerstandsf\u00e4higkeit der Haut zu verbessern. Die Creme ist f\u00fcr den professionellen Einsatz konzipiert und bek\u00e4mpft gezielt erste Anzeichen vorzeitiger Hautalterung \u2013 f\u00fcr ein sichtbar strafferes und jugendlicheres Hautbild. Kaufen Sie Sens-Age [&hellip;]<\/p>\n","protected":false},"featured_media":101540,"comment_status":"closed","ping_status":"closed","template":"","meta":{"_acf_changed":false,"inline_featured_image":false},"product_brand":[2161],"product_cat":[2026],"product_tag":[2144],"class_list":{"0":"post-114350","1":"product","2":"type-product","3":"status-publish","4":"has-post-thumbnail","6":"product_brand-mediderma-de","7":"product_cat-hautpflege","8":"product_tag-medical-devices-de","10":"first","11":"instock","12":"taxable","13":"shipping-taxable","14":"purchasable","15":"product-type-simple","16":"add-to-wishlist-before_image"},"acf":[],"yoast_head":"<!-- This site is optimized with the Yoast SEO plugin v27.5 - https:\/\/yoast.com\/product\/yoast-seo-wordpress\/ -->\n<title>Sens-Age MD G-Activator N\u00e4hrende Gesichtscreme 50 ml jetzt online kaufen<\/title>\n<meta name=\"description\" content=\"Kaufen Sie Sens-Age MD G-Activator N\u00e4hrende Gesichtscreme 50 ml online, um die Haut mit fortschrittlichen Anti-Aging-Wirkstoffen mit Feuchtigkeit zu versorgen, zu regenerieren und zu sch\u00fctzen.\" \/>\n<meta name=\"robots\" content=\"index, follow, max-snippet:-1, max-image-preview:large, max-video-preview:-1\" \/>\n<link rel=\"canonical\" href=\"https:\/\/kinamihealth.com\/de\/wp-json\/wp\/v2\/product\/114350\" \/>\n<meta property=\"og:locale\" content=\"de_DE\" \/>\n<meta property=\"og:type\" content=\"article\" \/>\n<meta property=\"og:title\" content=\"Sens-Age MD G-Activator N\u00e4hrende Gesichtscreme 50 ml jetzt online kaufen\" \/>\n<meta property=\"og:description\" content=\"Kaufen Sie Sens-Age MD G-Activator N\u00e4hrende Gesichtscreme 50 ml online, um die Haut mit fortschrittlichen Anti-Aging-Wirkstoffen mit Feuchtigkeit zu versorgen, zu regenerieren und zu sch\u00fctzen.\" \/>\n<meta property=\"og:url\" content=\"https:\/\/kinamihealth.com\/de\/product\/mediderma-sens-age-md-amc-activator\/\" \/>\n<meta property=\"og:site_name\" content=\"Kinami Health\" \/>\n<meta property=\"article:modified_time\" content=\"2025-09-16T12:27:23+00:00\" \/>\n<meta property=\"og:image\" content=\"https:\/\/kinamihealth.com\/wp-content\/uploads\/2025\/02\/MEDIDERMA-SENS-AGE-MD-G-ACTIVATOR-NOURISHING-FACIAL-CREAM-01.jpg\" \/>\n\t<meta property=\"og:image:width\" content=\"800\" \/>\n\t<meta property=\"og:image:height\" content=\"800\" \/>\n\t<meta property=\"og:image:type\" content=\"image\/jpeg\" \/>\n<meta name=\"twitter:card\" content=\"summary_large_image\" \/>\n<meta name=\"twitter:label1\" content=\"Gesch\u00e4tzte Lesezeit\" \/>\n\t<meta name=\"twitter:data1\" content=\"1\u00a0Minute\" \/>\n<!-- \/ Yoast SEO plugin. -->","yoast_head_json":{"title":"Sens-Age MD G-Activator N\u00e4hrende Gesichtscreme 50 ml jetzt online kaufen","description":"Kaufen Sie Sens-Age MD G-Activator N\u00e4hrende Gesichtscreme 50 ml online, um die Haut mit fortschrittlichen Anti-Aging-Wirkstoffen mit Feuchtigkeit zu versorgen, zu regenerieren und zu sch\u00fctzen.","robots":{"index":"index","follow":"follow","max-snippet":"max-snippet:-1","max-image-preview":"max-image-preview:large","max-video-preview":"max-video-preview:-1"},"canonical":"https:\/\/kinamihealth.com\/de\/wp-json\/wp\/v2\/product\/114350","og_locale":"de_DE","og_type":"article","og_title":"Sens-Age MD G-Activator N\u00e4hrende Gesichtscreme 50 ml jetzt online kaufen","og_description":"Kaufen Sie Sens-Age MD G-Activator N\u00e4hrende Gesichtscreme 50 ml online, um die Haut mit fortschrittlichen Anti-Aging-Wirkstoffen mit Feuchtigkeit zu versorgen, zu regenerieren und zu sch\u00fctzen.","og_url":"https:\/\/kinamihealth.com\/de\/product\/mediderma-sens-age-md-amc-activator\/","og_site_name":"Kinami Health","article_modified_time":"2025-09-16T12:27:23+00:00","og_image":[{"width":800,"height":800,"url":"https:\/\/kinamihealth.com\/wp-content\/uploads\/2025\/02\/MEDIDERMA-SENS-AGE-MD-G-ACTIVATOR-NOURISHING-FACIAL-CREAM-01.jpg","type":"image\/jpeg"}],"twitter_card":"summary_large_image","twitter_misc":{"Gesch\u00e4tzte Lesezeit":"1\u00a0Minute"},"schema":{"@context":"https:\/\/schema.org","@graph":[{"@type":"WebPage","@id":"https:\/\/kinamihealth.com\/de\/product\/mediderma-sens-age-md-amc-activator\/","url":"https:\/\/kinamihealth.com\/de\/product\/mediderma-sens-age-md-amc-activator\/","name":"Sens-Age MD G-Activator N\u00e4hrende Gesichtscreme 50 ml jetzt online kaufen","isPartOf":{"@id":"https:\/\/kinamihealth.com\/#website"},"primaryImageOfPage":{"@id":"https:\/\/kinamihealth.com\/de\/product\/mediderma-sens-age-md-amc-activator\/#primaryimage"},"image":{"@id":"https:\/\/kinamihealth.com\/de\/product\/mediderma-sens-age-md-amc-activator\/#primaryimage"},"thumbnailUrl":"https:\/\/kinamihealth.com\/wp-content\/uploads\/2025\/02\/MEDIDERMA-SENS-AGE-MD-G-ACTIVATOR-NOURISHING-FACIAL-CREAM-01.jpg","datePublished":"2025-09-16T12:20:12+00:00","dateModified":"2025-09-16T12:27:23+00:00","description":"Kaufen Sie Sens-Age MD G-Activator N\u00e4hrende Gesichtscreme 50 ml online, um die Haut mit fortschrittlichen Anti-Aging-Wirkstoffen mit Feuchtigkeit zu versorgen, zu regenerieren und zu sch\u00fctzen.","breadcrumb":{"@id":"https:\/\/kinamihealth.com\/de\/product\/mediderma-sens-age-md-amc-activator\/#breadcrumb"},"inLanguage":"de","potentialAction":[{"@type":"ReadAction","target":["https:\/\/kinamihealth.com\/de\/product\/mediderma-sens-age-md-amc-activator\/"]}]},{"@type":"ImageObject","inLanguage":"de","@id":"https:\/\/kinamihealth.com\/de\/product\/mediderma-sens-age-md-amc-activator\/#primaryimage","url":"https:\/\/kinamihealth.com\/wp-content\/uploads\/2025\/02\/MEDIDERMA-SENS-AGE-MD-G-ACTIVATOR-NOURISHING-FACIAL-CREAM-01.jpg","contentUrl":"https:\/\/kinamihealth.com\/wp-content\/uploads\/2025\/02\/MEDIDERMA-SENS-AGE-MD-G-ACTIVATOR-NOURISHING-FACIAL-CREAM-01.jpg","width":800,"height":800},{"@type":"BreadcrumbList","@id":"https:\/\/kinamihealth.com\/de\/product\/mediderma-sens-age-md-amc-activator\/#breadcrumb","itemListElement":[{"@type":"ListItem","position":1,"name":"Startseite","item":"https:\/\/kinamihealth.com\/"},{"@type":"ListItem","position":2,"name":"Shop","item":"https:\/\/kinamihealth.com\/shop\/"},{"@type":"ListItem","position":3,"name":"SENS-AGE MD G-ACTIVATOR PFLEGENDE GESICHTSCREME 50ml"}]},{"@type":"WebSite","@id":"https:\/\/kinamihealth.com\/#website","url":"https:\/\/kinamihealth.com\/","name":"Kinami Health","description":"","publisher":{"@id":"https:\/\/kinamihealth.com\/#organization"},"potentialAction":[{"@type":"SearchAction","target":{"@type":"EntryPoint","urlTemplate":"https:\/\/kinamihealth.com\/?s={search_term_string}"},"query-input":{"@type":"PropertyValueSpecification","valueRequired":true,"valueName":"search_term_string"}}],"inLanguage":"de"},{"@type":"Organization","@id":"https:\/\/kinamihealth.com\/#organization","name":"Kinami Health","url":"https:\/\/kinamihealth.com\/","logo":{"@type":"ImageObject","inLanguage":"de","@id":"https:\/\/kinamihealth.com\/#\/schema\/logo\/image\/","url":"https:\/\/kinamihealth.com\/wp-content\/uploads\/2025\/01\/KH_logo_black_2-1.png","contentUrl":"https:\/\/kinamihealth.com\/wp-content\/uploads\/2025\/01\/KH_logo_black_2-1.png","width":339,"height":34,"caption":"Kinami Health"},"image":{"@id":"https:\/\/kinamihealth.com\/#\/schema\/logo\/image\/"}}]}},"_links":{"self":[{"href":"https:\/\/kinamihealth.com\/de\/wp-json\/wp\/v2\/product\/114350","targetHints":{"allow":["GET"]}}],"collection":[{"href":"https:\/\/kinamihealth.com\/de\/wp-json\/wp\/v2\/product"}],"about":[{"href":"https:\/\/kinamihealth.com\/de\/wp-json\/wp\/v2\/types\/product"}],"replies":[{"embeddable":true,"href":"https:\/\/kinamihealth.com\/de\/wp-json\/wp\/v2\/comments?post=114350"}],"version-history":[{"count":0,"href":"https:\/\/kinamihealth.com\/de\/wp-json\/wp\/v2\/product\/114350\/revisions"}],"wp:featuredmedia":[{"embeddable":true,"href":"https:\/\/kinamihealth.com\/de\/wp-json\/wp\/v2\/media\/101540"}],"wp:attachment":[{"href":"https:\/\/kinamihealth.com\/de\/wp-json\/wp\/v2\/media?parent=114350"}],"wp:term":[{"taxonomy":"product_brand","embeddable":true,"href":"https:\/\/kinamihealth.com\/de\/wp-json\/wp\/v2\/product_brand?post=114350"},{"taxonomy":"product_cat","embeddable":true,"href":"https:\/\/kinamihealth.com\/de\/wp-json\/wp\/v2\/product_cat?post=114350"},{"taxonomy":"product_tag","embeddable":true,"href":"https:\/\/kinamihealth.com\/de\/wp-json\/wp\/v2\/product_tag?post=114350"}],"curies":[{"name":"wp","href":"https:\/\/api.w.org\/{rel}","templated":true}]}}