{"id":114342,"date":"2025-09-16T11:54:40","date_gmt":"2025-09-16T11:54:40","guid":{"rendered":"https:\/\/kinamihealth.com\/?post_type=product&#038;p=114342"},"modified":"2025-10-21T13:38:46","modified_gmt":"2025-10-21T13:38:46","slug":"mediderma-salipeel-ds","status":"publish","type":"product","link":"https:\/\/kinamihealth.com\/de\/produkt\/mediderma-salipeel-ds\/","title":{"rendered":"MEDIDERMA\u00ae SALIPEEL DS"},"content":{"rendered":"<p><span style=\"font-weight: 400;\">MEDIDERMA\u00ae SALIPEEL DS ist ein <\/span><b>chemisches Peeling<\/b><span style=\"font-weight: 400;\"> mit <\/span><b>30 % Salicyls\u00e4ure<\/b><span style=\"font-weight: 400;\">, das speziell f\u00fcr die Behandlung von <\/span><b>zu Akne neigender<\/b><span style=\"font-weight: 400;\"> und <\/span><b>fettiger Haut<\/b><span style=\"font-weight: 400;\"> entwickelt wurde. Es ist eine hochwirksame L\u00f6sung zur Exfoliation der Haut und zur Reduzierung von Akne-Symptomen wie Papeln, Pusteln und Komedonen. Das Peeling verbessert au\u00dferdem die Hautstruktur, indem es die Poren reinigt und tiefenwirksam Feuchtigkeit spendet. Dank seiner mit <\/span><b>Macrogol <\/b><span style=\"font-weight: 400;\">angereicherten, besonders sanften Formulierung, eignet es sich f\u00fcr alle Hauttypen, einschlie\u00dflich empfindlicher und dunkler Haut. Salipeel DS ist ideal f\u00fcr Personen mit <\/span><b>hyperkeratolytischen Erkrankungen<\/b><span style=\"font-weight: 400;\"> und Personen mit h\u00f6heren Phototypen.<\/span><\/p>\n","protected":false},"excerpt":{"rendered":"<p>MEDIDERMA\u00ae SALIPEEL DS ist ein chemisches Peeling mit 30 % Salicyls\u00e4ure, das speziell f\u00fcr die Behandlung von zu Akne neigender und fettiger Haut entwickelt wurde. Es ist eine hochwirksame L\u00f6sung zur Exfoliation der Haut und zur Reduzierung von Akne-Symptomen wie Papeln, Pusteln und Komedonen. Das Peeling verbessert au\u00dferdem die Hautstruktur, indem es die Poren reinigt [&hellip;]<\/p>\n","protected":false},"featured_media":101508,"comment_status":"closed","ping_status":"closed","template":"","meta":{"_acf_changed":false,"inline_featured_image":false},"product_brand":[2161],"product_cat":[2025],"product_tag":[2144],"class_list":{"0":"post-114342","1":"product","2":"type-product","3":"status-publish","4":"has-post-thumbnail","6":"product_brand-mediderma-de","7":"product_cat-chemische-peelings","8":"product_tag-medical-devices-de","10":"first","11":"instock","12":"taxable","13":"shipping-taxable","14":"purchasable","15":"product-type-simple","16":"add-to-wishlist-before_image"},"acf":[],"yoast_head":"<!-- This site is optimized with the Yoast SEO plugin v27.5 - https:\/\/yoast.com\/product\/yoast-seo-wordpress\/ -->\n<title>MEDIDERMA\u00ae SALIPEEL DS online bei Kinami Health kaufen<\/title>\n<meta name=\"description\" content=\"Salipeel DS 60 ml online kaufen \u2013 ein leistungsstarkes chemisches Peeling mit 30 % Salicyls\u00e4ure zur Behandlung von Akne, zur Reduzierung von Hautunreinheiten und zur Verbesserung des Hautbildes, geeignet f\u00fcr alle Hauttypen, auch f\u00fcr empfindliche Haut.\" \/>\n<meta name=\"robots\" content=\"index, follow, max-snippet:-1, max-image-preview:large, max-video-preview:-1\" \/>\n<link rel=\"canonical\" href=\"https:\/\/kinamihealth.com\/de\/wp-json\/wp\/v2\/product\/114342\" \/>\n<meta property=\"og:locale\" content=\"de_DE\" \/>\n<meta property=\"og:type\" content=\"article\" \/>\n<meta property=\"og:title\" content=\"MEDIDERMA\u00ae SALIPEEL DS online bei Kinami Health kaufen\" \/>\n<meta property=\"og:description\" content=\"Salipeel DS 60 ml online kaufen \u2013 ein leistungsstarkes chemisches Peeling mit 30 % Salicyls\u00e4ure zur Behandlung von Akne, zur Reduzierung von Hautunreinheiten und zur Verbesserung des Hautbildes, geeignet f\u00fcr alle Hauttypen, auch f\u00fcr empfindliche Haut.\" \/>\n<meta property=\"og:url\" content=\"https:\/\/kinamihealth.com\/de\/produkt\/mediderma-salipeel-ds\/\" \/>\n<meta property=\"og:site_name\" content=\"Kinami Health\" \/>\n<meta property=\"article:modified_time\" content=\"2025-10-21T13:38:46+00:00\" \/>\n<meta property=\"og:image\" content=\"https:\/\/kinamihealth.com\/wp-content\/uploads\/2025\/02\/MEDIDERMA-SALIPEEL-DS-01.jpg\" \/>\n\t<meta property=\"og:image:width\" content=\"800\" \/>\n\t<meta property=\"og:image:height\" content=\"800\" \/>\n\t<meta property=\"og:image:type\" content=\"image\/jpeg\" \/>\n<meta name=\"twitter:card\" content=\"summary_large_image\" \/>\n<meta name=\"twitter:label1\" content=\"Gesch\u00e4tzte Lesezeit\" \/>\n\t<meta name=\"twitter:data1\" content=\"1\u00a0Minute\" \/>\n<!-- \/ Yoast SEO plugin. -->","yoast_head_json":{"title":"MEDIDERMA\u00ae SALIPEEL DS online bei Kinami Health kaufen","description":"Salipeel DS 60 ml online kaufen \u2013 ein leistungsstarkes chemisches Peeling mit 30 % Salicyls\u00e4ure zur Behandlung von Akne, zur Reduzierung von Hautunreinheiten und zur Verbesserung des Hautbildes, geeignet f\u00fcr alle Hauttypen, auch f\u00fcr empfindliche Haut.","robots":{"index":"index","follow":"follow","max-snippet":"max-snippet:-1","max-image-preview":"max-image-preview:large","max-video-preview":"max-video-preview:-1"},"canonical":"https:\/\/kinamihealth.com\/de\/wp-json\/wp\/v2\/product\/114342","og_locale":"de_DE","og_type":"article","og_title":"MEDIDERMA\u00ae SALIPEEL DS online bei Kinami Health kaufen","og_description":"Salipeel DS 60 ml online kaufen \u2013 ein leistungsstarkes chemisches Peeling mit 30 % Salicyls\u00e4ure zur Behandlung von Akne, zur Reduzierung von Hautunreinheiten und zur Verbesserung des Hautbildes, geeignet f\u00fcr alle Hauttypen, auch f\u00fcr empfindliche Haut.","og_url":"https:\/\/kinamihealth.com\/de\/produkt\/mediderma-salipeel-ds\/","og_site_name":"Kinami Health","article_modified_time":"2025-10-21T13:38:46+00:00","og_image":[{"width":800,"height":800,"url":"https:\/\/kinamihealth.com\/wp-content\/uploads\/2025\/02\/MEDIDERMA-SALIPEEL-DS-01.jpg","type":"image\/jpeg"}],"twitter_card":"summary_large_image","twitter_misc":{"Gesch\u00e4tzte Lesezeit":"1\u00a0Minute"},"schema":{"@context":"https:\/\/schema.org","@graph":[{"@type":"WebPage","@id":"https:\/\/kinamihealth.com\/de\/produkt\/mediderma-salipeel-ds\/","url":"https:\/\/kinamihealth.com\/de\/produkt\/mediderma-salipeel-ds\/","name":"MEDIDERMA\u00ae SALIPEEL DS online bei Kinami Health kaufen","isPartOf":{"@id":"https:\/\/kinamihealth.com\/#website"},"primaryImageOfPage":{"@id":"https:\/\/kinamihealth.com\/de\/produkt\/mediderma-salipeel-ds\/#primaryimage"},"image":{"@id":"https:\/\/kinamihealth.com\/de\/produkt\/mediderma-salipeel-ds\/#primaryimage"},"thumbnailUrl":"https:\/\/kinamihealth.com\/wp-content\/uploads\/2025\/02\/MEDIDERMA-SALIPEEL-DS-01.jpg","datePublished":"2025-09-16T11:54:40+00:00","dateModified":"2025-10-21T13:38:46+00:00","description":"Salipeel DS 60 ml online kaufen \u2013 ein leistungsstarkes chemisches Peeling mit 30 % Salicyls\u00e4ure zur Behandlung von Akne, zur Reduzierung von Hautunreinheiten und zur Verbesserung des Hautbildes, geeignet f\u00fcr alle Hauttypen, auch f\u00fcr empfindliche Haut.","breadcrumb":{"@id":"https:\/\/kinamihealth.com\/de\/produkt\/mediderma-salipeel-ds\/#breadcrumb"},"inLanguage":"de","potentialAction":[{"@type":"ReadAction","target":["https:\/\/kinamihealth.com\/de\/produkt\/mediderma-salipeel-ds\/"]}]},{"@type":"ImageObject","inLanguage":"de","@id":"https:\/\/kinamihealth.com\/de\/produkt\/mediderma-salipeel-ds\/#primaryimage","url":"https:\/\/kinamihealth.com\/wp-content\/uploads\/2025\/02\/MEDIDERMA-SALIPEEL-DS-01.jpg","contentUrl":"https:\/\/kinamihealth.com\/wp-content\/uploads\/2025\/02\/MEDIDERMA-SALIPEEL-DS-01.jpg","width":800,"height":800},{"@type":"BreadcrumbList","@id":"https:\/\/kinamihealth.com\/de\/produkt\/mediderma-salipeel-ds\/#breadcrumb","itemListElement":[{"@type":"ListItem","position":1,"name":"Startseite","item":"https:\/\/kinamihealth.com\/"},{"@type":"ListItem","position":2,"name":"Shop","item":"https:\/\/kinamihealth.com\/shop\/"},{"@type":"ListItem","position":3,"name":"MEDIDERMA\u00ae SALIPEEL DS"}]},{"@type":"WebSite","@id":"https:\/\/kinamihealth.com\/#website","url":"https:\/\/kinamihealth.com\/","name":"Kinami Health","description":"","publisher":{"@id":"https:\/\/kinamihealth.com\/#organization"},"potentialAction":[{"@type":"SearchAction","target":{"@type":"EntryPoint","urlTemplate":"https:\/\/kinamihealth.com\/?s={search_term_string}"},"query-input":{"@type":"PropertyValueSpecification","valueRequired":true,"valueName":"search_term_string"}}],"inLanguage":"de"},{"@type":"Organization","@id":"https:\/\/kinamihealth.com\/#organization","name":"Kinami Health","url":"https:\/\/kinamihealth.com\/","logo":{"@type":"ImageObject","inLanguage":"de","@id":"https:\/\/kinamihealth.com\/#\/schema\/logo\/image\/","url":"https:\/\/kinamihealth.com\/wp-content\/uploads\/2025\/01\/KH_logo_black_2-1.png","contentUrl":"https:\/\/kinamihealth.com\/wp-content\/uploads\/2025\/01\/KH_logo_black_2-1.png","width":339,"height":34,"caption":"Kinami Health"},"image":{"@id":"https:\/\/kinamihealth.com\/#\/schema\/logo\/image\/"}}]}},"_links":{"self":[{"href":"https:\/\/kinamihealth.com\/de\/wp-json\/wp\/v2\/product\/114342","targetHints":{"allow":["GET"]}}],"collection":[{"href":"https:\/\/kinamihealth.com\/de\/wp-json\/wp\/v2\/product"}],"about":[{"href":"https:\/\/kinamihealth.com\/de\/wp-json\/wp\/v2\/types\/product"}],"replies":[{"embeddable":true,"href":"https:\/\/kinamihealth.com\/de\/wp-json\/wp\/v2\/comments?post=114342"}],"version-history":[{"count":0,"href":"https:\/\/kinamihealth.com\/de\/wp-json\/wp\/v2\/product\/114342\/revisions"}],"wp:featuredmedia":[{"embeddable":true,"href":"https:\/\/kinamihealth.com\/de\/wp-json\/wp\/v2\/media\/101508"}],"wp:attachment":[{"href":"https:\/\/kinamihealth.com\/de\/wp-json\/wp\/v2\/media?parent=114342"}],"wp:term":[{"taxonomy":"product_brand","embeddable":true,"href":"https:\/\/kinamihealth.com\/de\/wp-json\/wp\/v2\/product_brand?post=114342"},{"taxonomy":"product_cat","embeddable":true,"href":"https:\/\/kinamihealth.com\/de\/wp-json\/wp\/v2\/product_cat?post=114342"},{"taxonomy":"product_tag","embeddable":true,"href":"https:\/\/kinamihealth.com\/de\/wp-json\/wp\/v2\/product_tag?post=114342"}],"curies":[{"name":"wp","href":"https:\/\/api.w.org\/{rel}","templated":true}]}}