{"id":114224,"date":"2025-09-16T10:39:07","date_gmt":"2025-09-16T10:39:07","guid":{"rendered":"https:\/\/kinamihealth.com\/?post_type=product&#038;p=114224"},"modified":"2025-10-21T13:50:29","modified_gmt":"2025-10-21T13:50:29","slug":"revanesse-kiss-with-lidocaine","status":"publish","type":"product","link":"https:\/\/kinamihealth.com\/de\/produkt\/revanesse-kiss-with-lidocaine\/","title":{"rendered":"REVANESSE\u00ae KISS\u2122 mit Lidocain"},"content":{"rendered":"<p><span style=\"font-weight: 400;\">REVANESSE\u00ae KISS\u2122 mit Lidocain ist ein <\/span><b><i>hochwertiger Filler<\/i><\/b><span style=\"font-weight: 400;\">, der f\u00fcr die <\/span><b>Lippenvergr\u00f6\u00dferung<\/b><span style=\"font-weight: 400;\"> entwickelt wurde. Er besteht aus <\/span><b>vernetzter Hyalurons\u00e4ure (HA)<\/b><span style=\"font-weight: 400;\"> und enth\u00e4lt <\/span><b>Lidocain<\/b><span style=\"font-weight: 400;\"> f\u00fcr eine angenehmere Injektion. Dieser <\/span><b>hochwertige Filler <\/b><span style=\"font-weight: 400;\">wurde entwickelt, um <\/span><b>nat\u00fcrlich wirkendes Volumen<\/b><span style=\"font-weight: 400;\"> zu schaffen, feine Linien um die Lippen zu gl\u00e4tten und die Lippenkontur zu verbessern.<\/span><\/p>\n","protected":false},"excerpt":{"rendered":"<p>REVANESSE\u00ae KISS\u2122 mit Lidocain ist ein hochwertiger Filler, der f\u00fcr die Lippenvergr\u00f6\u00dferung entwickelt wurde. Er besteht aus vernetzter Hyalurons\u00e4ure (HA) und enth\u00e4lt Lidocain f\u00fcr eine angenehmere Injektion. Dieser hochwertige Filler wurde entwickelt, um nat\u00fcrlich wirkendes Volumen zu schaffen, feine Linien um die Lippen zu gl\u00e4tten und die Lippenkontur zu verbessern.<\/p>\n","protected":false},"featured_media":101430,"comment_status":"closed","ping_status":"closed","template":"","meta":{"_acf_changed":false,"inline_featured_image":false},"product_brand":[2821],"product_cat":[2023],"product_tag":[2144],"class_list":{"0":"post-114224","1":"product","2":"type-product","3":"status-publish","4":"has-post-thumbnail","6":"product_brand-revanesse","7":"product_cat-filler","8":"product_tag-medical-devices-de","10":"first","11":"instock","12":"taxable","13":"shipping-taxable","14":"purchasable","15":"product-type-simple","16":"add-to-wishlist-before_image"},"acf":[],"yoast_head":"<!-- This site is optimized with the Yoast SEO plugin v27.5 - https:\/\/yoast.com\/product\/yoast-seo-wordpress\/ -->\n<title>REVANESSE\u00ae KISS\u2122 mit Lidocain online kaufen: Sichere Lippenvergr\u00f6\u00dferung<\/title>\n<meta name=\"description\" content=\"Kaufen Sie Revanesse Kiss mit Lidocain online, um Ihr Lippenvolumen mit diesem hochwertigen Hyalurons\u00e4ure-Filler zu vergr\u00f6\u00dfern. Bestellen Sie bei Kinami Health zu einem g\u00fcnstigen Preis!\" \/>\n<meta name=\"robots\" content=\"index, follow, max-snippet:-1, max-image-preview:large, max-video-preview:-1\" \/>\n<link rel=\"canonical\" href=\"https:\/\/kinamihealth.com\/de\/wp-json\/wp\/v2\/product\/114224\" \/>\n<meta property=\"og:locale\" content=\"de_DE\" \/>\n<meta property=\"og:type\" content=\"article\" \/>\n<meta property=\"og:title\" content=\"REVANESSE\u00ae KISS\u2122 mit Lidocain online kaufen: Sichere Lippenvergr\u00f6\u00dferung\" \/>\n<meta property=\"og:description\" content=\"Kaufen Sie Revanesse Kiss mit Lidocain online, um Ihr Lippenvolumen mit diesem hochwertigen Hyalurons\u00e4ure-Filler zu vergr\u00f6\u00dfern. Bestellen Sie bei Kinami Health zu einem g\u00fcnstigen Preis!\" \/>\n<meta property=\"og:url\" content=\"https:\/\/kinamihealth.com\/de\/produkt\/revanesse-kiss-with-lidocaine\/\" \/>\n<meta property=\"og:site_name\" content=\"Kinami Health\" \/>\n<meta property=\"article:modified_time\" content=\"2025-10-21T13:50:29+00:00\" \/>\n<meta property=\"og:image\" content=\"https:\/\/kinamihealth.com\/wp-content\/uploads\/2025\/02\/REVANESSE-KISS-LIDO-01.jpg\" \/>\n\t<meta property=\"og:image:width\" content=\"800\" \/>\n\t<meta property=\"og:image:height\" content=\"800\" \/>\n\t<meta property=\"og:image:type\" content=\"image\/jpeg\" \/>\n<meta name=\"twitter:card\" content=\"summary_large_image\" \/>\n<meta name=\"twitter:label1\" content=\"Gesch\u00e4tzte Lesezeit\" \/>\n\t<meta name=\"twitter:data1\" content=\"1\u00a0Minute\" \/>\n<!-- \/ Yoast SEO plugin. -->","yoast_head_json":{"title":"REVANESSE\u00ae KISS\u2122 mit Lidocain online kaufen: Sichere Lippenvergr\u00f6\u00dferung","description":"Kaufen Sie Revanesse Kiss mit Lidocain online, um Ihr Lippenvolumen mit diesem hochwertigen Hyalurons\u00e4ure-Filler zu vergr\u00f6\u00dfern. Bestellen Sie bei Kinami Health zu einem g\u00fcnstigen Preis!","robots":{"index":"index","follow":"follow","max-snippet":"max-snippet:-1","max-image-preview":"max-image-preview:large","max-video-preview":"max-video-preview:-1"},"canonical":"https:\/\/kinamihealth.com\/de\/wp-json\/wp\/v2\/product\/114224","og_locale":"de_DE","og_type":"article","og_title":"REVANESSE\u00ae KISS\u2122 mit Lidocain online kaufen: Sichere Lippenvergr\u00f6\u00dferung","og_description":"Kaufen Sie Revanesse Kiss mit Lidocain online, um Ihr Lippenvolumen mit diesem hochwertigen Hyalurons\u00e4ure-Filler zu vergr\u00f6\u00dfern. Bestellen Sie bei Kinami Health zu einem g\u00fcnstigen Preis!","og_url":"https:\/\/kinamihealth.com\/de\/produkt\/revanesse-kiss-with-lidocaine\/","og_site_name":"Kinami Health","article_modified_time":"2025-10-21T13:50:29+00:00","og_image":[{"width":800,"height":800,"url":"https:\/\/kinamihealth.com\/wp-content\/uploads\/2025\/02\/REVANESSE-KISS-LIDO-01.jpg","type":"image\/jpeg"}],"twitter_card":"summary_large_image","twitter_misc":{"Gesch\u00e4tzte Lesezeit":"1\u00a0Minute"},"schema":{"@context":"https:\/\/schema.org","@graph":[{"@type":"WebPage","@id":"https:\/\/kinamihealth.com\/de\/produkt\/revanesse-kiss-with-lidocaine\/","url":"https:\/\/kinamihealth.com\/de\/produkt\/revanesse-kiss-with-lidocaine\/","name":"REVANESSE\u00ae KISS\u2122 mit Lidocain online kaufen: Sichere Lippenvergr\u00f6\u00dferung","isPartOf":{"@id":"https:\/\/kinamihealth.com\/#website"},"primaryImageOfPage":{"@id":"https:\/\/kinamihealth.com\/de\/produkt\/revanesse-kiss-with-lidocaine\/#primaryimage"},"image":{"@id":"https:\/\/kinamihealth.com\/de\/produkt\/revanesse-kiss-with-lidocaine\/#primaryimage"},"thumbnailUrl":"https:\/\/kinamihealth.com\/wp-content\/uploads\/2025\/02\/REVANESSE-KISS-LIDO-01.jpg","datePublished":"2025-09-16T10:39:07+00:00","dateModified":"2025-10-21T13:50:29+00:00","description":"Kaufen Sie Revanesse Kiss mit Lidocain online, um Ihr Lippenvolumen mit diesem hochwertigen Hyalurons\u00e4ure-Filler zu vergr\u00f6\u00dfern. Bestellen Sie bei Kinami Health zu einem g\u00fcnstigen Preis!","breadcrumb":{"@id":"https:\/\/kinamihealth.com\/de\/produkt\/revanesse-kiss-with-lidocaine\/#breadcrumb"},"inLanguage":"de","potentialAction":[{"@type":"ReadAction","target":["https:\/\/kinamihealth.com\/de\/produkt\/revanesse-kiss-with-lidocaine\/"]}]},{"@type":"ImageObject","inLanguage":"de","@id":"https:\/\/kinamihealth.com\/de\/produkt\/revanesse-kiss-with-lidocaine\/#primaryimage","url":"https:\/\/kinamihealth.com\/wp-content\/uploads\/2025\/02\/REVANESSE-KISS-LIDO-01.jpg","contentUrl":"https:\/\/kinamihealth.com\/wp-content\/uploads\/2025\/02\/REVANESSE-KISS-LIDO-01.jpg","width":800,"height":800},{"@type":"BreadcrumbList","@id":"https:\/\/kinamihealth.com\/de\/produkt\/revanesse-kiss-with-lidocaine\/#breadcrumb","itemListElement":[{"@type":"ListItem","position":1,"name":"Startseite","item":"https:\/\/kinamihealth.com\/"},{"@type":"ListItem","position":2,"name":"Shop","item":"https:\/\/kinamihealth.com\/shop\/"},{"@type":"ListItem","position":3,"name":"REVANESSE\u00ae KISS\u2122 mit Lidocain"}]},{"@type":"WebSite","@id":"https:\/\/kinamihealth.com\/#website","url":"https:\/\/kinamihealth.com\/","name":"Kinami Health","description":"","publisher":{"@id":"https:\/\/kinamihealth.com\/#organization"},"potentialAction":[{"@type":"SearchAction","target":{"@type":"EntryPoint","urlTemplate":"https:\/\/kinamihealth.com\/?s={search_term_string}"},"query-input":{"@type":"PropertyValueSpecification","valueRequired":true,"valueName":"search_term_string"}}],"inLanguage":"de"},{"@type":"Organization","@id":"https:\/\/kinamihealth.com\/#organization","name":"Kinami Health","url":"https:\/\/kinamihealth.com\/","logo":{"@type":"ImageObject","inLanguage":"de","@id":"https:\/\/kinamihealth.com\/#\/schema\/logo\/image\/","url":"https:\/\/kinamihealth.com\/wp-content\/uploads\/2025\/01\/KH_logo_black_2-1.png","contentUrl":"https:\/\/kinamihealth.com\/wp-content\/uploads\/2025\/01\/KH_logo_black_2-1.png","width":339,"height":34,"caption":"Kinami Health"},"image":{"@id":"https:\/\/kinamihealth.com\/#\/schema\/logo\/image\/"}}]}},"_links":{"self":[{"href":"https:\/\/kinamihealth.com\/de\/wp-json\/wp\/v2\/product\/114224","targetHints":{"allow":["GET"]}}],"collection":[{"href":"https:\/\/kinamihealth.com\/de\/wp-json\/wp\/v2\/product"}],"about":[{"href":"https:\/\/kinamihealth.com\/de\/wp-json\/wp\/v2\/types\/product"}],"replies":[{"embeddable":true,"href":"https:\/\/kinamihealth.com\/de\/wp-json\/wp\/v2\/comments?post=114224"}],"version-history":[{"count":0,"href":"https:\/\/kinamihealth.com\/de\/wp-json\/wp\/v2\/product\/114224\/revisions"}],"wp:featuredmedia":[{"embeddable":true,"href":"https:\/\/kinamihealth.com\/de\/wp-json\/wp\/v2\/media\/101430"}],"wp:attachment":[{"href":"https:\/\/kinamihealth.com\/de\/wp-json\/wp\/v2\/media?parent=114224"}],"wp:term":[{"taxonomy":"product_brand","embeddable":true,"href":"https:\/\/kinamihealth.com\/de\/wp-json\/wp\/v2\/product_brand?post=114224"},{"taxonomy":"product_cat","embeddable":true,"href":"https:\/\/kinamihealth.com\/de\/wp-json\/wp\/v2\/product_cat?post=114224"},{"taxonomy":"product_tag","embeddable":true,"href":"https:\/\/kinamihealth.com\/de\/wp-json\/wp\/v2\/product_tag?post=114224"}],"curies":[{"name":"wp","href":"https:\/\/api.w.org\/{rel}","templated":true}]}}