{"id":114222,"date":"2025-09-16T10:20:56","date_gmt":"2025-09-16T10:20:56","guid":{"rendered":"https:\/\/kinamihealth.com\/?post_type=product&#038;p=114222"},"modified":"2025-10-21T13:49:59","modified_gmt":"2025-10-21T13:49:59","slug":"mediderma-retises-nanopeel-1-gel","status":"publish","type":"product","link":"https:\/\/kinamihealth.com\/de\/produkt\/mediderma-retises-nanopeel-1-gel\/","title":{"rendered":"MEDIDERMA\u00ae RETISES NANOPEEL 1% GEL"},"content":{"rendered":"<p><span style=\"font-weight: 400;\">MEDIDERMA\u00ae RETISES NANOPEEL 1% GEL ist ein <\/span><b>hochwirksames chemisches Peeling<\/b><span style=\"font-weight: 400;\">, das die Zellerneuerung f\u00f6rdert und das<\/span><b> Hautbild sichtbar verbessert<\/b><span style=\"font-weight: 400;\">. Dank <\/span><b>liposomal verkapseltem Retinol <\/b><span style=\"font-weight: 400;\">dringt es <\/span><b>tief in die Haut ein <\/b><span style=\"font-weight: 400;\">und erm\u00f6glicht eine gezielte Abschuppung mit regenerierender Wirkung. In der \u00e4<\/span><b>sthetischen Medizin und Dermatologie <\/b><span style=\"font-weight: 400;\">wird es insbesondere zur Behandlung von Alterserscheinungen, Pigmentst\u00f6rungen und ungleichm\u00e4\u00dfigem Teint eingesetzt.<\/span><\/p>\n","protected":false},"excerpt":{"rendered":"<p>MEDIDERMA\u00ae RETISES NANOPEEL 1% GEL ist ein hochwirksames chemisches Peeling, das die Zellerneuerung f\u00f6rdert und das Hautbild sichtbar verbessert. Dank liposomal verkapseltem Retinol dringt es tief in die Haut ein und erm\u00f6glicht eine gezielte Abschuppung mit regenerierender Wirkung. In der \u00e4sthetischen Medizin und Dermatologie wird es insbesondere zur Behandlung von Alterserscheinungen, Pigmentst\u00f6rungen und ungleichm\u00e4\u00dfigem Teint [&hellip;]<\/p>\n","protected":false},"featured_media":101420,"comment_status":"closed","ping_status":"closed","template":"","meta":{"_acf_changed":false,"inline_featured_image":false},"product_brand":[2161],"product_cat":[2025],"product_tag":[2144],"class_list":{"0":"post-114222","1":"product","2":"type-product","3":"status-publish","4":"has-post-thumbnail","6":"product_brand-mediderma-de","7":"product_cat-chemische-peelings","8":"product_tag-medical-devices-de","10":"first","11":"instock","12":"taxable","13":"shipping-taxable","14":"purchasable","15":"product-type-simple","16":"add-to-wishlist-before_image"},"acf":[],"yoast_head":"<!-- This site is optimized with the Yoast SEO plugin v27.5 - https:\/\/yoast.com\/product\/yoast-seo-wordpress\/ -->\n<title>MEDIDERMA\u00ae RETISES NANOPEEL 1% GEL online kaufen: Hochwertiges Peeling f\u00fcr Profis<\/title>\n<meta name=\"description\" content=\"Kaufen Sie Retises Nanopeel 1 % Gel online f\u00fcr eine professionelle Hautverj\u00fcngung, die gegen feine Linien, Hyperpigmentierung und Aknenarben wirkt. Bestellen Sie noch heute.\" \/>\n<meta name=\"robots\" content=\"index, follow, max-snippet:-1, max-image-preview:large, max-video-preview:-1\" \/>\n<link rel=\"canonical\" href=\"https:\/\/kinamihealth.com\/de\/wp-json\/wp\/v2\/product\/114222\" \/>\n<meta property=\"og:locale\" content=\"de_DE\" \/>\n<meta property=\"og:type\" content=\"article\" \/>\n<meta property=\"og:title\" content=\"MEDIDERMA\u00ae RETISES NANOPEEL 1% GEL online kaufen: Hochwertiges Peeling f\u00fcr Profis\" \/>\n<meta property=\"og:description\" content=\"Kaufen Sie Retises Nanopeel 1 % Gel online f\u00fcr eine professionelle Hautverj\u00fcngung, die gegen feine Linien, Hyperpigmentierung und Aknenarben wirkt. Bestellen Sie noch heute.\" \/>\n<meta property=\"og:url\" content=\"https:\/\/kinamihealth.com\/de\/produkt\/mediderma-retises-nanopeel-1-gel\/\" \/>\n<meta property=\"og:site_name\" content=\"Kinami Health\" \/>\n<meta property=\"article:modified_time\" content=\"2025-10-21T13:49:59+00:00\" \/>\n<meta property=\"og:image\" content=\"https:\/\/kinamihealth.com\/wp-content\/uploads\/2025\/02\/MEDIDERMA-RETISES-NANOPEEL-1-GEL-01.jpg\" \/>\n\t<meta property=\"og:image:width\" content=\"800\" \/>\n\t<meta property=\"og:image:height\" content=\"800\" \/>\n\t<meta property=\"og:image:type\" content=\"image\/jpeg\" \/>\n<meta name=\"twitter:card\" content=\"summary_large_image\" \/>\n<meta name=\"twitter:label1\" content=\"Gesch\u00e4tzte Lesezeit\" \/>\n\t<meta name=\"twitter:data1\" content=\"1\u00a0Minute\" \/>\n<!-- \/ Yoast SEO plugin. -->","yoast_head_json":{"title":"MEDIDERMA\u00ae RETISES NANOPEEL 1% GEL online kaufen: Hochwertiges Peeling f\u00fcr Profis","description":"Kaufen Sie Retises Nanopeel 1 % Gel online f\u00fcr eine professionelle Hautverj\u00fcngung, die gegen feine Linien, Hyperpigmentierung und Aknenarben wirkt. Bestellen Sie noch heute.","robots":{"index":"index","follow":"follow","max-snippet":"max-snippet:-1","max-image-preview":"max-image-preview:large","max-video-preview":"max-video-preview:-1"},"canonical":"https:\/\/kinamihealth.com\/de\/wp-json\/wp\/v2\/product\/114222","og_locale":"de_DE","og_type":"article","og_title":"MEDIDERMA\u00ae RETISES NANOPEEL 1% GEL online kaufen: Hochwertiges Peeling f\u00fcr Profis","og_description":"Kaufen Sie Retises Nanopeel 1 % Gel online f\u00fcr eine professionelle Hautverj\u00fcngung, die gegen feine Linien, Hyperpigmentierung und Aknenarben wirkt. Bestellen Sie noch heute.","og_url":"https:\/\/kinamihealth.com\/de\/produkt\/mediderma-retises-nanopeel-1-gel\/","og_site_name":"Kinami Health","article_modified_time":"2025-10-21T13:49:59+00:00","og_image":[{"width":800,"height":800,"url":"https:\/\/kinamihealth.com\/wp-content\/uploads\/2025\/02\/MEDIDERMA-RETISES-NANOPEEL-1-GEL-01.jpg","type":"image\/jpeg"}],"twitter_card":"summary_large_image","twitter_misc":{"Gesch\u00e4tzte Lesezeit":"1\u00a0Minute"},"schema":{"@context":"https:\/\/schema.org","@graph":[{"@type":"WebPage","@id":"https:\/\/kinamihealth.com\/de\/produkt\/mediderma-retises-nanopeel-1-gel\/","url":"https:\/\/kinamihealth.com\/de\/produkt\/mediderma-retises-nanopeel-1-gel\/","name":"MEDIDERMA\u00ae RETISES NANOPEEL 1% GEL online kaufen: Hochwertiges Peeling f\u00fcr Profis","isPartOf":{"@id":"https:\/\/kinamihealth.com\/#website"},"primaryImageOfPage":{"@id":"https:\/\/kinamihealth.com\/de\/produkt\/mediderma-retises-nanopeel-1-gel\/#primaryimage"},"image":{"@id":"https:\/\/kinamihealth.com\/de\/produkt\/mediderma-retises-nanopeel-1-gel\/#primaryimage"},"thumbnailUrl":"https:\/\/kinamihealth.com\/wp-content\/uploads\/2025\/02\/MEDIDERMA-RETISES-NANOPEEL-1-GEL-01.jpg","datePublished":"2025-09-16T10:20:56+00:00","dateModified":"2025-10-21T13:49:59+00:00","description":"Kaufen Sie Retises Nanopeel 1 % Gel online f\u00fcr eine professionelle Hautverj\u00fcngung, die gegen feine Linien, Hyperpigmentierung und Aknenarben wirkt. Bestellen Sie noch heute.","breadcrumb":{"@id":"https:\/\/kinamihealth.com\/de\/produkt\/mediderma-retises-nanopeel-1-gel\/#breadcrumb"},"inLanguage":"de","potentialAction":[{"@type":"ReadAction","target":["https:\/\/kinamihealth.com\/de\/produkt\/mediderma-retises-nanopeel-1-gel\/"]}]},{"@type":"ImageObject","inLanguage":"de","@id":"https:\/\/kinamihealth.com\/de\/produkt\/mediderma-retises-nanopeel-1-gel\/#primaryimage","url":"https:\/\/kinamihealth.com\/wp-content\/uploads\/2025\/02\/MEDIDERMA-RETISES-NANOPEEL-1-GEL-01.jpg","contentUrl":"https:\/\/kinamihealth.com\/wp-content\/uploads\/2025\/02\/MEDIDERMA-RETISES-NANOPEEL-1-GEL-01.jpg","width":800,"height":800},{"@type":"BreadcrumbList","@id":"https:\/\/kinamihealth.com\/de\/produkt\/mediderma-retises-nanopeel-1-gel\/#breadcrumb","itemListElement":[{"@type":"ListItem","position":1,"name":"Startseite","item":"https:\/\/kinamihealth.com\/"},{"@type":"ListItem","position":2,"name":"Shop","item":"https:\/\/kinamihealth.com\/shop\/"},{"@type":"ListItem","position":3,"name":"MEDIDERMA\u00ae RETISES NANOPEEL 1% GEL"}]},{"@type":"WebSite","@id":"https:\/\/kinamihealth.com\/#website","url":"https:\/\/kinamihealth.com\/","name":"Kinami Health","description":"","publisher":{"@id":"https:\/\/kinamihealth.com\/#organization"},"potentialAction":[{"@type":"SearchAction","target":{"@type":"EntryPoint","urlTemplate":"https:\/\/kinamihealth.com\/?s={search_term_string}"},"query-input":{"@type":"PropertyValueSpecification","valueRequired":true,"valueName":"search_term_string"}}],"inLanguage":"de"},{"@type":"Organization","@id":"https:\/\/kinamihealth.com\/#organization","name":"Kinami Health","url":"https:\/\/kinamihealth.com\/","logo":{"@type":"ImageObject","inLanguage":"de","@id":"https:\/\/kinamihealth.com\/#\/schema\/logo\/image\/","url":"https:\/\/kinamihealth.com\/wp-content\/uploads\/2025\/01\/KH_logo_black_2-1.png","contentUrl":"https:\/\/kinamihealth.com\/wp-content\/uploads\/2025\/01\/KH_logo_black_2-1.png","width":339,"height":34,"caption":"Kinami Health"},"image":{"@id":"https:\/\/kinamihealth.com\/#\/schema\/logo\/image\/"}}]}},"_links":{"self":[{"href":"https:\/\/kinamihealth.com\/de\/wp-json\/wp\/v2\/product\/114222","targetHints":{"allow":["GET"]}}],"collection":[{"href":"https:\/\/kinamihealth.com\/de\/wp-json\/wp\/v2\/product"}],"about":[{"href":"https:\/\/kinamihealth.com\/de\/wp-json\/wp\/v2\/types\/product"}],"replies":[{"embeddable":true,"href":"https:\/\/kinamihealth.com\/de\/wp-json\/wp\/v2\/comments?post=114222"}],"version-history":[{"count":0,"href":"https:\/\/kinamihealth.com\/de\/wp-json\/wp\/v2\/product\/114222\/revisions"}],"wp:featuredmedia":[{"embeddable":true,"href":"https:\/\/kinamihealth.com\/de\/wp-json\/wp\/v2\/media\/101420"}],"wp:attachment":[{"href":"https:\/\/kinamihealth.com\/de\/wp-json\/wp\/v2\/media?parent=114222"}],"wp:term":[{"taxonomy":"product_brand","embeddable":true,"href":"https:\/\/kinamihealth.com\/de\/wp-json\/wp\/v2\/product_brand?post=114222"},{"taxonomy":"product_cat","embeddable":true,"href":"https:\/\/kinamihealth.com\/de\/wp-json\/wp\/v2\/product_cat?post=114222"},{"taxonomy":"product_tag","embeddable":true,"href":"https:\/\/kinamihealth.com\/de\/wp-json\/wp\/v2\/product_tag?post=114222"}],"curies":[{"name":"wp","href":"https:\/\/api.w.org\/{rel}","templated":true}]}}