{"id":114205,"date":"2025-09-16T09:08:39","date_gmt":"2025-09-16T09:08:39","guid":{"rendered":"https:\/\/kinamihealth.com\/?post_type=product&#038;p=114205"},"modified":"2025-09-16T09:09:13","modified_gmt":"2025-09-16T09:09:13","slug":"refine-ultra-soft","status":"publish","type":"product","link":"https:\/\/kinamihealth.com\/de\/produkt\/refine-ultra-soft\/","title":{"rendered":"REFINE + ULTRA SOFT"},"content":{"rendered":"<p><b>Bestellen Sie<\/b> <b>Refine+ Ultra Soft<\/b><span style=\"font-weight: 400;\">, den <\/span><b>innovativen Filler<\/b><span style=\"font-weight: 400;\"> auf Basis <\/span><b>vernetzter Hyalurons\u00e4ure<\/b><span style=\"font-weight: 400;\">, der das <\/span><b>Gesichtsvolumen wiederherstellt<\/b><span style=\"font-weight: 400;\"> und <\/span><b>feine Linien sowie F\u00e4ltchen korrigiert<\/b><span style=\"font-weight: 400;\">. Dieser hochwirksame <\/span><b>Hautbooster <\/b><span style=\"font-weight: 400;\">gew\u00e4hrleistet bei <\/span><b>Gesichts- und K\u00f6rperbehandlungen<\/b> <b>glatte, nat\u00fcrlich wirkende Ergebnisse<\/b><span style=\"font-weight: 400;\">. <\/span><b>Zertifizierte medizinische Fachkr\u00e4fte k\u00f6nnen Refine Filler wie Refine+ Ultra Soft \u00fcber Kinami Health beziehen<\/b><span style=\"font-weight: 400;\"> und ihren Patienten <\/span><b>mit minimalen Beschwerden zu einem jugendlichen, revitalisierten Erscheinungsbild verhelfen<\/b><span style=\"font-weight: 400;\">.<\/span><\/p>\n","protected":false},"excerpt":{"rendered":"<p>Bestellen Sie Refine+ Ultra Soft, den innovativen Filler auf Basis vernetzter Hyalurons\u00e4ure, der das Gesichtsvolumen wiederherstellt und feine Linien sowie F\u00e4ltchen korrigiert. Dieser hochwirksame Hautbooster gew\u00e4hrleistet bei Gesichts- und K\u00f6rperbehandlungen glatte, nat\u00fcrlich wirkende Ergebnisse. Zertifizierte medizinische Fachkr\u00e4fte k\u00f6nnen Refine Filler wie Refine+ Ultra Soft \u00fcber Kinami Health beziehen und ihren Patienten mit minimalen Beschwerden zu [&hellip;]<\/p>\n","protected":false},"featured_media":101360,"comment_status":"closed","ping_status":"closed","template":"","meta":{"_acf_changed":false,"inline_featured_image":false},"product_brand":[2151],"product_cat":[2023],"product_tag":[2144],"class_list":{"0":"post-114205","1":"product","2":"type-product","3":"status-publish","4":"has-post-thumbnail","6":"product_brand-refine","7":"product_cat-filler","8":"product_tag-medical-devices-de","10":"first","11":"instock","12":"taxable","13":"shipping-taxable","14":"purchasable","15":"product-type-simple","16":"add-to-wishlist-before_image"},"acf":[],"yoast_head":"<!-- This site is optimized with the Yoast SEO plugin v27.5 - https:\/\/yoast.com\/product\/yoast-seo-wordpress\/ -->\n<title>Refine+ Ultra Soft \u2013 Hyalurons\u00e4ure-Filler kaufen<\/title>\n<meta name=\"description\" content=\"Entdecken Sie Refine+ Ultra Soft: Vernetzte Hyalurons\u00e4ure f\u00fcr nat\u00fcrliche Volumenwiederherstellung und sichtbar gegl\u00e4ttete Linien. Jetzt bei Kinami Health bestellen!\" \/>\n<meta name=\"robots\" content=\"index, follow, max-snippet:-1, max-image-preview:large, max-video-preview:-1\" \/>\n<link rel=\"canonical\" href=\"https:\/\/kinamihealth.com\/de\/wp-json\/wp\/v2\/product\/114205\" \/>\n<meta property=\"og:locale\" content=\"de_DE\" \/>\n<meta property=\"og:type\" content=\"article\" \/>\n<meta property=\"og:title\" content=\"Refine+ Ultra Soft \u2013 Hyalurons\u00e4ure-Filler kaufen\" \/>\n<meta property=\"og:description\" content=\"Entdecken Sie Refine+ Ultra Soft: Vernetzte Hyalurons\u00e4ure f\u00fcr nat\u00fcrliche Volumenwiederherstellung und sichtbar gegl\u00e4ttete Linien. Jetzt bei Kinami Health bestellen!\" \/>\n<meta property=\"og:url\" content=\"https:\/\/kinamihealth.com\/de\/product\/refine-ultra-soft\/\" \/>\n<meta property=\"og:site_name\" content=\"Kinami Health\" \/>\n<meta property=\"article:modified_time\" content=\"2025-09-16T09:09:13+00:00\" \/>\n<meta property=\"og:image\" content=\"https:\/\/kinamihealth.com\/wp-content\/uploads\/2025\/02\/REFINE-PLUS-ULTRASOFT-03.jpg\" \/>\n\t<meta property=\"og:image:width\" content=\"800\" \/>\n\t<meta property=\"og:image:height\" content=\"800\" \/>\n\t<meta property=\"og:image:type\" content=\"image\/jpeg\" \/>\n<meta name=\"twitter:card\" content=\"summary_large_image\" \/>\n<meta name=\"twitter:label1\" content=\"Gesch\u00e4tzte Lesezeit\" \/>\n\t<meta name=\"twitter:data1\" content=\"1\u00a0Minute\" \/>\n<!-- \/ Yoast SEO plugin. -->","yoast_head_json":{"title":"Refine+ Ultra Soft \u2013 Hyalurons\u00e4ure-Filler kaufen","description":"Entdecken Sie Refine+ Ultra Soft: Vernetzte Hyalurons\u00e4ure f\u00fcr nat\u00fcrliche Volumenwiederherstellung und sichtbar gegl\u00e4ttete Linien. Jetzt bei Kinami Health bestellen!","robots":{"index":"index","follow":"follow","max-snippet":"max-snippet:-1","max-image-preview":"max-image-preview:large","max-video-preview":"max-video-preview:-1"},"canonical":"https:\/\/kinamihealth.com\/de\/wp-json\/wp\/v2\/product\/114205","og_locale":"de_DE","og_type":"article","og_title":"Refine+ Ultra Soft \u2013 Hyalurons\u00e4ure-Filler kaufen","og_description":"Entdecken Sie Refine+ Ultra Soft: Vernetzte Hyalurons\u00e4ure f\u00fcr nat\u00fcrliche Volumenwiederherstellung und sichtbar gegl\u00e4ttete Linien. Jetzt bei Kinami Health bestellen!","og_url":"https:\/\/kinamihealth.com\/de\/product\/refine-ultra-soft\/","og_site_name":"Kinami Health","article_modified_time":"2025-09-16T09:09:13+00:00","og_image":[{"width":800,"height":800,"url":"https:\/\/kinamihealth.com\/wp-content\/uploads\/2025\/02\/REFINE-PLUS-ULTRASOFT-03.jpg","type":"image\/jpeg"}],"twitter_card":"summary_large_image","twitter_misc":{"Gesch\u00e4tzte Lesezeit":"1\u00a0Minute"},"schema":{"@context":"https:\/\/schema.org","@graph":[{"@type":"WebPage","@id":"https:\/\/kinamihealth.com\/de\/product\/refine-ultra-soft\/","url":"https:\/\/kinamihealth.com\/de\/product\/refine-ultra-soft\/","name":"Refine+ Ultra Soft \u2013 Hyalurons\u00e4ure-Filler kaufen","isPartOf":{"@id":"https:\/\/kinamihealth.com\/#website"},"primaryImageOfPage":{"@id":"https:\/\/kinamihealth.com\/de\/product\/refine-ultra-soft\/#primaryimage"},"image":{"@id":"https:\/\/kinamihealth.com\/de\/product\/refine-ultra-soft\/#primaryimage"},"thumbnailUrl":"https:\/\/kinamihealth.com\/wp-content\/uploads\/2025\/02\/REFINE-PLUS-ULTRASOFT-03.jpg","datePublished":"2025-09-16T09:08:39+00:00","dateModified":"2025-09-16T09:09:13+00:00","description":"Entdecken Sie Refine+ Ultra Soft: Vernetzte Hyalurons\u00e4ure f\u00fcr nat\u00fcrliche Volumenwiederherstellung und sichtbar gegl\u00e4ttete Linien. Jetzt bei Kinami Health bestellen!","breadcrumb":{"@id":"https:\/\/kinamihealth.com\/de\/product\/refine-ultra-soft\/#breadcrumb"},"inLanguage":"de","potentialAction":[{"@type":"ReadAction","target":["https:\/\/kinamihealth.com\/de\/product\/refine-ultra-soft\/"]}]},{"@type":"ImageObject","inLanguage":"de","@id":"https:\/\/kinamihealth.com\/de\/product\/refine-ultra-soft\/#primaryimage","url":"https:\/\/kinamihealth.com\/wp-content\/uploads\/2025\/02\/REFINE-PLUS-ULTRASOFT-03.jpg","contentUrl":"https:\/\/kinamihealth.com\/wp-content\/uploads\/2025\/02\/REFINE-PLUS-ULTRASOFT-03.jpg","width":800,"height":800},{"@type":"BreadcrumbList","@id":"https:\/\/kinamihealth.com\/de\/product\/refine-ultra-soft\/#breadcrumb","itemListElement":[{"@type":"ListItem","position":1,"name":"Startseite","item":"https:\/\/kinamihealth.com\/"},{"@type":"ListItem","position":2,"name":"Shop","item":"https:\/\/kinamihealth.com\/shop\/"},{"@type":"ListItem","position":3,"name":"REFINE + ULTRA SOFT"}]},{"@type":"WebSite","@id":"https:\/\/kinamihealth.com\/#website","url":"https:\/\/kinamihealth.com\/","name":"Kinami Health","description":"","publisher":{"@id":"https:\/\/kinamihealth.com\/#organization"},"potentialAction":[{"@type":"SearchAction","target":{"@type":"EntryPoint","urlTemplate":"https:\/\/kinamihealth.com\/?s={search_term_string}"},"query-input":{"@type":"PropertyValueSpecification","valueRequired":true,"valueName":"search_term_string"}}],"inLanguage":"de"},{"@type":"Organization","@id":"https:\/\/kinamihealth.com\/#organization","name":"Kinami Health","url":"https:\/\/kinamihealth.com\/","logo":{"@type":"ImageObject","inLanguage":"de","@id":"https:\/\/kinamihealth.com\/#\/schema\/logo\/image\/","url":"https:\/\/kinamihealth.com\/wp-content\/uploads\/2025\/01\/KH_logo_black_2-1.png","contentUrl":"https:\/\/kinamihealth.com\/wp-content\/uploads\/2025\/01\/KH_logo_black_2-1.png","width":339,"height":34,"caption":"Kinami Health"},"image":{"@id":"https:\/\/kinamihealth.com\/#\/schema\/logo\/image\/"}}]}},"_links":{"self":[{"href":"https:\/\/kinamihealth.com\/de\/wp-json\/wp\/v2\/product\/114205","targetHints":{"allow":["GET"]}}],"collection":[{"href":"https:\/\/kinamihealth.com\/de\/wp-json\/wp\/v2\/product"}],"about":[{"href":"https:\/\/kinamihealth.com\/de\/wp-json\/wp\/v2\/types\/product"}],"replies":[{"embeddable":true,"href":"https:\/\/kinamihealth.com\/de\/wp-json\/wp\/v2\/comments?post=114205"}],"version-history":[{"count":0,"href":"https:\/\/kinamihealth.com\/de\/wp-json\/wp\/v2\/product\/114205\/revisions"}],"wp:featuredmedia":[{"embeddable":true,"href":"https:\/\/kinamihealth.com\/de\/wp-json\/wp\/v2\/media\/101360"}],"wp:attachment":[{"href":"https:\/\/kinamihealth.com\/de\/wp-json\/wp\/v2\/media?parent=114205"}],"wp:term":[{"taxonomy":"product_brand","embeddable":true,"href":"https:\/\/kinamihealth.com\/de\/wp-json\/wp\/v2\/product_brand?post=114205"},{"taxonomy":"product_cat","embeddable":true,"href":"https:\/\/kinamihealth.com\/de\/wp-json\/wp\/v2\/product_cat?post=114205"},{"taxonomy":"product_tag","embeddable":true,"href":"https:\/\/kinamihealth.com\/de\/wp-json\/wp\/v2\/product_tag?post=114205"}],"curies":[{"name":"wp","href":"https:\/\/api.w.org\/{rel}","templated":true}]}}