{"id":114204,"date":"2025-09-16T09:06:12","date_gmt":"2025-09-16T09:06:12","guid":{"rendered":"https:\/\/kinamihealth.com\/?post_type=product&#038;p=114204"},"modified":"2025-09-16T09:06:31","modified_gmt":"2025-09-16T09:06:31","slug":"refine-soft","status":"publish","type":"product","link":"https:\/\/kinamihealth.com\/de\/produkt\/refine-soft\/","title":{"rendered":"REFINE + SOFT"},"content":{"rendered":"<p><b>Bestellen Sie<\/b> <b>Refine+ Soft<\/b><span style=\"font-weight: 400;\"> jetzt undentdecken Sie die Vorteile dieses Hyalurons\u00e4ure-Fillers, der die <\/span><b>Kollagenbildung anregt<\/b><span style=\"font-weight: 400;\"> und <\/span><b>den Teint ausgleicht<\/b><span style=\"font-weight: 400;\">. Das Produkt wurde <\/span><b>f\u00fcr alle Hauttypen<\/b><span style=\"font-weight: 400;\"> entwickelt \u2013 ideal zur <\/span><b>Verj\u00fcngung von Gesicht, Hals und H\u00e4nden<\/b><span style=\"font-weight: 400;\">. Als medizinisches Fachpersonal k\u00f6nnen Sie <\/span><b>Refine+ Soft<\/b><span style=\"font-weight: 400;\"> bequem online bei <\/span><b>Kinami Health bestellen<\/b><span style=\"font-weight: 400;\">. Ihre Patienten profitieren von einer <\/span><b>effektiven, nicht-chirurgischen Behandlung<\/b><span style=\"font-weight: 400;\"> mit <\/span><b>langanhaltenden Resultaten<\/b><span style=\"font-weight: 400;\">.<\/span><\/p>\n","protected":false},"excerpt":{"rendered":"<p>Bestellen Sie Refine+ Soft jetzt undentdecken Sie die Vorteile dieses Hyalurons\u00e4ure-Fillers, der die Kollagenbildung anregt und den Teint ausgleicht. Das Produkt wurde f\u00fcr alle Hauttypen entwickelt \u2013 ideal zur Verj\u00fcngung von Gesicht, Hals und H\u00e4nden. Als medizinisches Fachpersonal k\u00f6nnen Sie Refine+ Soft bequem online bei Kinami Health bestellen. Ihre Patienten profitieren von einer effektiven, nicht-chirurgischen [&hellip;]<\/p>\n","protected":false},"featured_media":101354,"comment_status":"closed","ping_status":"closed","template":"","meta":{"_acf_changed":false,"inline_featured_image":false},"product_brand":[2151],"product_cat":[2023],"product_tag":[2144],"class_list":{"0":"post-114204","1":"product","2":"type-product","3":"status-publish","4":"has-post-thumbnail","6":"product_brand-refine","7":"product_cat-filler","8":"product_tag-medical-devices-de","10":"first","11":"instock","12":"taxable","13":"shipping-taxable","14":"purchasable","15":"product-type-simple","16":"add-to-wishlist-before_image"},"acf":[],"yoast_head":"<!-- This site is optimized with the Yoast SEO plugin v27.5 - https:\/\/yoast.com\/product\/yoast-seo-wordpress\/ -->\n<title>Refine+ Soft Hyalurons\u00e4ure-Filler kaufen \u2013 Kinami Health<\/title>\n<meta name=\"description\" content=\"Entdecken Sie Refine+ Soft Hyalurons\u00e4ure-Filler \u2013 spendet intensive Feuchtigkeit, steigert die Elastizit\u00e4t und gl\u00e4ttet Falten f\u00fcr einen jugendlichen Teint. Jetzt bei Kinami Health bestellen!\" \/>\n<meta name=\"robots\" content=\"index, follow, max-snippet:-1, max-image-preview:large, max-video-preview:-1\" \/>\n<link rel=\"canonical\" href=\"https:\/\/kinamihealth.com\/de\/wp-json\/wp\/v2\/product\/114204\" \/>\n<meta property=\"og:locale\" content=\"de_DE\" \/>\n<meta property=\"og:type\" content=\"article\" \/>\n<meta property=\"og:title\" content=\"Refine+ Soft Hyalurons\u00e4ure-Filler kaufen \u2013 Kinami Health\" \/>\n<meta property=\"og:description\" content=\"Entdecken Sie Refine+ Soft Hyalurons\u00e4ure-Filler \u2013 spendet intensive Feuchtigkeit, steigert die Elastizit\u00e4t und gl\u00e4ttet Falten f\u00fcr einen jugendlichen Teint. Jetzt bei Kinami Health bestellen!\" \/>\n<meta property=\"og:url\" content=\"https:\/\/kinamihealth.com\/de\/product\/refine-soft\/\" \/>\n<meta property=\"og:site_name\" content=\"Kinami Health\" \/>\n<meta property=\"article:modified_time\" content=\"2025-09-16T09:06:31+00:00\" \/>\n<meta property=\"og:image\" content=\"https:\/\/kinamihealth.com\/wp-content\/uploads\/2025\/02\/REFINE-PLUS-SOFT-03.jpg\" \/>\n\t<meta property=\"og:image:width\" content=\"800\" \/>\n\t<meta property=\"og:image:height\" content=\"800\" \/>\n\t<meta property=\"og:image:type\" content=\"image\/jpeg\" \/>\n<meta name=\"twitter:card\" content=\"summary_large_image\" \/>\n<meta name=\"twitter:label1\" content=\"Gesch\u00e4tzte Lesezeit\" \/>\n\t<meta name=\"twitter:data1\" content=\"1\u00a0Minute\" \/>\n<!-- \/ Yoast SEO plugin. -->","yoast_head_json":{"title":"Refine+ Soft Hyalurons\u00e4ure-Filler kaufen \u2013 Kinami Health","description":"Entdecken Sie Refine+ Soft Hyalurons\u00e4ure-Filler \u2013 spendet intensive Feuchtigkeit, steigert die Elastizit\u00e4t und gl\u00e4ttet Falten f\u00fcr einen jugendlichen Teint. Jetzt bei Kinami Health bestellen!","robots":{"index":"index","follow":"follow","max-snippet":"max-snippet:-1","max-image-preview":"max-image-preview:large","max-video-preview":"max-video-preview:-1"},"canonical":"https:\/\/kinamihealth.com\/de\/wp-json\/wp\/v2\/product\/114204","og_locale":"de_DE","og_type":"article","og_title":"Refine+ Soft Hyalurons\u00e4ure-Filler kaufen \u2013 Kinami Health","og_description":"Entdecken Sie Refine+ Soft Hyalurons\u00e4ure-Filler \u2013 spendet intensive Feuchtigkeit, steigert die Elastizit\u00e4t und gl\u00e4ttet Falten f\u00fcr einen jugendlichen Teint. Jetzt bei Kinami Health bestellen!","og_url":"https:\/\/kinamihealth.com\/de\/product\/refine-soft\/","og_site_name":"Kinami Health","article_modified_time":"2025-09-16T09:06:31+00:00","og_image":[{"width":800,"height":800,"url":"https:\/\/kinamihealth.com\/wp-content\/uploads\/2025\/02\/REFINE-PLUS-SOFT-03.jpg","type":"image\/jpeg"}],"twitter_card":"summary_large_image","twitter_misc":{"Gesch\u00e4tzte Lesezeit":"1\u00a0Minute"},"schema":{"@context":"https:\/\/schema.org","@graph":[{"@type":"WebPage","@id":"https:\/\/kinamihealth.com\/de\/product\/refine-soft\/","url":"https:\/\/kinamihealth.com\/de\/product\/refine-soft\/","name":"Refine+ Soft Hyalurons\u00e4ure-Filler kaufen \u2013 Kinami Health","isPartOf":{"@id":"https:\/\/kinamihealth.com\/#website"},"primaryImageOfPage":{"@id":"https:\/\/kinamihealth.com\/de\/product\/refine-soft\/#primaryimage"},"image":{"@id":"https:\/\/kinamihealth.com\/de\/product\/refine-soft\/#primaryimage"},"thumbnailUrl":"https:\/\/kinamihealth.com\/wp-content\/uploads\/2025\/02\/REFINE-PLUS-SOFT-03.jpg","datePublished":"2025-09-16T09:06:12+00:00","dateModified":"2025-09-16T09:06:31+00:00","description":"Entdecken Sie Refine+ Soft Hyalurons\u00e4ure-Filler \u2013 spendet intensive Feuchtigkeit, steigert die Elastizit\u00e4t und gl\u00e4ttet Falten f\u00fcr einen jugendlichen Teint. Jetzt bei Kinami Health bestellen!","breadcrumb":{"@id":"https:\/\/kinamihealth.com\/de\/product\/refine-soft\/#breadcrumb"},"inLanguage":"de","potentialAction":[{"@type":"ReadAction","target":["https:\/\/kinamihealth.com\/de\/product\/refine-soft\/"]}]},{"@type":"ImageObject","inLanguage":"de","@id":"https:\/\/kinamihealth.com\/de\/product\/refine-soft\/#primaryimage","url":"https:\/\/kinamihealth.com\/wp-content\/uploads\/2025\/02\/REFINE-PLUS-SOFT-03.jpg","contentUrl":"https:\/\/kinamihealth.com\/wp-content\/uploads\/2025\/02\/REFINE-PLUS-SOFT-03.jpg","width":800,"height":800},{"@type":"BreadcrumbList","@id":"https:\/\/kinamihealth.com\/de\/product\/refine-soft\/#breadcrumb","itemListElement":[{"@type":"ListItem","position":1,"name":"Startseite","item":"https:\/\/kinamihealth.com\/"},{"@type":"ListItem","position":2,"name":"Shop","item":"https:\/\/kinamihealth.com\/shop\/"},{"@type":"ListItem","position":3,"name":"REFINE + SOFT"}]},{"@type":"WebSite","@id":"https:\/\/kinamihealth.com\/#website","url":"https:\/\/kinamihealth.com\/","name":"Kinami Health","description":"","publisher":{"@id":"https:\/\/kinamihealth.com\/#organization"},"potentialAction":[{"@type":"SearchAction","target":{"@type":"EntryPoint","urlTemplate":"https:\/\/kinamihealth.com\/?s={search_term_string}"},"query-input":{"@type":"PropertyValueSpecification","valueRequired":true,"valueName":"search_term_string"}}],"inLanguage":"de"},{"@type":"Organization","@id":"https:\/\/kinamihealth.com\/#organization","name":"Kinami Health","url":"https:\/\/kinamihealth.com\/","logo":{"@type":"ImageObject","inLanguage":"de","@id":"https:\/\/kinamihealth.com\/#\/schema\/logo\/image\/","url":"https:\/\/kinamihealth.com\/wp-content\/uploads\/2025\/01\/KH_logo_black_2-1.png","contentUrl":"https:\/\/kinamihealth.com\/wp-content\/uploads\/2025\/01\/KH_logo_black_2-1.png","width":339,"height":34,"caption":"Kinami Health"},"image":{"@id":"https:\/\/kinamihealth.com\/#\/schema\/logo\/image\/"}}]}},"_links":{"self":[{"href":"https:\/\/kinamihealth.com\/de\/wp-json\/wp\/v2\/product\/114204","targetHints":{"allow":["GET"]}}],"collection":[{"href":"https:\/\/kinamihealth.com\/de\/wp-json\/wp\/v2\/product"}],"about":[{"href":"https:\/\/kinamihealth.com\/de\/wp-json\/wp\/v2\/types\/product"}],"replies":[{"embeddable":true,"href":"https:\/\/kinamihealth.com\/de\/wp-json\/wp\/v2\/comments?post=114204"}],"version-history":[{"count":0,"href":"https:\/\/kinamihealth.com\/de\/wp-json\/wp\/v2\/product\/114204\/revisions"}],"wp:featuredmedia":[{"embeddable":true,"href":"https:\/\/kinamihealth.com\/de\/wp-json\/wp\/v2\/media\/101354"}],"wp:attachment":[{"href":"https:\/\/kinamihealth.com\/de\/wp-json\/wp\/v2\/media?parent=114204"}],"wp:term":[{"taxonomy":"product_brand","embeddable":true,"href":"https:\/\/kinamihealth.com\/de\/wp-json\/wp\/v2\/product_brand?post=114204"},{"taxonomy":"product_cat","embeddable":true,"href":"https:\/\/kinamihealth.com\/de\/wp-json\/wp\/v2\/product_cat?post=114204"},{"taxonomy":"product_tag","embeddable":true,"href":"https:\/\/kinamihealth.com\/de\/wp-json\/wp\/v2\/product_tag?post=114204"}],"curies":[{"name":"wp","href":"https:\/\/api.w.org\/{rel}","templated":true}]}}