{"id":114203,"date":"2025-09-16T09:03:41","date_gmt":"2025-09-16T09:03:41","guid":{"rendered":"https:\/\/kinamihealth.com\/?post_type=product&#038;p=114203"},"modified":"2025-10-21T16:06:27","modified_gmt":"2025-10-21T16:06:27","slug":"mediderma-redness-control-aa-sensitive-gel","status":"publish","type":"product","link":"https:\/\/kinamihealth.com\/de\/produkt\/mediderma-redness-control-aa-sensitive-gel\/","title":{"rendered":"MEDIDERMA\u00ae REDNESS CONTROL A&#038;A SENSITIVE GEL"},"content":{"rendered":"<p><span style=\"font-weight: 400;\">Entdecken Sie die Vorz\u00fcge des <strong>MEDIDERMA\u00ae REDNESS CONTROL A&amp;A SENSITIVE GEL<\/strong><\/span><span style=\"font-weight: 400;\"><strong>\u00a0<\/strong>\u2013 ein <\/span><b>leistungsstarkes Pflegeprodukt<\/b><span style=\"font-weight: 400;\"> f\u00fcr <\/span><b>empfindliche, zu Entz\u00fcndungen und R\u00f6tungen neigende Haut<\/b><span style=\"font-weight: 400;\">. Es vereint sorgf\u00e4ltig ausgew\u00e4hlte Wirkstoffe, die intensiv <\/span><b>Feuchtigkeit und Elastizit\u00e4t spenden<\/b><span style=\"font-weight: 400;\">, <\/span><b>\u00fcbersch\u00fcssigen Talg regulieren<\/b><span style=\"font-weight: 400;\"> und <\/span><b>Hyperpigmentierungen mindern<\/b><span style=\"font-weight: 400;\">. Bestellen Sie Redness Control A&amp;A Sensitive Gel jetzt und profitieren Sie von einem <\/span><b>gesunden, ausgeglichenen Teint<\/b><span style=\"font-weight: 400;\">.<\/span><\/p>\n","protected":false},"excerpt":{"rendered":"<p>Entdecken Sie die Vorz\u00fcge des MEDIDERMA\u00ae REDNESS CONTROL A&amp;A SENSITIVE GEL\u00a0\u2013 ein leistungsstarkes Pflegeprodukt f\u00fcr empfindliche, zu Entz\u00fcndungen und R\u00f6tungen neigende Haut. Es vereint sorgf\u00e4ltig ausgew\u00e4hlte Wirkstoffe, die intensiv Feuchtigkeit und Elastizit\u00e4t spenden, \u00fcbersch\u00fcssigen Talg regulieren und Hyperpigmentierungen mindern. Bestellen Sie Redness Control A&amp;A Sensitive Gel jetzt und profitieren Sie von einem gesunden, ausgeglichenen Teint.<\/p>\n","protected":false},"featured_media":101350,"comment_status":"closed","ping_status":"closed","template":"","meta":{"_acf_changed":false,"inline_featured_image":false},"product_brand":[2161],"product_cat":[2026],"product_tag":[2144],"class_list":{"0":"post-114203","1":"product","2":"type-product","3":"status-publish","4":"has-post-thumbnail","6":"product_brand-mediderma-de","7":"product_cat-hautpflege","8":"product_tag-medical-devices-de","10":"first","11":"instock","12":"taxable","13":"shipping-taxable","14":"purchasable","15":"product-type-simple","16":"add-to-wishlist-before_image"},"acf":[],"yoast_head":"<!-- This site is optimized with the Yoast SEO plugin v27.5 - https:\/\/yoast.com\/product\/yoast-seo-wordpress\/ -->\n<title>MEDIDERMA\u00ae REDNESS CONTROL A&amp;A SENSITIVE GEL online kaufen<\/title>\n<meta name=\"description\" content=\"Hautberuhigendes Redness Control A&amp;A Sensitive Gel jetzt bei Kinami Health \u2013 spendet intensive Feuchtigkeit, st\u00e4rkt die Hautbarriere und mindert R\u00f6tungen. Bestellen Sie heute!\" \/>\n<meta name=\"robots\" content=\"index, follow, max-snippet:-1, max-image-preview:large, max-video-preview:-1\" \/>\n<link rel=\"canonical\" href=\"https:\/\/kinamihealth.com\/de\/wp-json\/wp\/v2\/product\/114203\" \/>\n<meta property=\"og:locale\" content=\"de_DE\" \/>\n<meta property=\"og:type\" content=\"article\" \/>\n<meta property=\"og:title\" content=\"MEDIDERMA\u00ae REDNESS CONTROL A&amp;A SENSITIVE GEL online kaufen\" \/>\n<meta property=\"og:description\" content=\"Hautberuhigendes Redness Control A&amp;A Sensitive Gel jetzt bei Kinami Health \u2013 spendet intensive Feuchtigkeit, st\u00e4rkt die Hautbarriere und mindert R\u00f6tungen. Bestellen Sie heute!\" \/>\n<meta property=\"og:url\" content=\"https:\/\/kinamihealth.com\/de\/produkt\/mediderma-redness-control-aa-sensitive-gel\/\" \/>\n<meta property=\"og:site_name\" content=\"Kinami Health\" \/>\n<meta property=\"article:modified_time\" content=\"2025-10-21T16:06:27+00:00\" \/>\n<meta property=\"og:image\" content=\"https:\/\/kinamihealth.com\/wp-content\/uploads\/2025\/02\/MEDIDERMA-REDNESS-CONTROL-AA-SENSITIVE-GEL-01.jpg\" \/>\n\t<meta property=\"og:image:width\" content=\"800\" \/>\n\t<meta property=\"og:image:height\" content=\"800\" \/>\n\t<meta property=\"og:image:type\" content=\"image\/jpeg\" \/>\n<meta name=\"twitter:card\" content=\"summary_large_image\" \/>\n<meta name=\"twitter:label1\" content=\"Gesch\u00e4tzte Lesezeit\" \/>\n\t<meta name=\"twitter:data1\" content=\"1\u00a0Minute\" \/>\n<!-- \/ Yoast SEO plugin. -->","yoast_head_json":{"title":"MEDIDERMA\u00ae REDNESS CONTROL A&A SENSITIVE GEL online kaufen","description":"Hautberuhigendes Redness Control A&A Sensitive Gel jetzt bei Kinami Health \u2013 spendet intensive Feuchtigkeit, st\u00e4rkt die Hautbarriere und mindert R\u00f6tungen. Bestellen Sie heute!","robots":{"index":"index","follow":"follow","max-snippet":"max-snippet:-1","max-image-preview":"max-image-preview:large","max-video-preview":"max-video-preview:-1"},"canonical":"https:\/\/kinamihealth.com\/de\/wp-json\/wp\/v2\/product\/114203","og_locale":"de_DE","og_type":"article","og_title":"MEDIDERMA\u00ae REDNESS CONTROL A&A SENSITIVE GEL online kaufen","og_description":"Hautberuhigendes Redness Control A&A Sensitive Gel jetzt bei Kinami Health \u2013 spendet intensive Feuchtigkeit, st\u00e4rkt die Hautbarriere und mindert R\u00f6tungen. Bestellen Sie heute!","og_url":"https:\/\/kinamihealth.com\/de\/produkt\/mediderma-redness-control-aa-sensitive-gel\/","og_site_name":"Kinami Health","article_modified_time":"2025-10-21T16:06:27+00:00","og_image":[{"width":800,"height":800,"url":"https:\/\/kinamihealth.com\/wp-content\/uploads\/2025\/02\/MEDIDERMA-REDNESS-CONTROL-AA-SENSITIVE-GEL-01.jpg","type":"image\/jpeg"}],"twitter_card":"summary_large_image","twitter_misc":{"Gesch\u00e4tzte Lesezeit":"1\u00a0Minute"},"schema":{"@context":"https:\/\/schema.org","@graph":[{"@type":"WebPage","@id":"https:\/\/kinamihealth.com\/de\/produkt\/mediderma-redness-control-aa-sensitive-gel\/","url":"https:\/\/kinamihealth.com\/de\/produkt\/mediderma-redness-control-aa-sensitive-gel\/","name":"MEDIDERMA\u00ae REDNESS CONTROL A&A SENSITIVE GEL online kaufen","isPartOf":{"@id":"https:\/\/kinamihealth.com\/#website"},"primaryImageOfPage":{"@id":"https:\/\/kinamihealth.com\/de\/produkt\/mediderma-redness-control-aa-sensitive-gel\/#primaryimage"},"image":{"@id":"https:\/\/kinamihealth.com\/de\/produkt\/mediderma-redness-control-aa-sensitive-gel\/#primaryimage"},"thumbnailUrl":"https:\/\/kinamihealth.com\/wp-content\/uploads\/2025\/02\/MEDIDERMA-REDNESS-CONTROL-AA-SENSITIVE-GEL-01.jpg","datePublished":"2025-09-16T09:03:41+00:00","dateModified":"2025-10-21T16:06:27+00:00","description":"Hautberuhigendes Redness Control A&A Sensitive Gel jetzt bei Kinami Health \u2013 spendet intensive Feuchtigkeit, st\u00e4rkt die Hautbarriere und mindert R\u00f6tungen. Bestellen Sie heute!","breadcrumb":{"@id":"https:\/\/kinamihealth.com\/de\/produkt\/mediderma-redness-control-aa-sensitive-gel\/#breadcrumb"},"inLanguage":"de","potentialAction":[{"@type":"ReadAction","target":["https:\/\/kinamihealth.com\/de\/produkt\/mediderma-redness-control-aa-sensitive-gel\/"]}]},{"@type":"ImageObject","inLanguage":"de","@id":"https:\/\/kinamihealth.com\/de\/produkt\/mediderma-redness-control-aa-sensitive-gel\/#primaryimage","url":"https:\/\/kinamihealth.com\/wp-content\/uploads\/2025\/02\/MEDIDERMA-REDNESS-CONTROL-AA-SENSITIVE-GEL-01.jpg","contentUrl":"https:\/\/kinamihealth.com\/wp-content\/uploads\/2025\/02\/MEDIDERMA-REDNESS-CONTROL-AA-SENSITIVE-GEL-01.jpg","width":800,"height":800},{"@type":"BreadcrumbList","@id":"https:\/\/kinamihealth.com\/de\/produkt\/mediderma-redness-control-aa-sensitive-gel\/#breadcrumb","itemListElement":[{"@type":"ListItem","position":1,"name":"Startseite","item":"https:\/\/kinamihealth.com\/"},{"@type":"ListItem","position":2,"name":"Shop","item":"https:\/\/kinamihealth.com\/shop\/"},{"@type":"ListItem","position":3,"name":"MEDIDERMA\u00ae REDNESS CONTROL A&#038;A SENSITIVE GEL"}]},{"@type":"WebSite","@id":"https:\/\/kinamihealth.com\/#website","url":"https:\/\/kinamihealth.com\/","name":"Kinami Health","description":"","publisher":{"@id":"https:\/\/kinamihealth.com\/#organization"},"potentialAction":[{"@type":"SearchAction","target":{"@type":"EntryPoint","urlTemplate":"https:\/\/kinamihealth.com\/?s={search_term_string}"},"query-input":{"@type":"PropertyValueSpecification","valueRequired":true,"valueName":"search_term_string"}}],"inLanguage":"de"},{"@type":"Organization","@id":"https:\/\/kinamihealth.com\/#organization","name":"Kinami Health","url":"https:\/\/kinamihealth.com\/","logo":{"@type":"ImageObject","inLanguage":"de","@id":"https:\/\/kinamihealth.com\/#\/schema\/logo\/image\/","url":"https:\/\/kinamihealth.com\/wp-content\/uploads\/2025\/01\/KH_logo_black_2-1.png","contentUrl":"https:\/\/kinamihealth.com\/wp-content\/uploads\/2025\/01\/KH_logo_black_2-1.png","width":339,"height":34,"caption":"Kinami Health"},"image":{"@id":"https:\/\/kinamihealth.com\/#\/schema\/logo\/image\/"}}]}},"_links":{"self":[{"href":"https:\/\/kinamihealth.com\/de\/wp-json\/wp\/v2\/product\/114203","targetHints":{"allow":["GET"]}}],"collection":[{"href":"https:\/\/kinamihealth.com\/de\/wp-json\/wp\/v2\/product"}],"about":[{"href":"https:\/\/kinamihealth.com\/de\/wp-json\/wp\/v2\/types\/product"}],"replies":[{"embeddable":true,"href":"https:\/\/kinamihealth.com\/de\/wp-json\/wp\/v2\/comments?post=114203"}],"version-history":[{"count":0,"href":"https:\/\/kinamihealth.com\/de\/wp-json\/wp\/v2\/product\/114203\/revisions"}],"wp:featuredmedia":[{"embeddable":true,"href":"https:\/\/kinamihealth.com\/de\/wp-json\/wp\/v2\/media\/101350"}],"wp:attachment":[{"href":"https:\/\/kinamihealth.com\/de\/wp-json\/wp\/v2\/media?parent=114203"}],"wp:term":[{"taxonomy":"product_brand","embeddable":true,"href":"https:\/\/kinamihealth.com\/de\/wp-json\/wp\/v2\/product_brand?post=114203"},{"taxonomy":"product_cat","embeddable":true,"href":"https:\/\/kinamihealth.com\/de\/wp-json\/wp\/v2\/product_cat?post=114203"},{"taxonomy":"product_tag","embeddable":true,"href":"https:\/\/kinamihealth.com\/de\/wp-json\/wp\/v2\/product_tag?post=114203"}],"curies":[{"name":"wp","href":"https:\/\/api.w.org\/{rel}","templated":true}]}}