{"id":114053,"date":"2025-09-15T14:56:13","date_gmt":"2025-09-15T14:56:13","guid":{"rendered":"https:\/\/kinamihealth.com\/?post_type=product&#038;p=114053"},"modified":"2025-10-22T18:02:37","modified_gmt":"2025-10-22T18:02:37","slug":"orthovisc","status":"publish","type":"product","link":"https:\/\/kinamihealth.com\/de\/produkt\/orthovisc\/","title":{"rendered":"ORTHOVISC\u00ae"},"content":{"rendered":"<p><span style=\"font-weight: 400;\">Bestellen Sie ORTHOVISC\u00ae Injektionen und \u00fcberzeugen Sie sich selbst von den Vorteilen dieser effektiven Arthrosebehandlung. Das hochmolekulare Hyalurons\u00e4ure-Gel dient als nat\u00fcrliches Schmiermittel f\u00fcr Gelenke wie Knie und H\u00fcfte und liefert eine schnelle, langanhaltende Schmerzlinderung \u2013 deutlich wirksamer als orale Schmerzmittel. Als medizinische Fachkraft k\u00f6nnen Sie <\/span><b>Orthovisc im Kinami Health Online-Shop beziehen<\/b><span style=\"font-weight: 400;\"> und Ihren Patienten eine schonende, nicht-operative Therapie mit nachhaltigen Ergebnissen anbieten.<\/span><\/p>\n","protected":false},"excerpt":{"rendered":"<p>Bestellen Sie ORTHOVISC\u00ae Injektionen und \u00fcberzeugen Sie sich selbst von den Vorteilen dieser effektiven Arthrosebehandlung. Das hochmolekulare Hyalurons\u00e4ure-Gel dient als nat\u00fcrliches Schmiermittel f\u00fcr Gelenke wie Knie und H\u00fcfte und liefert eine schnelle, langanhaltende Schmerzlinderung \u2013 deutlich wirksamer als orale Schmerzmittel. Als medizinische Fachkraft k\u00f6nnen Sie Orthovisc im Kinami Health Online-Shop beziehen und Ihren Patienten eine [&hellip;]<\/p>\n","protected":false},"featured_media":103214,"comment_status":"closed","ping_status":"closed","template":"","meta":{"_acf_changed":false,"inline_featured_image":false},"product_brand":[2078],"product_cat":[2031],"product_tag":[2144],"class_list":{"0":"post-114053","1":"product","2":"type-product","3":"status-publish","4":"has-post-thumbnail","6":"product_brand-orthovisc","7":"product_cat-orthopaedische-injektionen","8":"product_tag-medical-devices-de","10":"first","11":"instock","12":"featured","13":"taxable","14":"shipping-taxable","15":"purchasable","16":"product-type-simple","17":"add-to-wishlist-before_image"},"acf":[],"yoast_head":"<!-- This site is optimized with the Yoast SEO plugin v27.5 - https:\/\/yoast.com\/product\/yoast-seo-wordpress\/ -->\n<title>ORTHOVISC\u00ae Injektionen kaufen \u2013 Linderung von Gelenkschmerzen<\/title>\n<meta name=\"description\" content=\"Mit Orthovisc-Arthrosebehandlung reduzieren Sie Schmerzen, schmieren Ihre Gelenke und f\u00f6rdern die Mobilit\u00e4t \u2013 eine nachhaltige, nicht-chirurgische L\u00f6sung.\" \/>\n<meta name=\"robots\" content=\"index, follow, max-snippet:-1, max-image-preview:large, max-video-preview:-1\" \/>\n<link rel=\"canonical\" href=\"https:\/\/kinamihealth.com\/de\/wp-json\/wp\/v2\/product\/114053\" \/>\n<meta property=\"og:locale\" content=\"de_DE\" \/>\n<meta property=\"og:type\" content=\"article\" \/>\n<meta property=\"og:title\" content=\"ORTHOVISC\u00ae Injektionen kaufen \u2013 Linderung von Gelenkschmerzen\" \/>\n<meta property=\"og:description\" content=\"Mit Orthovisc-Arthrosebehandlung reduzieren Sie Schmerzen, schmieren Ihre Gelenke und f\u00f6rdern die Mobilit\u00e4t \u2013 eine nachhaltige, nicht-chirurgische L\u00f6sung.\" \/>\n<meta property=\"og:url\" content=\"https:\/\/kinamihealth.com\/de\/produkt\/orthovisc\/\" \/>\n<meta property=\"og:site_name\" content=\"Kinami Health\" \/>\n<meta property=\"article:modified_time\" content=\"2025-10-22T18:02:37+00:00\" \/>\n<meta property=\"og:image\" content=\"https:\/\/kinamihealth.com\/wp-content\/uploads\/2025\/03\/ORTHOVISC-2ML-ENGLISH-01.webp\" \/>\n\t<meta property=\"og:image:width\" content=\"800\" \/>\n\t<meta property=\"og:image:height\" content=\"800\" \/>\n\t<meta property=\"og:image:type\" content=\"image\/webp\" \/>\n<meta name=\"twitter:card\" content=\"summary_large_image\" \/>\n<meta name=\"twitter:label1\" content=\"Gesch\u00e4tzte Lesezeit\" \/>\n\t<meta name=\"twitter:data1\" content=\"1\u00a0Minute\" \/>\n<!-- \/ Yoast SEO plugin. -->","yoast_head_json":{"title":"ORTHOVISC\u00ae Injektionen kaufen \u2013 Linderung von Gelenkschmerzen","description":"Mit Orthovisc-Arthrosebehandlung reduzieren Sie Schmerzen, schmieren Ihre Gelenke und f\u00f6rdern die Mobilit\u00e4t \u2013 eine nachhaltige, nicht-chirurgische L\u00f6sung.","robots":{"index":"index","follow":"follow","max-snippet":"max-snippet:-1","max-image-preview":"max-image-preview:large","max-video-preview":"max-video-preview:-1"},"canonical":"https:\/\/kinamihealth.com\/de\/wp-json\/wp\/v2\/product\/114053","og_locale":"de_DE","og_type":"article","og_title":"ORTHOVISC\u00ae Injektionen kaufen \u2013 Linderung von Gelenkschmerzen","og_description":"Mit Orthovisc-Arthrosebehandlung reduzieren Sie Schmerzen, schmieren Ihre Gelenke und f\u00f6rdern die Mobilit\u00e4t \u2013 eine nachhaltige, nicht-chirurgische L\u00f6sung.","og_url":"https:\/\/kinamihealth.com\/de\/produkt\/orthovisc\/","og_site_name":"Kinami Health","article_modified_time":"2025-10-22T18:02:37+00:00","og_image":[{"width":800,"height":800,"url":"https:\/\/kinamihealth.com\/wp-content\/uploads\/2025\/03\/ORTHOVISC-2ML-ENGLISH-01.webp","type":"image\/webp"}],"twitter_card":"summary_large_image","twitter_misc":{"Gesch\u00e4tzte Lesezeit":"1\u00a0Minute"},"schema":{"@context":"https:\/\/schema.org","@graph":[{"@type":"WebPage","@id":"https:\/\/kinamihealth.com\/de\/produkt\/orthovisc\/","url":"https:\/\/kinamihealth.com\/de\/produkt\/orthovisc\/","name":"ORTHOVISC\u00ae Injektionen kaufen \u2013 Linderung von Gelenkschmerzen","isPartOf":{"@id":"https:\/\/kinamihealth.com\/#website"},"primaryImageOfPage":{"@id":"https:\/\/kinamihealth.com\/de\/produkt\/orthovisc\/#primaryimage"},"image":{"@id":"https:\/\/kinamihealth.com\/de\/produkt\/orthovisc\/#primaryimage"},"thumbnailUrl":"https:\/\/kinamihealth.com\/wp-content\/uploads\/2025\/03\/ORTHOVISC-2ML-ENGLISH-01.webp","datePublished":"2025-09-15T14:56:13+00:00","dateModified":"2025-10-22T18:02:37+00:00","description":"Mit Orthovisc-Arthrosebehandlung reduzieren Sie Schmerzen, schmieren Ihre Gelenke und f\u00f6rdern die Mobilit\u00e4t \u2013 eine nachhaltige, nicht-chirurgische L\u00f6sung.","breadcrumb":{"@id":"https:\/\/kinamihealth.com\/de\/produkt\/orthovisc\/#breadcrumb"},"inLanguage":"de","potentialAction":[{"@type":"ReadAction","target":["https:\/\/kinamihealth.com\/de\/produkt\/orthovisc\/"]}]},{"@type":"ImageObject","inLanguage":"de","@id":"https:\/\/kinamihealth.com\/de\/produkt\/orthovisc\/#primaryimage","url":"https:\/\/kinamihealth.com\/wp-content\/uploads\/2025\/03\/ORTHOVISC-2ML-ENGLISH-01.webp","contentUrl":"https:\/\/kinamihealth.com\/wp-content\/uploads\/2025\/03\/ORTHOVISC-2ML-ENGLISH-01.webp","width":800,"height":800},{"@type":"BreadcrumbList","@id":"https:\/\/kinamihealth.com\/de\/produkt\/orthovisc\/#breadcrumb","itemListElement":[{"@type":"ListItem","position":1,"name":"Startseite","item":"https:\/\/kinamihealth.com\/"},{"@type":"ListItem","position":2,"name":"Shop","item":"https:\/\/kinamihealth.com\/shop\/"},{"@type":"ListItem","position":3,"name":"ORTHOVISC\u00ae"}]},{"@type":"WebSite","@id":"https:\/\/kinamihealth.com\/#website","url":"https:\/\/kinamihealth.com\/","name":"Kinami Health","description":"","publisher":{"@id":"https:\/\/kinamihealth.com\/#organization"},"potentialAction":[{"@type":"SearchAction","target":{"@type":"EntryPoint","urlTemplate":"https:\/\/kinamihealth.com\/?s={search_term_string}"},"query-input":{"@type":"PropertyValueSpecification","valueRequired":true,"valueName":"search_term_string"}}],"inLanguage":"de"},{"@type":"Organization","@id":"https:\/\/kinamihealth.com\/#organization","name":"Kinami Health","url":"https:\/\/kinamihealth.com\/","logo":{"@type":"ImageObject","inLanguage":"de","@id":"https:\/\/kinamihealth.com\/#\/schema\/logo\/image\/","url":"https:\/\/kinamihealth.com\/wp-content\/uploads\/2025\/01\/KH_logo_black_2-1.png","contentUrl":"https:\/\/kinamihealth.com\/wp-content\/uploads\/2025\/01\/KH_logo_black_2-1.png","width":339,"height":34,"caption":"Kinami Health"},"image":{"@id":"https:\/\/kinamihealth.com\/#\/schema\/logo\/image\/"}}]}},"_links":{"self":[{"href":"https:\/\/kinamihealth.com\/de\/wp-json\/wp\/v2\/product\/114053","targetHints":{"allow":["GET"]}}],"collection":[{"href":"https:\/\/kinamihealth.com\/de\/wp-json\/wp\/v2\/product"}],"about":[{"href":"https:\/\/kinamihealth.com\/de\/wp-json\/wp\/v2\/types\/product"}],"replies":[{"embeddable":true,"href":"https:\/\/kinamihealth.com\/de\/wp-json\/wp\/v2\/comments?post=114053"}],"version-history":[{"count":0,"href":"https:\/\/kinamihealth.com\/de\/wp-json\/wp\/v2\/product\/114053\/revisions"}],"wp:featuredmedia":[{"embeddable":true,"href":"https:\/\/kinamihealth.com\/de\/wp-json\/wp\/v2\/media\/103214"}],"wp:attachment":[{"href":"https:\/\/kinamihealth.com\/de\/wp-json\/wp\/v2\/media?parent=114053"}],"wp:term":[{"taxonomy":"product_brand","embeddable":true,"href":"https:\/\/kinamihealth.com\/de\/wp-json\/wp\/v2\/product_brand?post=114053"},{"taxonomy":"product_cat","embeddable":true,"href":"https:\/\/kinamihealth.com\/de\/wp-json\/wp\/v2\/product_cat?post=114053"},{"taxonomy":"product_tag","embeddable":true,"href":"https:\/\/kinamihealth.com\/de\/wp-json\/wp\/v2\/product_tag?post=114053"}],"curies":[{"name":"wp","href":"https:\/\/api.w.org\/{rel}","templated":true}]}}