{"id":114038,"date":"2025-09-15T14:22:15","date_gmt":"2025-09-15T14:22:15","guid":{"rendered":"https:\/\/kinamihealth.com\/?post_type=product&#038;p=114038"},"modified":"2025-10-22T19:17:23","modified_gmt":"2025-10-22T19:17:23","slug":"nucleofill-medium-plus","status":"publish","type":"product","link":"https:\/\/kinamihealth.com\/de\/produkt\/nucleofill-medium-plus\/","title":{"rendered":"NUCLEOFILL\u2122 MEDIUM PLUS"},"content":{"rendered":"<p><span style=\"font-weight: 400;\">Entdecken Sie die Vorteile von <strong>NUCLEOFILL\u2122 MEDIUM PLUS<\/strong><\/span><span style=\"font-weight: 400;\">: Dieser <\/span><b>leistungsstarke Filler<\/b><span style=\"font-weight: 400;\"> wurde speziell entwickelt, um die <\/span><b>Kopfhaut zu revitalisieren<\/b><span style=\"font-weight: 400;\">, die <\/span><b>Haardichte zu erh\u00f6hen<\/b><span style=\"font-weight: 400;\"> und <\/span><b>geschw\u00e4chten Haarfollikeln neue Vitalit\u00e4t zu schenken<\/b><span style=\"font-weight: 400;\">. Dank seiner tiefenrestrukturierenden Wirkung verbessert er nachweislich den Tropismus der Haarfollikel. Als medizinische Fachkraft k\u00f6nnen Sie <\/span><b>Nucleofill-Produkte wie Nucleofill Medium Plus einfach im Kinami Health Online-Shop bestellen<\/b><span style=\"font-weight: 400;\"> und Ihren Patienten dabei helfen, <\/span><b>Haarausfall effektiv zu bek\u00e4mpfen<\/b><span style=\"font-weight: 400;\"> und ein <\/span><b>gesundes Haarwachstum zu f\u00f6rdern<\/b><span style=\"font-weight: 400;\">.<\/span><\/p>\n","protected":false},"excerpt":{"rendered":"<p>Entdecken Sie die Vorteile von NUCLEOFILL\u2122 MEDIUM PLUS: Dieser leistungsstarke Filler wurde speziell entwickelt, um die Kopfhaut zu revitalisieren, die Haardichte zu erh\u00f6hen und geschw\u00e4chten Haarfollikeln neue Vitalit\u00e4t zu schenken. Dank seiner tiefenrestrukturierenden Wirkung verbessert er nachweislich den Tropismus der Haarfollikel. Als medizinische Fachkraft k\u00f6nnen Sie Nucleofill-Produkte wie Nucleofill Medium Plus einfach im Kinami Health [&hellip;]<\/p>\n","protected":false},"featured_media":101232,"comment_status":"closed","ping_status":"closed","template":"","meta":{"_acf_changed":false,"inline_featured_image":false},"product_brand":[2077],"product_cat":[2023],"product_tag":[2144],"class_list":{"0":"post-114038","1":"product","2":"type-product","3":"status-publish","4":"has-post-thumbnail","6":"product_brand-nucleofill","7":"product_cat-filler","8":"product_tag-medical-devices-de","10":"first","11":"instock","12":"taxable","13":"shipping-taxable","14":"purchasable","15":"product-type-simple","16":"add-to-wishlist-before_image"},"acf":[],"yoast_head":"<!-- This site is optimized with the Yoast SEO plugin v27.5 - https:\/\/yoast.com\/product\/yoast-seo-wordpress\/ -->\n<title>NUCLEOFILL\u2122 MEDIUM PLUS kaufen \u2013 Kopfhautrevitalisierung<\/title>\n<meta name=\"description\" content=\"Mit Nucleofill Medium Plus revitalisieren Sie die Kopfhaut, reduzieren Haarausfall und f\u00f6rdern gesundes Haarwachstum. Exklusiv f\u00fcr medizinisches Fachpersonal im Kinami Health Online-Shop erh\u00e4ltlich.\" \/>\n<meta name=\"robots\" content=\"index, follow, max-snippet:-1, max-image-preview:large, max-video-preview:-1\" \/>\n<link rel=\"canonical\" href=\"https:\/\/kinamihealth.com\/de\/wp-json\/wp\/v2\/product\/114038\" \/>\n<meta property=\"og:locale\" content=\"de_DE\" \/>\n<meta property=\"og:type\" content=\"article\" \/>\n<meta property=\"og:title\" content=\"NUCLEOFILL\u2122 MEDIUM PLUS kaufen \u2013 Kopfhautrevitalisierung\" \/>\n<meta property=\"og:description\" content=\"Mit Nucleofill Medium Plus revitalisieren Sie die Kopfhaut, reduzieren Haarausfall und f\u00f6rdern gesundes Haarwachstum. Exklusiv f\u00fcr medizinisches Fachpersonal im Kinami Health Online-Shop erh\u00e4ltlich.\" \/>\n<meta property=\"og:url\" content=\"https:\/\/kinamihealth.com\/de\/produkt\/nucleofill-medium-plus\/\" \/>\n<meta property=\"og:site_name\" content=\"Kinami Health\" \/>\n<meta property=\"article:modified_time\" content=\"2025-10-22T19:17:23+00:00\" \/>\n<meta property=\"og:image\" content=\"https:\/\/kinamihealth.com\/wp-content\/uploads\/2025\/02\/NUCLEOFILL-MEDIUMPLUS-02.jpg\" \/>\n\t<meta property=\"og:image:width\" content=\"800\" \/>\n\t<meta property=\"og:image:height\" content=\"800\" \/>\n\t<meta property=\"og:image:type\" content=\"image\/jpeg\" \/>\n<meta name=\"twitter:card\" content=\"summary_large_image\" \/>\n<meta name=\"twitter:label1\" content=\"Gesch\u00e4tzte Lesezeit\" \/>\n\t<meta name=\"twitter:data1\" content=\"1\u00a0Minute\" \/>\n<!-- \/ Yoast SEO plugin. -->","yoast_head_json":{"title":"NUCLEOFILL\u2122 MEDIUM PLUS kaufen \u2013 Kopfhautrevitalisierung","description":"Mit Nucleofill Medium Plus revitalisieren Sie die Kopfhaut, reduzieren Haarausfall und f\u00f6rdern gesundes Haarwachstum. Exklusiv f\u00fcr medizinisches Fachpersonal im Kinami Health Online-Shop erh\u00e4ltlich.","robots":{"index":"index","follow":"follow","max-snippet":"max-snippet:-1","max-image-preview":"max-image-preview:large","max-video-preview":"max-video-preview:-1"},"canonical":"https:\/\/kinamihealth.com\/de\/wp-json\/wp\/v2\/product\/114038","og_locale":"de_DE","og_type":"article","og_title":"NUCLEOFILL\u2122 MEDIUM PLUS kaufen \u2013 Kopfhautrevitalisierung","og_description":"Mit Nucleofill Medium Plus revitalisieren Sie die Kopfhaut, reduzieren Haarausfall und f\u00f6rdern gesundes Haarwachstum. Exklusiv f\u00fcr medizinisches Fachpersonal im Kinami Health Online-Shop erh\u00e4ltlich.","og_url":"https:\/\/kinamihealth.com\/de\/produkt\/nucleofill-medium-plus\/","og_site_name":"Kinami Health","article_modified_time":"2025-10-22T19:17:23+00:00","og_image":[{"width":800,"height":800,"url":"https:\/\/kinamihealth.com\/wp-content\/uploads\/2025\/02\/NUCLEOFILL-MEDIUMPLUS-02.jpg","type":"image\/jpeg"}],"twitter_card":"summary_large_image","twitter_misc":{"Gesch\u00e4tzte Lesezeit":"1\u00a0Minute"},"schema":{"@context":"https:\/\/schema.org","@graph":[{"@type":"WebPage","@id":"https:\/\/kinamihealth.com\/de\/produkt\/nucleofill-medium-plus\/","url":"https:\/\/kinamihealth.com\/de\/produkt\/nucleofill-medium-plus\/","name":"NUCLEOFILL\u2122 MEDIUM PLUS kaufen \u2013 Kopfhautrevitalisierung","isPartOf":{"@id":"https:\/\/kinamihealth.com\/#website"},"primaryImageOfPage":{"@id":"https:\/\/kinamihealth.com\/de\/produkt\/nucleofill-medium-plus\/#primaryimage"},"image":{"@id":"https:\/\/kinamihealth.com\/de\/produkt\/nucleofill-medium-plus\/#primaryimage"},"thumbnailUrl":"https:\/\/kinamihealth.com\/wp-content\/uploads\/2025\/02\/NUCLEOFILL-MEDIUMPLUS-02.jpg","datePublished":"2025-09-15T14:22:15+00:00","dateModified":"2025-10-22T19:17:23+00:00","description":"Mit Nucleofill Medium Plus revitalisieren Sie die Kopfhaut, reduzieren Haarausfall und f\u00f6rdern gesundes Haarwachstum. Exklusiv f\u00fcr medizinisches Fachpersonal im Kinami Health Online-Shop erh\u00e4ltlich.","breadcrumb":{"@id":"https:\/\/kinamihealth.com\/de\/produkt\/nucleofill-medium-plus\/#breadcrumb"},"inLanguage":"de","potentialAction":[{"@type":"ReadAction","target":["https:\/\/kinamihealth.com\/de\/produkt\/nucleofill-medium-plus\/"]}]},{"@type":"ImageObject","inLanguage":"de","@id":"https:\/\/kinamihealth.com\/de\/produkt\/nucleofill-medium-plus\/#primaryimage","url":"https:\/\/kinamihealth.com\/wp-content\/uploads\/2025\/02\/NUCLEOFILL-MEDIUMPLUS-02.jpg","contentUrl":"https:\/\/kinamihealth.com\/wp-content\/uploads\/2025\/02\/NUCLEOFILL-MEDIUMPLUS-02.jpg","width":800,"height":800},{"@type":"BreadcrumbList","@id":"https:\/\/kinamihealth.com\/de\/produkt\/nucleofill-medium-plus\/#breadcrumb","itemListElement":[{"@type":"ListItem","position":1,"name":"Startseite","item":"https:\/\/kinamihealth.com\/"},{"@type":"ListItem","position":2,"name":"Shop","item":"https:\/\/kinamihealth.com\/shop\/"},{"@type":"ListItem","position":3,"name":"NUCLEOFILL\u2122 MEDIUM PLUS"}]},{"@type":"WebSite","@id":"https:\/\/kinamihealth.com\/#website","url":"https:\/\/kinamihealth.com\/","name":"Kinami Health","description":"","publisher":{"@id":"https:\/\/kinamihealth.com\/#organization"},"potentialAction":[{"@type":"SearchAction","target":{"@type":"EntryPoint","urlTemplate":"https:\/\/kinamihealth.com\/?s={search_term_string}"},"query-input":{"@type":"PropertyValueSpecification","valueRequired":true,"valueName":"search_term_string"}}],"inLanguage":"de"},{"@type":"Organization","@id":"https:\/\/kinamihealth.com\/#organization","name":"Kinami Health","url":"https:\/\/kinamihealth.com\/","logo":{"@type":"ImageObject","inLanguage":"de","@id":"https:\/\/kinamihealth.com\/#\/schema\/logo\/image\/","url":"https:\/\/kinamihealth.com\/wp-content\/uploads\/2025\/01\/KH_logo_black_2-1.png","contentUrl":"https:\/\/kinamihealth.com\/wp-content\/uploads\/2025\/01\/KH_logo_black_2-1.png","width":339,"height":34,"caption":"Kinami Health"},"image":{"@id":"https:\/\/kinamihealth.com\/#\/schema\/logo\/image\/"}}]}},"_links":{"self":[{"href":"https:\/\/kinamihealth.com\/de\/wp-json\/wp\/v2\/product\/114038","targetHints":{"allow":["GET"]}}],"collection":[{"href":"https:\/\/kinamihealth.com\/de\/wp-json\/wp\/v2\/product"}],"about":[{"href":"https:\/\/kinamihealth.com\/de\/wp-json\/wp\/v2\/types\/product"}],"replies":[{"embeddable":true,"href":"https:\/\/kinamihealth.com\/de\/wp-json\/wp\/v2\/comments?post=114038"}],"version-history":[{"count":0,"href":"https:\/\/kinamihealth.com\/de\/wp-json\/wp\/v2\/product\/114038\/revisions"}],"wp:featuredmedia":[{"embeddable":true,"href":"https:\/\/kinamihealth.com\/de\/wp-json\/wp\/v2\/media\/101232"}],"wp:attachment":[{"href":"https:\/\/kinamihealth.com\/de\/wp-json\/wp\/v2\/media?parent=114038"}],"wp:term":[{"taxonomy":"product_brand","embeddable":true,"href":"https:\/\/kinamihealth.com\/de\/wp-json\/wp\/v2\/product_brand?post=114038"},{"taxonomy":"product_cat","embeddable":true,"href":"https:\/\/kinamihealth.com\/de\/wp-json\/wp\/v2\/product_cat?post=114038"},{"taxonomy":"product_tag","embeddable":true,"href":"https:\/\/kinamihealth.com\/de\/wp-json\/wp\/v2\/product_tag?post=114038"}],"curies":[{"name":"wp","href":"https:\/\/api.w.org\/{rel}","templated":true}]}}