{"id":114015,"date":"2025-09-15T14:03:33","date_gmt":"2025-09-15T14:03:33","guid":{"rendered":"https:\/\/kinamihealth.com\/?post_type=product&#038;p=114015"},"modified":"2025-09-15T14:38:58","modified_gmt":"2025-09-15T14:38:58","slug":"nithya-shield","status":"publish","type":"product","link":"https:\/\/kinamihealth.com\/de\/produkt\/nithya-shield\/","title":{"rendered":"NITHYA SHIELD"},"content":{"rendered":"<p><span style=\"font-weight: 400;\">Bestellen Sie Nithya Shield \u2013 ein fortschrittliches, bio-revitalisierendes Injektionspr\u00e4parat, das die Haut auf nat\u00fcrliche Weise sch\u00fctzt und gleichzeitig ihre Verj\u00fcngung und Vitalit\u00e4t f\u00f6rdert. Dieses Produkt bek\u00e4mpft oxidativen Stress, einen der Hauptfaktoren der Hautalterung, und beschleunigt die Zellerneuerung. Gleichzeitig versorgt es die Haut tiefenwirksam mit Feuchtigkeit und verbessert deutlich Hautton und Struktur f\u00fcr ein sichtbar jugendlicheres Aussehen.<\/span><\/p>\n","protected":false},"excerpt":{"rendered":"<p>Bestellen Sie Nithya Shield \u2013 ein fortschrittliches, bio-revitalisierendes Injektionspr\u00e4parat, das die Haut auf nat\u00fcrliche Weise sch\u00fctzt und gleichzeitig ihre Verj\u00fcngung und Vitalit\u00e4t f\u00f6rdert. Dieses Produkt bek\u00e4mpft oxidativen Stress, einen der Hauptfaktoren der Hautalterung, und beschleunigt die Zellerneuerung. Gleichzeitig versorgt es die Haut tiefenwirksam mit Feuchtigkeit und verbessert deutlich Hautton und Struktur f\u00fcr ein sichtbar jugendlicheres [&hellip;]<\/p>\n","protected":false},"featured_media":101881,"comment_status":"closed","ping_status":"closed","template":"","meta":{"_acf_changed":false,"inline_featured_image":false},"product_brand":[2076],"product_cat":[2023],"product_tag":[2144],"class_list":{"0":"post-114015","1":"product","2":"type-product","3":"status-publish","4":"has-post-thumbnail","6":"product_brand-nithya","7":"product_cat-filler","8":"product_tag-medical-devices-de","10":"first","11":"instock","12":"taxable","13":"shipping-taxable","14":"purchasable","15":"product-type-simple","16":"add-to-wishlist-before_image"},"acf":[],"yoast_head":"<!-- This site is optimized with the Yoast SEO plugin v27.5 - https:\/\/yoast.com\/product\/yoast-seo-wordpress\/ -->\n<title>Nithya Shield online kaufen \u2013 Haut sch\u00fctzen &amp; verj\u00fcngen mit Kollagen-Injektion<\/title>\n<meta name=\"description\" content=\"Jetzt Nithya Shield online bestellen: Kollagenbasierte Injektion f\u00fcr fortschrittliche Hautverj\u00fcngung. Verbessert Elastizit\u00e4t, spendet Feuchtigkeit und optimiert Hautstruktur sowie -ton.\" \/>\n<meta name=\"robots\" content=\"index, follow, max-snippet:-1, max-image-preview:large, max-video-preview:-1\" \/>\n<link rel=\"canonical\" href=\"https:\/\/kinamihealth.com\/de\/wp-json\/wp\/v2\/product\/114015\" \/>\n<meta property=\"og:locale\" content=\"de_DE\" \/>\n<meta property=\"og:type\" content=\"article\" \/>\n<meta property=\"og:title\" content=\"Nithya Shield online kaufen \u2013 Haut sch\u00fctzen &amp; verj\u00fcngen mit Kollagen-Injektion\" \/>\n<meta property=\"og:description\" content=\"Jetzt Nithya Shield online bestellen: Kollagenbasierte Injektion f\u00fcr fortschrittliche Hautverj\u00fcngung. Verbessert Elastizit\u00e4t, spendet Feuchtigkeit und optimiert Hautstruktur sowie -ton.\" \/>\n<meta property=\"og:url\" content=\"https:\/\/kinamihealth.com\/de\/product\/nithya-shield\/\" \/>\n<meta property=\"og:site_name\" content=\"Kinami Health\" \/>\n<meta property=\"article:modified_time\" content=\"2025-09-15T14:38:58+00:00\" \/>\n<meta property=\"og:image\" content=\"https:\/\/kinamihealth.com\/wp-content\/uploads\/2025\/02\/Nythia_Shield_FrontL-.webp\" \/>\n\t<meta property=\"og:image:width\" content=\"1500\" \/>\n\t<meta property=\"og:image:height\" content=\"1500\" \/>\n\t<meta property=\"og:image:type\" content=\"image\/webp\" \/>\n<meta name=\"twitter:card\" content=\"summary_large_image\" \/>\n<meta name=\"twitter:label1\" content=\"Gesch\u00e4tzte Lesezeit\" \/>\n\t<meta name=\"twitter:data1\" content=\"1\u00a0Minute\" \/>\n<!-- \/ Yoast SEO plugin. -->","yoast_head_json":{"title":"Nithya Shield online kaufen \u2013 Haut sch\u00fctzen & verj\u00fcngen mit Kollagen-Injektion","description":"Jetzt Nithya Shield online bestellen: Kollagenbasierte Injektion f\u00fcr fortschrittliche Hautverj\u00fcngung. Verbessert Elastizit\u00e4t, spendet Feuchtigkeit und optimiert Hautstruktur sowie -ton.","robots":{"index":"index","follow":"follow","max-snippet":"max-snippet:-1","max-image-preview":"max-image-preview:large","max-video-preview":"max-video-preview:-1"},"canonical":"https:\/\/kinamihealth.com\/de\/wp-json\/wp\/v2\/product\/114015","og_locale":"de_DE","og_type":"article","og_title":"Nithya Shield online kaufen \u2013 Haut sch\u00fctzen & verj\u00fcngen mit Kollagen-Injektion","og_description":"Jetzt Nithya Shield online bestellen: Kollagenbasierte Injektion f\u00fcr fortschrittliche Hautverj\u00fcngung. Verbessert Elastizit\u00e4t, spendet Feuchtigkeit und optimiert Hautstruktur sowie -ton.","og_url":"https:\/\/kinamihealth.com\/de\/product\/nithya-shield\/","og_site_name":"Kinami Health","article_modified_time":"2025-09-15T14:38:58+00:00","og_image":[{"width":1500,"height":1500,"url":"https:\/\/kinamihealth.com\/wp-content\/uploads\/2025\/02\/Nythia_Shield_FrontL-.webp","type":"image\/webp"}],"twitter_card":"summary_large_image","twitter_misc":{"Gesch\u00e4tzte Lesezeit":"1\u00a0Minute"},"schema":{"@context":"https:\/\/schema.org","@graph":[{"@type":"WebPage","@id":"https:\/\/kinamihealth.com\/de\/product\/nithya-shield\/","url":"https:\/\/kinamihealth.com\/de\/product\/nithya-shield\/","name":"Nithya Shield online kaufen \u2013 Haut sch\u00fctzen & verj\u00fcngen mit Kollagen-Injektion","isPartOf":{"@id":"https:\/\/kinamihealth.com\/#website"},"primaryImageOfPage":{"@id":"https:\/\/kinamihealth.com\/de\/product\/nithya-shield\/#primaryimage"},"image":{"@id":"https:\/\/kinamihealth.com\/de\/product\/nithya-shield\/#primaryimage"},"thumbnailUrl":"https:\/\/kinamihealth.com\/wp-content\/uploads\/2025\/02\/Nythia_Shield_FrontL-.webp","datePublished":"2025-09-15T14:03:33+00:00","dateModified":"2025-09-15T14:38:58+00:00","description":"Jetzt Nithya Shield online bestellen: Kollagenbasierte Injektion f\u00fcr fortschrittliche Hautverj\u00fcngung. Verbessert Elastizit\u00e4t, spendet Feuchtigkeit und optimiert Hautstruktur sowie -ton.","breadcrumb":{"@id":"https:\/\/kinamihealth.com\/de\/product\/nithya-shield\/#breadcrumb"},"inLanguage":"de","potentialAction":[{"@type":"ReadAction","target":["https:\/\/kinamihealth.com\/de\/product\/nithya-shield\/"]}]},{"@type":"ImageObject","inLanguage":"de","@id":"https:\/\/kinamihealth.com\/de\/product\/nithya-shield\/#primaryimage","url":"https:\/\/kinamihealth.com\/wp-content\/uploads\/2025\/02\/Nythia_Shield_FrontL-.webp","contentUrl":"https:\/\/kinamihealth.com\/wp-content\/uploads\/2025\/02\/Nythia_Shield_FrontL-.webp","width":1500,"height":1500},{"@type":"BreadcrumbList","@id":"https:\/\/kinamihealth.com\/de\/product\/nithya-shield\/#breadcrumb","itemListElement":[{"@type":"ListItem","position":1,"name":"Startseite","item":"https:\/\/kinamihealth.com\/"},{"@type":"ListItem","position":2,"name":"Shop","item":"https:\/\/kinamihealth.com\/shop\/"},{"@type":"ListItem","position":3,"name":"NITHYA SHIELD"}]},{"@type":"WebSite","@id":"https:\/\/kinamihealth.com\/#website","url":"https:\/\/kinamihealth.com\/","name":"Kinami Health","description":"","publisher":{"@id":"https:\/\/kinamihealth.com\/#organization"},"potentialAction":[{"@type":"SearchAction","target":{"@type":"EntryPoint","urlTemplate":"https:\/\/kinamihealth.com\/?s={search_term_string}"},"query-input":{"@type":"PropertyValueSpecification","valueRequired":true,"valueName":"search_term_string"}}],"inLanguage":"de"},{"@type":"Organization","@id":"https:\/\/kinamihealth.com\/#organization","name":"Kinami Health","url":"https:\/\/kinamihealth.com\/","logo":{"@type":"ImageObject","inLanguage":"de","@id":"https:\/\/kinamihealth.com\/#\/schema\/logo\/image\/","url":"https:\/\/kinamihealth.com\/wp-content\/uploads\/2025\/01\/KH_logo_black_2-1.png","contentUrl":"https:\/\/kinamihealth.com\/wp-content\/uploads\/2025\/01\/KH_logo_black_2-1.png","width":339,"height":34,"caption":"Kinami Health"},"image":{"@id":"https:\/\/kinamihealth.com\/#\/schema\/logo\/image\/"}}]}},"_links":{"self":[{"href":"https:\/\/kinamihealth.com\/de\/wp-json\/wp\/v2\/product\/114015","targetHints":{"allow":["GET"]}}],"collection":[{"href":"https:\/\/kinamihealth.com\/de\/wp-json\/wp\/v2\/product"}],"about":[{"href":"https:\/\/kinamihealth.com\/de\/wp-json\/wp\/v2\/types\/product"}],"replies":[{"embeddable":true,"href":"https:\/\/kinamihealth.com\/de\/wp-json\/wp\/v2\/comments?post=114015"}],"version-history":[{"count":0,"href":"https:\/\/kinamihealth.com\/de\/wp-json\/wp\/v2\/product\/114015\/revisions"}],"wp:featuredmedia":[{"embeddable":true,"href":"https:\/\/kinamihealth.com\/de\/wp-json\/wp\/v2\/media\/101881"}],"wp:attachment":[{"href":"https:\/\/kinamihealth.com\/de\/wp-json\/wp\/v2\/media?parent=114015"}],"wp:term":[{"taxonomy":"product_brand","embeddable":true,"href":"https:\/\/kinamihealth.com\/de\/wp-json\/wp\/v2\/product_brand?post=114015"},{"taxonomy":"product_cat","embeddable":true,"href":"https:\/\/kinamihealth.com\/de\/wp-json\/wp\/v2\/product_cat?post=114015"},{"taxonomy":"product_tag","embeddable":true,"href":"https:\/\/kinamihealth.com\/de\/wp-json\/wp\/v2\/product_tag?post=114015"}],"curies":[{"name":"wp","href":"https:\/\/api.w.org\/{rel}","templated":true}]}}