{"id":113969,"date":"2025-09-15T12:39:16","date_gmt":"2025-09-15T12:39:16","guid":{"rendered":"https:\/\/kinamihealth.com\/?post_type=product&#038;p=113969"},"modified":"2025-09-15T12:39:16","modified_gmt":"2025-09-15T12:39:16","slug":"natuvalia-ampoules-glowing-effect","status":"publish","type":"product","link":"https:\/\/kinamihealth.com\/de\/produkt\/natuvalia-ampoules-glowing-effect\/","title":{"rendered":"NATUVALIA AMPOULES GLOWING EFFECT"},"content":{"rendered":"<p><span style=\"font-weight: 400;\">Natuvalia Glowing Effect Ampullen sind eine hochwertige Hautpflegel\u00f6sung f\u00fcr matte, unebene und m\u00fcde Haut. Diese Ampullen enthalten 12 % reines Vitamin C und verbessern effektiv die Ausstrahlung der Haut, verbessern den Teint und reduzieren oxidative Sch\u00e4den, wodurch sie sich ideal f\u00fcr klinische Behandlungen eignen.<\/span><\/p>\n","protected":false},"excerpt":{"rendered":"<p>Natuvalia Glowing Effect Ampullen sind eine hochwertige Hautpflegel\u00f6sung f\u00fcr matte, unebene und m\u00fcde Haut. Diese Ampullen enthalten 12 % reines Vitamin C und verbessern effektiv die Ausstrahlung der Haut, verbessern den Teint und reduzieren oxidative Sch\u00e4den, wodurch sie sich ideal f\u00fcr klinische Behandlungen eignen.<\/p>\n","protected":false},"featured_media":103216,"comment_status":"closed","ping_status":"closed","template":"","meta":{"_acf_changed":false,"inline_featured_image":false},"product_brand":[2161],"product_cat":[2026],"product_tag":[2144],"class_list":{"0":"post-113969","1":"product","2":"type-product","3":"status-publish","4":"has-post-thumbnail","6":"product_brand-mediderma-de","7":"product_cat-hautpflege","8":"product_tag-medical-devices-de","10":"first","11":"instock","12":"taxable","13":"shipping-taxable","14":"purchasable","15":"product-type-simple","16":"add-to-wishlist-before_image"},"acf":[],"yoast_head":"<!-- This site is optimized with the Yoast SEO plugin v27.5 - https:\/\/yoast.com\/product\/yoast-seo-wordpress\/ -->\n<title>Natuvalia Ampullen mit Glow-Effekt online kaufen<\/title>\n<meta name=\"description\" content=\"Natuvalia Glowing Effect Ampullen online kaufen \u2013 professionelle Vitamin-C-Formel f\u00fcr strahlende, revitalisierte Haut. Erhellen und verj\u00fcngen Sie Ihren Teint jetzt!\" \/>\n<meta name=\"robots\" content=\"index, follow, max-snippet:-1, max-image-preview:large, max-video-preview:-1\" \/>\n<link rel=\"canonical\" href=\"https:\/\/kinamihealth.com\/de\/wp-json\/wp\/v2\/product\/113969\" \/>\n<meta property=\"og:locale\" content=\"de_DE\" \/>\n<meta property=\"og:type\" content=\"article\" \/>\n<meta property=\"og:title\" content=\"Natuvalia Ampullen mit Glow-Effekt online kaufen\" \/>\n<meta property=\"og:description\" content=\"Natuvalia Glowing Effect Ampullen online kaufen \u2013 professionelle Vitamin-C-Formel f\u00fcr strahlende, revitalisierte Haut. Erhellen und verj\u00fcngen Sie Ihren Teint jetzt!\" \/>\n<meta property=\"og:url\" content=\"https:\/\/kinamihealth.com\/de\/product\/natuvalia-ampoules-glowing-effect\/\" \/>\n<meta property=\"og:site_name\" content=\"Kinami Health\" \/>\n<meta property=\"og:image\" content=\"https:\/\/kinamihealth.com\/wp-content\/uploads\/2025\/03\/MEDIDERMA-NATUVALIA-GLOWING-EFFECT-AMPOULES-01.webp\" \/>\n\t<meta property=\"og:image:width\" content=\"800\" \/>\n\t<meta property=\"og:image:height\" content=\"800\" \/>\n\t<meta property=\"og:image:type\" content=\"image\/webp\" \/>\n<meta name=\"twitter:card\" content=\"summary_large_image\" \/>\n<meta name=\"twitter:label1\" content=\"Gesch\u00e4tzte Lesezeit\" \/>\n\t<meta name=\"twitter:data1\" content=\"1\u00a0Minute\" \/>\n<!-- \/ Yoast SEO plugin. -->","yoast_head_json":{"title":"Natuvalia Ampullen mit Glow-Effekt online kaufen","description":"Natuvalia Glowing Effect Ampullen online kaufen \u2013 professionelle Vitamin-C-Formel f\u00fcr strahlende, revitalisierte Haut. Erhellen und verj\u00fcngen Sie Ihren Teint jetzt!","robots":{"index":"index","follow":"follow","max-snippet":"max-snippet:-1","max-image-preview":"max-image-preview:large","max-video-preview":"max-video-preview:-1"},"canonical":"https:\/\/kinamihealth.com\/de\/wp-json\/wp\/v2\/product\/113969","og_locale":"de_DE","og_type":"article","og_title":"Natuvalia Ampullen mit Glow-Effekt online kaufen","og_description":"Natuvalia Glowing Effect Ampullen online kaufen \u2013 professionelle Vitamin-C-Formel f\u00fcr strahlende, revitalisierte Haut. Erhellen und verj\u00fcngen Sie Ihren Teint jetzt!","og_url":"https:\/\/kinamihealth.com\/de\/product\/natuvalia-ampoules-glowing-effect\/","og_site_name":"Kinami Health","og_image":[{"width":800,"height":800,"url":"https:\/\/kinamihealth.com\/wp-content\/uploads\/2025\/03\/MEDIDERMA-NATUVALIA-GLOWING-EFFECT-AMPOULES-01.webp","type":"image\/webp"}],"twitter_card":"summary_large_image","twitter_misc":{"Gesch\u00e4tzte Lesezeit":"1\u00a0Minute"},"schema":{"@context":"https:\/\/schema.org","@graph":[{"@type":"WebPage","@id":"https:\/\/kinamihealth.com\/de\/product\/natuvalia-ampoules-glowing-effect\/","url":"https:\/\/kinamihealth.com\/de\/product\/natuvalia-ampoules-glowing-effect\/","name":"Natuvalia Ampullen mit Glow-Effekt online kaufen","isPartOf":{"@id":"https:\/\/kinamihealth.com\/#website"},"primaryImageOfPage":{"@id":"https:\/\/kinamihealth.com\/de\/product\/natuvalia-ampoules-glowing-effect\/#primaryimage"},"image":{"@id":"https:\/\/kinamihealth.com\/de\/product\/natuvalia-ampoules-glowing-effect\/#primaryimage"},"thumbnailUrl":"https:\/\/kinamihealth.com\/wp-content\/uploads\/2025\/03\/MEDIDERMA-NATUVALIA-GLOWING-EFFECT-AMPOULES-01.webp","datePublished":"2025-09-15T12:39:16+00:00","description":"Natuvalia Glowing Effect Ampullen online kaufen \u2013 professionelle Vitamin-C-Formel f\u00fcr strahlende, revitalisierte Haut. Erhellen und verj\u00fcngen Sie Ihren Teint jetzt!","breadcrumb":{"@id":"https:\/\/kinamihealth.com\/de\/product\/natuvalia-ampoules-glowing-effect\/#breadcrumb"},"inLanguage":"de","potentialAction":[{"@type":"ReadAction","target":["https:\/\/kinamihealth.com\/de\/product\/natuvalia-ampoules-glowing-effect\/"]}]},{"@type":"ImageObject","inLanguage":"de","@id":"https:\/\/kinamihealth.com\/de\/product\/natuvalia-ampoules-glowing-effect\/#primaryimage","url":"https:\/\/kinamihealth.com\/wp-content\/uploads\/2025\/03\/MEDIDERMA-NATUVALIA-GLOWING-EFFECT-AMPOULES-01.webp","contentUrl":"https:\/\/kinamihealth.com\/wp-content\/uploads\/2025\/03\/MEDIDERMA-NATUVALIA-GLOWING-EFFECT-AMPOULES-01.webp","width":800,"height":800},{"@type":"BreadcrumbList","@id":"https:\/\/kinamihealth.com\/de\/product\/natuvalia-ampoules-glowing-effect\/#breadcrumb","itemListElement":[{"@type":"ListItem","position":1,"name":"Startseite","item":"https:\/\/kinamihealth.com\/"},{"@type":"ListItem","position":2,"name":"Shop","item":"https:\/\/kinamihealth.com\/shop\/"},{"@type":"ListItem","position":3,"name":"NATUVALIA AMPOULES GLOWING EFFECT"}]},{"@type":"WebSite","@id":"https:\/\/kinamihealth.com\/#website","url":"https:\/\/kinamihealth.com\/","name":"Kinami Health","description":"","publisher":{"@id":"https:\/\/kinamihealth.com\/#organization"},"potentialAction":[{"@type":"SearchAction","target":{"@type":"EntryPoint","urlTemplate":"https:\/\/kinamihealth.com\/?s={search_term_string}"},"query-input":{"@type":"PropertyValueSpecification","valueRequired":true,"valueName":"search_term_string"}}],"inLanguage":"de"},{"@type":"Organization","@id":"https:\/\/kinamihealth.com\/#organization","name":"Kinami Health","url":"https:\/\/kinamihealth.com\/","logo":{"@type":"ImageObject","inLanguage":"de","@id":"https:\/\/kinamihealth.com\/#\/schema\/logo\/image\/","url":"https:\/\/kinamihealth.com\/wp-content\/uploads\/2025\/01\/KH_logo_black_2-1.png","contentUrl":"https:\/\/kinamihealth.com\/wp-content\/uploads\/2025\/01\/KH_logo_black_2-1.png","width":339,"height":34,"caption":"Kinami Health"},"image":{"@id":"https:\/\/kinamihealth.com\/#\/schema\/logo\/image\/"}}]}},"_links":{"self":[{"href":"https:\/\/kinamihealth.com\/de\/wp-json\/wp\/v2\/product\/113969","targetHints":{"allow":["GET"]}}],"collection":[{"href":"https:\/\/kinamihealth.com\/de\/wp-json\/wp\/v2\/product"}],"about":[{"href":"https:\/\/kinamihealth.com\/de\/wp-json\/wp\/v2\/types\/product"}],"replies":[{"embeddable":true,"href":"https:\/\/kinamihealth.com\/de\/wp-json\/wp\/v2\/comments?post=113969"}],"version-history":[{"count":0,"href":"https:\/\/kinamihealth.com\/de\/wp-json\/wp\/v2\/product\/113969\/revisions"}],"wp:featuredmedia":[{"embeddable":true,"href":"https:\/\/kinamihealth.com\/de\/wp-json\/wp\/v2\/media\/103216"}],"wp:attachment":[{"href":"https:\/\/kinamihealth.com\/de\/wp-json\/wp\/v2\/media?parent=113969"}],"wp:term":[{"taxonomy":"product_brand","embeddable":true,"href":"https:\/\/kinamihealth.com\/de\/wp-json\/wp\/v2\/product_brand?post=113969"},{"taxonomy":"product_cat","embeddable":true,"href":"https:\/\/kinamihealth.com\/de\/wp-json\/wp\/v2\/product_cat?post=113969"},{"taxonomy":"product_tag","embeddable":true,"href":"https:\/\/kinamihealth.com\/de\/wp-json\/wp\/v2\/product_tag?post=113969"}],"curies":[{"name":"wp","href":"https:\/\/api.w.org\/{rel}","templated":true}]}}