{"id":113954,"date":"2025-09-15T12:22:40","date_gmt":"2025-09-15T12:22:40","guid":{"rendered":"https:\/\/kinamihealth.com\/?post_type=product&#038;p=113954"},"modified":"2025-10-23T06:43:31","modified_gmt":"2025-10-23T06:43:31","slug":"mediderma-melases-trx-tca-peel-10","status":"publish","type":"product","link":"https:\/\/kinamihealth.com\/de\/produkt\/mediderma-melases-trx-tca-peel-10\/","title":{"rendered":"MEDIDERMA\u00ae MELASES TRX TCA PEEL 10%"},"content":{"rendered":"<p><span style=\"font-weight: 400;\">MEDIDERMA\u00ae MELASES TRX TCA PEEL 10% ist ein <\/span><b>professionelles chemisches Peeling<\/b><span style=\"font-weight: 400;\"> f\u00fcr medizinisches Fachpersonal, das gezielt bei <\/span><b>Hyperpigmentierung, ungleichm\u00e4\u00dfigem Teint und Hautstrukturproblemen<\/b><span style=\"font-weight: 400;\"> wirkt.<\/span><\/p>\n<p><span style=\"font-weight: 400;\">Formuliert mit <\/span><b>Trichloressigs\u00e4ure (TCA), Mandels\u00e4ure und Milchs\u00e4ure<\/b><span style=\"font-weight: 400;\">, <\/span><b>regt es die Zellerneuerung an<\/b><span style=\"font-weight: 400;\">, sorgt f\u00fcr sanftes Peeling und verfeinert das Hautbild sp\u00fcrbar. Dieses <\/span><b>innovative Hautpflegeprodukt <\/b><span style=\"font-weight: 400;\">wurde speziell f\u00fcr Dermatologen und \u00c4sthetikspezialisten entwickelt, um Patienten sichere und effektive Hautverj\u00fcngungsbehandlungen zu bieten.<\/span><\/p>\n<p><span style=\"font-weight: 400;\">\u00c4sthetische Praxen und Fachleute k\u00f6nnen das <\/span><b>Melases TRX TCA 10 % Peeling bequem im Kinami Health Online-Shop<\/b><span style=\"font-weight: 400;\"> bestellen und sich von der hochwertigen Qualit\u00e4t und Echtheit des Produkts \u00fcberzeugen.<\/span><\/p>\n","protected":false},"excerpt":{"rendered":"<p>MEDIDERMA\u00ae MELASES TRX TCA PEEL 10% ist ein professionelles chemisches Peeling f\u00fcr medizinisches Fachpersonal, das gezielt bei Hyperpigmentierung, ungleichm\u00e4\u00dfigem Teint und Hautstrukturproblemen wirkt. Formuliert mit Trichloressigs\u00e4ure (TCA), Mandels\u00e4ure und Milchs\u00e4ure, regt es die Zellerneuerung an, sorgt f\u00fcr sanftes Peeling und verfeinert das Hautbild sp\u00fcrbar. Dieses innovative Hautpflegeprodukt wurde speziell f\u00fcr Dermatologen und \u00c4sthetikspezialisten entwickelt, um [&hellip;]<\/p>\n","protected":false},"featured_media":101158,"comment_status":"closed","ping_status":"closed","template":"","meta":{"_acf_changed":false,"inline_featured_image":false},"product_brand":[2161],"product_cat":[2025],"product_tag":[2144],"class_list":{"0":"post-113954","1":"product","2":"type-product","3":"status-publish","4":"has-post-thumbnail","6":"product_brand-mediderma-de","7":"product_cat-chemische-peelings","8":"product_tag-medical-devices-de","10":"first","11":"instock","12":"taxable","13":"shipping-taxable","14":"purchasable","15":"product-type-simple","16":"add-to-wishlist-before_image"},"acf":[],"yoast_head":"<!-- This site is optimized with the Yoast SEO plugin v27.5 - https:\/\/yoast.com\/product\/yoast-seo-wordpress\/ -->\n<title>MEDIDERMA\u00ae MELASES TRX TCA PEEL 10% online kaufen \u2013 TCA-Peeling gegen Hyperpigmentierung<\/title>\n<meta name=\"description\" content=\"Kaufen Sie jetzt das Melases TRX TCA 10 % Peeling bei Kinami Health. Das medizinische TCA-Peeling wirkt effektiv gegen Hyperpigmentierungen und verfeinert sichtbar Ihre Hautstruktur.\" \/>\n<meta name=\"robots\" content=\"index, follow, max-snippet:-1, max-image-preview:large, max-video-preview:-1\" \/>\n<link rel=\"canonical\" href=\"https:\/\/kinamihealth.com\/de\/wp-json\/wp\/v2\/product\/113954\" \/>\n<meta property=\"og:locale\" content=\"de_DE\" \/>\n<meta property=\"og:type\" content=\"article\" \/>\n<meta property=\"og:title\" content=\"MEDIDERMA\u00ae MELASES TRX TCA PEEL 10% online kaufen \u2013 TCA-Peeling gegen Hyperpigmentierung\" \/>\n<meta property=\"og:description\" content=\"Kaufen Sie jetzt das Melases TRX TCA 10 % Peeling bei Kinami Health. Das medizinische TCA-Peeling wirkt effektiv gegen Hyperpigmentierungen und verfeinert sichtbar Ihre Hautstruktur.\" \/>\n<meta property=\"og:url\" content=\"https:\/\/kinamihealth.com\/de\/produkt\/mediderma-melases-trx-tca-peel-10\/\" \/>\n<meta property=\"og:site_name\" content=\"Kinami Health\" \/>\n<meta property=\"article:modified_time\" content=\"2025-10-23T06:43:31+00:00\" \/>\n<meta property=\"og:image\" content=\"https:\/\/kinamihealth.com\/wp-content\/uploads\/2025\/02\/MEDIDERMA-MELASES-TRX-TCA-10-PEEL-01.jpg\" \/>\n\t<meta property=\"og:image:width\" content=\"800\" \/>\n\t<meta property=\"og:image:height\" content=\"800\" \/>\n\t<meta property=\"og:image:type\" content=\"image\/jpeg\" \/>\n<meta name=\"twitter:card\" content=\"summary_large_image\" \/>\n<meta name=\"twitter:label1\" content=\"Gesch\u00e4tzte Lesezeit\" \/>\n\t<meta name=\"twitter:data1\" content=\"1\u00a0Minute\" \/>\n<!-- \/ Yoast SEO plugin. -->","yoast_head_json":{"title":"MEDIDERMA\u00ae MELASES TRX TCA PEEL 10% online kaufen \u2013 TCA-Peeling gegen Hyperpigmentierung","description":"Kaufen Sie jetzt das Melases TRX TCA 10 % Peeling bei Kinami Health. Das medizinische TCA-Peeling wirkt effektiv gegen Hyperpigmentierungen und verfeinert sichtbar Ihre Hautstruktur.","robots":{"index":"index","follow":"follow","max-snippet":"max-snippet:-1","max-image-preview":"max-image-preview:large","max-video-preview":"max-video-preview:-1"},"canonical":"https:\/\/kinamihealth.com\/de\/wp-json\/wp\/v2\/product\/113954","og_locale":"de_DE","og_type":"article","og_title":"MEDIDERMA\u00ae MELASES TRX TCA PEEL 10% online kaufen \u2013 TCA-Peeling gegen Hyperpigmentierung","og_description":"Kaufen Sie jetzt das Melases TRX TCA 10 % Peeling bei Kinami Health. Das medizinische TCA-Peeling wirkt effektiv gegen Hyperpigmentierungen und verfeinert sichtbar Ihre Hautstruktur.","og_url":"https:\/\/kinamihealth.com\/de\/produkt\/mediderma-melases-trx-tca-peel-10\/","og_site_name":"Kinami Health","article_modified_time":"2025-10-23T06:43:31+00:00","og_image":[{"width":800,"height":800,"url":"https:\/\/kinamihealth.com\/wp-content\/uploads\/2025\/02\/MEDIDERMA-MELASES-TRX-TCA-10-PEEL-01.jpg","type":"image\/jpeg"}],"twitter_card":"summary_large_image","twitter_misc":{"Gesch\u00e4tzte Lesezeit":"1\u00a0Minute"},"schema":{"@context":"https:\/\/schema.org","@graph":[{"@type":"WebPage","@id":"https:\/\/kinamihealth.com\/de\/produkt\/mediderma-melases-trx-tca-peel-10\/","url":"https:\/\/kinamihealth.com\/de\/produkt\/mediderma-melases-trx-tca-peel-10\/","name":"MEDIDERMA\u00ae MELASES TRX TCA PEEL 10% online kaufen \u2013 TCA-Peeling gegen Hyperpigmentierung","isPartOf":{"@id":"https:\/\/kinamihealth.com\/#website"},"primaryImageOfPage":{"@id":"https:\/\/kinamihealth.com\/de\/produkt\/mediderma-melases-trx-tca-peel-10\/#primaryimage"},"image":{"@id":"https:\/\/kinamihealth.com\/de\/produkt\/mediderma-melases-trx-tca-peel-10\/#primaryimage"},"thumbnailUrl":"https:\/\/kinamihealth.com\/wp-content\/uploads\/2025\/02\/MEDIDERMA-MELASES-TRX-TCA-10-PEEL-01.jpg","datePublished":"2025-09-15T12:22:40+00:00","dateModified":"2025-10-23T06:43:31+00:00","description":"Kaufen Sie jetzt das Melases TRX TCA 10 % Peeling bei Kinami Health. Das medizinische TCA-Peeling wirkt effektiv gegen Hyperpigmentierungen und verfeinert sichtbar Ihre Hautstruktur.","breadcrumb":{"@id":"https:\/\/kinamihealth.com\/de\/produkt\/mediderma-melases-trx-tca-peel-10\/#breadcrumb"},"inLanguage":"de","potentialAction":[{"@type":"ReadAction","target":["https:\/\/kinamihealth.com\/de\/produkt\/mediderma-melases-trx-tca-peel-10\/"]}]},{"@type":"ImageObject","inLanguage":"de","@id":"https:\/\/kinamihealth.com\/de\/produkt\/mediderma-melases-trx-tca-peel-10\/#primaryimage","url":"https:\/\/kinamihealth.com\/wp-content\/uploads\/2025\/02\/MEDIDERMA-MELASES-TRX-TCA-10-PEEL-01.jpg","contentUrl":"https:\/\/kinamihealth.com\/wp-content\/uploads\/2025\/02\/MEDIDERMA-MELASES-TRX-TCA-10-PEEL-01.jpg","width":800,"height":800},{"@type":"BreadcrumbList","@id":"https:\/\/kinamihealth.com\/de\/produkt\/mediderma-melases-trx-tca-peel-10\/#breadcrumb","itemListElement":[{"@type":"ListItem","position":1,"name":"Startseite","item":"https:\/\/kinamihealth.com\/"},{"@type":"ListItem","position":2,"name":"Shop","item":"https:\/\/kinamihealth.com\/shop\/"},{"@type":"ListItem","position":3,"name":"MEDIDERMA\u00ae MELASES TRX TCA PEEL 10%"}]},{"@type":"WebSite","@id":"https:\/\/kinamihealth.com\/#website","url":"https:\/\/kinamihealth.com\/","name":"Kinami Health","description":"","publisher":{"@id":"https:\/\/kinamihealth.com\/#organization"},"potentialAction":[{"@type":"SearchAction","target":{"@type":"EntryPoint","urlTemplate":"https:\/\/kinamihealth.com\/?s={search_term_string}"},"query-input":{"@type":"PropertyValueSpecification","valueRequired":true,"valueName":"search_term_string"}}],"inLanguage":"de"},{"@type":"Organization","@id":"https:\/\/kinamihealth.com\/#organization","name":"Kinami Health","url":"https:\/\/kinamihealth.com\/","logo":{"@type":"ImageObject","inLanguage":"de","@id":"https:\/\/kinamihealth.com\/#\/schema\/logo\/image\/","url":"https:\/\/kinamihealth.com\/wp-content\/uploads\/2025\/01\/KH_logo_black_2-1.png","contentUrl":"https:\/\/kinamihealth.com\/wp-content\/uploads\/2025\/01\/KH_logo_black_2-1.png","width":339,"height":34,"caption":"Kinami Health"},"image":{"@id":"https:\/\/kinamihealth.com\/#\/schema\/logo\/image\/"}}]}},"_links":{"self":[{"href":"https:\/\/kinamihealth.com\/de\/wp-json\/wp\/v2\/product\/113954","targetHints":{"allow":["GET"]}}],"collection":[{"href":"https:\/\/kinamihealth.com\/de\/wp-json\/wp\/v2\/product"}],"about":[{"href":"https:\/\/kinamihealth.com\/de\/wp-json\/wp\/v2\/types\/product"}],"replies":[{"embeddable":true,"href":"https:\/\/kinamihealth.com\/de\/wp-json\/wp\/v2\/comments?post=113954"}],"version-history":[{"count":0,"href":"https:\/\/kinamihealth.com\/de\/wp-json\/wp\/v2\/product\/113954\/revisions"}],"wp:featuredmedia":[{"embeddable":true,"href":"https:\/\/kinamihealth.com\/de\/wp-json\/wp\/v2\/media\/101158"}],"wp:attachment":[{"href":"https:\/\/kinamihealth.com\/de\/wp-json\/wp\/v2\/media?parent=113954"}],"wp:term":[{"taxonomy":"product_brand","embeddable":true,"href":"https:\/\/kinamihealth.com\/de\/wp-json\/wp\/v2\/product_brand?post=113954"},{"taxonomy":"product_cat","embeddable":true,"href":"https:\/\/kinamihealth.com\/de\/wp-json\/wp\/v2\/product_cat?post=113954"},{"taxonomy":"product_tag","embeddable":true,"href":"https:\/\/kinamihealth.com\/de\/wp-json\/wp\/v2\/product_tag?post=113954"}],"curies":[{"name":"wp","href":"https:\/\/api.w.org\/{rel}","templated":true}]}}