{"id":113952,"date":"2025-09-15T11:57:05","date_gmt":"2025-09-15T11:57:05","guid":{"rendered":"https:\/\/kinamihealth.com\/?post_type=product&#038;p=113952"},"modified":"2025-10-23T06:53:55","modified_gmt":"2025-10-23T06:53:55","slug":"mediderma-mela-360-spot-corrector-serum","status":"publish","type":"product","link":"https:\/\/kinamihealth.com\/de\/produkt\/mediderma-mela-360-spot-corrector-serum\/","title":{"rendered":"MEDIDERMA\u00ae MELA 360 SPOT CORRECTOR SERUM"},"content":{"rendered":"<p><b>MEDIDERMA\u00ae MELA 360 SPOT CORRECTOR SERUM 30 ml <\/b><span style=\"font-weight: 400;\">ist eine <\/span><b>hochmoderne dermatologische Formel<\/b><span style=\"font-weight: 400;\">, die gezielt <\/span><b>Hyperpigmentierung<\/b><span style=\"font-weight: 400;\">, <\/span><b>dunkle Flecken und ungleichm\u00e4\u00dfigen Teint<\/b><span style=\"font-weight: 400;\"> bek\u00e4mpft.<\/span><\/p>\n<p><span style=\"font-weight: 400;\">Das von Mediderma entwickelte, <\/span><b>professionelle Serum<\/b><span style=\"font-weight: 400;\"> vereint wirksame<\/span><b> depigmentierende Wirkstoffe<\/b><span style=\"font-weight: 400;\">, um die <\/span><b>Melaninproduktion <\/b><span style=\"font-weight: 400;\">zu regulieren und einen ebenm\u00e4\u00dfigeren, strahlenderen Teint zu f\u00f6rdern. Dank seiner <\/span><b>leichten Textur<\/b><span style=\"font-weight: 400;\"> dringt es <\/span><b>tief in die Haut <\/b><span style=\"font-weight: 400;\">ein und eignet sich ideal f\u00fcr medizinisches Fachpersonal, das nach <\/span><b>effektiven Hautkorrekturbehandlungen<\/b><span style=\"font-weight: 400;\"> sucht.<\/span><\/p>\n","protected":false},"excerpt":{"rendered":"<p>MEDIDERMA\u00ae MELA 360 SPOT CORRECTOR SERUM 30 ml ist eine hochmoderne dermatologische Formel, die gezielt Hyperpigmentierung, dunkle Flecken und ungleichm\u00e4\u00dfigen Teint bek\u00e4mpft. Das von Mediderma entwickelte, professionelle Serum vereint wirksame depigmentierende Wirkstoffe, um die Melaninproduktion zu regulieren und einen ebenm\u00e4\u00dfigeren, strahlenderen Teint zu f\u00f6rdern. Dank seiner leichten Textur dringt es tief in die Haut ein [&hellip;]<\/p>\n","protected":false},"featured_media":101153,"comment_status":"closed","ping_status":"closed","template":"","meta":{"_acf_changed":false,"inline_featured_image":false},"product_brand":[2161],"product_cat":[2026],"product_tag":[2144],"class_list":{"0":"post-113952","1":"product","2":"type-product","3":"status-publish","4":"has-post-thumbnail","6":"product_brand-mediderma-de","7":"product_cat-hautpflege","8":"product_tag-medical-devices-de","10":"first","11":"instock","12":"taxable","13":"shipping-taxable","14":"purchasable","15":"product-type-simple","16":"add-to-wishlist-before_image"},"acf":[],"yoast_head":"<!-- This site is optimized with the Yoast SEO plugin v27.5 - https:\/\/yoast.com\/product\/yoast-seo-wordpress\/ -->\n<title>MEDIDERMA\u00ae MELA 360 SPOT CORRECTOR SERUM 30 ml online kaufen<\/title>\n<meta name=\"description\" content=\"Kaufen Sie Mela 360 Spot Corrector 30 ml online f\u00fcr professionelle Pigmentkorrektur gegen dunkle Flecken, Melasma und ungleichm\u00e4\u00dfigen Teint.\" \/>\n<meta name=\"robots\" content=\"index, follow, max-snippet:-1, max-image-preview:large, max-video-preview:-1\" \/>\n<link rel=\"canonical\" href=\"https:\/\/kinamihealth.com\/de\/wp-json\/wp\/v2\/product\/113952\" \/>\n<meta property=\"og:locale\" content=\"de_DE\" \/>\n<meta property=\"og:type\" content=\"article\" \/>\n<meta property=\"og:title\" content=\"MEDIDERMA\u00ae MELA 360 SPOT CORRECTOR SERUM 30 ml online kaufen\" \/>\n<meta property=\"og:description\" content=\"Kaufen Sie Mela 360 Spot Corrector 30 ml online f\u00fcr professionelle Pigmentkorrektur gegen dunkle Flecken, Melasma und ungleichm\u00e4\u00dfigen Teint.\" \/>\n<meta property=\"og:url\" content=\"https:\/\/kinamihealth.com\/de\/produkt\/mediderma-mela-360-spot-corrector-serum\/\" \/>\n<meta property=\"og:site_name\" content=\"Kinami Health\" \/>\n<meta property=\"article:modified_time\" content=\"2025-10-23T06:53:55+00:00\" \/>\n<meta property=\"og:image\" content=\"https:\/\/kinamihealth.com\/wp-content\/uploads\/2025\/02\/MEDIDERMA-MELA-360-SPOT-CORRECTOR-SERUM-01.jpg\" \/>\n\t<meta property=\"og:image:width\" content=\"800\" \/>\n\t<meta property=\"og:image:height\" content=\"800\" \/>\n\t<meta property=\"og:image:type\" content=\"image\/jpeg\" \/>\n<meta name=\"twitter:card\" content=\"summary_large_image\" \/>\n<meta name=\"twitter:label1\" content=\"Gesch\u00e4tzte Lesezeit\" \/>\n\t<meta name=\"twitter:data1\" content=\"1\u00a0Minute\" \/>\n<!-- \/ Yoast SEO plugin. -->","yoast_head_json":{"title":"MEDIDERMA\u00ae MELA 360 SPOT CORRECTOR SERUM 30 ml online kaufen","description":"Kaufen Sie Mela 360 Spot Corrector 30 ml online f\u00fcr professionelle Pigmentkorrektur gegen dunkle Flecken, Melasma und ungleichm\u00e4\u00dfigen Teint.","robots":{"index":"index","follow":"follow","max-snippet":"max-snippet:-1","max-image-preview":"max-image-preview:large","max-video-preview":"max-video-preview:-1"},"canonical":"https:\/\/kinamihealth.com\/de\/wp-json\/wp\/v2\/product\/113952","og_locale":"de_DE","og_type":"article","og_title":"MEDIDERMA\u00ae MELA 360 SPOT CORRECTOR SERUM 30 ml online kaufen","og_description":"Kaufen Sie Mela 360 Spot Corrector 30 ml online f\u00fcr professionelle Pigmentkorrektur gegen dunkle Flecken, Melasma und ungleichm\u00e4\u00dfigen Teint.","og_url":"https:\/\/kinamihealth.com\/de\/produkt\/mediderma-mela-360-spot-corrector-serum\/","og_site_name":"Kinami Health","article_modified_time":"2025-10-23T06:53:55+00:00","og_image":[{"width":800,"height":800,"url":"https:\/\/kinamihealth.com\/wp-content\/uploads\/2025\/02\/MEDIDERMA-MELA-360-SPOT-CORRECTOR-SERUM-01.jpg","type":"image\/jpeg"}],"twitter_card":"summary_large_image","twitter_misc":{"Gesch\u00e4tzte Lesezeit":"1\u00a0Minute"},"schema":{"@context":"https:\/\/schema.org","@graph":[{"@type":"WebPage","@id":"https:\/\/kinamihealth.com\/de\/produkt\/mediderma-mela-360-spot-corrector-serum\/","url":"https:\/\/kinamihealth.com\/de\/produkt\/mediderma-mela-360-spot-corrector-serum\/","name":"MEDIDERMA\u00ae MELA 360 SPOT CORRECTOR SERUM 30 ml online kaufen","isPartOf":{"@id":"https:\/\/kinamihealth.com\/#website"},"primaryImageOfPage":{"@id":"https:\/\/kinamihealth.com\/de\/produkt\/mediderma-mela-360-spot-corrector-serum\/#primaryimage"},"image":{"@id":"https:\/\/kinamihealth.com\/de\/produkt\/mediderma-mela-360-spot-corrector-serum\/#primaryimage"},"thumbnailUrl":"https:\/\/kinamihealth.com\/wp-content\/uploads\/2025\/02\/MEDIDERMA-MELA-360-SPOT-CORRECTOR-SERUM-01.jpg","datePublished":"2025-09-15T11:57:05+00:00","dateModified":"2025-10-23T06:53:55+00:00","description":"Kaufen Sie Mela 360 Spot Corrector 30 ml online f\u00fcr professionelle Pigmentkorrektur gegen dunkle Flecken, Melasma und ungleichm\u00e4\u00dfigen Teint.","breadcrumb":{"@id":"https:\/\/kinamihealth.com\/de\/produkt\/mediderma-mela-360-spot-corrector-serum\/#breadcrumb"},"inLanguage":"de","potentialAction":[{"@type":"ReadAction","target":["https:\/\/kinamihealth.com\/de\/produkt\/mediderma-mela-360-spot-corrector-serum\/"]}]},{"@type":"ImageObject","inLanguage":"de","@id":"https:\/\/kinamihealth.com\/de\/produkt\/mediderma-mela-360-spot-corrector-serum\/#primaryimage","url":"https:\/\/kinamihealth.com\/wp-content\/uploads\/2025\/02\/MEDIDERMA-MELA-360-SPOT-CORRECTOR-SERUM-01.jpg","contentUrl":"https:\/\/kinamihealth.com\/wp-content\/uploads\/2025\/02\/MEDIDERMA-MELA-360-SPOT-CORRECTOR-SERUM-01.jpg","width":800,"height":800},{"@type":"BreadcrumbList","@id":"https:\/\/kinamihealth.com\/de\/produkt\/mediderma-mela-360-spot-corrector-serum\/#breadcrumb","itemListElement":[{"@type":"ListItem","position":1,"name":"Startseite","item":"https:\/\/kinamihealth.com\/"},{"@type":"ListItem","position":2,"name":"Shop","item":"https:\/\/kinamihealth.com\/shop\/"},{"@type":"ListItem","position":3,"name":"MEDIDERMA\u00ae MELA 360 SPOT CORRECTOR SERUM"}]},{"@type":"WebSite","@id":"https:\/\/kinamihealth.com\/#website","url":"https:\/\/kinamihealth.com\/","name":"Kinami Health","description":"","publisher":{"@id":"https:\/\/kinamihealth.com\/#organization"},"potentialAction":[{"@type":"SearchAction","target":{"@type":"EntryPoint","urlTemplate":"https:\/\/kinamihealth.com\/?s={search_term_string}"},"query-input":{"@type":"PropertyValueSpecification","valueRequired":true,"valueName":"search_term_string"}}],"inLanguage":"de"},{"@type":"Organization","@id":"https:\/\/kinamihealth.com\/#organization","name":"Kinami Health","url":"https:\/\/kinamihealth.com\/","logo":{"@type":"ImageObject","inLanguage":"de","@id":"https:\/\/kinamihealth.com\/#\/schema\/logo\/image\/","url":"https:\/\/kinamihealth.com\/wp-content\/uploads\/2025\/01\/KH_logo_black_2-1.png","contentUrl":"https:\/\/kinamihealth.com\/wp-content\/uploads\/2025\/01\/KH_logo_black_2-1.png","width":339,"height":34,"caption":"Kinami Health"},"image":{"@id":"https:\/\/kinamihealth.com\/#\/schema\/logo\/image\/"}}]}},"_links":{"self":[{"href":"https:\/\/kinamihealth.com\/de\/wp-json\/wp\/v2\/product\/113952","targetHints":{"allow":["GET"]}}],"collection":[{"href":"https:\/\/kinamihealth.com\/de\/wp-json\/wp\/v2\/product"}],"about":[{"href":"https:\/\/kinamihealth.com\/de\/wp-json\/wp\/v2\/types\/product"}],"replies":[{"embeddable":true,"href":"https:\/\/kinamihealth.com\/de\/wp-json\/wp\/v2\/comments?post=113952"}],"version-history":[{"count":0,"href":"https:\/\/kinamihealth.com\/de\/wp-json\/wp\/v2\/product\/113952\/revisions"}],"wp:featuredmedia":[{"embeddable":true,"href":"https:\/\/kinamihealth.com\/de\/wp-json\/wp\/v2\/media\/101153"}],"wp:attachment":[{"href":"https:\/\/kinamihealth.com\/de\/wp-json\/wp\/v2\/media?parent=113952"}],"wp:term":[{"taxonomy":"product_brand","embeddable":true,"href":"https:\/\/kinamihealth.com\/de\/wp-json\/wp\/v2\/product_brand?post=113952"},{"taxonomy":"product_cat","embeddable":true,"href":"https:\/\/kinamihealth.com\/de\/wp-json\/wp\/v2\/product_cat?post=113952"},{"taxonomy":"product_tag","embeddable":true,"href":"https:\/\/kinamihealth.com\/de\/wp-json\/wp\/v2\/product_tag?post=113952"}],"curies":[{"name":"wp","href":"https:\/\/api.w.org\/{rel}","templated":true}]}}